{"id":10,"date":"2022-11-11T16:01:40","date_gmt":"2022-11-11T16:01:40","guid":{"rendered":"https:\/\/leitao-irmao.ad-pulse.com\/my-account\/"},"modified":"2025-07-03T11:45:30","modified_gmt":"2025-07-03T10:45:30","slug":"a-minha-conta","status":"publish","type":"page","link":"https:\/\/staging.leitao-irmao.com\/en\/a-minha-conta\/","title":{"rendered":"My account"},"content":{"rendered":"<div data-elementor-type=\"wp-page\" data-elementor-id=\"10\" class=\"elementor elementor-10\" data-elementor-post-type=\"page\">\n\t\t\t\t\t\t<section class=\"elementor-section elementor-top-section elementor-element elementor-element-5393afd6 elementor-section-boxed elementor-section-height-default elementor-section-height-default\" data-id=\"5393afd6\" data-element_type=\"section\">\n\t\t\t\t\t\t<div class=\"elementor-container elementor-column-gap-default\">\n\t\t\t\t\t<div class=\"elementor-column elementor-col-100 elementor-top-column elementor-element elementor-element-6d7faf5c\" data-id=\"6d7faf5c\" data-element_type=\"column\">\n\t\t\t<div class=\"elementor-widget-wrap elementor-element-populated\">\n\t\t\t\t\t\t<div class=\"elementor-element elementor-element-49ab71d5 e-my-account-tabs-vertical elementor-widget elementor-widget-woocommerce-my-account\" data-id=\"49ab71d5\" data-element_type=\"widget\" data-widget_type=\"woocommerce-my-account.default\">\n\t\t\t\t<div class=\"elementor-widget-container\">\n\t\t\t\t\t<div class=\"e-my-account-tab e-my-account-tab__\">\t\t\t<div class=\"woocommerce\"><\/div>\t\t<\/div>\n\t\t\t\t\t\t<\/div>\n\t\t\t\t<\/div>\n\t\t\t\t\t<\/div>\n\t\t<\/div>\n\t\t\t\t\t<\/div>\n\t\t<\/section>\n\t\t\t\t<\/div>","protected":false},"excerpt":{"rendered":"<p>Dashboard Encomendas Moradas M\u00e9todos de Pagamento Detalhes da Conta Sair Ol\u00e1 C\u00e1tia Sarrico 40 (n\u00e3o \u00e9 C\u00e1tia Sarrico 40? Sair) No painel da sua conta pode ver as encomendas mais recentes, gerir as moradas de envio e de factura\u00e7\u00e3o e editar os detalhes e a senha da conta. You can also manage your gift registry.<\/p>","protected":false},"author":1,"featured_media":20171,"parent":0,"menu_order":0,"comment_status":"closed","ping_status":"closed","template":"elementor_header_footer","meta":{"_acf_changed":false,"footnotes":""},"class_list":["post-10","page","type-page","status-publish","has-post-thumbnail","hentry"],"acf":[],"yoast_head":"<!-- This site is optimized with the Yoast SEO plugin v25.4 - https:\/\/yoast.com\/wordpress\/plugins\/seo\/ -->\n<title>A minha conta | Leit\u00e3o &amp; Irm\u00e3o<\/title>\n<meta name=\"description\" content=\"Aqui pode ver as suas encomendas, gerir as moradas de envio e editar os detalhes da sua conta. Tamb\u00e9m pode gerir a seu lista de presentes.\" \/>\n<meta name=\"robots\" content=\"noindex, follow, max-snippet:-1, max-image-preview:large, max-video-preview:-1\" \/>\n<meta property=\"og:locale\" content=\"en_GB\" \/>\n<meta property=\"og:type\" content=\"article\" \/>\n<meta property=\"og:title\" content=\"A minha conta | Leit\u00e3o &amp; Irm\u00e3o\" \/>\n<meta property=\"og:description\" content=\"Aqui pode ver as suas encomendas, gerir as moradas de envio e editar os detalhes da sua conta. Tamb\u00e9m pode gerir a seu lista de presentes.\" \/>\n<meta property=\"og:url\" content=\"https:\/\/staging.leitao-irmao.com\/en\/a-minha-conta\/\" \/>\n<meta property=\"og:site_name\" content=\"Leit\u00e3o &amp; Irm\u00e3o\" \/>\n<meta property=\"article:modified_time\" content=\"2025-07-03T10:45:30+00:00\" \/>\n<meta property=\"og:image\" content=\"https:\/\/staging.leitao-irmao.com\/wp-content\/uploads\/2023\/12\/colecao-one.jpeg\" \/>\n\t<meta property=\"og:image:width\" content=\"800\" \/>\n\t<meta property=\"og:image:height\" content=\"800\" \/>\n\t<meta property=\"og:image:type\" content=\"image\/jpeg\" \/>\n<meta name=\"twitter:card\" content=\"summary_large_image\" \/>\n<meta name=\"twitter:title\" content=\"A minha conta | Leit\u00e3o &amp; Irm\u00e3o\" \/>\n<meta name=\"twitter:description\" content=\"Aqui pode ver as suas encomendas, gerir as moradas de envio e editar os detalhes da sua conta. Tamb\u00e9m pode gerir a seu lista de presentes.\" \/>\n<meta name=\"twitter:image\" content=\"https:\/\/staging.leitao-irmao.com\/wp-content\/uploads\/2023\/12\/colecao-one.jpeg\" \/>\n<meta name=\"twitter:label1\" content=\"Estimated reading time\" \/>\n\t<meta name=\"twitter:data1\" content=\"2 minutes\" \/>\n<script type=\"application\/ld+json\" class=\"yoast-schema-graph\">{\"@context\":\"https:\/\/schema.org\",\"@graph\":[{\"@type\":\"WebPage\",\"@id\":\"https:\/\/staging.leitao-irmao.com\/a-minha-conta\/\",\"url\":\"https:\/\/staging.leitao-irmao.com\/a-minha-conta\/\",\"name\":\"A minha conta | Leit\u00e3o &amp; Irm\u00e3o\",\"isPartOf\":{\"@id\":\"https:\/\/staging.leitao-irmao.com\/#website\"},\"primaryImageOfPage\":{\"@id\":\"https:\/\/staging.leitao-irmao.com\/a-minha-conta\/#primaryimage\"},\"image\":{\"@id\":\"https:\/\/staging.leitao-irmao.com\/a-minha-conta\/#primaryimage\"},\"thumbnailUrl\":\"https:\/\/staging.leitao-irmao.com\/wp-content\/uploads\/2023\/12\/colecao-one.jpeg\",\"datePublished\":\"2022-11-11T16:01:40+00:00\",\"dateModified\":\"2025-07-03T10:45:30+00:00\",\"description\":\"Aqui pode ver as suas encomendas, gerir as moradas de envio e editar os detalhes da sua conta. Tamb\u00e9m pode gerir a seu lista de presentes.\",\"breadcrumb\":{\"@id\":\"https:\/\/staging.leitao-irmao.com\/a-minha-conta\/#breadcrumb\"},\"inLanguage\":\"en-GB\",\"potentialAction\":[{\"@type\":\"ReadAction\",\"target\":[\"https:\/\/staging.leitao-irmao.com\/a-minha-conta\/\"]}]},{\"@type\":\"ImageObject\",\"inLanguage\":\"en-GB\",\"@id\":\"https:\/\/staging.leitao-irmao.com\/a-minha-conta\/#primaryimage\",\"url\":\"https:\/\/staging.leitao-irmao.com\/wp-content\/uploads\/2023\/12\/colecao-one.jpeg\",\"contentUrl\":\"https:\/\/staging.leitao-irmao.com\/wp-content\/uploads\/2023\/12\/colecao-one.jpeg\",\"width\":800,\"height\":800,\"caption\":\"Anel Leit\u00e3o & Irm\u00e3o\"},{\"@type\":\"BreadcrumbList\",\"@id\":\"https:\/\/staging.leitao-irmao.com\/a-minha-conta\/#breadcrumb\",\"itemListElement\":[{\"@type\":\"ListItem\",\"position\":1,\"name\":\"Home\",\"item\":\"https:\/\/staging.leitao-irmao.com\/\"},{\"@type\":\"ListItem\",\"position\":2,\"name\":\"A minha conta\"}]},{\"@type\":\"WebSite\",\"@id\":\"https:\/\/staging.leitao-irmao.com\/#website\",\"url\":\"https:\/\/staging.leitao-irmao.com\/\",\"name\":\"Leit\u00e3o & Irm\u00e3o\",\"description\":\"Joalheiros desde 1822\",\"publisher\":{\"@id\":\"https:\/\/staging.leitao-irmao.com\/#organization\"},\"potentialAction\":[{\"@type\":\"SearchAction\",\"target\":{\"@type\":\"EntryPoint\",\"urlTemplate\":\"https:\/\/staging.leitao-irmao.com\/?s={search_term_string}\"},\"query-input\":{\"@type\":\"PropertyValueSpecification\",\"valueRequired\":true,\"valueName\":\"search_term_string\"}}],\"inLanguage\":\"en-GB\"},{\"@type\":\"Organization\",\"@id\":\"https:\/\/staging.leitao-irmao.com\/#organization\",\"name\":\"Leit\u00e3o & Irm\u00e3o\",\"url\":\"https:\/\/staging.leitao-irmao.com\/\",\"logo\":{\"@type\":\"ImageObject\",\"inLanguage\":\"en-GB\",\"@id\":\"https:\/\/staging.leitao-irmao.com\/#\/schema\/logo\/image\/\",\"url\":\"https:\/\/staging.leitao-irmao.com\/wp-content\/uploads\/2022\/11\/leitaoirmao-logo.png\",\"contentUrl\":\"https:\/\/staging.leitao-irmao.com\/wp-content\/uploads\/2022\/11\/leitaoirmao-logo.png\",\"width\":426,\"height\":89,\"caption\":\"Leit\u00e3o & Irm\u00e3o\"},\"image\":{\"@id\":\"https:\/\/staging.leitao-irmao.com\/#\/schema\/logo\/image\/\"}}]}<\/script>\n<!-- \/ Yoast SEO plugin. -->","yoast_head_json":{"title":"A minha conta | Leit\u00e3o &amp; Irm\u00e3o","description":"Aqui pode ver as suas encomendas, gerir as moradas de envio e editar os detalhes da sua conta. Tamb\u00e9m pode gerir a seu lista de presentes.","robots":{"index":"noindex","follow":"follow","max-snippet":"max-snippet:-1","max-image-preview":"max-image-preview:large","max-video-preview":"max-video-preview:-1"},"og_locale":"en_GB","og_type":"article","og_title":"A minha conta | Leit\u00e3o &amp; Irm\u00e3o","og_description":"Aqui pode ver as suas encomendas, gerir as moradas de envio e editar os detalhes da sua conta. Tamb\u00e9m pode gerir a seu lista de presentes.","og_url":"https:\/\/staging.leitao-irmao.com\/en\/a-minha-conta\/","og_site_name":"Leit\u00e3o &amp; Irm\u00e3o","article_modified_time":"2025-07-03T10:45:30+00:00","og_image":[{"width":800,"height":800,"url":"https:\/\/staging.leitao-irmao.com\/wp-content\/uploads\/2023\/12\/colecao-one.jpeg","type":"image\/jpeg"}],"twitter_card":"summary_large_image","twitter_title":"A minha conta | Leit\u00e3o &amp; Irm\u00e3o","twitter_description":"Aqui pode ver as suas encomendas, gerir as moradas de envio e editar os detalhes da sua conta. Tamb\u00e9m pode gerir a seu lista de presentes.","twitter_image":"https:\/\/staging.leitao-irmao.com\/wp-content\/uploads\/2023\/12\/colecao-one.jpeg","twitter_misc":{"Estimated reading time":"2 minutes"},"schema":{"@context":"https:\/\/schema.org","@graph":[{"@type":"WebPage","@id":"https:\/\/staging.leitao-irmao.com\/a-minha-conta\/","url":"https:\/\/staging.leitao-irmao.com\/a-minha-conta\/","name":"A minha conta | Leit\u00e3o &amp; Irm\u00e3o","isPartOf":{"@id":"https:\/\/staging.leitao-irmao.com\/#website"},"primaryImageOfPage":{"@id":"https:\/\/staging.leitao-irmao.com\/a-minha-conta\/#primaryimage"},"image":{"@id":"https:\/\/staging.leitao-irmao.com\/a-minha-conta\/#primaryimage"},"thumbnailUrl":"https:\/\/staging.leitao-irmao.com\/wp-content\/uploads\/2023\/12\/colecao-one.jpeg","datePublished":"2022-11-11T16:01:40+00:00","dateModified":"2025-07-03T10:45:30+00:00","description":"Aqui pode ver as suas encomendas, gerir as moradas de envio e editar os detalhes da sua conta. Tamb\u00e9m pode gerir a seu lista de presentes.","breadcrumb":{"@id":"https:\/\/staging.leitao-irmao.com\/a-minha-conta\/#breadcrumb"},"inLanguage":"en-GB","potentialAction":[{"@type":"ReadAction","target":["https:\/\/staging.leitao-irmao.com\/a-minha-conta\/"]}]},{"@type":"ImageObject","inLanguage":"en-GB","@id":"https:\/\/staging.leitao-irmao.com\/a-minha-conta\/#primaryimage","url":"https:\/\/staging.leitao-irmao.com\/wp-content\/uploads\/2023\/12\/colecao-one.jpeg","contentUrl":"https:\/\/staging.leitao-irmao.com\/wp-content\/uploads\/2023\/12\/colecao-one.jpeg","width":800,"height":800,"caption":"Anel Leit\u00e3o & Irm\u00e3o"},{"@type":"BreadcrumbList","@id":"https:\/\/staging.leitao-irmao.com\/a-minha-conta\/#breadcrumb","itemListElement":[{"@type":"ListItem","position":1,"name":"Home","item":"https:\/\/staging.leitao-irmao.com\/"},{"@type":"ListItem","position":2,"name":"A minha conta"}]},{"@type":"WebSite","@id":"https:\/\/staging.leitao-irmao.com\/#website","url":"https:\/\/staging.leitao-irmao.com\/","name":"Leit\u00e3o & Irm\u00e3o","description":"Joalheiros desde 1822","publisher":{"@id":"https:\/\/staging.leitao-irmao.com\/#organization"},"potentialAction":[{"@type":"SearchAction","target":{"@type":"EntryPoint","urlTemplate":"https:\/\/staging.leitao-irmao.com\/?s={search_term_string}"},"query-input":{"@type":"PropertyValueSpecification","valueRequired":true,"valueName":"search_term_string"}}],"inLanguage":"en-GB"},{"@type":"Organization","@id":"https:\/\/staging.leitao-irmao.com\/#organization","name":"Leit\u00e3o & Irm\u00e3o","url":"https:\/\/staging.leitao-irmao.com\/","logo":{"@type":"ImageObject","inLanguage":"en-GB","@id":"https:\/\/staging.leitao-irmao.com\/#\/schema\/logo\/image\/","url":"https:\/\/staging.leitao-irmao.com\/wp-content\/uploads\/2022\/11\/leitaoirmao-logo.png","contentUrl":"https:\/\/staging.leitao-irmao.com\/wp-content\/uploads\/2022\/11\/leitaoirmao-logo.png","width":426,"height":89,"caption":"Leit\u00e3o & Irm\u00e3o"},"image":{"@id":"https:\/\/staging.leitao-irmao.com\/#\/schema\/logo\/image\/"}}]}},"_links":{"self":[{"href":"https:\/\/staging.leitao-irmao.com\/en\/wp-json\/wp\/v2\/pages\/10","targetHints":{"allow":["GET"]}}],"collection":[{"href":"https:\/\/staging.leitao-irmao.com\/en\/wp-json\/wp\/v2\/pages"}],"about":[{"href":"https:\/\/staging.leitao-irmao.com\/en\/wp-json\/wp\/v2\/types\/page"}],"author":[{"embeddable":true,"href":"https:\/\/staging.leitao-irmao.com\/en\/wp-json\/wp\/v2\/users\/1"}],"replies":[{"embeddable":true,"href":"https:\/\/staging.leitao-irmao.com\/en\/wp-json\/wp\/v2\/comments?post=10"}],"version-history":[{"count":9,"href":"https:\/\/staging.leitao-irmao.com\/en\/wp-json\/wp\/v2\/pages\/10\/revisions"}],"predecessor-version":[{"id":32295,"href":"https:\/\/staging.leitao-irmao.com\/en\/wp-json\/wp\/v2\/pages\/10\/revisions\/32295"}],"wp:featuredmedia":[{"embeddable":true,"href":"https:\/\/staging.leitao-irmao.com\/en\/wp-json\/wp\/v2\/media\/20171"}],"wp:attachment":[{"href":"https:\/\/staging.leitao-irmao.com\/en\/wp-json\/wp\/v2\/media?parent=10"}],"curies":[{"name":"wp","href":"https:\/\/api.w.org\/{rel}","templated":true}]}}