{"id":31756,"date":"2025-05-19T09:31:28","date_gmt":"2025-05-19T08:31:28","guid":{"rendered":"https:\/\/www.leitao-irmao.com\/?page_id=31756"},"modified":"2025-05-19T10:49:56","modified_gmt":"2025-05-19T09:49:56","slug":"feedback-parceria-leitao-irmao","status":"publish","type":"page","link":"https:\/\/staging.leitao-irmao.com\/en\/feedback-parceria-leitao-irmao\/","title":{"rendered":"Feedback Parceria Leit\u00e3o &#038; Irm\u00e3o"},"content":{"rendered":"<div data-elementor-type=\"wp-page\" data-elementor-id=\"31756\" class=\"elementor elementor-31756\" data-elementor-post-type=\"page\">\n\t\t\t\t\t\t<section class=\"elementor-section elementor-top-section elementor-element elementor-element-72effdf elementor-section-boxed elementor-section-height-default elementor-section-height-default\" data-id=\"72effdf\" data-element_type=\"section\">\n\t\t\t\t\t\t<div class=\"elementor-container elementor-column-gap-default\">\n\t\t\t\t\t<div class=\"elementor-column elementor-col-100 elementor-top-column elementor-element elementor-element-a47b480\" data-id=\"a47b480\" data-element_type=\"column\">\n\t\t\t<div class=\"elementor-widget-wrap elementor-element-populated\">\n\t\t\t\t\t\t<div class=\"elementor-element elementor-element-d6b8fa0 elementor-widget elementor-widget-heading\" data-id=\"d6b8fa0\" data-element_type=\"widget\" data-widget_type=\"heading.default\">\n\t\t\t\t<div class=\"elementor-widget-container\">\n\t\t\t\t\t<h2 class=\"elementor-heading-title elementor-size-default\">Partnership feedback<\/h2>\t\t\t\t<\/div>\n\t\t\t\t<\/div>\n\t\t\t\t<div class=\"elementor-element elementor-element-435bab6 elementor-button-align-end elementor-widget elementor-widget-form\" data-id=\"435bab6\" data-element_type=\"widget\" data-settings=\"{&quot;step_next_label&quot;:&quot;Seguinte&quot;,&quot;step_previous_label&quot;:&quot;Anterior&quot;,&quot;step_type&quot;:&quot;text&quot;,&quot;button_width&quot;:&quot;100&quot;}\" data-widget_type=\"form.default\">\n\t\t\t\t<div class=\"elementor-widget-container\">\n\t\t\t\t\t\t\t<form class=\"elementor-form\" method=\"post\" name=\"Feedback Parceria\" aria-label=\"Feedback Parceria\" action=\"\">\n\t\t\t<input type=\"hidden\" name=\"post_id\" value=\"31756\"\/>\n\t\t\t<input type=\"hidden\" name=\"form_id\" value=\"435bab6\"\/>\n\t\t\t<input type=\"hidden\" name=\"referer_title\" value=\"Leit\u00e3o &amp; Irm\u00e3o\" \/>\n\n\t\t\t\n\t\t\t<div class=\"elementor-form-fields-wrapper elementor-labels-above\">\n\t\t\t\t\t\t\t\t<div class=\"elementor-field-type-step elementor-field-group elementor-column elementor-field-group-field_561e99c elementor-col-100\">\n\t\t\t\t\t\t\t<div class=\"e-field-step elementor-hidden\" data-label=\"Dados da Entidade\" data-previousbutton=\"Anterior\" data-nextbutton=\"Seguinte\" data-iconurl=\"\" data-iconlibrary=\"\" data-icon=\"\" ><\/div>\n\n\t\t\t\t\t\t<\/div>\n\t\t\t\t\t\t\t\t<div class=\"elementor-field-type-text elementor-field-group elementor-column elementor-field-group-empresa elementor-col-100 elementor-field-required\">\n\t\t\t\t\t\t\t\t\t\t\t\t\t<input size=\"1\" type=\"text\" name=\"form_fields[empresa]\" id=\"form-field-empresa\" class=\"elementor-field elementor-size-md  elementor-field-textual\" placeholder=\"Entity\" required=\"required\">\n\t\t\t\t\t\t\t\t\t\t\t<\/div>\n\t\t\t\t\t\t\t\t<div class=\"elementor-field-type-text elementor-field-group elementor-column elementor-field-group-nipc_empresa elementor-col-100 elementor-field-required\">\n\t\t\t\t\t\t\t\t\t\t\t\t\t<input size=\"1\" type=\"text\" name=\"form_fields[nipc_empresa]\" id=\"form-field-nipc_empresa\" class=\"elementor-field elementor-size-md  elementor-field-textual\" placeholder=\"Name\" required=\"required\">\n\t\t\t\t\t\t\t\t\t\t\t<\/div>\n\t\t\t\t\t\t\t\t<div class=\"elementor-field-type-date elementor-field-group elementor-column elementor-field-group-field_ef9b263 elementor-col-100 elementor-field-required\">\n\t\t\t\t\t\n\t\t<input type=\"date\" name=\"form_fields[field_ef9b263]\" id=\"form-field-field_ef9b263\" class=\"elementor-field elementor-size-md  elementor-field-textual elementor-date-field\" placeholder=\"Date\" required=\"required\" pattern=\"[0-9]{4}-[0-9]{2}-[0-9]{2}\">\n\t\t\t\t\t\t<\/div>\n\t\t\t\t\t\t\t\t<div class=\"elementor-field-type-step elementor-field-group elementor-column elementor-field-group-field_a3947a2 elementor-col-100\">\n\t\t\t\t\t\t\t<div class=\"e-field-step elementor-hidden\" data-label=\"Avalia\u00e7\u00e3o\" data-previousbutton=\"Anterior\" data-nextbutton=\"Seguinte\" data-iconurl=\"\" data-iconlibrary=\"\" data-icon=\"\" ><\/div>\n\n\t\t\t\t\t\t<\/div>\n\t\t\t\t\t\t\t\t<div class=\"elementor-field-type-radio elementor-field-group elementor-column elementor-field-group-morada elementor-col-100 elementor-field-required\">\n\t\t\t\t\t\t\t\t\t\t\t\t<label for=\"form-field-morada\" class=\"elementor-field-label\">\n\t\t\t\t\t\t\t\tHow would you rate your overall experience of the partnership\/internship with Leit\u00e3o &amp; Irm\u00e3o?\t\t\t\t\t\t\t<\/label>\n\t\t\t\t\t\t<div class=\"elementor-field-subgroup\"><span class=\"elementor-field-option\"><input type=\"radio\" value=\"Muito positiva\" id=\"form-field-morada-0\" name=\"form_fields[morada]\" required=\"required\"> <label for=\"form-field-morada-0\">Very positive<\/label><\/span><span class=\"elementor-field-option\"><input type=\"radio\" value=\"Positiva\" id=\"form-field-morada-1\" name=\"form_fields[morada]\" required=\"required\"> <label for=\"form-field-morada-1\">Positive<\/label><\/span><span class=\"elementor-field-option\"><input type=\"radio\" value=\"Neutra\" id=\"form-field-morada-2\" name=\"form_fields[morada]\" required=\"required\"> <label for=\"form-field-morada-2\">Neutral<\/label><\/span><span class=\"elementor-field-option\"><input type=\"radio\" value=\"A melhorar\" id=\"form-field-morada-3\" name=\"form_fields[morada]\" required=\"required\"> <label for=\"form-field-morada-3\">Needs improvement<\/label><\/span><\/div>\t\t\t\t<\/div>\n\t\t\t\t\t\t\t\t<div class=\"elementor-field-type-radio elementor-field-group elementor-column elementor-field-group-field_9083285 elementor-col-100 elementor-field-required\">\n\t\t\t\t\t\t\t\t\t\t\t\t<label for=\"form-field-field_9083285\" class=\"elementor-field-label\">\n\t\t\t\t\t\t\t\tDo you consider the support and communication throughout the partnership\/internship to have been adequate?\t\t\t\t\t\t\t<\/label>\n\t\t\t\t\t\t<div class=\"elementor-field-subgroup\"><span class=\"elementor-field-option\"><input type=\"radio\" value=\"Sim\" id=\"form-field-field_9083285-0\" name=\"form_fields[field_9083285]\" required=\"required\"> <label for=\"form-field-field_9083285-0\">Yes<\/label><\/span><span class=\"elementor-field-option\"><input type=\"radio\" value=\"Parcialmente\" id=\"form-field-field_9083285-1\" name=\"form_fields[field_9083285]\" required=\"required\"> <label for=\"form-field-field_9083285-1\">Partially<\/label><\/span><span class=\"elementor-field-option\"><input type=\"radio\" value=\"N\u00e3o\" id=\"form-field-field_9083285-2\" name=\"form_fields[field_9083285]\" required=\"required\"> <label for=\"form-field-field_9083285-2\">No<\/label><\/span><\/div>\t\t\t\t<\/div>\n\t\t\t\t\t\t\t\t<div class=\"elementor-field-type-radio elementor-field-group elementor-column elementor-field-group-field_f244531 elementor-col-100 elementor-field-required\">\n\t\t\t\t\t\t\t\t\t\t\t\t<label for=\"form-field-field_f244531\" class=\"elementor-field-label\">\n\t\t\t\t\t\t\t\tIn your view, were the objectives of the collaboration\/internship achieved?\t\t\t\t\t\t\t<\/label>\n\t\t\t\t\t\t<div class=\"elementor-field-subgroup\"><span class=\"elementor-field-option\"><input type=\"radio\" value=\"Sim\" id=\"form-field-field_f244531-0\" name=\"form_fields[field_f244531]\" required=\"required\"> <label for=\"form-field-field_f244531-0\">Yes<\/label><\/span><span class=\"elementor-field-option\"><input type=\"radio\" value=\"Parcialmente\" id=\"form-field-field_f244531-1\" name=\"form_fields[field_f244531]\" required=\"required\"> <label for=\"form-field-field_f244531-1\">Partially<\/label><\/span><span class=\"elementor-field-option\"><input type=\"radio\" value=\"N\u00e3o\" id=\"form-field-field_f244531-2\" name=\"form_fields[field_f244531]\" required=\"required\"> <label for=\"form-field-field_f244531-2\">No<\/label><\/span><\/div>\t\t\t\t<\/div>\n\t\t\t\t\t\t\t\t<div class=\"elementor-field-type-textarea elementor-field-group elementor-column elementor-field-group-field_6bb56c1 elementor-col-100 elementor-field-required\">\n\t\t\t\t\t\t\t\t\t\t\t\t<label for=\"form-field-field_6bb56c1\" class=\"elementor-field-label\">\n\t\t\t\t\t\t\t\tWhat did you value most in this experience with Leit\u00e3o &amp; Irm\u00e3o?\t\t\t\t\t\t\t<\/label>\n\t\t\t\t\t\t<textarea class=\"elementor-field-textual elementor-field  elementor-size-md\" name=\"form_fields[field_6bb56c1]\" id=\"form-field-field_6bb56c1\" rows=\"4\" required=\"required\"><\/textarea>\t\t\t\t<\/div>\n\t\t\t\t\t\t\t\t<div class=\"elementor-field-type-textarea elementor-field-group elementor-column elementor-field-group-field_843a603 elementor-col-100 elementor-field-required\">\n\t\t\t\t\t\t\t\t\t\t\t\t<label for=\"form-field-field_843a603\" class=\"elementor-field-label\">\n\t\t\t\t\t\t\t\tWhich aspects do you think could be improved in future collaborations\/internships?\t\t\t\t\t\t\t<\/label>\n\t\t\t\t\t\t<textarea class=\"elementor-field-textual elementor-field  elementor-size-md\" name=\"form_fields[field_843a603]\" id=\"form-field-field_843a603\" rows=\"4\" required=\"required\"><\/textarea>\t\t\t\t<\/div>\n\t\t\t\t\t\t\t\t<div class=\"elementor-field-type-radio elementor-field-group elementor-column elementor-field-group-field_1989b1e elementor-col-100 elementor-field-required\">\n\t\t\t\t\t\t\t\t\t\t\t\t<label for=\"form-field-field_1989b1e\" class=\"elementor-field-label\">\n\t\t\t\t\t\t\t\tWould you recommend this experience\/internship to other organisations\/individuals?\t\t\t\t\t\t\t<\/label>\n\t\t\t\t\t\t<div class=\"elementor-field-subgroup\"><span class=\"elementor-field-option\"><input type=\"radio\" value=\"Sim\" id=\"form-field-field_1989b1e-0\" name=\"form_fields[field_1989b1e]\" required=\"required\"> <label for=\"form-field-field_1989b1e-0\">Yes<\/label><\/span><span class=\"elementor-field-option\"><input type=\"radio\" value=\"Talvez\" id=\"form-field-field_1989b1e-1\" name=\"form_fields[field_1989b1e]\" required=\"required\"> <label for=\"form-field-field_1989b1e-1\">Maybe<\/label><\/span><span class=\"elementor-field-option\"><input type=\"radio\" value=\"N\u00e3o\" id=\"form-field-field_1989b1e-2\" name=\"form_fields[field_1989b1e]\" required=\"required\"> <label for=\"form-field-field_1989b1e-2\">No<\/label><\/span><\/div>\t\t\t\t<\/div>\n\t\t\t\t\t\t\t\t<div class=\"elementor-field-type-textarea elementor-field-group elementor-column elementor-field-group-field_f88a72c elementor-col-100\">\n\t\t\t\t\t\t\t\t\t\t\t\t<label for=\"form-field-field_f88a72c\" class=\"elementor-field-label\">\n\t\t\t\t\t\t\t\tAny other comments, observations, or your personal opinion.\t\t\t\t\t\t\t<\/label>\n\t\t\t\t\t\t<textarea class=\"elementor-field-textual elementor-field  elementor-size-md\" name=\"form_fields[field_f88a72c]\" id=\"form-field-field_f88a72c\" rows=\"4\"><\/textarea>\t\t\t\t<\/div>\n\t\t\t\t\t\t\t\t<div class=\"elementor-field-type-acceptance elementor-field-group elementor-column elementor-field-group-field_8905932 elementor-col-100 elementor-field-required\">\n\t\t\t\t\t\t\t<div class=\"elementor-field-subgroup\">\n\t\t\t<span class=\"elementor-field-option\">\n\t\t\t\t<input type=\"checkbox\" name=\"form_fields[field_8905932]\" id=\"form-field-field_8905932\" class=\"elementor-field elementor-size-md  elementor-acceptance-field\" required=\"required\">\n\t\t\t\t<label for=\"form-field-field_8905932\" class=\"translation-block\">I have read and accept Leit\u00e3o &amp; Irm\u00e3o\u2019s <a href=\"https:\/\/www.leitao-irmao.com\/politica-de-privacidade\/\" target=\"_blank\"><b>Privacy Policy<\/b><\/a>.<\/label>\t\t\t<\/span>\n\t\t<\/div>\n\t\t\t\t\t\t<\/div>\n\t\t\t\t\t\t\t\t<div class=\"elementor-field-type-recaptcha_v3 elementor-field-group elementor-column elementor-field-group-field_baf83b8 elementor-col-100 recaptcha_v3-bottomleft\">\n\t\t\t\t\t<div class=\"elementor-field\" id=\"form-field-field_baf83b8\"><div class=\"elementor-g-recaptcha\" data-sitekey=\"6LeWbJkmAAAAADtKYUnsHRQGB0j-oyi31Zo9d1uT\" data-type=\"v3\" data-action=\"Form\" data-badge=\"bottomleft\" data-size=\"invisible\"><\/div><\/div>\t\t\t\t<\/div>\n\t\t\t\t\t\t\t\t<div class=\"elementor-field-group elementor-column elementor-field-type-submit elementor-col-100 e-form__buttons\">\n\t\t\t\t\t<button class=\"elementor-button elementor-size-sm\" type=\"submit\">\n\t\t\t\t\t\t<span class=\"elementor-button-content-wrapper\">\n\t\t\t\t\t\t\t\t\t\t\t\t\t\t\t\t\t\t\t\t\t\t<span class=\"elementor-button-text\">Submit evaluation<\/span>\n\t\t\t\t\t\t\t\t\t\t\t\t\t<\/span>\n\t\t\t\t\t<\/button>\n\t\t\t\t<\/div>\n\t\t\t<\/div>\n\t\t<input\n                    class=\"apbct_special_field apbct_email_id__elementor_form\"\n                    name=\"apbct__email_id__elementor_form\"\n                    aria-label=\"apbct__label_id__elementor_form\"\n                    type=\"text\" size=\"30\" maxlength=\"200\" autocomplete=\"off\"\n                    value=\"\"\n                \/><input type=\"hidden\" name=\"trp-form-language\" value=\"en\"\/><\/form>\n\t\t\t\t\t\t<\/div>\n\t\t\t\t<\/div>\n\t\t\t\t\t<\/div>\n\t\t<\/div>\n\t\t\t\t\t<\/div>\n\t\t<\/section>\n\t\t\t\t<\/div>","protected":false},"excerpt":{"rendered":"<p>Feedback de parceria<\/p>","protected":false},"author":1,"featured_media":30227,"parent":0,"menu_order":0,"comment_status":"closed","ping_status":"closed","template":"elementor_header_footer","meta":{"_acf_changed":false,"footnotes":""},"class_list":["post-31756","page","type-page","status-publish","has-post-thumbnail","hentry"],"acf":[],"yoast_head":"<!-- This site is optimized with the Yoast SEO plugin v25.4 - https:\/\/yoast.com\/wordpress\/plugins\/seo\/ -->\n<title>Feedback Parceria Leit\u00e3o &amp; Irm\u00e3o | Leit\u00e3o &amp; Irm\u00e3o<\/title>\n<meta name=\"description\" content=\"Aqui pode preencher uma ficha de parceria e consultar as condi\u00e7\u00f5es gerais de parceria com guias tur\u00edsticos.\" \/>\n<meta name=\"robots\" content=\"noindex, nofollow\" \/>\n<meta property=\"og:locale\" content=\"en_GB\" \/>\n<meta property=\"og:type\" content=\"article\" \/>\n<meta property=\"og:title\" content=\"Feedback Parceria Leit\u00e3o &amp; Irm\u00e3o | Leit\u00e3o &amp; Irm\u00e3o\" \/>\n<meta property=\"og:description\" content=\"Aqui pode preencher uma ficha de parceria e consultar as condi\u00e7\u00f5es gerais de parceria com guias tur\u00edsticos.\" \/>\n<meta property=\"og:url\" content=\"https:\/\/staging.leitao-irmao.com\/en\/feedback-parceria-leitao-irmao\/\" \/>\n<meta property=\"og:site_name\" content=\"Leit\u00e3o &amp; Irm\u00e3o\" \/>\n<meta property=\"article:modified_time\" content=\"2025-05-19T09:49:56+00:00\" \/>\n<meta property=\"og:image\" content=\"https:\/\/staging.leitao-irmao.com\/wp-content\/uploads\/2025\/01\/logo_leitaoirmao_pantone431_fundobranco.jpg\" \/>\n\t<meta property=\"og:image:width\" content=\"1080\" \/>\n\t<meta property=\"og:image:height\" content=\"1080\" \/>\n\t<meta property=\"og:image:type\" content=\"image\/jpeg\" \/>\n<meta name=\"twitter:card\" content=\"summary_large_image\" \/>\n<meta name=\"twitter:title\" content=\"Feedback Parceria Leit\u00e3o &amp; Irm\u00e3o | Leit\u00e3o &amp; Irm\u00e3o\" \/>\n<meta name=\"twitter:description\" content=\"Aqui pode preencher uma ficha de parceria e consultar as condi\u00e7\u00f5es gerais de parceria com guias tur\u00edsticos.\" \/>\n<meta name=\"twitter:image\" content=\"https:\/\/staging.leitao-irmao.com\/wp-content\/uploads\/2025\/01\/logo_leitaoirmao_pantone431_fundobranco.jpg\" \/>\n<meta name=\"twitter:label1\" content=\"Estimated reading time\" \/>\n\t<meta name=\"twitter:data1\" content=\"1 minute\" \/>\n<script type=\"application\/ld+json\" class=\"yoast-schema-graph\">{\"@context\":\"https:\/\/schema.org\",\"@graph\":[{\"@type\":\"WebPage\",\"@id\":\"https:\/\/staging.leitao-irmao.com\/feedback-parceria-leitao-irmao\/\",\"url\":\"https:\/\/staging.leitao-irmao.com\/feedback-parceria-leitao-irmao\/\",\"name\":\"Feedback Parceria Leit\u00e3o & Irm\u00e3o | Leit\u00e3o &amp; Irm\u00e3o\",\"isPartOf\":{\"@id\":\"https:\/\/staging.leitao-irmao.com\/#website\"},\"primaryImageOfPage\":{\"@id\":\"https:\/\/staging.leitao-irmao.com\/feedback-parceria-leitao-irmao\/#primaryimage\"},\"image\":{\"@id\":\"https:\/\/staging.leitao-irmao.com\/feedback-parceria-leitao-irmao\/#primaryimage\"},\"thumbnailUrl\":\"https:\/\/staging.leitao-irmao.com\/wp-content\/uploads\/2025\/01\/logo_leitaoirmao_pantone431_fundobranco.jpg\",\"datePublished\":\"2025-05-19T08:31:28+00:00\",\"dateModified\":\"2025-05-19T09:49:56+00:00\",\"description\":\"Aqui pode preencher uma ficha de parceria e consultar as condi\u00e7\u00f5es gerais de parceria com guias tur\u00edsticos.\",\"breadcrumb\":{\"@id\":\"https:\/\/staging.leitao-irmao.com\/feedback-parceria-leitao-irmao\/#breadcrumb\"},\"inLanguage\":\"en-GB\",\"potentialAction\":[{\"@type\":\"ReadAction\",\"target\":[\"https:\/\/staging.leitao-irmao.com\/feedback-parceria-leitao-irmao\/\"]}]},{\"@type\":\"ImageObject\",\"inLanguage\":\"en-GB\",\"@id\":\"https:\/\/staging.leitao-irmao.com\/feedback-parceria-leitao-irmao\/#primaryimage\",\"url\":\"https:\/\/staging.leitao-irmao.com\/wp-content\/uploads\/2025\/01\/logo_leitaoirmao_pantone431_fundobranco.jpg\",\"contentUrl\":\"https:\/\/staging.leitao-irmao.com\/wp-content\/uploads\/2025\/01\/logo_leitaoirmao_pantone431_fundobranco.jpg\",\"width\":1080,\"height\":1080},{\"@type\":\"BreadcrumbList\",\"@id\":\"https:\/\/staging.leitao-irmao.com\/feedback-parceria-leitao-irmao\/#breadcrumb\",\"itemListElement\":[{\"@type\":\"ListItem\",\"position\":1,\"name\":\"Home\",\"item\":\"https:\/\/staging.leitao-irmao.com\/\"},{\"@type\":\"ListItem\",\"position\":2,\"name\":\"Feedback Parceria Leit\u00e3o &#038; Irm\u00e3o\"}]},{\"@type\":\"WebSite\",\"@id\":\"https:\/\/staging.leitao-irmao.com\/#website\",\"url\":\"https:\/\/staging.leitao-irmao.com\/\",\"name\":\"Leit\u00e3o & Irm\u00e3o\",\"description\":\"Joalheiros desde 1822\",\"publisher\":{\"@id\":\"https:\/\/staging.leitao-irmao.com\/#organization\"},\"potentialAction\":[{\"@type\":\"SearchAction\",\"target\":{\"@type\":\"EntryPoint\",\"urlTemplate\":\"https:\/\/staging.leitao-irmao.com\/?s={search_term_string}\"},\"query-input\":{\"@type\":\"PropertyValueSpecification\",\"valueRequired\":true,\"valueName\":\"search_term_string\"}}],\"inLanguage\":\"en-GB\"},{\"@type\":\"Organization\",\"@id\":\"https:\/\/staging.leitao-irmao.com\/#organization\",\"name\":\"Leit\u00e3o & Irm\u00e3o\",\"url\":\"https:\/\/staging.leitao-irmao.com\/\",\"logo\":{\"@type\":\"ImageObject\",\"inLanguage\":\"en-GB\",\"@id\":\"https:\/\/staging.leitao-irmao.com\/#\/schema\/logo\/image\/\",\"url\":\"https:\/\/staging.leitao-irmao.com\/wp-content\/uploads\/2022\/11\/leitaoirmao-logo.png\",\"contentUrl\":\"https:\/\/staging.leitao-irmao.com\/wp-content\/uploads\/2022\/11\/leitaoirmao-logo.png\",\"width\":426,\"height\":89,\"caption\":\"Leit\u00e3o & Irm\u00e3o\"},\"image\":{\"@id\":\"https:\/\/staging.leitao-irmao.com\/#\/schema\/logo\/image\/\"}}]}<\/script>\n<!-- \/ Yoast SEO plugin. -->","yoast_head_json":{"title":"Feedback Parceria Leit\u00e3o & Irm\u00e3o | Leit\u00e3o &amp; Irm\u00e3o","description":"Aqui pode preencher uma ficha de parceria e consultar as condi\u00e7\u00f5es gerais de parceria com guias tur\u00edsticos.","robots":{"index":"noindex","follow":"nofollow"},"og_locale":"en_GB","og_type":"article","og_title":"Feedback Parceria Leit\u00e3o & Irm\u00e3o | Leit\u00e3o &amp; Irm\u00e3o","og_description":"Aqui pode preencher uma ficha de parceria e consultar as condi\u00e7\u00f5es gerais de parceria com guias tur\u00edsticos.","og_url":"https:\/\/staging.leitao-irmao.com\/en\/feedback-parceria-leitao-irmao\/","og_site_name":"Leit\u00e3o &amp; Irm\u00e3o","article_modified_time":"2025-05-19T09:49:56+00:00","og_image":[{"width":1080,"height":1080,"url":"https:\/\/staging.leitao-irmao.com\/wp-content\/uploads\/2025\/01\/logo_leitaoirmao_pantone431_fundobranco.jpg","type":"image\/jpeg"}],"twitter_card":"summary_large_image","twitter_title":"Feedback Parceria Leit\u00e3o & Irm\u00e3o | Leit\u00e3o &amp; Irm\u00e3o","twitter_description":"Aqui pode preencher uma ficha de parceria e consultar as condi\u00e7\u00f5es gerais de parceria com guias tur\u00edsticos.","twitter_image":"https:\/\/staging.leitao-irmao.com\/wp-content\/uploads\/2025\/01\/logo_leitaoirmao_pantone431_fundobranco.jpg","twitter_misc":{"Estimated reading time":"1 minute"},"schema":{"@context":"https:\/\/schema.org","@graph":[{"@type":"WebPage","@id":"https:\/\/staging.leitao-irmao.com\/feedback-parceria-leitao-irmao\/","url":"https:\/\/staging.leitao-irmao.com\/feedback-parceria-leitao-irmao\/","name":"Feedback Parceria Leit\u00e3o & Irm\u00e3o | Leit\u00e3o &amp; Irm\u00e3o","isPartOf":{"@id":"https:\/\/staging.leitao-irmao.com\/#website"},"primaryImageOfPage":{"@id":"https:\/\/staging.leitao-irmao.com\/feedback-parceria-leitao-irmao\/#primaryimage"},"image":{"@id":"https:\/\/staging.leitao-irmao.com\/feedback-parceria-leitao-irmao\/#primaryimage"},"thumbnailUrl":"https:\/\/staging.leitao-irmao.com\/wp-content\/uploads\/2025\/01\/logo_leitaoirmao_pantone431_fundobranco.jpg","datePublished":"2025-05-19T08:31:28+00:00","dateModified":"2025-05-19T09:49:56+00:00","description":"Aqui pode preencher uma ficha de parceria e consultar as condi\u00e7\u00f5es gerais de parceria com guias tur\u00edsticos.","breadcrumb":{"@id":"https:\/\/staging.leitao-irmao.com\/feedback-parceria-leitao-irmao\/#breadcrumb"},"inLanguage":"en-GB","potentialAction":[{"@type":"ReadAction","target":["https:\/\/staging.leitao-irmao.com\/feedback-parceria-leitao-irmao\/"]}]},{"@type":"ImageObject","inLanguage":"en-GB","@id":"https:\/\/staging.leitao-irmao.com\/feedback-parceria-leitao-irmao\/#primaryimage","url":"https:\/\/staging.leitao-irmao.com\/wp-content\/uploads\/2025\/01\/logo_leitaoirmao_pantone431_fundobranco.jpg","contentUrl":"https:\/\/staging.leitao-irmao.com\/wp-content\/uploads\/2025\/01\/logo_leitaoirmao_pantone431_fundobranco.jpg","width":1080,"height":1080},{"@type":"BreadcrumbList","@id":"https:\/\/staging.leitao-irmao.com\/feedback-parceria-leitao-irmao\/#breadcrumb","itemListElement":[{"@type":"ListItem","position":1,"name":"Home","item":"https:\/\/staging.leitao-irmao.com\/"},{"@type":"ListItem","position":2,"name":"Feedback Parceria Leit\u00e3o &#038; Irm\u00e3o"}]},{"@type":"WebSite","@id":"https:\/\/staging.leitao-irmao.com\/#website","url":"https:\/\/staging.leitao-irmao.com\/","name":"Leit\u00e3o & Irm\u00e3o","description":"Joalheiros desde 1822","publisher":{"@id":"https:\/\/staging.leitao-irmao.com\/#organization"},"potentialAction":[{"@type":"SearchAction","target":{"@type":"EntryPoint","urlTemplate":"https:\/\/staging.leitao-irmao.com\/?s={search_term_string}"},"query-input":{"@type":"PropertyValueSpecification","valueRequired":true,"valueName":"search_term_string"}}],"inLanguage":"en-GB"},{"@type":"Organization","@id":"https:\/\/staging.leitao-irmao.com\/#organization","name":"Leit\u00e3o & Irm\u00e3o","url":"https:\/\/staging.leitao-irmao.com\/","logo":{"@type":"ImageObject","inLanguage":"en-GB","@id":"https:\/\/staging.leitao-irmao.com\/#\/schema\/logo\/image\/","url":"https:\/\/staging.leitao-irmao.com\/wp-content\/uploads\/2022\/11\/leitaoirmao-logo.png","contentUrl":"https:\/\/staging.leitao-irmao.com\/wp-content\/uploads\/2022\/11\/leitaoirmao-logo.png","width":426,"height":89,"caption":"Leit\u00e3o & Irm\u00e3o"},"image":{"@id":"https:\/\/staging.leitao-irmao.com\/#\/schema\/logo\/image\/"}}]}},"_links":{"self":[{"href":"https:\/\/staging.leitao-irmao.com\/en\/wp-json\/wp\/v2\/pages\/31756","targetHints":{"allow":["GET"]}}],"collection":[{"href":"https:\/\/staging.leitao-irmao.com\/en\/wp-json\/wp\/v2\/pages"}],"about":[{"href":"https:\/\/staging.leitao-irmao.com\/en\/wp-json\/wp\/v2\/types\/page"}],"author":[{"embeddable":true,"href":"https:\/\/staging.leitao-irmao.com\/en\/wp-json\/wp\/v2\/users\/1"}],"replies":[{"embeddable":true,"href":"https:\/\/staging.leitao-irmao.com\/en\/wp-json\/wp\/v2\/comments?post=31756"}],"version-history":[{"count":0,"href":"https:\/\/staging.leitao-irmao.com\/en\/wp-json\/wp\/v2\/pages\/31756\/revisions"}],"wp:featuredmedia":[{"embeddable":true,"href":"https:\/\/staging.leitao-irmao.com\/en\/wp-json\/wp\/v2\/media\/30227"}],"wp:attachment":[{"href":"https:\/\/staging.leitao-irmao.com\/en\/wp-json\/wp\/v2\/media?parent=31756"}],"curies":[{"name":"wp","href":"https:\/\/api.w.org\/{rel}","templated":true}]}}