{"id":11158,"date":"2023-06-19T11:00:33","date_gmt":"2023-06-19T11:00:33","guid":{"rendered":"https:\/\/leitao-irmao.ad-pulse.com\/?post_type=product&#038;p=11158"},"modified":"2024-06-21T09:47:37","modified_gmt":"2024-06-21T08:47:37","slug":"peca-comemorativa-do-bicentenario-da-casa-leitao","status":"publish","type":"product","link":"https:\/\/staging.leitao-irmao.com\/en\/product\/peca-comemorativa-do-bicentenario-da-casa-leitao\/","title":{"rendered":"Bicentenary Commemorative Play of Casa Leit\u00e3o"},"content":{"rendered":"","protected":false},"excerpt":{"rendered":"<p><span style=\"font-weight: 400\">The Casa Leit\u00e3o Bicentenary Commemorative Piece comes in 2 different crown designs: <\/span><br \/>\n<b>Closed Crowns Model<br \/>\nOpen Crowns Model<\/b><span style=\"font-weight: 400\">.<\/span><\/p>\n<p><span style=\"font-weight: 400\">Each model has a limited edition of 100 numbered units, making a total number of<\/span><b> 200 units<\/b><span style=\"font-weight: 400\">.<\/span><\/p>\n<p><span style=\"font-weight: 400\">Estimated delivery between <strong>4 to 6 weeks<\/strong>.<\/span><\/p>","protected":false},"featured_media":11163,"template":"","meta":{"_acf_changed":false},"product_brand":[],"product_cat":[340,70,74,125,496],"product_tag":[],"class_list":{"0":"post-11158","1":"product","2":"type-product","3":"status-publish","4":"has-post-thumbnail","6":"product_cat-bicentenario","7":"product_cat-casa-e-decoracao","8":"product_cat-decoracao","9":"product_cat-presentes-entre-1000e-a-2500e","10":"product_cat-sem-desconto","12":"first","13":"instock","14":"shipping-taxable","15":"purchasable","16":"product-type-variable"},"acf":[],"yoast_head":"<!-- This site is optimized with the Yoast SEO plugin v25.4 - https:\/\/yoast.com\/wordpress\/plugins\/seo\/ -->\n<title>pe\u00e7a comemorativa do bicenten\u00e1rio da Casa Leit\u00e3o<\/title>\n<meta name=\"description\" content=\"200 anos a encantar momentos. A Leit\u00e3o &amp; Irm\u00e3o apresenta a pe\u00e7a comemorativa do bicenten\u00e1rio.\" \/>\n<meta name=\"robots\" content=\"noindex, follow, max-snippet:-1, max-image-preview:large, max-video-preview:-1\" \/>\n<meta property=\"og:locale\" content=\"en_GB\" \/>\n<meta property=\"og:type\" content=\"article\" \/>\n<meta property=\"og:title\" content=\"pe\u00e7a comemorativa do bicenten\u00e1rio da Casa Leit\u00e3o\" \/>\n<meta property=\"og:description\" content=\"200 anos a encantar momentos. A Leit\u00e3o &amp; Irm\u00e3o apresenta a pe\u00e7a comemorativa do bicenten\u00e1rio.\" \/>\n<meta property=\"og:url\" content=\"https:\/\/staging.leitao-irmao.com\/en\/product\/peca-comemorativa-do-bicentenario-da-casa-leitao\/\" \/>\n<meta property=\"og:site_name\" content=\"Leit\u00e3o &amp; Irm\u00e3o\" \/>\n<meta property=\"article:modified_time\" content=\"2024-06-21T08:47:37+00:00\" \/>\n<meta property=\"og:image\" content=\"https:\/\/staging.leitao-irmao.com\/wp-content\/uploads\/2023\/06\/duas_peca_bicentenario_site_1080x1080.jpeg\" \/>\n\t<meta property=\"og:image:width\" content=\"1080\" \/>\n\t<meta property=\"og:image:height\" content=\"1080\" \/>\n\t<meta property=\"og:image:type\" content=\"image\/jpeg\" \/>\n<meta name=\"twitter:card\" content=\"summary_large_image\" \/>\n<script type=\"application\/ld+json\" class=\"yoast-schema-graph\">{\"@context\":\"https:\/\/schema.org\",\"@graph\":[{\"@type\":\"WebPage\",\"@id\":\"https:\/\/staging.leitao-irmao.com\/product\/peca-comemorativa-do-bicentenario-da-casa-leitao\/\",\"url\":\"https:\/\/staging.leitao-irmao.com\/product\/peca-comemorativa-do-bicentenario-da-casa-leitao\/\",\"name\":\"pe\u00e7a comemorativa do bicenten\u00e1rio da Casa Leit\u00e3o\",\"isPartOf\":{\"@id\":\"https:\/\/staging.leitao-irmao.com\/#website\"},\"primaryImageOfPage\":{\"@id\":\"https:\/\/staging.leitao-irmao.com\/product\/peca-comemorativa-do-bicentenario-da-casa-leitao\/#primaryimage\"},\"image\":{\"@id\":\"https:\/\/staging.leitao-irmao.com\/product\/peca-comemorativa-do-bicentenario-da-casa-leitao\/#primaryimage\"},\"thumbnailUrl\":\"https:\/\/staging.leitao-irmao.com\/wp-content\/uploads\/2023\/06\/duas_peca_bicentenario_site_1080x1080.jpeg\",\"datePublished\":\"2023-06-19T11:00:33+00:00\",\"dateModified\":\"2024-06-21T08:47:37+00:00\",\"description\":\"200 anos a encantar momentos. A Leit\u00e3o & Irm\u00e3o apresenta a pe\u00e7a comemorativa do bicenten\u00e1rio.\",\"breadcrumb\":{\"@id\":\"https:\/\/staging.leitao-irmao.com\/product\/peca-comemorativa-do-bicentenario-da-casa-leitao\/#breadcrumb\"},\"inLanguage\":\"en-GB\",\"potentialAction\":[{\"@type\":\"ReadAction\",\"target\":[\"https:\/\/staging.leitao-irmao.com\/product\/peca-comemorativa-do-bicentenario-da-casa-leitao\/\"]}]},{\"@type\":\"ImageObject\",\"inLanguage\":\"en-GB\",\"@id\":\"https:\/\/staging.leitao-irmao.com\/product\/peca-comemorativa-do-bicentenario-da-casa-leitao\/#primaryimage\",\"url\":\"https:\/\/staging.leitao-irmao.com\/wp-content\/uploads\/2023\/06\/duas_peca_bicentenario_site_1080x1080.jpeg\",\"contentUrl\":\"https:\/\/staging.leitao-irmao.com\/wp-content\/uploads\/2023\/06\/duas_peca_bicentenario_site_1080x1080.jpeg\",\"width\":1080,\"height\":1080,\"caption\":\"Pe\u00e7as comemorativas bicenten\u00e1rio\"},{\"@type\":\"BreadcrumbList\",\"@id\":\"https:\/\/staging.leitao-irmao.com\/product\/peca-comemorativa-do-bicentenario-da-casa-leitao\/#breadcrumb\",\"itemListElement\":[{\"@type\":\"ListItem\",\"position\":1,\"name\":\"Home\",\"item\":\"https:\/\/staging.leitao-irmao.com\/\"},{\"@type\":\"ListItem\",\"position\":2,\"name\":\"Produtos\",\"item\":\"https:\/\/staging.leitao-irmao.com\/shop\/\"},{\"@type\":\"ListItem\",\"position\":3,\"name\":\"Pe\u00e7a Comemorativa do Bicenten\u00e1rio da Casa Leit\u00e3o\"}]},{\"@type\":\"WebSite\",\"@id\":\"https:\/\/staging.leitao-irmao.com\/#website\",\"url\":\"https:\/\/staging.leitao-irmao.com\/\",\"name\":\"Leit\u00e3o & Irm\u00e3o\",\"description\":\"Joalheiros desde 1822\",\"publisher\":{\"@id\":\"https:\/\/staging.leitao-irmao.com\/#organization\"},\"potentialAction\":[{\"@type\":\"SearchAction\",\"target\":{\"@type\":\"EntryPoint\",\"urlTemplate\":\"https:\/\/staging.leitao-irmao.com\/?s={search_term_string}\"},\"query-input\":{\"@type\":\"PropertyValueSpecification\",\"valueRequired\":true,\"valueName\":\"search_term_string\"}}],\"inLanguage\":\"en-GB\"},{\"@type\":\"Organization\",\"@id\":\"https:\/\/staging.leitao-irmao.com\/#organization\",\"name\":\"Leit\u00e3o & Irm\u00e3o\",\"url\":\"https:\/\/staging.leitao-irmao.com\/\",\"logo\":{\"@type\":\"ImageObject\",\"inLanguage\":\"en-GB\",\"@id\":\"https:\/\/staging.leitao-irmao.com\/#\/schema\/logo\/image\/\",\"url\":\"https:\/\/staging.leitao-irmao.com\/wp-content\/uploads\/2022\/11\/leitaoirmao-logo.png\",\"contentUrl\":\"https:\/\/staging.leitao-irmao.com\/wp-content\/uploads\/2022\/11\/leitaoirmao-logo.png\",\"width\":426,\"height\":89,\"caption\":\"Leit\u00e3o & Irm\u00e3o\"},\"image\":{\"@id\":\"https:\/\/staging.leitao-irmao.com\/#\/schema\/logo\/image\/\"}}]}<\/script>\n<!-- \/ Yoast SEO plugin. -->","yoast_head_json":{"title":"pe\u00e7a comemorativa do bicenten\u00e1rio da Casa Leit\u00e3o","description":"200 anos a encantar momentos. A Leit\u00e3o & Irm\u00e3o apresenta a pe\u00e7a comemorativa do bicenten\u00e1rio.","robots":{"index":"noindex","follow":"follow","max-snippet":"max-snippet:-1","max-image-preview":"max-image-preview:large","max-video-preview":"max-video-preview:-1"},"og_locale":"en_GB","og_type":"article","og_title":"pe\u00e7a comemorativa do bicenten\u00e1rio da Casa Leit\u00e3o","og_description":"200 anos a encantar momentos. A Leit\u00e3o & Irm\u00e3o apresenta a pe\u00e7a comemorativa do bicenten\u00e1rio.","og_url":"https:\/\/staging.leitao-irmao.com\/en\/product\/peca-comemorativa-do-bicentenario-da-casa-leitao\/","og_site_name":"Leit\u00e3o &amp; Irm\u00e3o","article_modified_time":"2024-06-21T08:47:37+00:00","og_image":[{"width":1080,"height":1080,"url":"https:\/\/staging.leitao-irmao.com\/wp-content\/uploads\/2023\/06\/duas_peca_bicentenario_site_1080x1080.jpeg","type":"image\/jpeg"}],"twitter_card":"summary_large_image","schema":{"@context":"https:\/\/schema.org","@graph":[{"@type":"WebPage","@id":"https:\/\/staging.leitao-irmao.com\/product\/peca-comemorativa-do-bicentenario-da-casa-leitao\/","url":"https:\/\/staging.leitao-irmao.com\/product\/peca-comemorativa-do-bicentenario-da-casa-leitao\/","name":"pe\u00e7a comemorativa do bicenten\u00e1rio da Casa Leit\u00e3o","isPartOf":{"@id":"https:\/\/staging.leitao-irmao.com\/#website"},"primaryImageOfPage":{"@id":"https:\/\/staging.leitao-irmao.com\/product\/peca-comemorativa-do-bicentenario-da-casa-leitao\/#primaryimage"},"image":{"@id":"https:\/\/staging.leitao-irmao.com\/product\/peca-comemorativa-do-bicentenario-da-casa-leitao\/#primaryimage"},"thumbnailUrl":"https:\/\/staging.leitao-irmao.com\/wp-content\/uploads\/2023\/06\/duas_peca_bicentenario_site_1080x1080.jpeg","datePublished":"2023-06-19T11:00:33+00:00","dateModified":"2024-06-21T08:47:37+00:00","description":"200 anos a encantar momentos. A Leit\u00e3o & Irm\u00e3o apresenta a pe\u00e7a comemorativa do bicenten\u00e1rio.","breadcrumb":{"@id":"https:\/\/staging.leitao-irmao.com\/product\/peca-comemorativa-do-bicentenario-da-casa-leitao\/#breadcrumb"},"inLanguage":"en-GB","potentialAction":[{"@type":"ReadAction","target":["https:\/\/staging.leitao-irmao.com\/product\/peca-comemorativa-do-bicentenario-da-casa-leitao\/"]}]},{"@type":"ImageObject","inLanguage":"en-GB","@id":"https:\/\/staging.leitao-irmao.com\/product\/peca-comemorativa-do-bicentenario-da-casa-leitao\/#primaryimage","url":"https:\/\/staging.leitao-irmao.com\/wp-content\/uploads\/2023\/06\/duas_peca_bicentenario_site_1080x1080.jpeg","contentUrl":"https:\/\/staging.leitao-irmao.com\/wp-content\/uploads\/2023\/06\/duas_peca_bicentenario_site_1080x1080.jpeg","width":1080,"height":1080,"caption":"Pe\u00e7as comemorativas bicenten\u00e1rio"},{"@type":"BreadcrumbList","@id":"https:\/\/staging.leitao-irmao.com\/product\/peca-comemorativa-do-bicentenario-da-casa-leitao\/#breadcrumb","itemListElement":[{"@type":"ListItem","position":1,"name":"Home","item":"https:\/\/staging.leitao-irmao.com\/"},{"@type":"ListItem","position":2,"name":"Produtos","item":"https:\/\/staging.leitao-irmao.com\/shop\/"},{"@type":"ListItem","position":3,"name":"Pe\u00e7a Comemorativa do Bicenten\u00e1rio da Casa Leit\u00e3o"}]},{"@type":"WebSite","@id":"https:\/\/staging.leitao-irmao.com\/#website","url":"https:\/\/staging.leitao-irmao.com\/","name":"Leit\u00e3o & Irm\u00e3o","description":"Joalheiros desde 1822","publisher":{"@id":"https:\/\/staging.leitao-irmao.com\/#organization"},"potentialAction":[{"@type":"SearchAction","target":{"@type":"EntryPoint","urlTemplate":"https:\/\/staging.leitao-irmao.com\/?s={search_term_string}"},"query-input":{"@type":"PropertyValueSpecification","valueRequired":true,"valueName":"search_term_string"}}],"inLanguage":"en-GB"},{"@type":"Organization","@id":"https:\/\/staging.leitao-irmao.com\/#organization","name":"Leit\u00e3o & Irm\u00e3o","url":"https:\/\/staging.leitao-irmao.com\/","logo":{"@type":"ImageObject","inLanguage":"en-GB","@id":"https:\/\/staging.leitao-irmao.com\/#\/schema\/logo\/image\/","url":"https:\/\/staging.leitao-irmao.com\/wp-content\/uploads\/2022\/11\/leitaoirmao-logo.png","contentUrl":"https:\/\/staging.leitao-irmao.com\/wp-content\/uploads\/2022\/11\/leitaoirmao-logo.png","width":426,"height":89,"caption":"Leit\u00e3o & Irm\u00e3o"},"image":{"@id":"https:\/\/staging.leitao-irmao.com\/#\/schema\/logo\/image\/"}}]}},"_links":{"self":[{"href":"https:\/\/staging.leitao-irmao.com\/en\/wp-json\/wp\/v2\/product\/11158","targetHints":{"allow":["GET"]}}],"collection":[{"href":"https:\/\/staging.leitao-irmao.com\/en\/wp-json\/wp\/v2\/product"}],"about":[{"href":"https:\/\/staging.leitao-irmao.com\/en\/wp-json\/wp\/v2\/types\/product"}],"version-history":[{"count":0,"href":"https:\/\/staging.leitao-irmao.com\/en\/wp-json\/wp\/v2\/product\/11158\/revisions"}],"wp:featuredmedia":[{"embeddable":true,"href":"https:\/\/staging.leitao-irmao.com\/en\/wp-json\/wp\/v2\/media\/11163"}],"wp:attachment":[{"href":"https:\/\/staging.leitao-irmao.com\/en\/wp-json\/wp\/v2\/media?parent=11158"}],"wp:term":[{"taxonomy":"product_brand","embeddable":true,"href":"https:\/\/staging.leitao-irmao.com\/en\/wp-json\/wp\/v2\/product_brand?post=11158"},{"taxonomy":"product_cat","embeddable":true,"href":"https:\/\/staging.leitao-irmao.com\/en\/wp-json\/wp\/v2\/product_cat?post=11158"},{"taxonomy":"product_tag","embeddable":true,"href":"https:\/\/staging.leitao-irmao.com\/en\/wp-json\/wp\/v2\/product_tag?post=11158"}],"curies":[{"name":"wp","href":"https:\/\/api.w.org\/{rel}","templated":true}]}}