{"id":12017,"date":"2023-06-23T13:32:49","date_gmt":"2023-06-23T13:32:49","guid":{"rendered":"https:\/\/leitao-irmao.ad-pulse.com\/?post_type=product&#038;p=12017"},"modified":"2025-09-08T10:00:20","modified_gmt":"2025-09-08T09:00:20","slug":"pulseira-da-sorte-olho-turco-good-luck","status":"publish","type":"product","link":"https:\/\/staging.leitao-irmao.com\/en\/product\/pulseira-da-sorte-olho-turco-good-luck\/","title":{"rendered":"Lucky bracelet Turkish Eye | Good Luck"},"content":{"rendered":"","protected":false},"excerpt":{"rendered":"<p>The Turkish eye is believed to be an element of protection. It can ward off envy, the evil eye and negative energies. The ideal bracelet for those who want an accessory that will give them some luck and confidence.<\/p>\n<p>A geometric grid was created for widely recognizable symbols, where the symbol appears discreetly.<\/p>\n<p>To deconstruct the figurative and build a minimalist, geometric version. Jewelry to feel, not to show. Something you want for yourself and not to show off.<\/p>","protected":false},"featured_media":12473,"template":"","meta":{"_acf_changed":false},"product_brand":[],"product_cat":[131,137,228,79,122,87],"product_tag":[277,278,270,279],"class_list":{"0":"post-12017","1":"product","2":"type-product","3":"status-publish","4":"has-post-thumbnail","6":"product_cat-aniversario-de-18-anos","7":"product_cat-batizados","8":"product_cat-good-luck","9":"product_cat-joalharia","10":"product_cat-presentes-inferiores-a-150e","11":"product_cat-pulseiras","12":"product_tag-homem","13":"product_tag-mulher","14":"product_tag-prata","15":"product_tag-unissexo","17":"first","18":"outofstock","19":"shipping-taxable","20":"product-type-simple"},"acf":[],"yoast_head":"<!-- This site is optimized with the Yoast SEO plugin v25.4 - https:\/\/yoast.com\/wordpress\/plugins\/seo\/ -->\n<title>pulseira da sorte em prata<\/title>\n<meta name=\"robots\" content=\"noindex, follow, max-snippet:-1, max-image-preview:large, max-video-preview:-1\" \/>\n<meta property=\"og:locale\" content=\"en_GB\" \/>\n<meta property=\"og:type\" content=\"article\" \/>\n<meta property=\"og:title\" content=\"pulseira da sorte em prata\" \/>\n<meta property=\"og:description\" content=\"Acredita-se que o olho turco seja um elemento de prote\u00e7\u00e3o. Pode afastar a inveja, o mau olhado e as energias negativas. A pulseira ideal para aqueles que pretendem um acess\u00f3rio que lhes transmita alguma sorte e confian\u00e7a.  A s\u00edmbolos amplamente reconhec\u00edveis, criou-se uma grelha geometrizante onde o s\u00edmbolo figura de forma discreta.  Para desconstruir o figurativo e construir uma vers\u00e3o minimalista e geom\u00e9trica. Joias para sentir e n\u00e3o para mostrar. Algo que se quer para si e n\u00e3o para mostrar.\" \/>\n<meta property=\"og:url\" content=\"https:\/\/staging.leitao-irmao.com\/en\/product\/pulseira-da-sorte-olho-turco-good-luck\/\" \/>\n<meta property=\"og:site_name\" content=\"Leit\u00e3o &amp; Irm\u00e3o\" \/>\n<meta property=\"article:modified_time\" content=\"2025-09-08T09:00:20+00:00\" \/>\n<meta property=\"og:image\" content=\"https:\/\/staging.leitao-irmao.com\/wp-content\/uploads\/2023\/06\/olho_pulseira_sorte-1.jpg\" \/>\n\t<meta property=\"og:image:width\" content=\"1080\" \/>\n\t<meta property=\"og:image:height\" content=\"1080\" \/>\n\t<meta property=\"og:image:type\" content=\"image\/jpeg\" \/>\n<meta name=\"twitter:card\" content=\"summary_large_image\" \/>\n<meta name=\"twitter:label1\" content=\"Estimated reading time\" \/>\n\t<meta name=\"twitter:data1\" content=\"1 minute\" \/>\n<script type=\"application\/ld+json\" class=\"yoast-schema-graph\">{\"@context\":\"https:\/\/schema.org\",\"@graph\":[{\"@type\":\"WebPage\",\"@id\":\"https:\/\/staging.leitao-irmao.com\/product\/pulseira-da-sorte-olho-turco-good-luck\/\",\"url\":\"https:\/\/staging.leitao-irmao.com\/product\/pulseira-da-sorte-olho-turco-good-luck\/\",\"name\":\"pulseira da sorte em prata\",\"isPartOf\":{\"@id\":\"https:\/\/staging.leitao-irmao.com\/#website\"},\"primaryImageOfPage\":{\"@id\":\"https:\/\/staging.leitao-irmao.com\/product\/pulseira-da-sorte-olho-turco-good-luck\/#primaryimage\"},\"image\":{\"@id\":\"https:\/\/staging.leitao-irmao.com\/product\/pulseira-da-sorte-olho-turco-good-luck\/#primaryimage\"},\"thumbnailUrl\":\"https:\/\/staging.leitao-irmao.com\/wp-content\/uploads\/2023\/06\/olho_pulseira_sorte-1.jpg\",\"datePublished\":\"2023-06-23T13:32:49+00:00\",\"dateModified\":\"2025-09-08T09:00:20+00:00\",\"breadcrumb\":{\"@id\":\"https:\/\/staging.leitao-irmao.com\/product\/pulseira-da-sorte-olho-turco-good-luck\/#breadcrumb\"},\"inLanguage\":\"en-GB\",\"potentialAction\":[{\"@type\":\"ReadAction\",\"target\":[\"https:\/\/staging.leitao-irmao.com\/product\/pulseira-da-sorte-olho-turco-good-luck\/\"]}]},{\"@type\":\"ImageObject\",\"inLanguage\":\"en-GB\",\"@id\":\"https:\/\/staging.leitao-irmao.com\/product\/pulseira-da-sorte-olho-turco-good-luck\/#primaryimage\",\"url\":\"https:\/\/staging.leitao-irmao.com\/wp-content\/uploads\/2023\/06\/olho_pulseira_sorte-1.jpg\",\"contentUrl\":\"https:\/\/staging.leitao-irmao.com\/wp-content\/uploads\/2023\/06\/olho_pulseira_sorte-1.jpg\",\"width\":1080,\"height\":1080},{\"@type\":\"BreadcrumbList\",\"@id\":\"https:\/\/staging.leitao-irmao.com\/product\/pulseira-da-sorte-olho-turco-good-luck\/#breadcrumb\",\"itemListElement\":[{\"@type\":\"ListItem\",\"position\":1,\"name\":\"Home\",\"item\":\"https:\/\/staging.leitao-irmao.com\/\"},{\"@type\":\"ListItem\",\"position\":2,\"name\":\"Produtos\",\"item\":\"https:\/\/staging.leitao-irmao.com\/shop\/\"},{\"@type\":\"ListItem\",\"position\":3,\"name\":\"Pulseira da sorte Olho Turco | Good Luck\"}]},{\"@type\":\"WebSite\",\"@id\":\"https:\/\/staging.leitao-irmao.com\/#website\",\"url\":\"https:\/\/staging.leitao-irmao.com\/\",\"name\":\"Leit\u00e3o & Irm\u00e3o\",\"description\":\"Joalheiros desde 1822\",\"publisher\":{\"@id\":\"https:\/\/staging.leitao-irmao.com\/#organization\"},\"potentialAction\":[{\"@type\":\"SearchAction\",\"target\":{\"@type\":\"EntryPoint\",\"urlTemplate\":\"https:\/\/staging.leitao-irmao.com\/?s={search_term_string}\"},\"query-input\":{\"@type\":\"PropertyValueSpecification\",\"valueRequired\":true,\"valueName\":\"search_term_string\"}}],\"inLanguage\":\"en-GB\"},{\"@type\":\"Organization\",\"@id\":\"https:\/\/staging.leitao-irmao.com\/#organization\",\"name\":\"Leit\u00e3o & Irm\u00e3o\",\"url\":\"https:\/\/staging.leitao-irmao.com\/\",\"logo\":{\"@type\":\"ImageObject\",\"inLanguage\":\"en-GB\",\"@id\":\"https:\/\/staging.leitao-irmao.com\/#\/schema\/logo\/image\/\",\"url\":\"https:\/\/staging.leitao-irmao.com\/wp-content\/uploads\/2022\/11\/leitaoirmao-logo.png\",\"contentUrl\":\"https:\/\/staging.leitao-irmao.com\/wp-content\/uploads\/2022\/11\/leitaoirmao-logo.png\",\"width\":426,\"height\":89,\"caption\":\"Leit\u00e3o & Irm\u00e3o\"},\"image\":{\"@id\":\"https:\/\/staging.leitao-irmao.com\/#\/schema\/logo\/image\/\"}}]}<\/script>\n<!-- \/ Yoast SEO plugin. -->","yoast_head_json":{"title":"pulseira da sorte em prata","robots":{"index":"noindex","follow":"follow","max-snippet":"max-snippet:-1","max-image-preview":"max-image-preview:large","max-video-preview":"max-video-preview:-1"},"og_locale":"en_GB","og_type":"article","og_title":"pulseira da sorte em prata","og_description":"Acredita-se que o olho turco seja um elemento de prote\u00e7\u00e3o. Pode afastar a inveja, o mau olhado e as energias negativas. A pulseira ideal para aqueles que pretendem um acess\u00f3rio que lhes transmita alguma sorte e confian\u00e7a.  A s\u00edmbolos amplamente reconhec\u00edveis, criou-se uma grelha geometrizante onde o s\u00edmbolo figura de forma discreta.  Para desconstruir o figurativo e construir uma vers\u00e3o minimalista e geom\u00e9trica. Joias para sentir e n\u00e3o para mostrar. Algo que se quer para si e n\u00e3o para mostrar.","og_url":"https:\/\/staging.leitao-irmao.com\/en\/product\/pulseira-da-sorte-olho-turco-good-luck\/","og_site_name":"Leit\u00e3o &amp; Irm\u00e3o","article_modified_time":"2025-09-08T09:00:20+00:00","og_image":[{"width":1080,"height":1080,"url":"https:\/\/staging.leitao-irmao.com\/wp-content\/uploads\/2023\/06\/olho_pulseira_sorte-1.jpg","type":"image\/jpeg"}],"twitter_card":"summary_large_image","twitter_misc":{"Estimated reading time":"1 minute"},"schema":{"@context":"https:\/\/schema.org","@graph":[{"@type":"WebPage","@id":"https:\/\/staging.leitao-irmao.com\/product\/pulseira-da-sorte-olho-turco-good-luck\/","url":"https:\/\/staging.leitao-irmao.com\/product\/pulseira-da-sorte-olho-turco-good-luck\/","name":"pulseira da sorte em prata","isPartOf":{"@id":"https:\/\/staging.leitao-irmao.com\/#website"},"primaryImageOfPage":{"@id":"https:\/\/staging.leitao-irmao.com\/product\/pulseira-da-sorte-olho-turco-good-luck\/#primaryimage"},"image":{"@id":"https:\/\/staging.leitao-irmao.com\/product\/pulseira-da-sorte-olho-turco-good-luck\/#primaryimage"},"thumbnailUrl":"https:\/\/staging.leitao-irmao.com\/wp-content\/uploads\/2023\/06\/olho_pulseira_sorte-1.jpg","datePublished":"2023-06-23T13:32:49+00:00","dateModified":"2025-09-08T09:00:20+00:00","breadcrumb":{"@id":"https:\/\/staging.leitao-irmao.com\/product\/pulseira-da-sorte-olho-turco-good-luck\/#breadcrumb"},"inLanguage":"en-GB","potentialAction":[{"@type":"ReadAction","target":["https:\/\/staging.leitao-irmao.com\/product\/pulseira-da-sorte-olho-turco-good-luck\/"]}]},{"@type":"ImageObject","inLanguage":"en-GB","@id":"https:\/\/staging.leitao-irmao.com\/product\/pulseira-da-sorte-olho-turco-good-luck\/#primaryimage","url":"https:\/\/staging.leitao-irmao.com\/wp-content\/uploads\/2023\/06\/olho_pulseira_sorte-1.jpg","contentUrl":"https:\/\/staging.leitao-irmao.com\/wp-content\/uploads\/2023\/06\/olho_pulseira_sorte-1.jpg","width":1080,"height":1080},{"@type":"BreadcrumbList","@id":"https:\/\/staging.leitao-irmao.com\/product\/pulseira-da-sorte-olho-turco-good-luck\/#breadcrumb","itemListElement":[{"@type":"ListItem","position":1,"name":"Home","item":"https:\/\/staging.leitao-irmao.com\/"},{"@type":"ListItem","position":2,"name":"Produtos","item":"https:\/\/staging.leitao-irmao.com\/shop\/"},{"@type":"ListItem","position":3,"name":"Pulseira da sorte Olho Turco | Good Luck"}]},{"@type":"WebSite","@id":"https:\/\/staging.leitao-irmao.com\/#website","url":"https:\/\/staging.leitao-irmao.com\/","name":"Leit\u00e3o & Irm\u00e3o","description":"Joalheiros desde 1822","publisher":{"@id":"https:\/\/staging.leitao-irmao.com\/#organization"},"potentialAction":[{"@type":"SearchAction","target":{"@type":"EntryPoint","urlTemplate":"https:\/\/staging.leitao-irmao.com\/?s={search_term_string}"},"query-input":{"@type":"PropertyValueSpecification","valueRequired":true,"valueName":"search_term_string"}}],"inLanguage":"en-GB"},{"@type":"Organization","@id":"https:\/\/staging.leitao-irmao.com\/#organization","name":"Leit\u00e3o & Irm\u00e3o","url":"https:\/\/staging.leitao-irmao.com\/","logo":{"@type":"ImageObject","inLanguage":"en-GB","@id":"https:\/\/staging.leitao-irmao.com\/#\/schema\/logo\/image\/","url":"https:\/\/staging.leitao-irmao.com\/wp-content\/uploads\/2022\/11\/leitaoirmao-logo.png","contentUrl":"https:\/\/staging.leitao-irmao.com\/wp-content\/uploads\/2022\/11\/leitaoirmao-logo.png","width":426,"height":89,"caption":"Leit\u00e3o & Irm\u00e3o"},"image":{"@id":"https:\/\/staging.leitao-irmao.com\/#\/schema\/logo\/image\/"}}]}},"_links":{"self":[{"href":"https:\/\/staging.leitao-irmao.com\/en\/wp-json\/wp\/v2\/product\/12017","targetHints":{"allow":["GET"]}}],"collection":[{"href":"https:\/\/staging.leitao-irmao.com\/en\/wp-json\/wp\/v2\/product"}],"about":[{"href":"https:\/\/staging.leitao-irmao.com\/en\/wp-json\/wp\/v2\/types\/product"}],"version-history":[{"count":1,"href":"https:\/\/staging.leitao-irmao.com\/en\/wp-json\/wp\/v2\/product\/12017\/revisions"}],"predecessor-version":[{"id":33655,"href":"https:\/\/staging.leitao-irmao.com\/en\/wp-json\/wp\/v2\/product\/12017\/revisions\/33655"}],"wp:featuredmedia":[{"embeddable":true,"href":"https:\/\/staging.leitao-irmao.com\/en\/wp-json\/wp\/v2\/media\/12473"}],"wp:attachment":[{"href":"https:\/\/staging.leitao-irmao.com\/en\/wp-json\/wp\/v2\/media?parent=12017"}],"wp:term":[{"taxonomy":"product_brand","embeddable":true,"href":"https:\/\/staging.leitao-irmao.com\/en\/wp-json\/wp\/v2\/product_brand?post=12017"},{"taxonomy":"product_cat","embeddable":true,"href":"https:\/\/staging.leitao-irmao.com\/en\/wp-json\/wp\/v2\/product_cat?post=12017"},{"taxonomy":"product_tag","embeddable":true,"href":"https:\/\/staging.leitao-irmao.com\/en\/wp-json\/wp\/v2\/product_tag?post=12017"}],"curies":[{"name":"wp","href":"https:\/\/api.w.org\/{rel}","templated":true}]}}