{"id":12744,"date":"2025-06-01T10:00:02","date_gmt":"2025-06-01T09:00:02","guid":{"rendered":"https:\/\/leitao-irmao.ad-pulse.com\/?post_type=product&#038;p=12744"},"modified":"2025-07-11T10:53:24","modified_gmt":"2025-07-11T09:53:24","slug":"pendente-estrela-do-mar-grande-mar-de-prata","status":"publish","type":"product","link":"https:\/\/staging.leitao-irmao.com\/en\/product\/pendente-estrela-do-mar-grande-mar-de-prata\/","title":{"rendered":"Large Starfish Pendant | Silver Sea"},"content":{"rendered":"","protected":false},"excerpt":{"rendered":"<p>For the long summer days, where the reflection of the sun on the sea in a late afternoon has silver colours. The Silver Sea pendants in 925 silver can be placed on a chain or necklace. So that it brings with it the memory of the long summer days. A collection of sustainable jewellery made from the Leit\u00e3o &amp; Irm\u00e3o workshop and limited edition until September.<\/p>","protected":false},"featured_media":12745,"template":"","meta":{"_acf_changed":false},"product_brand":[],"product_cat":[131,79,237,141,86,122],"product_tag":[278,323,270],"class_list":{"0":"post-12744","1":"product","2":"type-product","3":"status-publish","4":"has-post-thumbnail","6":"product_cat-aniversario-de-18-anos","7":"product_cat-joalharia","8":"product_cat-mar-de-prata","9":"product_cat-para-ela","10":"product_cat-pendentes","11":"product_cat-presentes-inferiores-a-150e","12":"product_tag-mulher","13":"product_tag-novidades","14":"product_tag-prata","16":"first","17":"outofstock","18":"shipping-taxable","19":"product-type-simple"},"acf":[],"yoast_head":"<!-- This site is optimized with the Yoast SEO plugin v25.4 - https:\/\/yoast.com\/wordpress\/plugins\/seo\/ -->\n<title>pendente estrela do mar em prata<\/title>\n<meta name=\"description\" content=\"Os pendentes Mar de Prata em prata 925 podem ser colocados num fio ou colar. Para que traga consigo a mem\u00f3ria os dias longos de ver\u00e3o. Uma cole\u00e7\u00e3o de joias sustent\u00e1veis realizada com aproveitamentos da oficina Leit\u00e3o &amp; Irm\u00e3o e de edi\u00e7\u00e3o limitada at\u00e9 Setembro.\" \/>\n<meta name=\"robots\" content=\"noindex, follow, max-snippet:-1, max-image-preview:large, max-video-preview:-1\" \/>\n<meta property=\"og:locale\" content=\"en_GB\" \/>\n<meta property=\"og:type\" content=\"article\" \/>\n<meta property=\"og:title\" content=\"pendente estrela do mar em prata\" \/>\n<meta property=\"og:description\" content=\"Os pendentes Mar de Prata em prata 925 podem ser colocados num fio ou colar. Para que traga consigo a mem\u00f3ria os dias longos de ver\u00e3o. Uma cole\u00e7\u00e3o de joias sustent\u00e1veis realizada com aproveitamentos da oficina Leit\u00e3o &amp; Irm\u00e3o e de edi\u00e7\u00e3o limitada at\u00e9 Setembro.\" \/>\n<meta property=\"og:url\" content=\"https:\/\/staging.leitao-irmao.com\/en\/product\/pendente-estrela-do-mar-grande-mar-de-prata\/\" \/>\n<meta property=\"og:site_name\" content=\"Leit\u00e3o &amp; Irm\u00e3o\" \/>\n<meta property=\"article:modified_time\" content=\"2025-07-11T09:53:24+00:00\" \/>\n<meta property=\"og:image\" content=\"https:\/\/staging.leitao-irmao.com\/wp-content\/uploads\/2023\/06\/pendente-estrela-do-mar-grande-0538013.jpg\" \/>\n\t<meta property=\"og:image:width\" content=\"1080\" \/>\n\t<meta property=\"og:image:height\" content=\"1080\" \/>\n\t<meta property=\"og:image:type\" content=\"image\/jpeg\" \/>\n<meta name=\"twitter:card\" content=\"summary_large_image\" \/>\n<meta name=\"twitter:label1\" content=\"Estimated reading time\" \/>\n\t<meta name=\"twitter:data1\" content=\"1 minute\" \/>\n<script type=\"application\/ld+json\" class=\"yoast-schema-graph\">{\"@context\":\"https:\/\/schema.org\",\"@graph\":[{\"@type\":\"WebPage\",\"@id\":\"https:\/\/staging.leitao-irmao.com\/product\/pendente-estrela-do-mar-grande-mar-de-prata\/\",\"url\":\"https:\/\/staging.leitao-irmao.com\/product\/pendente-estrela-do-mar-grande-mar-de-prata\/\",\"name\":\"pendente estrela do mar em prata\",\"isPartOf\":{\"@id\":\"https:\/\/staging.leitao-irmao.com\/#website\"},\"primaryImageOfPage\":{\"@id\":\"https:\/\/staging.leitao-irmao.com\/product\/pendente-estrela-do-mar-grande-mar-de-prata\/#primaryimage\"},\"image\":{\"@id\":\"https:\/\/staging.leitao-irmao.com\/product\/pendente-estrela-do-mar-grande-mar-de-prata\/#primaryimage\"},\"thumbnailUrl\":\"https:\/\/staging.leitao-irmao.com\/wp-content\/uploads\/2023\/06\/pendente-estrela-do-mar-grande-0538013.jpg\",\"datePublished\":\"2025-06-01T09:00:02+00:00\",\"dateModified\":\"2025-07-11T09:53:24+00:00\",\"description\":\"Os pendentes Mar de Prata em prata 925 podem ser colocados num fio ou colar. Para que traga consigo a mem\u00f3ria os dias longos de ver\u00e3o. Uma cole\u00e7\u00e3o de joias sustent\u00e1veis realizada com aproveitamentos da oficina Leit\u00e3o & Irm\u00e3o e de edi\u00e7\u00e3o limitada at\u00e9 Setembro.\",\"breadcrumb\":{\"@id\":\"https:\/\/staging.leitao-irmao.com\/product\/pendente-estrela-do-mar-grande-mar-de-prata\/#breadcrumb\"},\"inLanguage\":\"en-GB\",\"potentialAction\":[{\"@type\":\"ReadAction\",\"target\":[\"https:\/\/staging.leitao-irmao.com\/product\/pendente-estrela-do-mar-grande-mar-de-prata\/\"]}]},{\"@type\":\"ImageObject\",\"inLanguage\":\"en-GB\",\"@id\":\"https:\/\/staging.leitao-irmao.com\/product\/pendente-estrela-do-mar-grande-mar-de-prata\/#primaryimage\",\"url\":\"https:\/\/staging.leitao-irmao.com\/wp-content\/uploads\/2023\/06\/pendente-estrela-do-mar-grande-0538013.jpg\",\"contentUrl\":\"https:\/\/staging.leitao-irmao.com\/wp-content\/uploads\/2023\/06\/pendente-estrela-do-mar-grande-0538013.jpg\",\"width\":1080,\"height\":1080},{\"@type\":\"BreadcrumbList\",\"@id\":\"https:\/\/staging.leitao-irmao.com\/product\/pendente-estrela-do-mar-grande-mar-de-prata\/#breadcrumb\",\"itemListElement\":[{\"@type\":\"ListItem\",\"position\":1,\"name\":\"Home\",\"item\":\"https:\/\/staging.leitao-irmao.com\/\"},{\"@type\":\"ListItem\",\"position\":2,\"name\":\"Produtos\",\"item\":\"https:\/\/staging.leitao-irmao.com\/shop\/\"},{\"@type\":\"ListItem\",\"position\":3,\"name\":\"Pendente Estrela do Mar grande | Mar de Prata\"}]},{\"@type\":\"WebSite\",\"@id\":\"https:\/\/staging.leitao-irmao.com\/#website\",\"url\":\"https:\/\/staging.leitao-irmao.com\/\",\"name\":\"Leit\u00e3o & Irm\u00e3o\",\"description\":\"Joalheiros desde 1822\",\"publisher\":{\"@id\":\"https:\/\/staging.leitao-irmao.com\/#organization\"},\"potentialAction\":[{\"@type\":\"SearchAction\",\"target\":{\"@type\":\"EntryPoint\",\"urlTemplate\":\"https:\/\/staging.leitao-irmao.com\/?s={search_term_string}\"},\"query-input\":{\"@type\":\"PropertyValueSpecification\",\"valueRequired\":true,\"valueName\":\"search_term_string\"}}],\"inLanguage\":\"en-GB\"},{\"@type\":\"Organization\",\"@id\":\"https:\/\/staging.leitao-irmao.com\/#organization\",\"name\":\"Leit\u00e3o & Irm\u00e3o\",\"url\":\"https:\/\/staging.leitao-irmao.com\/\",\"logo\":{\"@type\":\"ImageObject\",\"inLanguage\":\"en-GB\",\"@id\":\"https:\/\/staging.leitao-irmao.com\/#\/schema\/logo\/image\/\",\"url\":\"https:\/\/staging.leitao-irmao.com\/wp-content\/uploads\/2022\/11\/leitaoirmao-logo.png\",\"contentUrl\":\"https:\/\/staging.leitao-irmao.com\/wp-content\/uploads\/2022\/11\/leitaoirmao-logo.png\",\"width\":426,\"height\":89,\"caption\":\"Leit\u00e3o & Irm\u00e3o\"},\"image\":{\"@id\":\"https:\/\/staging.leitao-irmao.com\/#\/schema\/logo\/image\/\"}}]}<\/script>\n<!-- \/ Yoast SEO plugin. -->","yoast_head_json":{"title":"pendente estrela do mar em prata","description":"Os pendentes Mar de Prata em prata 925 podem ser colocados num fio ou colar. Para que traga consigo a mem\u00f3ria os dias longos de ver\u00e3o. Uma cole\u00e7\u00e3o de joias sustent\u00e1veis realizada com aproveitamentos da oficina Leit\u00e3o & Irm\u00e3o e de edi\u00e7\u00e3o limitada at\u00e9 Setembro.","robots":{"index":"noindex","follow":"follow","max-snippet":"max-snippet:-1","max-image-preview":"max-image-preview:large","max-video-preview":"max-video-preview:-1"},"og_locale":"en_GB","og_type":"article","og_title":"pendente estrela do mar em prata","og_description":"Os pendentes Mar de Prata em prata 925 podem ser colocados num fio ou colar. Para que traga consigo a mem\u00f3ria os dias longos de ver\u00e3o. Uma cole\u00e7\u00e3o de joias sustent\u00e1veis realizada com aproveitamentos da oficina Leit\u00e3o & Irm\u00e3o e de edi\u00e7\u00e3o limitada at\u00e9 Setembro.","og_url":"https:\/\/staging.leitao-irmao.com\/en\/product\/pendente-estrela-do-mar-grande-mar-de-prata\/","og_site_name":"Leit\u00e3o &amp; Irm\u00e3o","article_modified_time":"2025-07-11T09:53:24+00:00","og_image":[{"width":1080,"height":1080,"url":"https:\/\/staging.leitao-irmao.com\/wp-content\/uploads\/2023\/06\/pendente-estrela-do-mar-grande-0538013.jpg","type":"image\/jpeg"}],"twitter_card":"summary_large_image","twitter_misc":{"Estimated reading time":"1 minute"},"schema":{"@context":"https:\/\/schema.org","@graph":[{"@type":"WebPage","@id":"https:\/\/staging.leitao-irmao.com\/product\/pendente-estrela-do-mar-grande-mar-de-prata\/","url":"https:\/\/staging.leitao-irmao.com\/product\/pendente-estrela-do-mar-grande-mar-de-prata\/","name":"pendente estrela do mar em prata","isPartOf":{"@id":"https:\/\/staging.leitao-irmao.com\/#website"},"primaryImageOfPage":{"@id":"https:\/\/staging.leitao-irmao.com\/product\/pendente-estrela-do-mar-grande-mar-de-prata\/#primaryimage"},"image":{"@id":"https:\/\/staging.leitao-irmao.com\/product\/pendente-estrela-do-mar-grande-mar-de-prata\/#primaryimage"},"thumbnailUrl":"https:\/\/staging.leitao-irmao.com\/wp-content\/uploads\/2023\/06\/pendente-estrela-do-mar-grande-0538013.jpg","datePublished":"2025-06-01T09:00:02+00:00","dateModified":"2025-07-11T09:53:24+00:00","description":"Os pendentes Mar de Prata em prata 925 podem ser colocados num fio ou colar. Para que traga consigo a mem\u00f3ria os dias longos de ver\u00e3o. Uma cole\u00e7\u00e3o de joias sustent\u00e1veis realizada com aproveitamentos da oficina Leit\u00e3o & Irm\u00e3o e de edi\u00e7\u00e3o limitada at\u00e9 Setembro.","breadcrumb":{"@id":"https:\/\/staging.leitao-irmao.com\/product\/pendente-estrela-do-mar-grande-mar-de-prata\/#breadcrumb"},"inLanguage":"en-GB","potentialAction":[{"@type":"ReadAction","target":["https:\/\/staging.leitao-irmao.com\/product\/pendente-estrela-do-mar-grande-mar-de-prata\/"]}]},{"@type":"ImageObject","inLanguage":"en-GB","@id":"https:\/\/staging.leitao-irmao.com\/product\/pendente-estrela-do-mar-grande-mar-de-prata\/#primaryimage","url":"https:\/\/staging.leitao-irmao.com\/wp-content\/uploads\/2023\/06\/pendente-estrela-do-mar-grande-0538013.jpg","contentUrl":"https:\/\/staging.leitao-irmao.com\/wp-content\/uploads\/2023\/06\/pendente-estrela-do-mar-grande-0538013.jpg","width":1080,"height":1080},{"@type":"BreadcrumbList","@id":"https:\/\/staging.leitao-irmao.com\/product\/pendente-estrela-do-mar-grande-mar-de-prata\/#breadcrumb","itemListElement":[{"@type":"ListItem","position":1,"name":"Home","item":"https:\/\/staging.leitao-irmao.com\/"},{"@type":"ListItem","position":2,"name":"Produtos","item":"https:\/\/staging.leitao-irmao.com\/shop\/"},{"@type":"ListItem","position":3,"name":"Pendente Estrela do Mar grande | Mar de Prata"}]},{"@type":"WebSite","@id":"https:\/\/staging.leitao-irmao.com\/#website","url":"https:\/\/staging.leitao-irmao.com\/","name":"Leit\u00e3o & Irm\u00e3o","description":"Joalheiros desde 1822","publisher":{"@id":"https:\/\/staging.leitao-irmao.com\/#organization"},"potentialAction":[{"@type":"SearchAction","target":{"@type":"EntryPoint","urlTemplate":"https:\/\/staging.leitao-irmao.com\/?s={search_term_string}"},"query-input":{"@type":"PropertyValueSpecification","valueRequired":true,"valueName":"search_term_string"}}],"inLanguage":"en-GB"},{"@type":"Organization","@id":"https:\/\/staging.leitao-irmao.com\/#organization","name":"Leit\u00e3o & Irm\u00e3o","url":"https:\/\/staging.leitao-irmao.com\/","logo":{"@type":"ImageObject","inLanguage":"en-GB","@id":"https:\/\/staging.leitao-irmao.com\/#\/schema\/logo\/image\/","url":"https:\/\/staging.leitao-irmao.com\/wp-content\/uploads\/2022\/11\/leitaoirmao-logo.png","contentUrl":"https:\/\/staging.leitao-irmao.com\/wp-content\/uploads\/2022\/11\/leitaoirmao-logo.png","width":426,"height":89,"caption":"Leit\u00e3o & Irm\u00e3o"},"image":{"@id":"https:\/\/staging.leitao-irmao.com\/#\/schema\/logo\/image\/"}}]}},"_links":{"self":[{"href":"https:\/\/staging.leitao-irmao.com\/en\/wp-json\/wp\/v2\/product\/12744","targetHints":{"allow":["GET"]}}],"collection":[{"href":"https:\/\/staging.leitao-irmao.com\/en\/wp-json\/wp\/v2\/product"}],"about":[{"href":"https:\/\/staging.leitao-irmao.com\/en\/wp-json\/wp\/v2\/types\/product"}],"version-history":[{"count":1,"href":"https:\/\/staging.leitao-irmao.com\/en\/wp-json\/wp\/v2\/product\/12744\/revisions"}],"predecessor-version":[{"id":33024,"href":"https:\/\/staging.leitao-irmao.com\/en\/wp-json\/wp\/v2\/product\/12744\/revisions\/33024"}],"wp:featuredmedia":[{"embeddable":true,"href":"https:\/\/staging.leitao-irmao.com\/en\/wp-json\/wp\/v2\/media\/12745"}],"wp:attachment":[{"href":"https:\/\/staging.leitao-irmao.com\/en\/wp-json\/wp\/v2\/media?parent=12744"}],"wp:term":[{"taxonomy":"product_brand","embeddable":true,"href":"https:\/\/staging.leitao-irmao.com\/en\/wp-json\/wp\/v2\/product_brand?post=12744"},{"taxonomy":"product_cat","embeddable":true,"href":"https:\/\/staging.leitao-irmao.com\/en\/wp-json\/wp\/v2\/product_cat?post=12744"},{"taxonomy":"product_tag","embeddable":true,"href":"https:\/\/staging.leitao-irmao.com\/en\/wp-json\/wp\/v2\/product_tag?post=12744"}],"curies":[{"name":"wp","href":"https:\/\/api.w.org\/{rel}","templated":true}]}}