{"id":13257,"date":"2023-06-30T13:38:34","date_gmt":"2023-06-30T13:38:34","guid":{"rendered":"https:\/\/leitao-irmao.ad-pulse.com\/?post_type=product&#038;p=13257"},"modified":"2024-06-20T16:14:51","modified_gmt":"2024-06-20T15:14:51","slug":"anel-gloriosa-em-prata-benfica-jewels","status":"publish","type":"product","link":"https:\/\/staging.leitao-irmao.com\/en\/product\/anel-gloriosa-em-prata-benfica-jewels\/","title":{"rendered":"Gloriosa Ring | Benfica Jewels"},"content":{"rendered":"","protected":false},"excerpt":{"rendered":"<p><em><strong>\u00a9S.L.B. Produto Oficial<\/strong><\/em><\/p>\n<p>In partnership with Sl Benfica, Leit\u00e3o &amp; Irm\u00e3o launches a jewellery collection inspired by the Eagle, the club's iconic symbol.<\/p>\n<p>All the pieces in this collection were manufactured in our workshops in Lisbon from original sculptures inspired by the Eagles of the Sport Lisboa e Benfica stadium.<\/p>\n<p>An exclusive work dedicated to the SLBenfica Jewellery collection<em>.<\/em><\/p>","protected":false},"featured_media":13267,"template":"","meta":{"_acf_changed":false},"product_brand":[],"product_cat":[82,241,79,123,496],"product_tag":[277,278,270,279],"class_list":{"0":"post-13257","1":"product","2":"type-product","3":"status-publish","4":"has-post-thumbnail","6":"product_cat-aneis","7":"product_cat-benfica-jewels","8":"product_cat-joalharia","9":"product_cat-presentes-entre-150e-a-500e","10":"product_cat-sem-desconto","11":"product_tag-homem","12":"product_tag-mulher","13":"product_tag-prata","14":"product_tag-unissexo","16":"first","17":"instock","18":"shipping-taxable","19":"purchasable","20":"product-type-variable"},"acf":[],"yoast_head":"<!-- This site is optimized with the Yoast SEO plugin v25.4 - https:\/\/yoast.com\/wordpress\/plugins\/seo\/ -->\n<title>Anel glorioso Benfica Jewels<\/title>\n<meta name=\"description\" content=\"Em parceria com o Sl Benfica a Leit\u00e3o &amp; Irm\u00e3o lan\u00e7a uma cole\u00e7\u00e3o de joias inspiradas na \u00c1guia, s\u00edmbolo ic\u00f3nico do clube. Um trabalho exclusivo dedicado \u00e0 cole\u00e7\u00e3o de Joias SLBenfica.\" \/>\n<meta name=\"robots\" content=\"noindex, follow, max-snippet:-1, max-image-preview:large, max-video-preview:-1\" \/>\n<meta property=\"og:locale\" content=\"en_GB\" \/>\n<meta property=\"og:type\" content=\"article\" \/>\n<meta property=\"og:title\" content=\"Anel glorioso Benfica Jewels\" \/>\n<meta property=\"og:description\" content=\"Em parceria com o Sl Benfica a Leit\u00e3o &amp; Irm\u00e3o lan\u00e7a uma cole\u00e7\u00e3o de joias inspiradas na \u00c1guia, s\u00edmbolo ic\u00f3nico do clube. Um trabalho exclusivo dedicado \u00e0 cole\u00e7\u00e3o de Joias SLBenfica.\" \/>\n<meta property=\"og:url\" content=\"https:\/\/staging.leitao-irmao.com\/en\/product\/anel-gloriosa-em-prata-benfica-jewels\/\" \/>\n<meta property=\"og:site_name\" content=\"Leit\u00e3o &amp; Irm\u00e3o\" \/>\n<meta property=\"article:modified_time\" content=\"2024-06-20T15:14:51+00:00\" \/>\n<meta property=\"og:image\" content=\"https:\/\/staging.leitao-irmao.com\/wp-content\/uploads\/2023\/06\/anel-gloriosa-em-prata-0507079.jpg\" \/>\n\t<meta property=\"og:image:width\" content=\"1080\" \/>\n\t<meta property=\"og:image:height\" content=\"1080\" \/>\n\t<meta property=\"og:image:type\" content=\"image\/jpeg\" \/>\n<meta name=\"twitter:card\" content=\"summary_large_image\" \/>\n<meta name=\"twitter:label1\" content=\"Estimated reading time\" \/>\n\t<meta name=\"twitter:data1\" content=\"1 minute\" \/>\n<script type=\"application\/ld+json\" class=\"yoast-schema-graph\">{\"@context\":\"https:\/\/schema.org\",\"@graph\":[{\"@type\":\"WebPage\",\"@id\":\"https:\/\/staging.leitao-irmao.com\/product\/anel-gloriosa-em-prata-benfica-jewels\/\",\"url\":\"https:\/\/staging.leitao-irmao.com\/product\/anel-gloriosa-em-prata-benfica-jewels\/\",\"name\":\"Anel glorioso Benfica Jewels\",\"isPartOf\":{\"@id\":\"https:\/\/staging.leitao-irmao.com\/#website\"},\"primaryImageOfPage\":{\"@id\":\"https:\/\/staging.leitao-irmao.com\/product\/anel-gloriosa-em-prata-benfica-jewels\/#primaryimage\"},\"image\":{\"@id\":\"https:\/\/staging.leitao-irmao.com\/product\/anel-gloriosa-em-prata-benfica-jewels\/#primaryimage\"},\"thumbnailUrl\":\"https:\/\/staging.leitao-irmao.com\/wp-content\/uploads\/2023\/06\/anel-gloriosa-em-prata-0507079.jpg\",\"datePublished\":\"2023-06-30T13:38:34+00:00\",\"dateModified\":\"2024-06-20T15:14:51+00:00\",\"description\":\"Em parceria com o Sl Benfica a Leit\u00e3o & Irm\u00e3o lan\u00e7a uma cole\u00e7\u00e3o de joias inspiradas na \u00c1guia, s\u00edmbolo ic\u00f3nico do clube. Um trabalho exclusivo dedicado \u00e0 cole\u00e7\u00e3o de Joias SLBenfica.\",\"breadcrumb\":{\"@id\":\"https:\/\/staging.leitao-irmao.com\/product\/anel-gloriosa-em-prata-benfica-jewels\/#breadcrumb\"},\"inLanguage\":\"en-GB\",\"potentialAction\":[{\"@type\":\"ReadAction\",\"target\":[\"https:\/\/staging.leitao-irmao.com\/product\/anel-gloriosa-em-prata-benfica-jewels\/\"]}]},{\"@type\":\"ImageObject\",\"inLanguage\":\"en-GB\",\"@id\":\"https:\/\/staging.leitao-irmao.com\/product\/anel-gloriosa-em-prata-benfica-jewels\/#primaryimage\",\"url\":\"https:\/\/staging.leitao-irmao.com\/wp-content\/uploads\/2023\/06\/anel-gloriosa-em-prata-0507079.jpg\",\"contentUrl\":\"https:\/\/staging.leitao-irmao.com\/wp-content\/uploads\/2023\/06\/anel-gloriosa-em-prata-0507079.jpg\",\"width\":1080,\"height\":1080},{\"@type\":\"BreadcrumbList\",\"@id\":\"https:\/\/staging.leitao-irmao.com\/product\/anel-gloriosa-em-prata-benfica-jewels\/#breadcrumb\",\"itemListElement\":[{\"@type\":\"ListItem\",\"position\":1,\"name\":\"Home\",\"item\":\"https:\/\/staging.leitao-irmao.com\/\"},{\"@type\":\"ListItem\",\"position\":2,\"name\":\"Produtos\",\"item\":\"https:\/\/staging.leitao-irmao.com\/shop\/\"},{\"@type\":\"ListItem\",\"position\":3,\"name\":\"Anel Gloriosa | Benfica Jewels\"}]},{\"@type\":\"WebSite\",\"@id\":\"https:\/\/staging.leitao-irmao.com\/#website\",\"url\":\"https:\/\/staging.leitao-irmao.com\/\",\"name\":\"Leit\u00e3o & Irm\u00e3o\",\"description\":\"Joalheiros desde 1822\",\"publisher\":{\"@id\":\"https:\/\/staging.leitao-irmao.com\/#organization\"},\"potentialAction\":[{\"@type\":\"SearchAction\",\"target\":{\"@type\":\"EntryPoint\",\"urlTemplate\":\"https:\/\/staging.leitao-irmao.com\/?s={search_term_string}\"},\"query-input\":{\"@type\":\"PropertyValueSpecification\",\"valueRequired\":true,\"valueName\":\"search_term_string\"}}],\"inLanguage\":\"en-GB\"},{\"@type\":\"Organization\",\"@id\":\"https:\/\/staging.leitao-irmao.com\/#organization\",\"name\":\"Leit\u00e3o & Irm\u00e3o\",\"url\":\"https:\/\/staging.leitao-irmao.com\/\",\"logo\":{\"@type\":\"ImageObject\",\"inLanguage\":\"en-GB\",\"@id\":\"https:\/\/staging.leitao-irmao.com\/#\/schema\/logo\/image\/\",\"url\":\"https:\/\/staging.leitao-irmao.com\/wp-content\/uploads\/2022\/11\/leitaoirmao-logo.png\",\"contentUrl\":\"https:\/\/staging.leitao-irmao.com\/wp-content\/uploads\/2022\/11\/leitaoirmao-logo.png\",\"width\":426,\"height\":89,\"caption\":\"Leit\u00e3o & Irm\u00e3o\"},\"image\":{\"@id\":\"https:\/\/staging.leitao-irmao.com\/#\/schema\/logo\/image\/\"}}]}<\/script>\n<!-- \/ Yoast SEO plugin. -->","yoast_head_json":{"title":"Anel glorioso Benfica Jewels","description":"Em parceria com o Sl Benfica a Leit\u00e3o & Irm\u00e3o lan\u00e7a uma cole\u00e7\u00e3o de joias inspiradas na \u00c1guia, s\u00edmbolo ic\u00f3nico do clube. Um trabalho exclusivo dedicado \u00e0 cole\u00e7\u00e3o de Joias SLBenfica.","robots":{"index":"noindex","follow":"follow","max-snippet":"max-snippet:-1","max-image-preview":"max-image-preview:large","max-video-preview":"max-video-preview:-1"},"og_locale":"en_GB","og_type":"article","og_title":"Anel glorioso Benfica Jewels","og_description":"Em parceria com o Sl Benfica a Leit\u00e3o & Irm\u00e3o lan\u00e7a uma cole\u00e7\u00e3o de joias inspiradas na \u00c1guia, s\u00edmbolo ic\u00f3nico do clube. Um trabalho exclusivo dedicado \u00e0 cole\u00e7\u00e3o de Joias SLBenfica.","og_url":"https:\/\/staging.leitao-irmao.com\/en\/product\/anel-gloriosa-em-prata-benfica-jewels\/","og_site_name":"Leit\u00e3o &amp; Irm\u00e3o","article_modified_time":"2024-06-20T15:14:51+00:00","og_image":[{"width":1080,"height":1080,"url":"https:\/\/staging.leitao-irmao.com\/wp-content\/uploads\/2023\/06\/anel-gloriosa-em-prata-0507079.jpg","type":"image\/jpeg"}],"twitter_card":"summary_large_image","twitter_misc":{"Estimated reading time":"1 minute"},"schema":{"@context":"https:\/\/schema.org","@graph":[{"@type":"WebPage","@id":"https:\/\/staging.leitao-irmao.com\/product\/anel-gloriosa-em-prata-benfica-jewels\/","url":"https:\/\/staging.leitao-irmao.com\/product\/anel-gloriosa-em-prata-benfica-jewels\/","name":"Anel glorioso Benfica Jewels","isPartOf":{"@id":"https:\/\/staging.leitao-irmao.com\/#website"},"primaryImageOfPage":{"@id":"https:\/\/staging.leitao-irmao.com\/product\/anel-gloriosa-em-prata-benfica-jewels\/#primaryimage"},"image":{"@id":"https:\/\/staging.leitao-irmao.com\/product\/anel-gloriosa-em-prata-benfica-jewels\/#primaryimage"},"thumbnailUrl":"https:\/\/staging.leitao-irmao.com\/wp-content\/uploads\/2023\/06\/anel-gloriosa-em-prata-0507079.jpg","datePublished":"2023-06-30T13:38:34+00:00","dateModified":"2024-06-20T15:14:51+00:00","description":"Em parceria com o Sl Benfica a Leit\u00e3o & Irm\u00e3o lan\u00e7a uma cole\u00e7\u00e3o de joias inspiradas na \u00c1guia, s\u00edmbolo ic\u00f3nico do clube. Um trabalho exclusivo dedicado \u00e0 cole\u00e7\u00e3o de Joias SLBenfica.","breadcrumb":{"@id":"https:\/\/staging.leitao-irmao.com\/product\/anel-gloriosa-em-prata-benfica-jewels\/#breadcrumb"},"inLanguage":"en-GB","potentialAction":[{"@type":"ReadAction","target":["https:\/\/staging.leitao-irmao.com\/product\/anel-gloriosa-em-prata-benfica-jewels\/"]}]},{"@type":"ImageObject","inLanguage":"en-GB","@id":"https:\/\/staging.leitao-irmao.com\/product\/anel-gloriosa-em-prata-benfica-jewels\/#primaryimage","url":"https:\/\/staging.leitao-irmao.com\/wp-content\/uploads\/2023\/06\/anel-gloriosa-em-prata-0507079.jpg","contentUrl":"https:\/\/staging.leitao-irmao.com\/wp-content\/uploads\/2023\/06\/anel-gloriosa-em-prata-0507079.jpg","width":1080,"height":1080},{"@type":"BreadcrumbList","@id":"https:\/\/staging.leitao-irmao.com\/product\/anel-gloriosa-em-prata-benfica-jewels\/#breadcrumb","itemListElement":[{"@type":"ListItem","position":1,"name":"Home","item":"https:\/\/staging.leitao-irmao.com\/"},{"@type":"ListItem","position":2,"name":"Produtos","item":"https:\/\/staging.leitao-irmao.com\/shop\/"},{"@type":"ListItem","position":3,"name":"Anel Gloriosa | Benfica Jewels"}]},{"@type":"WebSite","@id":"https:\/\/staging.leitao-irmao.com\/#website","url":"https:\/\/staging.leitao-irmao.com\/","name":"Leit\u00e3o & Irm\u00e3o","description":"Joalheiros desde 1822","publisher":{"@id":"https:\/\/staging.leitao-irmao.com\/#organization"},"potentialAction":[{"@type":"SearchAction","target":{"@type":"EntryPoint","urlTemplate":"https:\/\/staging.leitao-irmao.com\/?s={search_term_string}"},"query-input":{"@type":"PropertyValueSpecification","valueRequired":true,"valueName":"search_term_string"}}],"inLanguage":"en-GB"},{"@type":"Organization","@id":"https:\/\/staging.leitao-irmao.com\/#organization","name":"Leit\u00e3o & Irm\u00e3o","url":"https:\/\/staging.leitao-irmao.com\/","logo":{"@type":"ImageObject","inLanguage":"en-GB","@id":"https:\/\/staging.leitao-irmao.com\/#\/schema\/logo\/image\/","url":"https:\/\/staging.leitao-irmao.com\/wp-content\/uploads\/2022\/11\/leitaoirmao-logo.png","contentUrl":"https:\/\/staging.leitao-irmao.com\/wp-content\/uploads\/2022\/11\/leitaoirmao-logo.png","width":426,"height":89,"caption":"Leit\u00e3o & Irm\u00e3o"},"image":{"@id":"https:\/\/staging.leitao-irmao.com\/#\/schema\/logo\/image\/"}}]}},"_links":{"self":[{"href":"https:\/\/staging.leitao-irmao.com\/en\/wp-json\/wp\/v2\/product\/13257","targetHints":{"allow":["GET"]}}],"collection":[{"href":"https:\/\/staging.leitao-irmao.com\/en\/wp-json\/wp\/v2\/product"}],"about":[{"href":"https:\/\/staging.leitao-irmao.com\/en\/wp-json\/wp\/v2\/types\/product"}],"version-history":[{"count":0,"href":"https:\/\/staging.leitao-irmao.com\/en\/wp-json\/wp\/v2\/product\/13257\/revisions"}],"wp:featuredmedia":[{"embeddable":true,"href":"https:\/\/staging.leitao-irmao.com\/en\/wp-json\/wp\/v2\/media\/13267"}],"wp:attachment":[{"href":"https:\/\/staging.leitao-irmao.com\/en\/wp-json\/wp\/v2\/media?parent=13257"}],"wp:term":[{"taxonomy":"product_brand","embeddable":true,"href":"https:\/\/staging.leitao-irmao.com\/en\/wp-json\/wp\/v2\/product_brand?post=13257"},{"taxonomy":"product_cat","embeddable":true,"href":"https:\/\/staging.leitao-irmao.com\/en\/wp-json\/wp\/v2\/product_cat?post=13257"},{"taxonomy":"product_tag","embeddable":true,"href":"https:\/\/staging.leitao-irmao.com\/en\/wp-json\/wp\/v2\/product_tag?post=13257"}],"curies":[{"name":"wp","href":"https:\/\/api.w.org\/{rel}","templated":true}]}}