{"id":14217,"date":"2023-07-24T11:11:40","date_gmt":"2023-07-24T11:11:40","guid":{"rendered":"https:\/\/www.leitao-irmao.com\/produto\/argola-de-guardanapo-oval-alta-modelo-meia-cana\/"},"modified":"2024-12-12T09:29:50","modified_gmt":"2024-12-12T09:29:50","slug":"argola-de-guardanapo-oval-alta-modelo-meia-cana","status":"publish","type":"product","link":"https:\/\/staging.leitao-irmao.com\/en\/product\/argola-de-guardanapo-oval-alta-modelo-meia-cana\/","title":{"rendered":"High silver oval napkin ring | Half cane model"},"content":{"rendered":"","protected":false},"excerpt":{"rendered":"<p>Discover the exquisite manufacture of Leit\u00e3o &amp; Irm\u00e3o napkin rings. Meticulously crafted in our workshops, the napkin rings are silver pieces that elevate any table with elegance, whether on a daily basis or on a special occasion. An elegant and utilitarian gift to give a couple, a christening gift or wedding anniversary.<\/p>","protected":false},"featured_media":14601,"template":"","meta":{"_acf_changed":false},"product_brand":[],"product_cat":[387,137,70,74,129,130,122,139,72],"product_tag":[270],"class_list":{"0":"post-14217","1":"product","2":"type-product","3":"status-publish","4":"has-post-thumbnail","6":"product_cat-argolas-de-guardanapo","7":"product_cat-batizados","8":"product_cat-casa-e-decoracao","9":"product_cat-decoracao","10":"product_cat-ofertas-para-o-casal","11":"product_cat-presentes-de-casamento","12":"product_cat-presentes-inferiores-a-150e","13":"product_cat-presentes-para-personalizar","14":"product_cat-tableware-and-dinnerware","15":"product_tag-prata","17":"first","18":"outofstock","19":"shipping-taxable","20":"product-type-simple"},"acf":[],"yoast_head":"<!-- This site is optimized with the Yoast SEO plugin v25.4 - https:\/\/yoast.com\/wordpress\/plugins\/seo\/ -->\n<title>argola de guardanapo em prata<\/title>\n<meta name=\"description\" content=\"As argolas de guardanapo Leit\u00e3o &amp; Irm\u00e3o, meticulosamente fabricadas, s\u00e3o pe\u00e7as de prata que elevam qualquer mesa com eleg\u00e2ncia.\" \/>\n<meta name=\"robots\" content=\"noindex, follow, max-snippet:-1, max-image-preview:large, max-video-preview:-1\" \/>\n<meta property=\"og:locale\" content=\"en_GB\" \/>\n<meta property=\"og:type\" content=\"article\" \/>\n<meta property=\"og:title\" content=\"argola de guardanapo em prata\" \/>\n<meta property=\"og:description\" content=\"As argolas de guardanapo Leit\u00e3o &amp; Irm\u00e3o, meticulosamente fabricadas, s\u00e3o pe\u00e7as de prata que elevam qualquer mesa com eleg\u00e2ncia.\" \/>\n<meta property=\"og:url\" content=\"https:\/\/staging.leitao-irmao.com\/en\/product\/argola-de-guardanapo-oval-alta-modelo-meia-cana\/\" \/>\n<meta property=\"og:site_name\" content=\"Leit\u00e3o &amp; Irm\u00e3o\" \/>\n<meta property=\"article:modified_time\" content=\"2024-12-12T09:29:50+00:00\" \/>\n<meta property=\"og:image\" content=\"https:\/\/staging.leitao-irmao.com\/wp-content\/uploads\/2023\/07\/0501487_argola-oval-alta-1.jpg\" \/>\n\t<meta property=\"og:image:width\" content=\"1080\" \/>\n\t<meta property=\"og:image:height\" content=\"1080\" \/>\n\t<meta property=\"og:image:type\" content=\"image\/jpeg\" \/>\n<meta name=\"twitter:card\" content=\"summary_large_image\" \/>\n<meta name=\"twitter:label1\" content=\"Estimated reading time\" \/>\n\t<meta name=\"twitter:data1\" content=\"1 minute\" \/>\n<script type=\"application\/ld+json\" class=\"yoast-schema-graph\">{\"@context\":\"https:\/\/schema.org\",\"@graph\":[{\"@type\":\"WebPage\",\"@id\":\"https:\/\/staging.leitao-irmao.com\/product\/argola-de-guardanapo-oval-alta-modelo-meia-cana\/\",\"url\":\"https:\/\/staging.leitao-irmao.com\/product\/argola-de-guardanapo-oval-alta-modelo-meia-cana\/\",\"name\":\"argola de guardanapo em prata\",\"isPartOf\":{\"@id\":\"https:\/\/staging.leitao-irmao.com\/#website\"},\"primaryImageOfPage\":{\"@id\":\"https:\/\/staging.leitao-irmao.com\/product\/argola-de-guardanapo-oval-alta-modelo-meia-cana\/#primaryimage\"},\"image\":{\"@id\":\"https:\/\/staging.leitao-irmao.com\/product\/argola-de-guardanapo-oval-alta-modelo-meia-cana\/#primaryimage\"},\"thumbnailUrl\":\"https:\/\/staging.leitao-irmao.com\/wp-content\/uploads\/2023\/07\/0501487_argola-oval-alta-1.jpg\",\"datePublished\":\"2023-07-24T11:11:40+00:00\",\"dateModified\":\"2024-12-12T09:29:50+00:00\",\"description\":\"As argolas de guardanapo Leit\u00e3o & Irm\u00e3o, meticulosamente fabricadas, s\u00e3o pe\u00e7as de prata que elevam qualquer mesa com eleg\u00e2ncia.\",\"breadcrumb\":{\"@id\":\"https:\/\/staging.leitao-irmao.com\/product\/argola-de-guardanapo-oval-alta-modelo-meia-cana\/#breadcrumb\"},\"inLanguage\":\"en-GB\",\"potentialAction\":[{\"@type\":\"ReadAction\",\"target\":[\"https:\/\/staging.leitao-irmao.com\/product\/argola-de-guardanapo-oval-alta-modelo-meia-cana\/\"]}]},{\"@type\":\"ImageObject\",\"inLanguage\":\"en-GB\",\"@id\":\"https:\/\/staging.leitao-irmao.com\/product\/argola-de-guardanapo-oval-alta-modelo-meia-cana\/#primaryimage\",\"url\":\"https:\/\/staging.leitao-irmao.com\/wp-content\/uploads\/2023\/07\/0501487_argola-oval-alta-1.jpg\",\"contentUrl\":\"https:\/\/staging.leitao-irmao.com\/wp-content\/uploads\/2023\/07\/0501487_argola-oval-alta-1.jpg\",\"width\":1080,\"height\":1080},{\"@type\":\"BreadcrumbList\",\"@id\":\"https:\/\/staging.leitao-irmao.com\/product\/argola-de-guardanapo-oval-alta-modelo-meia-cana\/#breadcrumb\",\"itemListElement\":[{\"@type\":\"ListItem\",\"position\":1,\"name\":\"Home\",\"item\":\"https:\/\/staging.leitao-irmao.com\/\"},{\"@type\":\"ListItem\",\"position\":2,\"name\":\"Produtos\",\"item\":\"https:\/\/staging.leitao-irmao.com\/shop\/\"},{\"@type\":\"ListItem\",\"position\":3,\"name\":\"Argola de Guardanapo Oval alta em prata | Modelo Meia Cana\"}]},{\"@type\":\"WebSite\",\"@id\":\"https:\/\/staging.leitao-irmao.com\/#website\",\"url\":\"https:\/\/staging.leitao-irmao.com\/\",\"name\":\"Leit\u00e3o & Irm\u00e3o\",\"description\":\"Joalheiros desde 1822\",\"publisher\":{\"@id\":\"https:\/\/staging.leitao-irmao.com\/#organization\"},\"potentialAction\":[{\"@type\":\"SearchAction\",\"target\":{\"@type\":\"EntryPoint\",\"urlTemplate\":\"https:\/\/staging.leitao-irmao.com\/?s={search_term_string}\"},\"query-input\":{\"@type\":\"PropertyValueSpecification\",\"valueRequired\":true,\"valueName\":\"search_term_string\"}}],\"inLanguage\":\"en-GB\"},{\"@type\":\"Organization\",\"@id\":\"https:\/\/staging.leitao-irmao.com\/#organization\",\"name\":\"Leit\u00e3o & Irm\u00e3o\",\"url\":\"https:\/\/staging.leitao-irmao.com\/\",\"logo\":{\"@type\":\"ImageObject\",\"inLanguage\":\"en-GB\",\"@id\":\"https:\/\/staging.leitao-irmao.com\/#\/schema\/logo\/image\/\",\"url\":\"https:\/\/staging.leitao-irmao.com\/wp-content\/uploads\/2022\/11\/leitaoirmao-logo.png\",\"contentUrl\":\"https:\/\/staging.leitao-irmao.com\/wp-content\/uploads\/2022\/11\/leitaoirmao-logo.png\",\"width\":426,\"height\":89,\"caption\":\"Leit\u00e3o & Irm\u00e3o\"},\"image\":{\"@id\":\"https:\/\/staging.leitao-irmao.com\/#\/schema\/logo\/image\/\"}}]}<\/script>\n<!-- \/ Yoast SEO plugin. -->","yoast_head_json":{"title":"argola de guardanapo em prata","description":"As argolas de guardanapo Leit\u00e3o & Irm\u00e3o, meticulosamente fabricadas, s\u00e3o pe\u00e7as de prata que elevam qualquer mesa com eleg\u00e2ncia.","robots":{"index":"noindex","follow":"follow","max-snippet":"max-snippet:-1","max-image-preview":"max-image-preview:large","max-video-preview":"max-video-preview:-1"},"og_locale":"en_GB","og_type":"article","og_title":"argola de guardanapo em prata","og_description":"As argolas de guardanapo Leit\u00e3o & Irm\u00e3o, meticulosamente fabricadas, s\u00e3o pe\u00e7as de prata que elevam qualquer mesa com eleg\u00e2ncia.","og_url":"https:\/\/staging.leitao-irmao.com\/en\/product\/argola-de-guardanapo-oval-alta-modelo-meia-cana\/","og_site_name":"Leit\u00e3o &amp; Irm\u00e3o","article_modified_time":"2024-12-12T09:29:50+00:00","og_image":[{"width":1080,"height":1080,"url":"https:\/\/staging.leitao-irmao.com\/wp-content\/uploads\/2023\/07\/0501487_argola-oval-alta-1.jpg","type":"image\/jpeg"}],"twitter_card":"summary_large_image","twitter_misc":{"Estimated reading time":"1 minute"},"schema":{"@context":"https:\/\/schema.org","@graph":[{"@type":"WebPage","@id":"https:\/\/staging.leitao-irmao.com\/product\/argola-de-guardanapo-oval-alta-modelo-meia-cana\/","url":"https:\/\/staging.leitao-irmao.com\/product\/argola-de-guardanapo-oval-alta-modelo-meia-cana\/","name":"argola de guardanapo em prata","isPartOf":{"@id":"https:\/\/staging.leitao-irmao.com\/#website"},"primaryImageOfPage":{"@id":"https:\/\/staging.leitao-irmao.com\/product\/argola-de-guardanapo-oval-alta-modelo-meia-cana\/#primaryimage"},"image":{"@id":"https:\/\/staging.leitao-irmao.com\/product\/argola-de-guardanapo-oval-alta-modelo-meia-cana\/#primaryimage"},"thumbnailUrl":"https:\/\/staging.leitao-irmao.com\/wp-content\/uploads\/2023\/07\/0501487_argola-oval-alta-1.jpg","datePublished":"2023-07-24T11:11:40+00:00","dateModified":"2024-12-12T09:29:50+00:00","description":"As argolas de guardanapo Leit\u00e3o & Irm\u00e3o, meticulosamente fabricadas, s\u00e3o pe\u00e7as de prata que elevam qualquer mesa com eleg\u00e2ncia.","breadcrumb":{"@id":"https:\/\/staging.leitao-irmao.com\/product\/argola-de-guardanapo-oval-alta-modelo-meia-cana\/#breadcrumb"},"inLanguage":"en-GB","potentialAction":[{"@type":"ReadAction","target":["https:\/\/staging.leitao-irmao.com\/product\/argola-de-guardanapo-oval-alta-modelo-meia-cana\/"]}]},{"@type":"ImageObject","inLanguage":"en-GB","@id":"https:\/\/staging.leitao-irmao.com\/product\/argola-de-guardanapo-oval-alta-modelo-meia-cana\/#primaryimage","url":"https:\/\/staging.leitao-irmao.com\/wp-content\/uploads\/2023\/07\/0501487_argola-oval-alta-1.jpg","contentUrl":"https:\/\/staging.leitao-irmao.com\/wp-content\/uploads\/2023\/07\/0501487_argola-oval-alta-1.jpg","width":1080,"height":1080},{"@type":"BreadcrumbList","@id":"https:\/\/staging.leitao-irmao.com\/product\/argola-de-guardanapo-oval-alta-modelo-meia-cana\/#breadcrumb","itemListElement":[{"@type":"ListItem","position":1,"name":"Home","item":"https:\/\/staging.leitao-irmao.com\/"},{"@type":"ListItem","position":2,"name":"Produtos","item":"https:\/\/staging.leitao-irmao.com\/shop\/"},{"@type":"ListItem","position":3,"name":"Argola de Guardanapo Oval alta em prata | Modelo Meia Cana"}]},{"@type":"WebSite","@id":"https:\/\/staging.leitao-irmao.com\/#website","url":"https:\/\/staging.leitao-irmao.com\/","name":"Leit\u00e3o & Irm\u00e3o","description":"Joalheiros desde 1822","publisher":{"@id":"https:\/\/staging.leitao-irmao.com\/#organization"},"potentialAction":[{"@type":"SearchAction","target":{"@type":"EntryPoint","urlTemplate":"https:\/\/staging.leitao-irmao.com\/?s={search_term_string}"},"query-input":{"@type":"PropertyValueSpecification","valueRequired":true,"valueName":"search_term_string"}}],"inLanguage":"en-GB"},{"@type":"Organization","@id":"https:\/\/staging.leitao-irmao.com\/#organization","name":"Leit\u00e3o & Irm\u00e3o","url":"https:\/\/staging.leitao-irmao.com\/","logo":{"@type":"ImageObject","inLanguage":"en-GB","@id":"https:\/\/staging.leitao-irmao.com\/#\/schema\/logo\/image\/","url":"https:\/\/staging.leitao-irmao.com\/wp-content\/uploads\/2022\/11\/leitaoirmao-logo.png","contentUrl":"https:\/\/staging.leitao-irmao.com\/wp-content\/uploads\/2022\/11\/leitaoirmao-logo.png","width":426,"height":89,"caption":"Leit\u00e3o & Irm\u00e3o"},"image":{"@id":"https:\/\/staging.leitao-irmao.com\/#\/schema\/logo\/image\/"}}]}},"_links":{"self":[{"href":"https:\/\/staging.leitao-irmao.com\/en\/wp-json\/wp\/v2\/product\/14217","targetHints":{"allow":["GET"]}}],"collection":[{"href":"https:\/\/staging.leitao-irmao.com\/en\/wp-json\/wp\/v2\/product"}],"about":[{"href":"https:\/\/staging.leitao-irmao.com\/en\/wp-json\/wp\/v2\/types\/product"}],"version-history":[{"count":0,"href":"https:\/\/staging.leitao-irmao.com\/en\/wp-json\/wp\/v2\/product\/14217\/revisions"}],"wp:featuredmedia":[{"embeddable":true,"href":"https:\/\/staging.leitao-irmao.com\/en\/wp-json\/wp\/v2\/media\/14601"}],"wp:attachment":[{"href":"https:\/\/staging.leitao-irmao.com\/en\/wp-json\/wp\/v2\/media?parent=14217"}],"wp:term":[{"taxonomy":"product_brand","embeddable":true,"href":"https:\/\/staging.leitao-irmao.com\/en\/wp-json\/wp\/v2\/product_brand?post=14217"},{"taxonomy":"product_cat","embeddable":true,"href":"https:\/\/staging.leitao-irmao.com\/en\/wp-json\/wp\/v2\/product_cat?post=14217"},{"taxonomy":"product_tag","embeddable":true,"href":"https:\/\/staging.leitao-irmao.com\/en\/wp-json\/wp\/v2\/product_tag?post=14217"}],"curies":[{"name":"wp","href":"https:\/\/api.w.org\/{rel}","templated":true}]}}