{"id":15172,"date":"2023-08-02T09:21:40","date_gmt":"2023-08-02T09:21:40","guid":{"rendered":"https:\/\/www.leitao-irmao.com\/?post_type=product&#038;p=15172"},"modified":"2025-07-09T09:26:35","modified_gmt":"2025-07-09T08:26:35","slug":"cruz-em-prata-modelo-cruz-de-malta","status":"publish","type":"product","link":"https:\/\/staging.leitao-irmao.com\/en\/product\/cruz-em-prata-modelo-cruz-de-malta\/","title":{"rendered":"Silver cross | Maltese Cross model"},"content":{"rendered":"","protected":false},"excerpt":{"rendered":"<p>The Maltese Cross Silver Model, a sophisticated jewel that combines timeless elegance with deep symbolic meaning. Inspired by the Maltese Cross, its design carries with it a rich and spiritual history.<\/p>","protected":false},"featured_media":15173,"template":"","meta":{"_acf_changed":false},"product_brand":[],"product_cat":[137,255,79,86],"product_tag":[336,434,277,278,270,279],"class_list":{"0":"post-15172","1":"product","2":"type-product","3":"status-publish","4":"has-post-thumbnail","6":"product_cat-batizados","7":"product_cat-cruzes-joalharia","8":"product_cat-joalharia","9":"product_cat-pendentes","10":"product_tag-bestseller","11":"product_tag-crianca","12":"product_tag-homem","13":"product_tag-mulher","14":"product_tag-prata","15":"product_tag-unissexo","17":"first","18":"instock","19":"shipping-taxable","20":"purchasable","21":"product-type-variable"},"acf":[],"yoast_head":"<!-- This site is optimized with the Yoast SEO plugin v25.4 - https:\/\/yoast.com\/wordpress\/plugins\/seo\/ -->\n<title>Cruz em prata | Modelo Cruz de Malta | Leit\u00e3o &amp; Irm\u00e3o<\/title>\n<meta name=\"robots\" content=\"noindex, follow, max-snippet:-1, max-image-preview:large, max-video-preview:-1\" \/>\n<meta property=\"og:locale\" content=\"en_GB\" \/>\n<meta property=\"og:type\" content=\"article\" \/>\n<meta property=\"og:title\" content=\"Cruz em prata | Modelo Cruz de Malta | Leit\u00e3o &amp; Irm\u00e3o\" \/>\n<meta property=\"og:description\" content=\"A Cruz em Prata Modelo Cruz de Malta, uma joia sofisticada que combina eleg\u00e2ncia atemporal com um significado simb\u00f3lico profundo. Inspirada na Cruz de Malta, o seu design traz consigo uma hist\u00f3ria rica e espiritual.\" \/>\n<meta property=\"og:url\" content=\"https:\/\/staging.leitao-irmao.com\/en\/product\/cruz-em-prata-modelo-cruz-de-malta\/\" \/>\n<meta property=\"og:site_name\" content=\"Leit\u00e3o &amp; Irm\u00e3o\" \/>\n<meta property=\"article:modified_time\" content=\"2025-07-09T08:26:35+00:00\" \/>\n<meta property=\"og:image\" content=\"https:\/\/staging.leitao-irmao.com\/wp-content\/uploads\/2023\/08\/cruz-modelo-cruz-malta-0522112.jpg\" \/>\n\t<meta property=\"og:image:width\" content=\"1080\" \/>\n\t<meta property=\"og:image:height\" content=\"1080\" \/>\n\t<meta property=\"og:image:type\" content=\"image\/jpeg\" \/>\n<meta name=\"twitter:card\" content=\"summary_large_image\" \/>\n<meta name=\"twitter:label1\" content=\"Estimated reading time\" \/>\n\t<meta name=\"twitter:data1\" content=\"1 minute\" \/>\n<script type=\"application\/ld+json\" class=\"yoast-schema-graph\">{\"@context\":\"https:\/\/schema.org\",\"@graph\":[{\"@type\":\"WebPage\",\"@id\":\"https:\/\/staging.leitao-irmao.com\/product\/cruz-em-prata-modelo-cruz-de-malta\/\",\"url\":\"https:\/\/staging.leitao-irmao.com\/product\/cruz-em-prata-modelo-cruz-de-malta\/\",\"name\":\"Cruz em prata | Modelo Cruz de Malta | Leit\u00e3o &amp; Irm\u00e3o\",\"isPartOf\":{\"@id\":\"https:\/\/staging.leitao-irmao.com\/#website\"},\"primaryImageOfPage\":{\"@id\":\"https:\/\/staging.leitao-irmao.com\/product\/cruz-em-prata-modelo-cruz-de-malta\/#primaryimage\"},\"image\":{\"@id\":\"https:\/\/staging.leitao-irmao.com\/product\/cruz-em-prata-modelo-cruz-de-malta\/#primaryimage\"},\"thumbnailUrl\":\"https:\/\/staging.leitao-irmao.com\/wp-content\/uploads\/2023\/08\/cruz-modelo-cruz-malta-0522112.jpg\",\"datePublished\":\"2023-08-02T09:21:40+00:00\",\"dateModified\":\"2025-07-09T08:26:35+00:00\",\"breadcrumb\":{\"@id\":\"https:\/\/staging.leitao-irmao.com\/product\/cruz-em-prata-modelo-cruz-de-malta\/#breadcrumb\"},\"inLanguage\":\"en-GB\",\"potentialAction\":[{\"@type\":\"ReadAction\",\"target\":[\"https:\/\/staging.leitao-irmao.com\/product\/cruz-em-prata-modelo-cruz-de-malta\/\"]}]},{\"@type\":\"ImageObject\",\"inLanguage\":\"en-GB\",\"@id\":\"https:\/\/staging.leitao-irmao.com\/product\/cruz-em-prata-modelo-cruz-de-malta\/#primaryimage\",\"url\":\"https:\/\/staging.leitao-irmao.com\/wp-content\/uploads\/2023\/08\/cruz-modelo-cruz-malta-0522112.jpg\",\"contentUrl\":\"https:\/\/staging.leitao-irmao.com\/wp-content\/uploads\/2023\/08\/cruz-modelo-cruz-malta-0522112.jpg\",\"width\":1080,\"height\":1080,\"caption\":\"Cruz em prata | Modelo Cruz de Malta\"},{\"@type\":\"BreadcrumbList\",\"@id\":\"https:\/\/staging.leitao-irmao.com\/product\/cruz-em-prata-modelo-cruz-de-malta\/#breadcrumb\",\"itemListElement\":[{\"@type\":\"ListItem\",\"position\":1,\"name\":\"Home\",\"item\":\"https:\/\/staging.leitao-irmao.com\/\"},{\"@type\":\"ListItem\",\"position\":2,\"name\":\"Produtos\",\"item\":\"https:\/\/staging.leitao-irmao.com\/shop\/\"},{\"@type\":\"ListItem\",\"position\":3,\"name\":\"Cruz em prata | Modelo Cruz de Malta\"}]},{\"@type\":\"WebSite\",\"@id\":\"https:\/\/staging.leitao-irmao.com\/#website\",\"url\":\"https:\/\/staging.leitao-irmao.com\/\",\"name\":\"Leit\u00e3o & Irm\u00e3o\",\"description\":\"Joalheiros desde 1822\",\"publisher\":{\"@id\":\"https:\/\/staging.leitao-irmao.com\/#organization\"},\"potentialAction\":[{\"@type\":\"SearchAction\",\"target\":{\"@type\":\"EntryPoint\",\"urlTemplate\":\"https:\/\/staging.leitao-irmao.com\/?s={search_term_string}\"},\"query-input\":{\"@type\":\"PropertyValueSpecification\",\"valueRequired\":true,\"valueName\":\"search_term_string\"}}],\"inLanguage\":\"en-GB\"},{\"@type\":\"Organization\",\"@id\":\"https:\/\/staging.leitao-irmao.com\/#organization\",\"name\":\"Leit\u00e3o & Irm\u00e3o\",\"url\":\"https:\/\/staging.leitao-irmao.com\/\",\"logo\":{\"@type\":\"ImageObject\",\"inLanguage\":\"en-GB\",\"@id\":\"https:\/\/staging.leitao-irmao.com\/#\/schema\/logo\/image\/\",\"url\":\"https:\/\/staging.leitao-irmao.com\/wp-content\/uploads\/2022\/11\/leitaoirmao-logo.png\",\"contentUrl\":\"https:\/\/staging.leitao-irmao.com\/wp-content\/uploads\/2022\/11\/leitaoirmao-logo.png\",\"width\":426,\"height\":89,\"caption\":\"Leit\u00e3o & Irm\u00e3o\"},\"image\":{\"@id\":\"https:\/\/staging.leitao-irmao.com\/#\/schema\/logo\/image\/\"}}]}<\/script>\n<!-- \/ Yoast SEO plugin. -->","yoast_head_json":{"title":"Cruz em prata | Modelo Cruz de Malta | Leit\u00e3o &amp; Irm\u00e3o","robots":{"index":"noindex","follow":"follow","max-snippet":"max-snippet:-1","max-image-preview":"max-image-preview:large","max-video-preview":"max-video-preview:-1"},"og_locale":"en_GB","og_type":"article","og_title":"Cruz em prata | Modelo Cruz de Malta | Leit\u00e3o &amp; Irm\u00e3o","og_description":"A Cruz em Prata Modelo Cruz de Malta, uma joia sofisticada que combina eleg\u00e2ncia atemporal com um significado simb\u00f3lico profundo. Inspirada na Cruz de Malta, o seu design traz consigo uma hist\u00f3ria rica e espiritual.","og_url":"https:\/\/staging.leitao-irmao.com\/en\/product\/cruz-em-prata-modelo-cruz-de-malta\/","og_site_name":"Leit\u00e3o &amp; Irm\u00e3o","article_modified_time":"2025-07-09T08:26:35+00:00","og_image":[{"width":1080,"height":1080,"url":"https:\/\/staging.leitao-irmao.com\/wp-content\/uploads\/2023\/08\/cruz-modelo-cruz-malta-0522112.jpg","type":"image\/jpeg"}],"twitter_card":"summary_large_image","twitter_misc":{"Estimated reading time":"1 minute"},"schema":{"@context":"https:\/\/schema.org","@graph":[{"@type":"WebPage","@id":"https:\/\/staging.leitao-irmao.com\/product\/cruz-em-prata-modelo-cruz-de-malta\/","url":"https:\/\/staging.leitao-irmao.com\/product\/cruz-em-prata-modelo-cruz-de-malta\/","name":"Cruz em prata | Modelo Cruz de Malta | Leit\u00e3o &amp; Irm\u00e3o","isPartOf":{"@id":"https:\/\/staging.leitao-irmao.com\/#website"},"primaryImageOfPage":{"@id":"https:\/\/staging.leitao-irmao.com\/product\/cruz-em-prata-modelo-cruz-de-malta\/#primaryimage"},"image":{"@id":"https:\/\/staging.leitao-irmao.com\/product\/cruz-em-prata-modelo-cruz-de-malta\/#primaryimage"},"thumbnailUrl":"https:\/\/staging.leitao-irmao.com\/wp-content\/uploads\/2023\/08\/cruz-modelo-cruz-malta-0522112.jpg","datePublished":"2023-08-02T09:21:40+00:00","dateModified":"2025-07-09T08:26:35+00:00","breadcrumb":{"@id":"https:\/\/staging.leitao-irmao.com\/product\/cruz-em-prata-modelo-cruz-de-malta\/#breadcrumb"},"inLanguage":"en-GB","potentialAction":[{"@type":"ReadAction","target":["https:\/\/staging.leitao-irmao.com\/product\/cruz-em-prata-modelo-cruz-de-malta\/"]}]},{"@type":"ImageObject","inLanguage":"en-GB","@id":"https:\/\/staging.leitao-irmao.com\/product\/cruz-em-prata-modelo-cruz-de-malta\/#primaryimage","url":"https:\/\/staging.leitao-irmao.com\/wp-content\/uploads\/2023\/08\/cruz-modelo-cruz-malta-0522112.jpg","contentUrl":"https:\/\/staging.leitao-irmao.com\/wp-content\/uploads\/2023\/08\/cruz-modelo-cruz-malta-0522112.jpg","width":1080,"height":1080,"caption":"Cruz em prata | Modelo Cruz de Malta"},{"@type":"BreadcrumbList","@id":"https:\/\/staging.leitao-irmao.com\/product\/cruz-em-prata-modelo-cruz-de-malta\/#breadcrumb","itemListElement":[{"@type":"ListItem","position":1,"name":"Home","item":"https:\/\/staging.leitao-irmao.com\/"},{"@type":"ListItem","position":2,"name":"Produtos","item":"https:\/\/staging.leitao-irmao.com\/shop\/"},{"@type":"ListItem","position":3,"name":"Cruz em prata | Modelo Cruz de Malta"}]},{"@type":"WebSite","@id":"https:\/\/staging.leitao-irmao.com\/#website","url":"https:\/\/staging.leitao-irmao.com\/","name":"Leit\u00e3o & Irm\u00e3o","description":"Joalheiros desde 1822","publisher":{"@id":"https:\/\/staging.leitao-irmao.com\/#organization"},"potentialAction":[{"@type":"SearchAction","target":{"@type":"EntryPoint","urlTemplate":"https:\/\/staging.leitao-irmao.com\/?s={search_term_string}"},"query-input":{"@type":"PropertyValueSpecification","valueRequired":true,"valueName":"search_term_string"}}],"inLanguage":"en-GB"},{"@type":"Organization","@id":"https:\/\/staging.leitao-irmao.com\/#organization","name":"Leit\u00e3o & Irm\u00e3o","url":"https:\/\/staging.leitao-irmao.com\/","logo":{"@type":"ImageObject","inLanguage":"en-GB","@id":"https:\/\/staging.leitao-irmao.com\/#\/schema\/logo\/image\/","url":"https:\/\/staging.leitao-irmao.com\/wp-content\/uploads\/2022\/11\/leitaoirmao-logo.png","contentUrl":"https:\/\/staging.leitao-irmao.com\/wp-content\/uploads\/2022\/11\/leitaoirmao-logo.png","width":426,"height":89,"caption":"Leit\u00e3o & Irm\u00e3o"},"image":{"@id":"https:\/\/staging.leitao-irmao.com\/#\/schema\/logo\/image\/"}}]}},"_links":{"self":[{"href":"https:\/\/staging.leitao-irmao.com\/en\/wp-json\/wp\/v2\/product\/15172","targetHints":{"allow":["GET"]}}],"collection":[{"href":"https:\/\/staging.leitao-irmao.com\/en\/wp-json\/wp\/v2\/product"}],"about":[{"href":"https:\/\/staging.leitao-irmao.com\/en\/wp-json\/wp\/v2\/types\/product"}],"version-history":[{"count":1,"href":"https:\/\/staging.leitao-irmao.com\/en\/wp-json\/wp\/v2\/product\/15172\/revisions"}],"predecessor-version":[{"id":32987,"href":"https:\/\/staging.leitao-irmao.com\/en\/wp-json\/wp\/v2\/product\/15172\/revisions\/32987"}],"wp:featuredmedia":[{"embeddable":true,"href":"https:\/\/staging.leitao-irmao.com\/en\/wp-json\/wp\/v2\/media\/15173"}],"wp:attachment":[{"href":"https:\/\/staging.leitao-irmao.com\/en\/wp-json\/wp\/v2\/media?parent=15172"}],"wp:term":[{"taxonomy":"product_brand","embeddable":true,"href":"https:\/\/staging.leitao-irmao.com\/en\/wp-json\/wp\/v2\/product_brand?post=15172"},{"taxonomy":"product_cat","embeddable":true,"href":"https:\/\/staging.leitao-irmao.com\/en\/wp-json\/wp\/v2\/product_cat?post=15172"},{"taxonomy":"product_tag","embeddable":true,"href":"https:\/\/staging.leitao-irmao.com\/en\/wp-json\/wp\/v2\/product_tag?post=15172"}],"curies":[{"name":"wp","href":"https:\/\/api.w.org\/{rel}","templated":true}]}}