{"id":15540,"date":"2023-08-07T16:02:14","date_gmt":"2023-08-07T16:02:14","guid":{"rendered":"https:\/\/www.leitao-irmao.com\/?post_type=product&#038;p=15540"},"modified":"2024-07-22T15:05:20","modified_gmt":"2024-07-22T14:05:20","slug":"servico-de-cha-oval-em-prata-1-2-cana-leiteira","status":"publish","type":"product","link":"https:\/\/staging.leitao-irmao.com\/en\/product\/servico-de-cha-oval-em-prata-1-2-cana-leiteira\/","title":{"rendered":"Silver milk jug | Half cane oval tea service"},"content":{"rendered":"","protected":false},"excerpt":{"rendered":"<p><span data-sheets-value=\"{&quot;1&quot;:2,&quot;2&quot;:&quot;As pe\u00e7as do Servi\u00e7o Oval de Ch\u00e1 representam a beleza cl\u00e1ssica e intemporal, para uma mesa elegante e requintada. D\u00ea vida \u00e0 sua mesa e complete a sua casa com as Pratas de Mesa manufaturadas da Leit\u00e3o &amp; Irm\u00e3o.&quot;}\" data-sheets-userformat=\"{&quot;2&quot;:4476,&quot;5&quot;:{&quot;1&quot;:[{&quot;1&quot;:2,&quot;2&quot;:0,&quot;5&quot;:{&quot;1&quot;:2,&quot;2&quot;:0}},{&quot;1&quot;:0,&quot;2&quot;:0,&quot;3&quot;:1},{&quot;1&quot;:1,&quot;2&quot;:0,&quot;4&quot;:1}]},&quot;6&quot;:{&quot;1&quot;:[{&quot;1&quot;:2,&quot;2&quot;:0,&quot;5&quot;:{&quot;1&quot;:2,&quot;2&quot;:0}},{&quot;1&quot;:0,&quot;2&quot;:0,&quot;3&quot;:1},{&quot;1&quot;:1,&quot;2&quot;:0,&quot;4&quot;:1}]},&quot;7&quot;:{&quot;1&quot;:[{&quot;1&quot;:2,&quot;2&quot;:0,&quot;5&quot;:{&quot;1&quot;:2,&quot;2&quot;:0}},{&quot;1&quot;:0,&quot;2&quot;:0,&quot;3&quot;:1},{&quot;1&quot;:1,&quot;2&quot;:0,&quot;4&quot;:1}]},&quot;8&quot;:{&quot;1&quot;:[{&quot;1&quot;:2,&quot;2&quot;:0,&quot;5&quot;:{&quot;1&quot;:2,&quot;2&quot;:0}},{&quot;1&quot;:0,&quot;2&quot;:0,&quot;3&quot;:1},{&quot;1&quot;:1,&quot;2&quot;:0,&quot;4&quot;:1}]},&quot;9&quot;:1,&quot;11&quot;:4,&quot;15&quot;:&quot;Arial&quot;}\">The pieces in the Oval Tea Service represent classic, timeless beauty for an elegant, refined table. Bring your table to life and complete your home with Leit\u00e3o &amp; Irm\u00e3o tableware.<\/span><\/p>","protected":false},"featured_media":15547,"template":"","meta":{"_acf_changed":false},"product_brand":[],"product_cat":[70,74,125,72],"product_tag":[270],"class_list":{"0":"post-15540","1":"product","2":"type-product","3":"status-publish","4":"has-post-thumbnail","6":"product_cat-casa-e-decoracao","7":"product_cat-decoracao","8":"product_cat-presentes-entre-1000e-a-2500e","9":"product_cat-tableware-and-dinnerware","10":"product_tag-prata","12":"first","13":"instock","14":"shipping-taxable","15":"purchasable","16":"product-type-simple"},"acf":[],"yoast_head":"<!-- This site is optimized with the Yoast SEO plugin v25.4 - https:\/\/yoast.com\/wordpress\/plugins\/seo\/ -->\n<title>leiteira em prata<\/title>\n<meta name=\"description\" content=\"As pe\u00e7as do Servi\u00e7o Oval de Ch\u00e1 da Leit\u00e3o &amp; Irm\u00e3o representam a beleza cl\u00e1ssica e intemporal, para uma mesa elegante e requintada.\" \/>\n<meta name=\"robots\" content=\"noindex, follow, max-snippet:-1, max-image-preview:large, max-video-preview:-1\" \/>\n<meta property=\"og:locale\" content=\"en_GB\" \/>\n<meta property=\"og:type\" content=\"article\" \/>\n<meta property=\"og:title\" content=\"leiteira em prata\" \/>\n<meta property=\"og:description\" content=\"As pe\u00e7as do Servi\u00e7o Oval de Ch\u00e1 da Leit\u00e3o &amp; Irm\u00e3o representam a beleza cl\u00e1ssica e intemporal, para uma mesa elegante e requintada.\" \/>\n<meta property=\"og:url\" content=\"https:\/\/staging.leitao-irmao.com\/en\/product\/servico-de-cha-oval-em-prata-1-2-cana-leiteira\/\" \/>\n<meta property=\"og:site_name\" content=\"Leit\u00e3o &amp; Irm\u00e3o\" \/>\n<meta property=\"article:modified_time\" content=\"2024-07-22T14:05:20+00:00\" \/>\n<meta property=\"og:image\" content=\"https:\/\/staging.leitao-irmao.com\/wp-content\/uploads\/2023\/08\/0501450-Leiteira-meia-cana-3-1.jpg\" \/>\n\t<meta property=\"og:image:width\" content=\"1080\" \/>\n\t<meta property=\"og:image:height\" content=\"1080\" \/>\n\t<meta property=\"og:image:type\" content=\"image\/jpeg\" \/>\n<meta name=\"twitter:card\" content=\"summary_large_image\" \/>\n<script type=\"application\/ld+json\" class=\"yoast-schema-graph\">{\"@context\":\"https:\/\/schema.org\",\"@graph\":[{\"@type\":\"WebPage\",\"@id\":\"https:\/\/staging.leitao-irmao.com\/product\/servico-de-cha-oval-em-prata-1-2-cana-leiteira\/\",\"url\":\"https:\/\/staging.leitao-irmao.com\/product\/servico-de-cha-oval-em-prata-1-2-cana-leiteira\/\",\"name\":\"leiteira em prata\",\"isPartOf\":{\"@id\":\"https:\/\/staging.leitao-irmao.com\/#website\"},\"primaryImageOfPage\":{\"@id\":\"https:\/\/staging.leitao-irmao.com\/product\/servico-de-cha-oval-em-prata-1-2-cana-leiteira\/#primaryimage\"},\"image\":{\"@id\":\"https:\/\/staging.leitao-irmao.com\/product\/servico-de-cha-oval-em-prata-1-2-cana-leiteira\/#primaryimage\"},\"thumbnailUrl\":\"https:\/\/staging.leitao-irmao.com\/wp-content\/uploads\/2023\/08\/0501450-Leiteira-meia-cana-3-1.jpg\",\"datePublished\":\"2023-08-07T16:02:14+00:00\",\"dateModified\":\"2024-07-22T14:05:20+00:00\",\"description\":\"As pe\u00e7as do Servi\u00e7o Oval de Ch\u00e1 da Leit\u00e3o & Irm\u00e3o representam a beleza cl\u00e1ssica e intemporal, para uma mesa elegante e requintada.\",\"breadcrumb\":{\"@id\":\"https:\/\/staging.leitao-irmao.com\/product\/servico-de-cha-oval-em-prata-1-2-cana-leiteira\/#breadcrumb\"},\"inLanguage\":\"en-GB\",\"potentialAction\":[{\"@type\":\"ReadAction\",\"target\":[\"https:\/\/staging.leitao-irmao.com\/product\/servico-de-cha-oval-em-prata-1-2-cana-leiteira\/\"]}]},{\"@type\":\"ImageObject\",\"inLanguage\":\"en-GB\",\"@id\":\"https:\/\/staging.leitao-irmao.com\/product\/servico-de-cha-oval-em-prata-1-2-cana-leiteira\/#primaryimage\",\"url\":\"https:\/\/staging.leitao-irmao.com\/wp-content\/uploads\/2023\/08\/0501450-Leiteira-meia-cana-3-1.jpg\",\"contentUrl\":\"https:\/\/staging.leitao-irmao.com\/wp-content\/uploads\/2023\/08\/0501450-Leiteira-meia-cana-3-1.jpg\",\"width\":1080,\"height\":1080},{\"@type\":\"BreadcrumbList\",\"@id\":\"https:\/\/staging.leitao-irmao.com\/product\/servico-de-cha-oval-em-prata-1-2-cana-leiteira\/#breadcrumb\",\"itemListElement\":[{\"@type\":\"ListItem\",\"position\":1,\"name\":\"Home\",\"item\":\"https:\/\/staging.leitao-irmao.com\/\"},{\"@type\":\"ListItem\",\"position\":2,\"name\":\"Produtos\",\"item\":\"https:\/\/staging.leitao-irmao.com\/shop\/\"},{\"@type\":\"ListItem\",\"position\":3,\"name\":\"Leiteira em prata | Servi\u00e7o de Ch\u00e1 Oval Modelo Meia Cana\"}]},{\"@type\":\"WebSite\",\"@id\":\"https:\/\/staging.leitao-irmao.com\/#website\",\"url\":\"https:\/\/staging.leitao-irmao.com\/\",\"name\":\"Leit\u00e3o & Irm\u00e3o\",\"description\":\"Joalheiros desde 1822\",\"publisher\":{\"@id\":\"https:\/\/staging.leitao-irmao.com\/#organization\"},\"potentialAction\":[{\"@type\":\"SearchAction\",\"target\":{\"@type\":\"EntryPoint\",\"urlTemplate\":\"https:\/\/staging.leitao-irmao.com\/?s={search_term_string}\"},\"query-input\":{\"@type\":\"PropertyValueSpecification\",\"valueRequired\":true,\"valueName\":\"search_term_string\"}}],\"inLanguage\":\"en-GB\"},{\"@type\":\"Organization\",\"@id\":\"https:\/\/staging.leitao-irmao.com\/#organization\",\"name\":\"Leit\u00e3o & Irm\u00e3o\",\"url\":\"https:\/\/staging.leitao-irmao.com\/\",\"logo\":{\"@type\":\"ImageObject\",\"inLanguage\":\"en-GB\",\"@id\":\"https:\/\/staging.leitao-irmao.com\/#\/schema\/logo\/image\/\",\"url\":\"https:\/\/staging.leitao-irmao.com\/wp-content\/uploads\/2022\/11\/leitaoirmao-logo.png\",\"contentUrl\":\"https:\/\/staging.leitao-irmao.com\/wp-content\/uploads\/2022\/11\/leitaoirmao-logo.png\",\"width\":426,\"height\":89,\"caption\":\"Leit\u00e3o & Irm\u00e3o\"},\"image\":{\"@id\":\"https:\/\/staging.leitao-irmao.com\/#\/schema\/logo\/image\/\"}}]}<\/script>\n<!-- \/ Yoast SEO plugin. -->","yoast_head_json":{"title":"leiteira em prata","description":"As pe\u00e7as do Servi\u00e7o Oval de Ch\u00e1 da Leit\u00e3o & Irm\u00e3o representam a beleza cl\u00e1ssica e intemporal, para uma mesa elegante e requintada.","robots":{"index":"noindex","follow":"follow","max-snippet":"max-snippet:-1","max-image-preview":"max-image-preview:large","max-video-preview":"max-video-preview:-1"},"og_locale":"en_GB","og_type":"article","og_title":"leiteira em prata","og_description":"As pe\u00e7as do Servi\u00e7o Oval de Ch\u00e1 da Leit\u00e3o & Irm\u00e3o representam a beleza cl\u00e1ssica e intemporal, para uma mesa elegante e requintada.","og_url":"https:\/\/staging.leitao-irmao.com\/en\/product\/servico-de-cha-oval-em-prata-1-2-cana-leiteira\/","og_site_name":"Leit\u00e3o &amp; Irm\u00e3o","article_modified_time":"2024-07-22T14:05:20+00:00","og_image":[{"width":1080,"height":1080,"url":"https:\/\/staging.leitao-irmao.com\/wp-content\/uploads\/2023\/08\/0501450-Leiteira-meia-cana-3-1.jpg","type":"image\/jpeg"}],"twitter_card":"summary_large_image","schema":{"@context":"https:\/\/schema.org","@graph":[{"@type":"WebPage","@id":"https:\/\/staging.leitao-irmao.com\/product\/servico-de-cha-oval-em-prata-1-2-cana-leiteira\/","url":"https:\/\/staging.leitao-irmao.com\/product\/servico-de-cha-oval-em-prata-1-2-cana-leiteira\/","name":"leiteira em prata","isPartOf":{"@id":"https:\/\/staging.leitao-irmao.com\/#website"},"primaryImageOfPage":{"@id":"https:\/\/staging.leitao-irmao.com\/product\/servico-de-cha-oval-em-prata-1-2-cana-leiteira\/#primaryimage"},"image":{"@id":"https:\/\/staging.leitao-irmao.com\/product\/servico-de-cha-oval-em-prata-1-2-cana-leiteira\/#primaryimage"},"thumbnailUrl":"https:\/\/staging.leitao-irmao.com\/wp-content\/uploads\/2023\/08\/0501450-Leiteira-meia-cana-3-1.jpg","datePublished":"2023-08-07T16:02:14+00:00","dateModified":"2024-07-22T14:05:20+00:00","description":"As pe\u00e7as do Servi\u00e7o Oval de Ch\u00e1 da Leit\u00e3o & Irm\u00e3o representam a beleza cl\u00e1ssica e intemporal, para uma mesa elegante e requintada.","breadcrumb":{"@id":"https:\/\/staging.leitao-irmao.com\/product\/servico-de-cha-oval-em-prata-1-2-cana-leiteira\/#breadcrumb"},"inLanguage":"en-GB","potentialAction":[{"@type":"ReadAction","target":["https:\/\/staging.leitao-irmao.com\/product\/servico-de-cha-oval-em-prata-1-2-cana-leiteira\/"]}]},{"@type":"ImageObject","inLanguage":"en-GB","@id":"https:\/\/staging.leitao-irmao.com\/product\/servico-de-cha-oval-em-prata-1-2-cana-leiteira\/#primaryimage","url":"https:\/\/staging.leitao-irmao.com\/wp-content\/uploads\/2023\/08\/0501450-Leiteira-meia-cana-3-1.jpg","contentUrl":"https:\/\/staging.leitao-irmao.com\/wp-content\/uploads\/2023\/08\/0501450-Leiteira-meia-cana-3-1.jpg","width":1080,"height":1080},{"@type":"BreadcrumbList","@id":"https:\/\/staging.leitao-irmao.com\/product\/servico-de-cha-oval-em-prata-1-2-cana-leiteira\/#breadcrumb","itemListElement":[{"@type":"ListItem","position":1,"name":"Home","item":"https:\/\/staging.leitao-irmao.com\/"},{"@type":"ListItem","position":2,"name":"Produtos","item":"https:\/\/staging.leitao-irmao.com\/shop\/"},{"@type":"ListItem","position":3,"name":"Leiteira em prata | Servi\u00e7o de Ch\u00e1 Oval Modelo Meia Cana"}]},{"@type":"WebSite","@id":"https:\/\/staging.leitao-irmao.com\/#website","url":"https:\/\/staging.leitao-irmao.com\/","name":"Leit\u00e3o & Irm\u00e3o","description":"Joalheiros desde 1822","publisher":{"@id":"https:\/\/staging.leitao-irmao.com\/#organization"},"potentialAction":[{"@type":"SearchAction","target":{"@type":"EntryPoint","urlTemplate":"https:\/\/staging.leitao-irmao.com\/?s={search_term_string}"},"query-input":{"@type":"PropertyValueSpecification","valueRequired":true,"valueName":"search_term_string"}}],"inLanguage":"en-GB"},{"@type":"Organization","@id":"https:\/\/staging.leitao-irmao.com\/#organization","name":"Leit\u00e3o & Irm\u00e3o","url":"https:\/\/staging.leitao-irmao.com\/","logo":{"@type":"ImageObject","inLanguage":"en-GB","@id":"https:\/\/staging.leitao-irmao.com\/#\/schema\/logo\/image\/","url":"https:\/\/staging.leitao-irmao.com\/wp-content\/uploads\/2022\/11\/leitaoirmao-logo.png","contentUrl":"https:\/\/staging.leitao-irmao.com\/wp-content\/uploads\/2022\/11\/leitaoirmao-logo.png","width":426,"height":89,"caption":"Leit\u00e3o & Irm\u00e3o"},"image":{"@id":"https:\/\/staging.leitao-irmao.com\/#\/schema\/logo\/image\/"}}]}},"_links":{"self":[{"href":"https:\/\/staging.leitao-irmao.com\/en\/wp-json\/wp\/v2\/product\/15540","targetHints":{"allow":["GET"]}}],"collection":[{"href":"https:\/\/staging.leitao-irmao.com\/en\/wp-json\/wp\/v2\/product"}],"about":[{"href":"https:\/\/staging.leitao-irmao.com\/en\/wp-json\/wp\/v2\/types\/product"}],"version-history":[{"count":0,"href":"https:\/\/staging.leitao-irmao.com\/en\/wp-json\/wp\/v2\/product\/15540\/revisions"}],"wp:featuredmedia":[{"embeddable":true,"href":"https:\/\/staging.leitao-irmao.com\/en\/wp-json\/wp\/v2\/media\/15547"}],"wp:attachment":[{"href":"https:\/\/staging.leitao-irmao.com\/en\/wp-json\/wp\/v2\/media?parent=15540"}],"wp:term":[{"taxonomy":"product_brand","embeddable":true,"href":"https:\/\/staging.leitao-irmao.com\/en\/wp-json\/wp\/v2\/product_brand?post=15540"},{"taxonomy":"product_cat","embeddable":true,"href":"https:\/\/staging.leitao-irmao.com\/en\/wp-json\/wp\/v2\/product_cat?post=15540"},{"taxonomy":"product_tag","embeddable":true,"href":"https:\/\/staging.leitao-irmao.com\/en\/wp-json\/wp\/v2\/product_tag?post=15540"}],"curies":[{"name":"wp","href":"https:\/\/api.w.org\/{rel}","templated":true}]}}