{"id":15592,"date":"2023-08-08T14:18:29","date_gmt":"2023-08-08T14:18:29","guid":{"rendered":"https:\/\/www.leitao-irmao.com\/?post_type=product&#038;p=15592"},"modified":"2025-06-04T09:41:19","modified_gmt":"2025-06-04T08:41:19","slug":"copo-para-canetas-em-prata-modelo-liso-com-pe","status":"publish","type":"product","link":"https:\/\/staging.leitao-irmao.com\/en\/product\/copo-para-canetas-em-prata-modelo-liso-com-pe\/","title":{"rendered":"Silver pen cup - Plain model with foot"},"content":{"rendered":"","protected":false},"excerpt":{"rendered":"<p>The Silver Pen Cup, Plain model with foot, is an elegant and functional piece of decoration that offers a sophisticated place to store pens, pencils or other writing utensils, revealing a distinctive shine and an impeccable finish.<\/p>","protected":false},"featured_media":15594,"template":"","meta":{"_acf_changed":false},"product_brand":[],"product_cat":[70,74,77,136,124,138,139],"product_tag":[270],"class_list":{"0":"post-15592","1":"product","2":"type-product","3":"status-publish","4":"has-post-thumbnail","6":"product_cat-casa-e-decoracao","7":"product_cat-decoracao","8":"product_cat-escritorio","9":"product_cat-pascoa","10":"product_cat-presentes-entre-500e-a-1000e","11":"product_cat-presentes-institucionais","12":"product_cat-presentes-para-personalizar","13":"product_tag-prata","15":"first","16":"instock","17":"shipping-taxable","18":"purchasable","19":"product-type-simple"},"acf":[],"yoast_head":"<!-- This site is optimized with the Yoast SEO plugin v25.4 - https:\/\/yoast.com\/wordpress\/plugins\/seo\/ -->\n<title>Copo para canetas em prata - Modelo liso com p\u00e9 | Leit\u00e3o &amp; Irm\u00e3o<\/title>\n<meta name=\"description\" content=\"O Copo para Canetas em Prata, Modelo liso com p\u00e9, \u00e9 uma pe\u00e7a de decora\u00e7\u00e3o elegante e funcional que oferece um local sofisticado para armazenar canetas.\" \/>\n<meta name=\"robots\" content=\"noindex, follow, max-snippet:-1, max-image-preview:large, max-video-preview:-1\" \/>\n<meta property=\"og:locale\" content=\"en_GB\" \/>\n<meta property=\"og:type\" content=\"article\" \/>\n<meta property=\"og:title\" content=\"Copo para canetas em prata - Modelo liso com p\u00e9 | Leit\u00e3o &amp; Irm\u00e3o\" \/>\n<meta property=\"og:description\" content=\"O Copo para Canetas em Prata, Modelo liso com p\u00e9, \u00e9 uma pe\u00e7a de decora\u00e7\u00e3o elegante e funcional que oferece um local sofisticado para armazenar canetas.\" \/>\n<meta property=\"og:url\" content=\"https:\/\/staging.leitao-irmao.com\/en\/product\/copo-para-canetas-em-prata-modelo-liso-com-pe\/\" \/>\n<meta property=\"og:site_name\" content=\"Leit\u00e3o &amp; Irm\u00e3o\" \/>\n<meta property=\"article:modified_time\" content=\"2025-06-04T08:41:19+00:00\" \/>\n<meta property=\"og:image\" content=\"https:\/\/staging.leitao-irmao.com\/wp-content\/uploads\/2023\/08\/copo-canetas-modelo-liso-0505045-1.jpg\" \/>\n\t<meta property=\"og:image:width\" content=\"1080\" \/>\n\t<meta property=\"og:image:height\" content=\"1080\" \/>\n\t<meta property=\"og:image:type\" content=\"image\/jpeg\" \/>\n<meta name=\"twitter:card\" content=\"summary_large_image\" \/>\n<script type=\"application\/ld+json\" class=\"yoast-schema-graph\">{\"@context\":\"https:\/\/schema.org\",\"@graph\":[{\"@type\":\"WebPage\",\"@id\":\"https:\/\/staging.leitao-irmao.com\/product\/copo-para-canetas-em-prata-modelo-liso-com-pe\/\",\"url\":\"https:\/\/staging.leitao-irmao.com\/product\/copo-para-canetas-em-prata-modelo-liso-com-pe\/\",\"name\":\"Copo para canetas em prata - Modelo liso com p\u00e9 | Leit\u00e3o &amp; Irm\u00e3o\",\"isPartOf\":{\"@id\":\"https:\/\/staging.leitao-irmao.com\/#website\"},\"primaryImageOfPage\":{\"@id\":\"https:\/\/staging.leitao-irmao.com\/product\/copo-para-canetas-em-prata-modelo-liso-com-pe\/#primaryimage\"},\"image\":{\"@id\":\"https:\/\/staging.leitao-irmao.com\/product\/copo-para-canetas-em-prata-modelo-liso-com-pe\/#primaryimage\"},\"thumbnailUrl\":\"https:\/\/staging.leitao-irmao.com\/wp-content\/uploads\/2023\/08\/copo-canetas-modelo-liso-0505045-1.jpg\",\"datePublished\":\"2023-08-08T14:18:29+00:00\",\"dateModified\":\"2025-06-04T08:41:19+00:00\",\"description\":\"O Copo para Canetas em Prata, Modelo liso com p\u00e9, \u00e9 uma pe\u00e7a de decora\u00e7\u00e3o elegante e funcional que oferece um local sofisticado para armazenar canetas.\",\"breadcrumb\":{\"@id\":\"https:\/\/staging.leitao-irmao.com\/product\/copo-para-canetas-em-prata-modelo-liso-com-pe\/#breadcrumb\"},\"inLanguage\":\"en-GB\",\"potentialAction\":[{\"@type\":\"ReadAction\",\"target\":[\"https:\/\/staging.leitao-irmao.com\/product\/copo-para-canetas-em-prata-modelo-liso-com-pe\/\"]}]},{\"@type\":\"ImageObject\",\"inLanguage\":\"en-GB\",\"@id\":\"https:\/\/staging.leitao-irmao.com\/product\/copo-para-canetas-em-prata-modelo-liso-com-pe\/#primaryimage\",\"url\":\"https:\/\/staging.leitao-irmao.com\/wp-content\/uploads\/2023\/08\/copo-canetas-modelo-liso-0505045-1.jpg\",\"contentUrl\":\"https:\/\/staging.leitao-irmao.com\/wp-content\/uploads\/2023\/08\/copo-canetas-modelo-liso-0505045-1.jpg\",\"width\":1080,\"height\":1080,\"caption\":\"Copo para Canetas\"},{\"@type\":\"BreadcrumbList\",\"@id\":\"https:\/\/staging.leitao-irmao.com\/product\/copo-para-canetas-em-prata-modelo-liso-com-pe\/#breadcrumb\",\"itemListElement\":[{\"@type\":\"ListItem\",\"position\":1,\"name\":\"Home\",\"item\":\"https:\/\/staging.leitao-irmao.com\/\"},{\"@type\":\"ListItem\",\"position\":2,\"name\":\"Produtos\",\"item\":\"https:\/\/staging.leitao-irmao.com\/shop\/\"},{\"@type\":\"ListItem\",\"position\":3,\"name\":\"Copo para canetas em prata &#8211; Modelo liso com p\u00e9\"}]},{\"@type\":\"WebSite\",\"@id\":\"https:\/\/staging.leitao-irmao.com\/#website\",\"url\":\"https:\/\/staging.leitao-irmao.com\/\",\"name\":\"Leit\u00e3o & Irm\u00e3o\",\"description\":\"Joalheiros desde 1822\",\"publisher\":{\"@id\":\"https:\/\/staging.leitao-irmao.com\/#organization\"},\"potentialAction\":[{\"@type\":\"SearchAction\",\"target\":{\"@type\":\"EntryPoint\",\"urlTemplate\":\"https:\/\/staging.leitao-irmao.com\/?s={search_term_string}\"},\"query-input\":{\"@type\":\"PropertyValueSpecification\",\"valueRequired\":true,\"valueName\":\"search_term_string\"}}],\"inLanguage\":\"en-GB\"},{\"@type\":\"Organization\",\"@id\":\"https:\/\/staging.leitao-irmao.com\/#organization\",\"name\":\"Leit\u00e3o & Irm\u00e3o\",\"url\":\"https:\/\/staging.leitao-irmao.com\/\",\"logo\":{\"@type\":\"ImageObject\",\"inLanguage\":\"en-GB\",\"@id\":\"https:\/\/staging.leitao-irmao.com\/#\/schema\/logo\/image\/\",\"url\":\"https:\/\/staging.leitao-irmao.com\/wp-content\/uploads\/2022\/11\/leitaoirmao-logo.png\",\"contentUrl\":\"https:\/\/staging.leitao-irmao.com\/wp-content\/uploads\/2022\/11\/leitaoirmao-logo.png\",\"width\":426,\"height\":89,\"caption\":\"Leit\u00e3o & Irm\u00e3o\"},\"image\":{\"@id\":\"https:\/\/staging.leitao-irmao.com\/#\/schema\/logo\/image\/\"}}]}<\/script>\n<!-- \/ Yoast SEO plugin. -->","yoast_head_json":{"title":"Copo para canetas em prata - Modelo liso com p\u00e9 | Leit\u00e3o &amp; Irm\u00e3o","description":"O Copo para Canetas em Prata, Modelo liso com p\u00e9, \u00e9 uma pe\u00e7a de decora\u00e7\u00e3o elegante e funcional que oferece um local sofisticado para armazenar canetas.","robots":{"index":"noindex","follow":"follow","max-snippet":"max-snippet:-1","max-image-preview":"max-image-preview:large","max-video-preview":"max-video-preview:-1"},"og_locale":"en_GB","og_type":"article","og_title":"Copo para canetas em prata - Modelo liso com p\u00e9 | Leit\u00e3o &amp; Irm\u00e3o","og_description":"O Copo para Canetas em Prata, Modelo liso com p\u00e9, \u00e9 uma pe\u00e7a de decora\u00e7\u00e3o elegante e funcional que oferece um local sofisticado para armazenar canetas.","og_url":"https:\/\/staging.leitao-irmao.com\/en\/product\/copo-para-canetas-em-prata-modelo-liso-com-pe\/","og_site_name":"Leit\u00e3o &amp; Irm\u00e3o","article_modified_time":"2025-06-04T08:41:19+00:00","og_image":[{"width":1080,"height":1080,"url":"https:\/\/staging.leitao-irmao.com\/wp-content\/uploads\/2023\/08\/copo-canetas-modelo-liso-0505045-1.jpg","type":"image\/jpeg"}],"twitter_card":"summary_large_image","schema":{"@context":"https:\/\/schema.org","@graph":[{"@type":"WebPage","@id":"https:\/\/staging.leitao-irmao.com\/product\/copo-para-canetas-em-prata-modelo-liso-com-pe\/","url":"https:\/\/staging.leitao-irmao.com\/product\/copo-para-canetas-em-prata-modelo-liso-com-pe\/","name":"Copo para canetas em prata - Modelo liso com p\u00e9 | Leit\u00e3o &amp; Irm\u00e3o","isPartOf":{"@id":"https:\/\/staging.leitao-irmao.com\/#website"},"primaryImageOfPage":{"@id":"https:\/\/staging.leitao-irmao.com\/product\/copo-para-canetas-em-prata-modelo-liso-com-pe\/#primaryimage"},"image":{"@id":"https:\/\/staging.leitao-irmao.com\/product\/copo-para-canetas-em-prata-modelo-liso-com-pe\/#primaryimage"},"thumbnailUrl":"https:\/\/staging.leitao-irmao.com\/wp-content\/uploads\/2023\/08\/copo-canetas-modelo-liso-0505045-1.jpg","datePublished":"2023-08-08T14:18:29+00:00","dateModified":"2025-06-04T08:41:19+00:00","description":"O Copo para Canetas em Prata, Modelo liso com p\u00e9, \u00e9 uma pe\u00e7a de decora\u00e7\u00e3o elegante e funcional que oferece um local sofisticado para armazenar canetas.","breadcrumb":{"@id":"https:\/\/staging.leitao-irmao.com\/product\/copo-para-canetas-em-prata-modelo-liso-com-pe\/#breadcrumb"},"inLanguage":"en-GB","potentialAction":[{"@type":"ReadAction","target":["https:\/\/staging.leitao-irmao.com\/product\/copo-para-canetas-em-prata-modelo-liso-com-pe\/"]}]},{"@type":"ImageObject","inLanguage":"en-GB","@id":"https:\/\/staging.leitao-irmao.com\/product\/copo-para-canetas-em-prata-modelo-liso-com-pe\/#primaryimage","url":"https:\/\/staging.leitao-irmao.com\/wp-content\/uploads\/2023\/08\/copo-canetas-modelo-liso-0505045-1.jpg","contentUrl":"https:\/\/staging.leitao-irmao.com\/wp-content\/uploads\/2023\/08\/copo-canetas-modelo-liso-0505045-1.jpg","width":1080,"height":1080,"caption":"Copo para Canetas"},{"@type":"BreadcrumbList","@id":"https:\/\/staging.leitao-irmao.com\/product\/copo-para-canetas-em-prata-modelo-liso-com-pe\/#breadcrumb","itemListElement":[{"@type":"ListItem","position":1,"name":"Home","item":"https:\/\/staging.leitao-irmao.com\/"},{"@type":"ListItem","position":2,"name":"Produtos","item":"https:\/\/staging.leitao-irmao.com\/shop\/"},{"@type":"ListItem","position":3,"name":"Copo para canetas em prata &#8211; Modelo liso com p\u00e9"}]},{"@type":"WebSite","@id":"https:\/\/staging.leitao-irmao.com\/#website","url":"https:\/\/staging.leitao-irmao.com\/","name":"Leit\u00e3o & Irm\u00e3o","description":"Joalheiros desde 1822","publisher":{"@id":"https:\/\/staging.leitao-irmao.com\/#organization"},"potentialAction":[{"@type":"SearchAction","target":{"@type":"EntryPoint","urlTemplate":"https:\/\/staging.leitao-irmao.com\/?s={search_term_string}"},"query-input":{"@type":"PropertyValueSpecification","valueRequired":true,"valueName":"search_term_string"}}],"inLanguage":"en-GB"},{"@type":"Organization","@id":"https:\/\/staging.leitao-irmao.com\/#organization","name":"Leit\u00e3o & Irm\u00e3o","url":"https:\/\/staging.leitao-irmao.com\/","logo":{"@type":"ImageObject","inLanguage":"en-GB","@id":"https:\/\/staging.leitao-irmao.com\/#\/schema\/logo\/image\/","url":"https:\/\/staging.leitao-irmao.com\/wp-content\/uploads\/2022\/11\/leitaoirmao-logo.png","contentUrl":"https:\/\/staging.leitao-irmao.com\/wp-content\/uploads\/2022\/11\/leitaoirmao-logo.png","width":426,"height":89,"caption":"Leit\u00e3o & Irm\u00e3o"},"image":{"@id":"https:\/\/staging.leitao-irmao.com\/#\/schema\/logo\/image\/"}}]}},"_links":{"self":[{"href":"https:\/\/staging.leitao-irmao.com\/en\/wp-json\/wp\/v2\/product\/15592","targetHints":{"allow":["GET"]}}],"collection":[{"href":"https:\/\/staging.leitao-irmao.com\/en\/wp-json\/wp\/v2\/product"}],"about":[{"href":"https:\/\/staging.leitao-irmao.com\/en\/wp-json\/wp\/v2\/types\/product"}],"version-history":[{"count":0,"href":"https:\/\/staging.leitao-irmao.com\/en\/wp-json\/wp\/v2\/product\/15592\/revisions"}],"wp:featuredmedia":[{"embeddable":true,"href":"https:\/\/staging.leitao-irmao.com\/en\/wp-json\/wp\/v2\/media\/15594"}],"wp:attachment":[{"href":"https:\/\/staging.leitao-irmao.com\/en\/wp-json\/wp\/v2\/media?parent=15592"}],"wp:term":[{"taxonomy":"product_brand","embeddable":true,"href":"https:\/\/staging.leitao-irmao.com\/en\/wp-json\/wp\/v2\/product_brand?post=15592"},{"taxonomy":"product_cat","embeddable":true,"href":"https:\/\/staging.leitao-irmao.com\/en\/wp-json\/wp\/v2\/product_cat?post=15592"},{"taxonomy":"product_tag","embeddable":true,"href":"https:\/\/staging.leitao-irmao.com\/en\/wp-json\/wp\/v2\/product_tag?post=15592"}],"curies":[{"name":"wp","href":"https:\/\/api.w.org\/{rel}","templated":true}]}}