{"id":15847,"date":"2023-08-11T15:00:28","date_gmt":"2023-08-11T15:00:28","guid":{"rendered":"https:\/\/www.leitao-irmao.com\/?post_type=product&#038;p=15847"},"modified":"2024-09-24T14:36:33","modified_gmt":"2024-09-24T13:36:33","slug":"manteigueira-com-tampa-em-prata-modelo-meia-cana","status":"publish","type":"product","link":"https:\/\/staging.leitao-irmao.com\/en\/product\/manteigueira-com-tampa-em-prata-modelo-meia-cana\/","title":{"rendered":"Manteigueira with silver lid | Half cane model"},"content":{"rendered":"","protected":false},"excerpt":{"rendered":"<p><span data-sheets-value=\"{&quot;1&quot;:2,&quot;2&quot;:&quot;A Manteigueira Modelo 1\/2 Cana da Leit\u00e3o &amp; Irm\u00e3o com Tampa \u00e9 uma pe\u00e7a cl\u00e1ssica e pr\u00e1tica para servir manteiga de maneira elegante e funcional. Acrescente um toque de sofistica\u00e7\u00e3o \u00e0 sua mesa.&quot;}\" data-sheets-userformat=\"{&quot;2&quot;:963,&quot;3&quot;:{&quot;1&quot;:0},&quot;4&quot;:{&quot;1&quot;:2,&quot;2&quot;:14281427},&quot;9&quot;:1,&quot;10&quot;:1,&quot;11&quot;:4,&quot;12&quot;:0}\">The Leit\u00e3o &amp; Irm\u00e3o Manteigueira Modelo 1\/2 Cana with Lid is a classic and practical piece for serving butter in an elegant and functional way. Add a touch of sophistication to your table.<\/span><\/p>","protected":false},"featured_media":15848,"template":"","meta":{"_acf_changed":false},"product_brand":[],"product_cat":[70,74,477,129,124,72],"product_tag":[270],"class_list":{"0":"post-15847","1":"product","2":"type-product","3":"status-publish","4":"has-post-thumbnail","6":"product_cat-casa-e-decoracao","7":"product_cat-decoracao","8":"product_cat-decoracao-de-natal","9":"product_cat-ofertas-para-o-casal","10":"product_cat-presentes-entre-500e-a-1000e","11":"product_cat-tableware-and-dinnerware","12":"product_tag-prata","14":"first","15":"instock","16":"shipping-taxable","17":"purchasable","18":"product-type-simple"},"acf":[],"yoast_head":"<!-- This site is optimized with the Yoast SEO plugin v25.4 - https:\/\/yoast.com\/wordpress\/plugins\/seo\/ -->\n<title>manteigueira em prata<\/title>\n<meta name=\"description\" content=\"A Manteigueira Modelo 1\/2 Cana da Leit\u00e3o &amp; Irm\u00e3o com Tampa \u00e9 uma pe\u00e7a cl\u00e1ssica e pr\u00e1tica para servir manteiga de maneira elegante e funcional.\" \/>\n<meta name=\"robots\" content=\"noindex, follow, max-snippet:-1, max-image-preview:large, max-video-preview:-1\" \/>\n<meta property=\"og:locale\" content=\"en_GB\" \/>\n<meta property=\"og:type\" content=\"article\" \/>\n<meta property=\"og:title\" content=\"manteigueira em prata\" \/>\n<meta property=\"og:description\" content=\"A Manteigueira Modelo 1\/2 Cana da Leit\u00e3o &amp; Irm\u00e3o com Tampa \u00e9 uma pe\u00e7a cl\u00e1ssica e pr\u00e1tica para servir manteiga de maneira elegante e funcional.\" \/>\n<meta property=\"og:url\" content=\"https:\/\/staging.leitao-irmao.com\/en\/product\/manteigueira-com-tampa-em-prata-modelo-meia-cana\/\" \/>\n<meta property=\"og:site_name\" content=\"Leit\u00e3o &amp; Irm\u00e3o\" \/>\n<meta property=\"article:modified_time\" content=\"2024-09-24T13:36:33+00:00\" \/>\n<meta property=\"og:image\" content=\"https:\/\/staging.leitao-irmao.com\/wp-content\/uploads\/2023\/08\/0501401.jpg\" \/>\n\t<meta property=\"og:image:width\" content=\"1080\" \/>\n\t<meta property=\"og:image:height\" content=\"1080\" \/>\n\t<meta property=\"og:image:type\" content=\"image\/jpeg\" \/>\n<meta name=\"twitter:card\" content=\"summary_large_image\" \/>\n<script type=\"application\/ld+json\" class=\"yoast-schema-graph\">{\"@context\":\"https:\/\/schema.org\",\"@graph\":[{\"@type\":\"WebPage\",\"@id\":\"https:\/\/staging.leitao-irmao.com\/product\/manteigueira-com-tampa-em-prata-modelo-meia-cana\/\",\"url\":\"https:\/\/staging.leitao-irmao.com\/product\/manteigueira-com-tampa-em-prata-modelo-meia-cana\/\",\"name\":\"manteigueira em prata\",\"isPartOf\":{\"@id\":\"https:\/\/staging.leitao-irmao.com\/#website\"},\"primaryImageOfPage\":{\"@id\":\"https:\/\/staging.leitao-irmao.com\/product\/manteigueira-com-tampa-em-prata-modelo-meia-cana\/#primaryimage\"},\"image\":{\"@id\":\"https:\/\/staging.leitao-irmao.com\/product\/manteigueira-com-tampa-em-prata-modelo-meia-cana\/#primaryimage\"},\"thumbnailUrl\":\"https:\/\/staging.leitao-irmao.com\/wp-content\/uploads\/2023\/08\/0501401.jpg\",\"datePublished\":\"2023-08-11T15:00:28+00:00\",\"dateModified\":\"2024-09-24T13:36:33+00:00\",\"description\":\"A Manteigueira Modelo 1\/2 Cana da Leit\u00e3o & Irm\u00e3o com Tampa \u00e9 uma pe\u00e7a cl\u00e1ssica e pr\u00e1tica para servir manteiga de maneira elegante e funcional.\",\"breadcrumb\":{\"@id\":\"https:\/\/staging.leitao-irmao.com\/product\/manteigueira-com-tampa-em-prata-modelo-meia-cana\/#breadcrumb\"},\"inLanguage\":\"en-GB\",\"potentialAction\":[{\"@type\":\"ReadAction\",\"target\":[\"https:\/\/staging.leitao-irmao.com\/product\/manteigueira-com-tampa-em-prata-modelo-meia-cana\/\"]}]},{\"@type\":\"ImageObject\",\"inLanguage\":\"en-GB\",\"@id\":\"https:\/\/staging.leitao-irmao.com\/product\/manteigueira-com-tampa-em-prata-modelo-meia-cana\/#primaryimage\",\"url\":\"https:\/\/staging.leitao-irmao.com\/wp-content\/uploads\/2023\/08\/0501401.jpg\",\"contentUrl\":\"https:\/\/staging.leitao-irmao.com\/wp-content\/uploads\/2023\/08\/0501401.jpg\",\"width\":1080,\"height\":1080},{\"@type\":\"BreadcrumbList\",\"@id\":\"https:\/\/staging.leitao-irmao.com\/product\/manteigueira-com-tampa-em-prata-modelo-meia-cana\/#breadcrumb\",\"itemListElement\":[{\"@type\":\"ListItem\",\"position\":1,\"name\":\"Home\",\"item\":\"https:\/\/staging.leitao-irmao.com\/\"},{\"@type\":\"ListItem\",\"position\":2,\"name\":\"Produtos\",\"item\":\"https:\/\/staging.leitao-irmao.com\/shop\/\"},{\"@type\":\"ListItem\",\"position\":3,\"name\":\"Manteigueira com Tampa em prata | Modelo Meia-cana\"}]},{\"@type\":\"WebSite\",\"@id\":\"https:\/\/staging.leitao-irmao.com\/#website\",\"url\":\"https:\/\/staging.leitao-irmao.com\/\",\"name\":\"Leit\u00e3o & Irm\u00e3o\",\"description\":\"Joalheiros desde 1822\",\"publisher\":{\"@id\":\"https:\/\/staging.leitao-irmao.com\/#organization\"},\"potentialAction\":[{\"@type\":\"SearchAction\",\"target\":{\"@type\":\"EntryPoint\",\"urlTemplate\":\"https:\/\/staging.leitao-irmao.com\/?s={search_term_string}\"},\"query-input\":{\"@type\":\"PropertyValueSpecification\",\"valueRequired\":true,\"valueName\":\"search_term_string\"}}],\"inLanguage\":\"en-GB\"},{\"@type\":\"Organization\",\"@id\":\"https:\/\/staging.leitao-irmao.com\/#organization\",\"name\":\"Leit\u00e3o & Irm\u00e3o\",\"url\":\"https:\/\/staging.leitao-irmao.com\/\",\"logo\":{\"@type\":\"ImageObject\",\"inLanguage\":\"en-GB\",\"@id\":\"https:\/\/staging.leitao-irmao.com\/#\/schema\/logo\/image\/\",\"url\":\"https:\/\/staging.leitao-irmao.com\/wp-content\/uploads\/2022\/11\/leitaoirmao-logo.png\",\"contentUrl\":\"https:\/\/staging.leitao-irmao.com\/wp-content\/uploads\/2022\/11\/leitaoirmao-logo.png\",\"width\":426,\"height\":89,\"caption\":\"Leit\u00e3o & Irm\u00e3o\"},\"image\":{\"@id\":\"https:\/\/staging.leitao-irmao.com\/#\/schema\/logo\/image\/\"}}]}<\/script>\n<!-- \/ Yoast SEO plugin. -->","yoast_head_json":{"title":"manteigueira em prata","description":"A Manteigueira Modelo 1\/2 Cana da Leit\u00e3o & Irm\u00e3o com Tampa \u00e9 uma pe\u00e7a cl\u00e1ssica e pr\u00e1tica para servir manteiga de maneira elegante e funcional.","robots":{"index":"noindex","follow":"follow","max-snippet":"max-snippet:-1","max-image-preview":"max-image-preview:large","max-video-preview":"max-video-preview:-1"},"og_locale":"en_GB","og_type":"article","og_title":"manteigueira em prata","og_description":"A Manteigueira Modelo 1\/2 Cana da Leit\u00e3o & Irm\u00e3o com Tampa \u00e9 uma pe\u00e7a cl\u00e1ssica e pr\u00e1tica para servir manteiga de maneira elegante e funcional.","og_url":"https:\/\/staging.leitao-irmao.com\/en\/product\/manteigueira-com-tampa-em-prata-modelo-meia-cana\/","og_site_name":"Leit\u00e3o &amp; Irm\u00e3o","article_modified_time":"2024-09-24T13:36:33+00:00","og_image":[{"width":1080,"height":1080,"url":"https:\/\/staging.leitao-irmao.com\/wp-content\/uploads\/2023\/08\/0501401.jpg","type":"image\/jpeg"}],"twitter_card":"summary_large_image","schema":{"@context":"https:\/\/schema.org","@graph":[{"@type":"WebPage","@id":"https:\/\/staging.leitao-irmao.com\/product\/manteigueira-com-tampa-em-prata-modelo-meia-cana\/","url":"https:\/\/staging.leitao-irmao.com\/product\/manteigueira-com-tampa-em-prata-modelo-meia-cana\/","name":"manteigueira em prata","isPartOf":{"@id":"https:\/\/staging.leitao-irmao.com\/#website"},"primaryImageOfPage":{"@id":"https:\/\/staging.leitao-irmao.com\/product\/manteigueira-com-tampa-em-prata-modelo-meia-cana\/#primaryimage"},"image":{"@id":"https:\/\/staging.leitao-irmao.com\/product\/manteigueira-com-tampa-em-prata-modelo-meia-cana\/#primaryimage"},"thumbnailUrl":"https:\/\/staging.leitao-irmao.com\/wp-content\/uploads\/2023\/08\/0501401.jpg","datePublished":"2023-08-11T15:00:28+00:00","dateModified":"2024-09-24T13:36:33+00:00","description":"A Manteigueira Modelo 1\/2 Cana da Leit\u00e3o & Irm\u00e3o com Tampa \u00e9 uma pe\u00e7a cl\u00e1ssica e pr\u00e1tica para servir manteiga de maneira elegante e funcional.","breadcrumb":{"@id":"https:\/\/staging.leitao-irmao.com\/product\/manteigueira-com-tampa-em-prata-modelo-meia-cana\/#breadcrumb"},"inLanguage":"en-GB","potentialAction":[{"@type":"ReadAction","target":["https:\/\/staging.leitao-irmao.com\/product\/manteigueira-com-tampa-em-prata-modelo-meia-cana\/"]}]},{"@type":"ImageObject","inLanguage":"en-GB","@id":"https:\/\/staging.leitao-irmao.com\/product\/manteigueira-com-tampa-em-prata-modelo-meia-cana\/#primaryimage","url":"https:\/\/staging.leitao-irmao.com\/wp-content\/uploads\/2023\/08\/0501401.jpg","contentUrl":"https:\/\/staging.leitao-irmao.com\/wp-content\/uploads\/2023\/08\/0501401.jpg","width":1080,"height":1080},{"@type":"BreadcrumbList","@id":"https:\/\/staging.leitao-irmao.com\/product\/manteigueira-com-tampa-em-prata-modelo-meia-cana\/#breadcrumb","itemListElement":[{"@type":"ListItem","position":1,"name":"Home","item":"https:\/\/staging.leitao-irmao.com\/"},{"@type":"ListItem","position":2,"name":"Produtos","item":"https:\/\/staging.leitao-irmao.com\/shop\/"},{"@type":"ListItem","position":3,"name":"Manteigueira com Tampa em prata | Modelo Meia-cana"}]},{"@type":"WebSite","@id":"https:\/\/staging.leitao-irmao.com\/#website","url":"https:\/\/staging.leitao-irmao.com\/","name":"Leit\u00e3o & Irm\u00e3o","description":"Joalheiros desde 1822","publisher":{"@id":"https:\/\/staging.leitao-irmao.com\/#organization"},"potentialAction":[{"@type":"SearchAction","target":{"@type":"EntryPoint","urlTemplate":"https:\/\/staging.leitao-irmao.com\/?s={search_term_string}"},"query-input":{"@type":"PropertyValueSpecification","valueRequired":true,"valueName":"search_term_string"}}],"inLanguage":"en-GB"},{"@type":"Organization","@id":"https:\/\/staging.leitao-irmao.com\/#organization","name":"Leit\u00e3o & Irm\u00e3o","url":"https:\/\/staging.leitao-irmao.com\/","logo":{"@type":"ImageObject","inLanguage":"en-GB","@id":"https:\/\/staging.leitao-irmao.com\/#\/schema\/logo\/image\/","url":"https:\/\/staging.leitao-irmao.com\/wp-content\/uploads\/2022\/11\/leitaoirmao-logo.png","contentUrl":"https:\/\/staging.leitao-irmao.com\/wp-content\/uploads\/2022\/11\/leitaoirmao-logo.png","width":426,"height":89,"caption":"Leit\u00e3o & Irm\u00e3o"},"image":{"@id":"https:\/\/staging.leitao-irmao.com\/#\/schema\/logo\/image\/"}}]}},"_links":{"self":[{"href":"https:\/\/staging.leitao-irmao.com\/en\/wp-json\/wp\/v2\/product\/15847","targetHints":{"allow":["GET"]}}],"collection":[{"href":"https:\/\/staging.leitao-irmao.com\/en\/wp-json\/wp\/v2\/product"}],"about":[{"href":"https:\/\/staging.leitao-irmao.com\/en\/wp-json\/wp\/v2\/types\/product"}],"version-history":[{"count":0,"href":"https:\/\/staging.leitao-irmao.com\/en\/wp-json\/wp\/v2\/product\/15847\/revisions"}],"wp:featuredmedia":[{"embeddable":true,"href":"https:\/\/staging.leitao-irmao.com\/en\/wp-json\/wp\/v2\/media\/15848"}],"wp:attachment":[{"href":"https:\/\/staging.leitao-irmao.com\/en\/wp-json\/wp\/v2\/media?parent=15847"}],"wp:term":[{"taxonomy":"product_brand","embeddable":true,"href":"https:\/\/staging.leitao-irmao.com\/en\/wp-json\/wp\/v2\/product_brand?post=15847"},{"taxonomy":"product_cat","embeddable":true,"href":"https:\/\/staging.leitao-irmao.com\/en\/wp-json\/wp\/v2\/product_cat?post=15847"},{"taxonomy":"product_tag","embeddable":true,"href":"https:\/\/staging.leitao-irmao.com\/en\/wp-json\/wp\/v2\/product_tag?post=15847"}],"curies":[{"name":"wp","href":"https:\/\/api.w.org\/{rel}","templated":true}]}}