{"id":16487,"date":"2023-08-18T16:17:25","date_gmt":"2023-08-18T16:17:25","guid":{"rendered":"https:\/\/www.leitao-irmao.com\/?post_type=product&#038;p=16487"},"modified":"2025-04-04T14:49:38","modified_gmt":"2025-04-04T13:49:38","slug":"anel-memoria-em-ouro-e-diamantes","status":"publish","type":"product","link":"https:\/\/staging.leitao-irmao.com\/en\/product\/anel-memoria-em-ouro-e-diamantes\/","title":{"rendered":"Gold and diamond ring | Memories"},"content":{"rendered":"","protected":false},"excerpt":{"rendered":"<p>Introducing the Rings from the Memories collection. Designed to capture special moments and meaningful memories, they are more than just an accessory; they are a tangible representation of moments that have left a deep mark.<\/p>\n<p>With a variety of designs and stones, the rings in the Memories Collection offer a unique and personal way to celebrate important moments in life.<\/p>\n<p>The perfect gift for yourself or someone special.<\/p>\n<p><strong>Make memories with Leit\u00e3o &amp; Irm\u00e3o.<\/strong><\/p>","protected":false},"featured_media":16495,"template":"","meta":{"_acf_changed":false},"product_brand":[],"product_cat":[82,79,230],"product_tag":[364,275,278,271],"class_list":{"0":"post-16487","1":"product","2":"type-product","3":"status-publish","4":"has-post-thumbnail","6":"product_cat-aneis","7":"product_cat-joalharia","8":"product_cat-memorias","9":"product_tag-aliancas-criativas","10":"product_tag-diamantes","11":"product_tag-mulher","12":"product_tag-ouro","14":"first","15":"instock","16":"shipping-taxable","17":"purchasable","18":"product-type-variable"},"acf":[],"yoast_head":"<!-- This site is optimized with the Yoast SEO plugin v25.4 - https:\/\/yoast.com\/wordpress\/plugins\/seo\/ -->\n<title>Anel mem\u00f3rias em ouro e diamantes<\/title>\n<meta name=\"description\" content=\"Apresentamos-lhe os An\u00e9is da cole\u00e7\u00e3o Mem\u00f3rias. Concebidos para capturar momentos especiais, representando mais do que um simples acess\u00f3rio.\" \/>\n<meta name=\"robots\" content=\"noindex, follow, max-snippet:-1, max-image-preview:large, max-video-preview:-1\" \/>\n<meta property=\"og:locale\" content=\"en_GB\" \/>\n<meta property=\"og:type\" content=\"article\" \/>\n<meta property=\"og:title\" content=\"Anel mem\u00f3rias em ouro e diamantes\" \/>\n<meta property=\"og:description\" content=\"Apresentamos-lhe os An\u00e9is da cole\u00e7\u00e3o Mem\u00f3rias. Concebidos para capturar momentos especiais, representando mais do que um simples acess\u00f3rio.\" \/>\n<meta property=\"og:url\" content=\"https:\/\/staging.leitao-irmao.com\/en\/product\/anel-memoria-em-ouro-e-diamantes\/\" \/>\n<meta property=\"og:site_name\" content=\"Leit\u00e3o &amp; Irm\u00e3o\" \/>\n<meta property=\"article:modified_time\" content=\"2025-04-04T13:49:38+00:00\" \/>\n<meta property=\"og:image\" content=\"https:\/\/staging.leitao-irmao.com\/wp-content\/uploads\/2023\/08\/0206374.jpg\" \/>\n\t<meta property=\"og:image:width\" content=\"1080\" \/>\n\t<meta property=\"og:image:height\" content=\"1080\" \/>\n\t<meta property=\"og:image:type\" content=\"image\/jpeg\" \/>\n<meta name=\"twitter:card\" content=\"summary_large_image\" \/>\n<meta name=\"twitter:label1\" content=\"Estimated reading time\" \/>\n\t<meta name=\"twitter:data1\" content=\"1 minute\" \/>\n<script type=\"application\/ld+json\" class=\"yoast-schema-graph\">{\"@context\":\"https:\/\/schema.org\",\"@graph\":[{\"@type\":\"WebPage\",\"@id\":\"https:\/\/staging.leitao-irmao.com\/product\/anel-memoria-em-ouro-e-diamantes\/\",\"url\":\"https:\/\/staging.leitao-irmao.com\/product\/anel-memoria-em-ouro-e-diamantes\/\",\"name\":\"Anel mem\u00f3rias em ouro e diamantes\",\"isPartOf\":{\"@id\":\"https:\/\/staging.leitao-irmao.com\/#website\"},\"primaryImageOfPage\":{\"@id\":\"https:\/\/staging.leitao-irmao.com\/product\/anel-memoria-em-ouro-e-diamantes\/#primaryimage\"},\"image\":{\"@id\":\"https:\/\/staging.leitao-irmao.com\/product\/anel-memoria-em-ouro-e-diamantes\/#primaryimage\"},\"thumbnailUrl\":\"https:\/\/staging.leitao-irmao.com\/wp-content\/uploads\/2023\/08\/0206374.jpg\",\"datePublished\":\"2023-08-18T16:17:25+00:00\",\"dateModified\":\"2025-04-04T13:49:38+00:00\",\"description\":\"Apresentamos-lhe os An\u00e9is da cole\u00e7\u00e3o Mem\u00f3rias. Concebidos para capturar momentos especiais, representando mais do que um simples acess\u00f3rio.\",\"breadcrumb\":{\"@id\":\"https:\/\/staging.leitao-irmao.com\/product\/anel-memoria-em-ouro-e-diamantes\/#breadcrumb\"},\"inLanguage\":\"en-GB\",\"potentialAction\":[{\"@type\":\"ReadAction\",\"target\":[\"https:\/\/staging.leitao-irmao.com\/product\/anel-memoria-em-ouro-e-diamantes\/\"]}]},{\"@type\":\"ImageObject\",\"inLanguage\":\"en-GB\",\"@id\":\"https:\/\/staging.leitao-irmao.com\/product\/anel-memoria-em-ouro-e-diamantes\/#primaryimage\",\"url\":\"https:\/\/staging.leitao-irmao.com\/wp-content\/uploads\/2023\/08\/0206374.jpg\",\"contentUrl\":\"https:\/\/staging.leitao-irmao.com\/wp-content\/uploads\/2023\/08\/0206374.jpg\",\"width\":1080,\"height\":1080,\"caption\":\"Anel mem\u00f3rias em ouro e diamantes da Leit\u00e3o & Irm\u00e3o\"},{\"@type\":\"BreadcrumbList\",\"@id\":\"https:\/\/staging.leitao-irmao.com\/product\/anel-memoria-em-ouro-e-diamantes\/#breadcrumb\",\"itemListElement\":[{\"@type\":\"ListItem\",\"position\":1,\"name\":\"Home\",\"item\":\"https:\/\/staging.leitao-irmao.com\/\"},{\"@type\":\"ListItem\",\"position\":2,\"name\":\"Produtos\",\"item\":\"https:\/\/staging.leitao-irmao.com\/shop\/\"},{\"@type\":\"ListItem\",\"position\":3,\"name\":\"Anel em ouro e diamantes | Mem\u00f3rias\"}]},{\"@type\":\"WebSite\",\"@id\":\"https:\/\/staging.leitao-irmao.com\/#website\",\"url\":\"https:\/\/staging.leitao-irmao.com\/\",\"name\":\"Leit\u00e3o & Irm\u00e3o\",\"description\":\"Joalheiros desde 1822\",\"publisher\":{\"@id\":\"https:\/\/staging.leitao-irmao.com\/#organization\"},\"potentialAction\":[{\"@type\":\"SearchAction\",\"target\":{\"@type\":\"EntryPoint\",\"urlTemplate\":\"https:\/\/staging.leitao-irmao.com\/?s={search_term_string}\"},\"query-input\":{\"@type\":\"PropertyValueSpecification\",\"valueRequired\":true,\"valueName\":\"search_term_string\"}}],\"inLanguage\":\"en-GB\"},{\"@type\":\"Organization\",\"@id\":\"https:\/\/staging.leitao-irmao.com\/#organization\",\"name\":\"Leit\u00e3o & Irm\u00e3o\",\"url\":\"https:\/\/staging.leitao-irmao.com\/\",\"logo\":{\"@type\":\"ImageObject\",\"inLanguage\":\"en-GB\",\"@id\":\"https:\/\/staging.leitao-irmao.com\/#\/schema\/logo\/image\/\",\"url\":\"https:\/\/staging.leitao-irmao.com\/wp-content\/uploads\/2022\/11\/leitaoirmao-logo.png\",\"contentUrl\":\"https:\/\/staging.leitao-irmao.com\/wp-content\/uploads\/2022\/11\/leitaoirmao-logo.png\",\"width\":426,\"height\":89,\"caption\":\"Leit\u00e3o & Irm\u00e3o\"},\"image\":{\"@id\":\"https:\/\/staging.leitao-irmao.com\/#\/schema\/logo\/image\/\"}}]}<\/script>\n<!-- \/ Yoast SEO plugin. -->","yoast_head_json":{"title":"Anel mem\u00f3rias em ouro e diamantes","description":"Apresentamos-lhe os An\u00e9is da cole\u00e7\u00e3o Mem\u00f3rias. Concebidos para capturar momentos especiais, representando mais do que um simples acess\u00f3rio.","robots":{"index":"noindex","follow":"follow","max-snippet":"max-snippet:-1","max-image-preview":"max-image-preview:large","max-video-preview":"max-video-preview:-1"},"og_locale":"en_GB","og_type":"article","og_title":"Anel mem\u00f3rias em ouro e diamantes","og_description":"Apresentamos-lhe os An\u00e9is da cole\u00e7\u00e3o Mem\u00f3rias. Concebidos para capturar momentos especiais, representando mais do que um simples acess\u00f3rio.","og_url":"https:\/\/staging.leitao-irmao.com\/en\/product\/anel-memoria-em-ouro-e-diamantes\/","og_site_name":"Leit\u00e3o &amp; Irm\u00e3o","article_modified_time":"2025-04-04T13:49:38+00:00","og_image":[{"width":1080,"height":1080,"url":"https:\/\/staging.leitao-irmao.com\/wp-content\/uploads\/2023\/08\/0206374.jpg","type":"image\/jpeg"}],"twitter_card":"summary_large_image","twitter_misc":{"Estimated reading time":"1 minute"},"schema":{"@context":"https:\/\/schema.org","@graph":[{"@type":"WebPage","@id":"https:\/\/staging.leitao-irmao.com\/product\/anel-memoria-em-ouro-e-diamantes\/","url":"https:\/\/staging.leitao-irmao.com\/product\/anel-memoria-em-ouro-e-diamantes\/","name":"Anel mem\u00f3rias em ouro e diamantes","isPartOf":{"@id":"https:\/\/staging.leitao-irmao.com\/#website"},"primaryImageOfPage":{"@id":"https:\/\/staging.leitao-irmao.com\/product\/anel-memoria-em-ouro-e-diamantes\/#primaryimage"},"image":{"@id":"https:\/\/staging.leitao-irmao.com\/product\/anel-memoria-em-ouro-e-diamantes\/#primaryimage"},"thumbnailUrl":"https:\/\/staging.leitao-irmao.com\/wp-content\/uploads\/2023\/08\/0206374.jpg","datePublished":"2023-08-18T16:17:25+00:00","dateModified":"2025-04-04T13:49:38+00:00","description":"Apresentamos-lhe os An\u00e9is da cole\u00e7\u00e3o Mem\u00f3rias. Concebidos para capturar momentos especiais, representando mais do que um simples acess\u00f3rio.","breadcrumb":{"@id":"https:\/\/staging.leitao-irmao.com\/product\/anel-memoria-em-ouro-e-diamantes\/#breadcrumb"},"inLanguage":"en-GB","potentialAction":[{"@type":"ReadAction","target":["https:\/\/staging.leitao-irmao.com\/product\/anel-memoria-em-ouro-e-diamantes\/"]}]},{"@type":"ImageObject","inLanguage":"en-GB","@id":"https:\/\/staging.leitao-irmao.com\/product\/anel-memoria-em-ouro-e-diamantes\/#primaryimage","url":"https:\/\/staging.leitao-irmao.com\/wp-content\/uploads\/2023\/08\/0206374.jpg","contentUrl":"https:\/\/staging.leitao-irmao.com\/wp-content\/uploads\/2023\/08\/0206374.jpg","width":1080,"height":1080,"caption":"Anel mem\u00f3rias em ouro e diamantes da Leit\u00e3o & Irm\u00e3o"},{"@type":"BreadcrumbList","@id":"https:\/\/staging.leitao-irmao.com\/product\/anel-memoria-em-ouro-e-diamantes\/#breadcrumb","itemListElement":[{"@type":"ListItem","position":1,"name":"Home","item":"https:\/\/staging.leitao-irmao.com\/"},{"@type":"ListItem","position":2,"name":"Produtos","item":"https:\/\/staging.leitao-irmao.com\/shop\/"},{"@type":"ListItem","position":3,"name":"Anel em ouro e diamantes | Mem\u00f3rias"}]},{"@type":"WebSite","@id":"https:\/\/staging.leitao-irmao.com\/#website","url":"https:\/\/staging.leitao-irmao.com\/","name":"Leit\u00e3o & Irm\u00e3o","description":"Joalheiros desde 1822","publisher":{"@id":"https:\/\/staging.leitao-irmao.com\/#organization"},"potentialAction":[{"@type":"SearchAction","target":{"@type":"EntryPoint","urlTemplate":"https:\/\/staging.leitao-irmao.com\/?s={search_term_string}"},"query-input":{"@type":"PropertyValueSpecification","valueRequired":true,"valueName":"search_term_string"}}],"inLanguage":"en-GB"},{"@type":"Organization","@id":"https:\/\/staging.leitao-irmao.com\/#organization","name":"Leit\u00e3o & Irm\u00e3o","url":"https:\/\/staging.leitao-irmao.com\/","logo":{"@type":"ImageObject","inLanguage":"en-GB","@id":"https:\/\/staging.leitao-irmao.com\/#\/schema\/logo\/image\/","url":"https:\/\/staging.leitao-irmao.com\/wp-content\/uploads\/2022\/11\/leitaoirmao-logo.png","contentUrl":"https:\/\/staging.leitao-irmao.com\/wp-content\/uploads\/2022\/11\/leitaoirmao-logo.png","width":426,"height":89,"caption":"Leit\u00e3o & Irm\u00e3o"},"image":{"@id":"https:\/\/staging.leitao-irmao.com\/#\/schema\/logo\/image\/"}}]}},"_links":{"self":[{"href":"https:\/\/staging.leitao-irmao.com\/en\/wp-json\/wp\/v2\/product\/16487","targetHints":{"allow":["GET"]}}],"collection":[{"href":"https:\/\/staging.leitao-irmao.com\/en\/wp-json\/wp\/v2\/product"}],"about":[{"href":"https:\/\/staging.leitao-irmao.com\/en\/wp-json\/wp\/v2\/types\/product"}],"version-history":[{"count":0,"href":"https:\/\/staging.leitao-irmao.com\/en\/wp-json\/wp\/v2\/product\/16487\/revisions"}],"wp:featuredmedia":[{"embeddable":true,"href":"https:\/\/staging.leitao-irmao.com\/en\/wp-json\/wp\/v2\/media\/16495"}],"wp:attachment":[{"href":"https:\/\/staging.leitao-irmao.com\/en\/wp-json\/wp\/v2\/media?parent=16487"}],"wp:term":[{"taxonomy":"product_brand","embeddable":true,"href":"https:\/\/staging.leitao-irmao.com\/en\/wp-json\/wp\/v2\/product_brand?post=16487"},{"taxonomy":"product_cat","embeddable":true,"href":"https:\/\/staging.leitao-irmao.com\/en\/wp-json\/wp\/v2\/product_cat?post=16487"},{"taxonomy":"product_tag","embeddable":true,"href":"https:\/\/staging.leitao-irmao.com\/en\/wp-json\/wp\/v2\/product_tag?post=16487"}],"curies":[{"name":"wp","href":"https:\/\/api.w.org\/{rel}","templated":true}]}}