{"id":17531,"date":"2023-09-08T16:04:43","date_gmt":"2023-09-08T16:04:43","guid":{"rendered":"https:\/\/www.leitao-irmao.com\/?post_type=product&#038;p=17531"},"modified":"2025-01-06T12:57:04","modified_gmt":"2025-01-06T12:57:04","slug":"colher-de-refresco-em-prata-modelo-coracao","status":"publish","type":"product","link":"https:\/\/staging.leitao-irmao.com\/en\/product\/colher-de-refresco-em-prata-modelo-coracao\/","title":{"rendered":"Refreshment spoon in silver | Heart model"},"content":{"rendered":"","protected":false},"excerpt":{"rendered":"<p>The Heart Silver Refreshment Spoon is a piece that combines the timeless beauty of silver with a romantic design. Elevate your experience of serving and savouring drinks with Leit\u00e3o &amp; Irm\u00e3o.<\/p>","protected":false},"featured_media":17532,"template":"","meta":{"_acf_changed":false},"product_brand":[],"product_cat":[78,70,74,136,123,72],"product_tag":[270],"class_list":{"0":"post-17531","1":"product","2":"type-product","3":"status-publish","4":"has-post-thumbnail","6":"product_cat-bar-drinkware","7":"product_cat-casa-e-decoracao","8":"product_cat-decoracao","9":"product_cat-pascoa","10":"product_cat-presentes-entre-150e-a-500e","11":"product_cat-tableware-and-dinnerware","12":"product_tag-prata","14":"first","15":"instock","16":"shipping-taxable","17":"purchasable","18":"product-type-simple"},"acf":[],"yoast_head":"<!-- This site is optimized with the Yoast SEO plugin v25.4 - https:\/\/yoast.com\/wordpress\/plugins\/seo\/ -->\n<title>colher de refresco em prata<\/title>\n<meta name=\"description\" content=\"A Colher de Refresco em Prata no modelo Cora\u00e7\u00e3o \u00e9 uma pe\u00e7a que combina a beleza atemporal da prata com um design rom\u00e2ntico.\" \/>\n<meta name=\"robots\" content=\"noindex, follow, max-snippet:-1, max-image-preview:large, max-video-preview:-1\" \/>\n<meta property=\"og:locale\" content=\"en_GB\" \/>\n<meta property=\"og:type\" content=\"article\" \/>\n<meta property=\"og:title\" content=\"colher de refresco em prata\" \/>\n<meta property=\"og:description\" content=\"A Colher de Refresco em Prata no modelo Cora\u00e7\u00e3o \u00e9 uma pe\u00e7a que combina a beleza atemporal da prata com um design rom\u00e2ntico.\" \/>\n<meta property=\"og:url\" content=\"https:\/\/staging.leitao-irmao.com\/en\/product\/colher-de-refresco-em-prata-modelo-coracao\/\" \/>\n<meta property=\"og:site_name\" content=\"Leit\u00e3o &amp; Irm\u00e3o\" \/>\n<meta property=\"article:modified_time\" content=\"2025-01-06T12:57:04+00:00\" \/>\n<meta property=\"og:image\" content=\"https:\/\/staging.leitao-irmao.com\/wp-content\/uploads\/2023\/09\/0534012.jpg\" \/>\n\t<meta property=\"og:image:width\" content=\"1000\" \/>\n\t<meta property=\"og:image:height\" content=\"1000\" \/>\n\t<meta property=\"og:image:type\" content=\"image\/jpeg\" \/>\n<meta name=\"twitter:card\" content=\"summary_large_image\" \/>\n<meta name=\"twitter:label1\" content=\"Estimated reading time\" \/>\n\t<meta name=\"twitter:data1\" content=\"1 minute\" \/>\n<script type=\"application\/ld+json\" class=\"yoast-schema-graph\">{\"@context\":\"https:\/\/schema.org\",\"@graph\":[{\"@type\":\"WebPage\",\"@id\":\"https:\/\/staging.leitao-irmao.com\/product\/colher-de-refresco-em-prata-modelo-coracao\/\",\"url\":\"https:\/\/staging.leitao-irmao.com\/product\/colher-de-refresco-em-prata-modelo-coracao\/\",\"name\":\"colher de refresco em prata\",\"isPartOf\":{\"@id\":\"https:\/\/staging.leitao-irmao.com\/#website\"},\"primaryImageOfPage\":{\"@id\":\"https:\/\/staging.leitao-irmao.com\/product\/colher-de-refresco-em-prata-modelo-coracao\/#primaryimage\"},\"image\":{\"@id\":\"https:\/\/staging.leitao-irmao.com\/product\/colher-de-refresco-em-prata-modelo-coracao\/#primaryimage\"},\"thumbnailUrl\":\"https:\/\/staging.leitao-irmao.com\/wp-content\/uploads\/2023\/09\/0534012.jpg\",\"datePublished\":\"2023-09-08T16:04:43+00:00\",\"dateModified\":\"2025-01-06T12:57:04+00:00\",\"description\":\"A Colher de Refresco em Prata no modelo Cora\u00e7\u00e3o \u00e9 uma pe\u00e7a que combina a beleza atemporal da prata com um design rom\u00e2ntico.\",\"breadcrumb\":{\"@id\":\"https:\/\/staging.leitao-irmao.com\/product\/colher-de-refresco-em-prata-modelo-coracao\/#breadcrumb\"},\"inLanguage\":\"en-GB\",\"potentialAction\":[{\"@type\":\"ReadAction\",\"target\":[\"https:\/\/staging.leitao-irmao.com\/product\/colher-de-refresco-em-prata-modelo-coracao\/\"]}]},{\"@type\":\"ImageObject\",\"inLanguage\":\"en-GB\",\"@id\":\"https:\/\/staging.leitao-irmao.com\/product\/colher-de-refresco-em-prata-modelo-coracao\/#primaryimage\",\"url\":\"https:\/\/staging.leitao-irmao.com\/wp-content\/uploads\/2023\/09\/0534012.jpg\",\"contentUrl\":\"https:\/\/staging.leitao-irmao.com\/wp-content\/uploads\/2023\/09\/0534012.jpg\",\"width\":1000,\"height\":1000,\"caption\":\"Colher de refresco em prata modelo cora\u00e7\u00e3o da Leit\u00e3o & Irm\u00e3o\"},{\"@type\":\"BreadcrumbList\",\"@id\":\"https:\/\/staging.leitao-irmao.com\/product\/colher-de-refresco-em-prata-modelo-coracao\/#breadcrumb\",\"itemListElement\":[{\"@type\":\"ListItem\",\"position\":1,\"name\":\"Home\",\"item\":\"https:\/\/staging.leitao-irmao.com\/\"},{\"@type\":\"ListItem\",\"position\":2,\"name\":\"Produtos\",\"item\":\"https:\/\/staging.leitao-irmao.com\/shop\/\"},{\"@type\":\"ListItem\",\"position\":3,\"name\":\"Colher de Refresco em prata | Modelo Cora\u00e7\u00e3o\"}]},{\"@type\":\"WebSite\",\"@id\":\"https:\/\/staging.leitao-irmao.com\/#website\",\"url\":\"https:\/\/staging.leitao-irmao.com\/\",\"name\":\"Leit\u00e3o & Irm\u00e3o\",\"description\":\"Joalheiros desde 1822\",\"publisher\":{\"@id\":\"https:\/\/staging.leitao-irmao.com\/#organization\"},\"potentialAction\":[{\"@type\":\"SearchAction\",\"target\":{\"@type\":\"EntryPoint\",\"urlTemplate\":\"https:\/\/staging.leitao-irmao.com\/?s={search_term_string}\"},\"query-input\":{\"@type\":\"PropertyValueSpecification\",\"valueRequired\":true,\"valueName\":\"search_term_string\"}}],\"inLanguage\":\"en-GB\"},{\"@type\":\"Organization\",\"@id\":\"https:\/\/staging.leitao-irmao.com\/#organization\",\"name\":\"Leit\u00e3o & Irm\u00e3o\",\"url\":\"https:\/\/staging.leitao-irmao.com\/\",\"logo\":{\"@type\":\"ImageObject\",\"inLanguage\":\"en-GB\",\"@id\":\"https:\/\/staging.leitao-irmao.com\/#\/schema\/logo\/image\/\",\"url\":\"https:\/\/staging.leitao-irmao.com\/wp-content\/uploads\/2022\/11\/leitaoirmao-logo.png\",\"contentUrl\":\"https:\/\/staging.leitao-irmao.com\/wp-content\/uploads\/2022\/11\/leitaoirmao-logo.png\",\"width\":426,\"height\":89,\"caption\":\"Leit\u00e3o & Irm\u00e3o\"},\"image\":{\"@id\":\"https:\/\/staging.leitao-irmao.com\/#\/schema\/logo\/image\/\"}}]}<\/script>\n<!-- \/ Yoast SEO plugin. -->","yoast_head_json":{"title":"colher de refresco em prata","description":"A Colher de Refresco em Prata no modelo Cora\u00e7\u00e3o \u00e9 uma pe\u00e7a que combina a beleza atemporal da prata com um design rom\u00e2ntico.","robots":{"index":"noindex","follow":"follow","max-snippet":"max-snippet:-1","max-image-preview":"max-image-preview:large","max-video-preview":"max-video-preview:-1"},"og_locale":"en_GB","og_type":"article","og_title":"colher de refresco em prata","og_description":"A Colher de Refresco em Prata no modelo Cora\u00e7\u00e3o \u00e9 uma pe\u00e7a que combina a beleza atemporal da prata com um design rom\u00e2ntico.","og_url":"https:\/\/staging.leitao-irmao.com\/en\/product\/colher-de-refresco-em-prata-modelo-coracao\/","og_site_name":"Leit\u00e3o &amp; Irm\u00e3o","article_modified_time":"2025-01-06T12:57:04+00:00","og_image":[{"width":1000,"height":1000,"url":"https:\/\/staging.leitao-irmao.com\/wp-content\/uploads\/2023\/09\/0534012.jpg","type":"image\/jpeg"}],"twitter_card":"summary_large_image","twitter_misc":{"Estimated reading time":"1 minute"},"schema":{"@context":"https:\/\/schema.org","@graph":[{"@type":"WebPage","@id":"https:\/\/staging.leitao-irmao.com\/product\/colher-de-refresco-em-prata-modelo-coracao\/","url":"https:\/\/staging.leitao-irmao.com\/product\/colher-de-refresco-em-prata-modelo-coracao\/","name":"colher de refresco em prata","isPartOf":{"@id":"https:\/\/staging.leitao-irmao.com\/#website"},"primaryImageOfPage":{"@id":"https:\/\/staging.leitao-irmao.com\/product\/colher-de-refresco-em-prata-modelo-coracao\/#primaryimage"},"image":{"@id":"https:\/\/staging.leitao-irmao.com\/product\/colher-de-refresco-em-prata-modelo-coracao\/#primaryimage"},"thumbnailUrl":"https:\/\/staging.leitao-irmao.com\/wp-content\/uploads\/2023\/09\/0534012.jpg","datePublished":"2023-09-08T16:04:43+00:00","dateModified":"2025-01-06T12:57:04+00:00","description":"A Colher de Refresco em Prata no modelo Cora\u00e7\u00e3o \u00e9 uma pe\u00e7a que combina a beleza atemporal da prata com um design rom\u00e2ntico.","breadcrumb":{"@id":"https:\/\/staging.leitao-irmao.com\/product\/colher-de-refresco-em-prata-modelo-coracao\/#breadcrumb"},"inLanguage":"en-GB","potentialAction":[{"@type":"ReadAction","target":["https:\/\/staging.leitao-irmao.com\/product\/colher-de-refresco-em-prata-modelo-coracao\/"]}]},{"@type":"ImageObject","inLanguage":"en-GB","@id":"https:\/\/staging.leitao-irmao.com\/product\/colher-de-refresco-em-prata-modelo-coracao\/#primaryimage","url":"https:\/\/staging.leitao-irmao.com\/wp-content\/uploads\/2023\/09\/0534012.jpg","contentUrl":"https:\/\/staging.leitao-irmao.com\/wp-content\/uploads\/2023\/09\/0534012.jpg","width":1000,"height":1000,"caption":"Colher de refresco em prata modelo cora\u00e7\u00e3o da Leit\u00e3o & Irm\u00e3o"},{"@type":"BreadcrumbList","@id":"https:\/\/staging.leitao-irmao.com\/product\/colher-de-refresco-em-prata-modelo-coracao\/#breadcrumb","itemListElement":[{"@type":"ListItem","position":1,"name":"Home","item":"https:\/\/staging.leitao-irmao.com\/"},{"@type":"ListItem","position":2,"name":"Produtos","item":"https:\/\/staging.leitao-irmao.com\/shop\/"},{"@type":"ListItem","position":3,"name":"Colher de Refresco em prata | Modelo Cora\u00e7\u00e3o"}]},{"@type":"WebSite","@id":"https:\/\/staging.leitao-irmao.com\/#website","url":"https:\/\/staging.leitao-irmao.com\/","name":"Leit\u00e3o & Irm\u00e3o","description":"Joalheiros desde 1822","publisher":{"@id":"https:\/\/staging.leitao-irmao.com\/#organization"},"potentialAction":[{"@type":"SearchAction","target":{"@type":"EntryPoint","urlTemplate":"https:\/\/staging.leitao-irmao.com\/?s={search_term_string}"},"query-input":{"@type":"PropertyValueSpecification","valueRequired":true,"valueName":"search_term_string"}}],"inLanguage":"en-GB"},{"@type":"Organization","@id":"https:\/\/staging.leitao-irmao.com\/#organization","name":"Leit\u00e3o & Irm\u00e3o","url":"https:\/\/staging.leitao-irmao.com\/","logo":{"@type":"ImageObject","inLanguage":"en-GB","@id":"https:\/\/staging.leitao-irmao.com\/#\/schema\/logo\/image\/","url":"https:\/\/staging.leitao-irmao.com\/wp-content\/uploads\/2022\/11\/leitaoirmao-logo.png","contentUrl":"https:\/\/staging.leitao-irmao.com\/wp-content\/uploads\/2022\/11\/leitaoirmao-logo.png","width":426,"height":89,"caption":"Leit\u00e3o & Irm\u00e3o"},"image":{"@id":"https:\/\/staging.leitao-irmao.com\/#\/schema\/logo\/image\/"}}]}},"_links":{"self":[{"href":"https:\/\/staging.leitao-irmao.com\/en\/wp-json\/wp\/v2\/product\/17531","targetHints":{"allow":["GET"]}}],"collection":[{"href":"https:\/\/staging.leitao-irmao.com\/en\/wp-json\/wp\/v2\/product"}],"about":[{"href":"https:\/\/staging.leitao-irmao.com\/en\/wp-json\/wp\/v2\/types\/product"}],"version-history":[{"count":0,"href":"https:\/\/staging.leitao-irmao.com\/en\/wp-json\/wp\/v2\/product\/17531\/revisions"}],"wp:featuredmedia":[{"embeddable":true,"href":"https:\/\/staging.leitao-irmao.com\/en\/wp-json\/wp\/v2\/media\/17532"}],"wp:attachment":[{"href":"https:\/\/staging.leitao-irmao.com\/en\/wp-json\/wp\/v2\/media?parent=17531"}],"wp:term":[{"taxonomy":"product_brand","embeddable":true,"href":"https:\/\/staging.leitao-irmao.com\/en\/wp-json\/wp\/v2\/product_brand?post=17531"},{"taxonomy":"product_cat","embeddable":true,"href":"https:\/\/staging.leitao-irmao.com\/en\/wp-json\/wp\/v2\/product_cat?post=17531"},{"taxonomy":"product_tag","embeddable":true,"href":"https:\/\/staging.leitao-irmao.com\/en\/wp-json\/wp\/v2\/product_tag?post=17531"}],"curies":[{"name":"wp","href":"https:\/\/api.w.org\/{rel}","templated":true}]}}