{"id":18586,"date":"2023-10-02T09:09:03","date_gmt":"2023-10-02T09:09:03","guid":{"rendered":"https:\/\/www.leitao-irmao.com\/?post_type=product&#038;p=18586"},"modified":"2025-04-15T11:51:18","modified_gmt":"2025-04-15T10:51:18","slug":"anel-tres-em-um-em-ouro-branco-e-diamantes-memory-jewels","status":"publish","type":"product","link":"https:\/\/staging.leitao-irmao.com\/en\/product\/anel-tres-em-um-em-ouro-branco-e-diamantes-memory-jewels\/","title":{"rendered":"Three-in-one ring in white gold and diamonds | Memory Jewels"},"content":{"rendered":"","protected":false},"excerpt":{"rendered":"<p><b>The first diamond with its message engraved forever.<\/b><\/p>\n<p>The main diamond has a QR Code that will allow you, via the HRD Antwerp APP, to eternalise and access your unique moments such as images, music and films.<\/p>\n<p>The ring is a versatile piece that can be worn in three different ways. A ring that adapts to you.<\/p>","protected":false},"featured_media":18600,"template":"","meta":{"_acf_changed":false},"product_brand":[],"product_cat":[82,79,251,141,127,496],"product_tag":[275,278,272],"class_list":{"0":"post-18586","1":"product","2":"type-product","3":"status-publish","4":"has-post-thumbnail","6":"product_cat-aneis","7":"product_cat-joalharia","8":"product_cat-memory-jewels","9":"product_cat-para-ela","10":"product_cat-presentes-entre-5000e-a-10000e","11":"product_cat-sem-desconto","12":"product_tag-diamantes","13":"product_tag-mulher","14":"product_tag-ouro-branco","16":"first","17":"onbackorder","18":"shipping-taxable","19":"purchasable","20":"product-type-variable"},"acf":[],"yoast_head":"<!-- This site is optimized with the Yoast SEO plugin v25.4 - https:\/\/yoast.com\/wordpress\/plugins\/seo\/ -->\n<title>Anel tr\u00eas em um em ouro<\/title>\n<meta name=\"description\" content=\"O primeiro diamante com a sua mensagem gravada para sempre. O diamante principal disp\u00f5e de um QR Code que ir\u00e1 permitir eternizar os seus momentos \u00fanicos.\" \/>\n<meta name=\"robots\" content=\"noindex, follow, max-snippet:-1, max-image-preview:large, max-video-preview:-1\" \/>\n<meta property=\"og:locale\" content=\"en_GB\" \/>\n<meta property=\"og:type\" content=\"article\" \/>\n<meta property=\"og:title\" content=\"Anel tr\u00eas em um em ouro\" \/>\n<meta property=\"og:description\" content=\"O primeiro diamante com a sua mensagem gravada para sempre. O diamante principal disp\u00f5e de um QR Code que ir\u00e1 permitir eternizar os seus momentos \u00fanicos.\" \/>\n<meta property=\"og:url\" content=\"https:\/\/staging.leitao-irmao.com\/en\/product\/anel-tres-em-um-em-ouro-branco-e-diamantes-memory-jewels\/\" \/>\n<meta property=\"og:site_name\" content=\"Leit\u00e3o &amp; Irm\u00e3o\" \/>\n<meta property=\"article:modified_time\" content=\"2025-04-15T10:51:18+00:00\" \/>\n<meta property=\"og:image\" content=\"https:\/\/staging.leitao-irmao.com\/wp-content\/uploads\/2023\/10\/anel_memory_jewels_ouro_-branco_01.jpg\" \/>\n\t<meta property=\"og:image:width\" content=\"1080\" \/>\n\t<meta property=\"og:image:height\" content=\"1080\" \/>\n\t<meta property=\"og:image:type\" content=\"image\/jpeg\" \/>\n<meta name=\"twitter:card\" content=\"summary_large_image\" \/>\n<meta name=\"twitter:label1\" content=\"Estimated reading time\" \/>\n\t<meta name=\"twitter:data1\" content=\"1 minute\" \/>\n<script type=\"application\/ld+json\" class=\"yoast-schema-graph\">{\"@context\":\"https:\/\/schema.org\",\"@graph\":[{\"@type\":\"WebPage\",\"@id\":\"https:\/\/staging.leitao-irmao.com\/product\/anel-tres-em-um-em-ouro-branco-e-diamantes-memory-jewels\/\",\"url\":\"https:\/\/staging.leitao-irmao.com\/product\/anel-tres-em-um-em-ouro-branco-e-diamantes-memory-jewels\/\",\"name\":\"Anel tr\u00eas em um em ouro\",\"isPartOf\":{\"@id\":\"https:\/\/staging.leitao-irmao.com\/#website\"},\"primaryImageOfPage\":{\"@id\":\"https:\/\/staging.leitao-irmao.com\/product\/anel-tres-em-um-em-ouro-branco-e-diamantes-memory-jewels\/#primaryimage\"},\"image\":{\"@id\":\"https:\/\/staging.leitao-irmao.com\/product\/anel-tres-em-um-em-ouro-branco-e-diamantes-memory-jewels\/#primaryimage\"},\"thumbnailUrl\":\"https:\/\/staging.leitao-irmao.com\/wp-content\/uploads\/2023\/10\/anel_memory_jewels_ouro_-branco_01.jpg\",\"datePublished\":\"2023-10-02T09:09:03+00:00\",\"dateModified\":\"2025-04-15T10:51:18+00:00\",\"description\":\"O primeiro diamante com a sua mensagem gravada para sempre. O diamante principal disp\u00f5e de um QR Code que ir\u00e1 permitir eternizar os seus momentos \u00fanicos.\",\"breadcrumb\":{\"@id\":\"https:\/\/staging.leitao-irmao.com\/product\/anel-tres-em-um-em-ouro-branco-e-diamantes-memory-jewels\/#breadcrumb\"},\"inLanguage\":\"en-GB\",\"potentialAction\":[{\"@type\":\"ReadAction\",\"target\":[\"https:\/\/staging.leitao-irmao.com\/product\/anel-tres-em-um-em-ouro-branco-e-diamantes-memory-jewels\/\"]}]},{\"@type\":\"ImageObject\",\"inLanguage\":\"en-GB\",\"@id\":\"https:\/\/staging.leitao-irmao.com\/product\/anel-tres-em-um-em-ouro-branco-e-diamantes-memory-jewels\/#primaryimage\",\"url\":\"https:\/\/staging.leitao-irmao.com\/wp-content\/uploads\/2023\/10\/anel_memory_jewels_ouro_-branco_01.jpg\",\"contentUrl\":\"https:\/\/staging.leitao-irmao.com\/wp-content\/uploads\/2023\/10\/anel_memory_jewels_ouro_-branco_01.jpg\",\"width\":1080,\"height\":1080,\"caption\":\"Anel 3 em 1 memory jewels em ouro branco e diamantes da Leit\u00e3o & Irm\u00e3o\"},{\"@type\":\"BreadcrumbList\",\"@id\":\"https:\/\/staging.leitao-irmao.com\/product\/anel-tres-em-um-em-ouro-branco-e-diamantes-memory-jewels\/#breadcrumb\",\"itemListElement\":[{\"@type\":\"ListItem\",\"position\":1,\"name\":\"Home\",\"item\":\"https:\/\/staging.leitao-irmao.com\/\"},{\"@type\":\"ListItem\",\"position\":2,\"name\":\"Produtos\",\"item\":\"https:\/\/staging.leitao-irmao.com\/shop\/\"},{\"@type\":\"ListItem\",\"position\":3,\"name\":\"Anel Tr\u00eas em Um em ouro branco e diamantes | Memory Jewels\"}]},{\"@type\":\"WebSite\",\"@id\":\"https:\/\/staging.leitao-irmao.com\/#website\",\"url\":\"https:\/\/staging.leitao-irmao.com\/\",\"name\":\"Leit\u00e3o & Irm\u00e3o\",\"description\":\"Joalheiros desde 1822\",\"publisher\":{\"@id\":\"https:\/\/staging.leitao-irmao.com\/#organization\"},\"potentialAction\":[{\"@type\":\"SearchAction\",\"target\":{\"@type\":\"EntryPoint\",\"urlTemplate\":\"https:\/\/staging.leitao-irmao.com\/?s={search_term_string}\"},\"query-input\":{\"@type\":\"PropertyValueSpecification\",\"valueRequired\":true,\"valueName\":\"search_term_string\"}}],\"inLanguage\":\"en-GB\"},{\"@type\":\"Organization\",\"@id\":\"https:\/\/staging.leitao-irmao.com\/#organization\",\"name\":\"Leit\u00e3o & Irm\u00e3o\",\"url\":\"https:\/\/staging.leitao-irmao.com\/\",\"logo\":{\"@type\":\"ImageObject\",\"inLanguage\":\"en-GB\",\"@id\":\"https:\/\/staging.leitao-irmao.com\/#\/schema\/logo\/image\/\",\"url\":\"https:\/\/staging.leitao-irmao.com\/wp-content\/uploads\/2022\/11\/leitaoirmao-logo.png\",\"contentUrl\":\"https:\/\/staging.leitao-irmao.com\/wp-content\/uploads\/2022\/11\/leitaoirmao-logo.png\",\"width\":426,\"height\":89,\"caption\":\"Leit\u00e3o & Irm\u00e3o\"},\"image\":{\"@id\":\"https:\/\/staging.leitao-irmao.com\/#\/schema\/logo\/image\/\"}}]}<\/script>\n<!-- \/ Yoast SEO plugin. -->","yoast_head_json":{"title":"Anel tr\u00eas em um em ouro","description":"O primeiro diamante com a sua mensagem gravada para sempre. O diamante principal disp\u00f5e de um QR Code que ir\u00e1 permitir eternizar os seus momentos \u00fanicos.","robots":{"index":"noindex","follow":"follow","max-snippet":"max-snippet:-1","max-image-preview":"max-image-preview:large","max-video-preview":"max-video-preview:-1"},"og_locale":"en_GB","og_type":"article","og_title":"Anel tr\u00eas em um em ouro","og_description":"O primeiro diamante com a sua mensagem gravada para sempre. O diamante principal disp\u00f5e de um QR Code que ir\u00e1 permitir eternizar os seus momentos \u00fanicos.","og_url":"https:\/\/staging.leitao-irmao.com\/en\/product\/anel-tres-em-um-em-ouro-branco-e-diamantes-memory-jewels\/","og_site_name":"Leit\u00e3o &amp; Irm\u00e3o","article_modified_time":"2025-04-15T10:51:18+00:00","og_image":[{"width":1080,"height":1080,"url":"https:\/\/staging.leitao-irmao.com\/wp-content\/uploads\/2023\/10\/anel_memory_jewels_ouro_-branco_01.jpg","type":"image\/jpeg"}],"twitter_card":"summary_large_image","twitter_misc":{"Estimated reading time":"1 minute"},"schema":{"@context":"https:\/\/schema.org","@graph":[{"@type":"WebPage","@id":"https:\/\/staging.leitao-irmao.com\/product\/anel-tres-em-um-em-ouro-branco-e-diamantes-memory-jewels\/","url":"https:\/\/staging.leitao-irmao.com\/product\/anel-tres-em-um-em-ouro-branco-e-diamantes-memory-jewels\/","name":"Anel tr\u00eas em um em ouro","isPartOf":{"@id":"https:\/\/staging.leitao-irmao.com\/#website"},"primaryImageOfPage":{"@id":"https:\/\/staging.leitao-irmao.com\/product\/anel-tres-em-um-em-ouro-branco-e-diamantes-memory-jewels\/#primaryimage"},"image":{"@id":"https:\/\/staging.leitao-irmao.com\/product\/anel-tres-em-um-em-ouro-branco-e-diamantes-memory-jewels\/#primaryimage"},"thumbnailUrl":"https:\/\/staging.leitao-irmao.com\/wp-content\/uploads\/2023\/10\/anel_memory_jewels_ouro_-branco_01.jpg","datePublished":"2023-10-02T09:09:03+00:00","dateModified":"2025-04-15T10:51:18+00:00","description":"O primeiro diamante com a sua mensagem gravada para sempre. O diamante principal disp\u00f5e de um QR Code que ir\u00e1 permitir eternizar os seus momentos \u00fanicos.","breadcrumb":{"@id":"https:\/\/staging.leitao-irmao.com\/product\/anel-tres-em-um-em-ouro-branco-e-diamantes-memory-jewels\/#breadcrumb"},"inLanguage":"en-GB","potentialAction":[{"@type":"ReadAction","target":["https:\/\/staging.leitao-irmao.com\/product\/anel-tres-em-um-em-ouro-branco-e-diamantes-memory-jewels\/"]}]},{"@type":"ImageObject","inLanguage":"en-GB","@id":"https:\/\/staging.leitao-irmao.com\/product\/anel-tres-em-um-em-ouro-branco-e-diamantes-memory-jewels\/#primaryimage","url":"https:\/\/staging.leitao-irmao.com\/wp-content\/uploads\/2023\/10\/anel_memory_jewels_ouro_-branco_01.jpg","contentUrl":"https:\/\/staging.leitao-irmao.com\/wp-content\/uploads\/2023\/10\/anel_memory_jewels_ouro_-branco_01.jpg","width":1080,"height":1080,"caption":"Anel 3 em 1 memory jewels em ouro branco e diamantes da Leit\u00e3o & Irm\u00e3o"},{"@type":"BreadcrumbList","@id":"https:\/\/staging.leitao-irmao.com\/product\/anel-tres-em-um-em-ouro-branco-e-diamantes-memory-jewels\/#breadcrumb","itemListElement":[{"@type":"ListItem","position":1,"name":"Home","item":"https:\/\/staging.leitao-irmao.com\/"},{"@type":"ListItem","position":2,"name":"Produtos","item":"https:\/\/staging.leitao-irmao.com\/shop\/"},{"@type":"ListItem","position":3,"name":"Anel Tr\u00eas em Um em ouro branco e diamantes | Memory Jewels"}]},{"@type":"WebSite","@id":"https:\/\/staging.leitao-irmao.com\/#website","url":"https:\/\/staging.leitao-irmao.com\/","name":"Leit\u00e3o & Irm\u00e3o","description":"Joalheiros desde 1822","publisher":{"@id":"https:\/\/staging.leitao-irmao.com\/#organization"},"potentialAction":[{"@type":"SearchAction","target":{"@type":"EntryPoint","urlTemplate":"https:\/\/staging.leitao-irmao.com\/?s={search_term_string}"},"query-input":{"@type":"PropertyValueSpecification","valueRequired":true,"valueName":"search_term_string"}}],"inLanguage":"en-GB"},{"@type":"Organization","@id":"https:\/\/staging.leitao-irmao.com\/#organization","name":"Leit\u00e3o & Irm\u00e3o","url":"https:\/\/staging.leitao-irmao.com\/","logo":{"@type":"ImageObject","inLanguage":"en-GB","@id":"https:\/\/staging.leitao-irmao.com\/#\/schema\/logo\/image\/","url":"https:\/\/staging.leitao-irmao.com\/wp-content\/uploads\/2022\/11\/leitaoirmao-logo.png","contentUrl":"https:\/\/staging.leitao-irmao.com\/wp-content\/uploads\/2022\/11\/leitaoirmao-logo.png","width":426,"height":89,"caption":"Leit\u00e3o & Irm\u00e3o"},"image":{"@id":"https:\/\/staging.leitao-irmao.com\/#\/schema\/logo\/image\/"}}]}},"_links":{"self":[{"href":"https:\/\/staging.leitao-irmao.com\/en\/wp-json\/wp\/v2\/product\/18586","targetHints":{"allow":["GET"]}}],"collection":[{"href":"https:\/\/staging.leitao-irmao.com\/en\/wp-json\/wp\/v2\/product"}],"about":[{"href":"https:\/\/staging.leitao-irmao.com\/en\/wp-json\/wp\/v2\/types\/product"}],"version-history":[{"count":0,"href":"https:\/\/staging.leitao-irmao.com\/en\/wp-json\/wp\/v2\/product\/18586\/revisions"}],"wp:featuredmedia":[{"embeddable":true,"href":"https:\/\/staging.leitao-irmao.com\/en\/wp-json\/wp\/v2\/media\/18600"}],"wp:attachment":[{"href":"https:\/\/staging.leitao-irmao.com\/en\/wp-json\/wp\/v2\/media?parent=18586"}],"wp:term":[{"taxonomy":"product_brand","embeddable":true,"href":"https:\/\/staging.leitao-irmao.com\/en\/wp-json\/wp\/v2\/product_brand?post=18586"},{"taxonomy":"product_cat","embeddable":true,"href":"https:\/\/staging.leitao-irmao.com\/en\/wp-json\/wp\/v2\/product_cat?post=18586"},{"taxonomy":"product_tag","embeddable":true,"href":"https:\/\/staging.leitao-irmao.com\/en\/wp-json\/wp\/v2\/product_tag?post=18586"}],"curies":[{"name":"wp","href":"https:\/\/api.w.org\/{rel}","templated":true}]}}