{"id":18799,"date":"2023-10-03T16:41:09","date_gmt":"2023-10-03T16:41:09","guid":{"rendered":"https:\/\/www.leitao-irmao.com\/?post_type=product&#038;p=18799"},"modified":"2024-04-29T16:18:00","modified_gmt":"2024-04-29T16:18:00","slug":"gift-card-12","status":"publish","type":"product","link":"https:\/\/staging.leitao-irmao.com\/en\/product\/gift-card-12\/","title":{"rendered":"Gift Card"},"content":{"rendered":"","protected":false},"excerpt":{"rendered":"<p>Digital gift card, worth \u20ac100, with a unique code that can be used in any Leit\u00e3o &amp; Irm\u00e3o physical shop, or in the online shop, in the \"Discount Coupon\" field.<\/p>\n<p>After purchase, you will receive a PDF with the card and unique code in your email.<\/p>\n<p>The card is for single use only and can only be used for purchases equal to or greater than the value of the gift card.<\/p>","protected":false},"featured_media":5071,"template":"","meta":{"_acf_changed":false},"product_brand":[],"product_cat":[449],"product_tag":[],"class_list":{"0":"post-18799","1":"product","2":"type-product","3":"status-publish","4":"has-post-thumbnail","6":"product_cat-gift-cards","8":"first","9":"instock","10":"downloadable","11":"virtual","12":"purchasable","13":"product-type-simple"},"acf":[],"yoast_head":"<!-- This site is optimized with the Yoast SEO plugin v25.4 - https:\/\/yoast.com\/wordpress\/plugins\/seo\/ -->\n<title>Gift Card | Leit\u00e3o &amp; Irm\u00e3o<\/title>\n<meta name=\"description\" content=\"O Gift Card da Leit\u00e3o &amp; Irm\u00e3o \u00e9 a solu\u00e7\u00e3o perfeita para quem procura um presente sofisticado e requintado, que ir\u00e1 impressionar os mais exigentes.\" \/>\n<meta name=\"robots\" content=\"noindex, follow, max-snippet:-1, max-image-preview:large, max-video-preview:-1\" \/>\n<meta property=\"og:locale\" content=\"en_GB\" \/>\n<meta property=\"og:type\" content=\"article\" \/>\n<meta property=\"og:title\" content=\"Gift Card Leit\u00e3o &amp; Irm\u00e3o\" \/>\n<meta property=\"og:description\" content=\"N\u00e3o sabe o que oferecer? O Gift Card da Leit\u00e3o &amp; Irm\u00e3o \u00e9 a solu\u00e7\u00e3o perfeita para quem procura um presente sofisticado e requintado, que ir\u00e1 impressionar os mais exigentes.\" \/>\n<meta property=\"og:url\" content=\"https:\/\/staging.leitao-irmao.com\/en\/product\/gift-card-12\/\" \/>\n<meta property=\"og:site_name\" content=\"Leit\u00e3o &amp; Irm\u00e3o\" \/>\n<meta property=\"article:modified_time\" content=\"2024-04-29T16:18:00+00:00\" \/>\n<meta property=\"og:image\" content=\"https:\/\/staging.leitao-irmao.com\/wp-content\/uploads\/2023\/05\/Gift-card-100.jpeg\" \/>\n\t<meta property=\"og:image:width\" content=\"400\" \/>\n\t<meta property=\"og:image:height\" content=\"400\" \/>\n\t<meta property=\"og:image:type\" content=\"image\/jpeg\" \/>\n<meta name=\"twitter:card\" content=\"summary_large_image\" \/>\n<meta name=\"twitter:title\" content=\"Gift Card Leit\u00e3o &amp; Irm\u00e3o\" \/>\n<meta name=\"twitter:description\" content=\"N\u00e3o sabe o que oferecer? O Gift Card da Leit\u00e3o &amp; Irm\u00e3o \u00e9 a solu\u00e7\u00e3o perfeita para quem procura um presente sofisticado e requintado, que ir\u00e1 impressionar os mais exigentes.\" \/>\n<meta name=\"twitter:image\" content=\"https:\/\/staging.leitao-irmao.com\/wp-content\/uploads\/2023\/05\/Gift-card-100.jpeg\" \/>\n<script type=\"application\/ld+json\" class=\"yoast-schema-graph\">{\"@context\":\"https:\/\/schema.org\",\"@graph\":[{\"@type\":\"WebPage\",\"@id\":\"https:\/\/staging.leitao-irmao.com\/product\/gift-card-12\/\",\"url\":\"https:\/\/staging.leitao-irmao.com\/product\/gift-card-12\/\",\"name\":\"Gift Card | Leit\u00e3o &amp; Irm\u00e3o\",\"isPartOf\":{\"@id\":\"https:\/\/staging.leitao-irmao.com\/#website\"},\"primaryImageOfPage\":{\"@id\":\"https:\/\/staging.leitao-irmao.com\/product\/gift-card-12\/#primaryimage\"},\"image\":{\"@id\":\"https:\/\/staging.leitao-irmao.com\/product\/gift-card-12\/#primaryimage\"},\"thumbnailUrl\":\"https:\/\/staging.leitao-irmao.com\/wp-content\/uploads\/2023\/05\/Gift-card-100.jpeg\",\"datePublished\":\"2023-10-03T16:41:09+00:00\",\"dateModified\":\"2024-04-29T16:18:00+00:00\",\"description\":\"O Gift Card da Leit\u00e3o & Irm\u00e3o \u00e9 a solu\u00e7\u00e3o perfeita para quem procura um presente sofisticado e requintado, que ir\u00e1 impressionar os mais exigentes.\",\"breadcrumb\":{\"@id\":\"https:\/\/staging.leitao-irmao.com\/product\/gift-card-12\/#breadcrumb\"},\"inLanguage\":\"en-GB\",\"potentialAction\":[{\"@type\":\"ReadAction\",\"target\":[\"https:\/\/staging.leitao-irmao.com\/product\/gift-card-12\/\"]}]},{\"@type\":\"ImageObject\",\"inLanguage\":\"en-GB\",\"@id\":\"https:\/\/staging.leitao-irmao.com\/product\/gift-card-12\/#primaryimage\",\"url\":\"https:\/\/staging.leitao-irmao.com\/wp-content\/uploads\/2023\/05\/Gift-card-100.jpeg\",\"contentUrl\":\"https:\/\/staging.leitao-irmao.com\/wp-content\/uploads\/2023\/05\/Gift-card-100.jpeg\",\"width\":400,\"height\":400},{\"@type\":\"BreadcrumbList\",\"@id\":\"https:\/\/staging.leitao-irmao.com\/product\/gift-card-12\/#breadcrumb\",\"itemListElement\":[{\"@type\":\"ListItem\",\"position\":1,\"name\":\"Home\",\"item\":\"https:\/\/staging.leitao-irmao.com\/\"},{\"@type\":\"ListItem\",\"position\":2,\"name\":\"Produtos\",\"item\":\"https:\/\/staging.leitao-irmao.com\/shop\/\"},{\"@type\":\"ListItem\",\"position\":3,\"name\":\"Gift Card\"}]},{\"@type\":\"WebSite\",\"@id\":\"https:\/\/staging.leitao-irmao.com\/#website\",\"url\":\"https:\/\/staging.leitao-irmao.com\/\",\"name\":\"Leit\u00e3o & Irm\u00e3o\",\"description\":\"Joalheiros desde 1822\",\"publisher\":{\"@id\":\"https:\/\/staging.leitao-irmao.com\/#organization\"},\"potentialAction\":[{\"@type\":\"SearchAction\",\"target\":{\"@type\":\"EntryPoint\",\"urlTemplate\":\"https:\/\/staging.leitao-irmao.com\/?s={search_term_string}\"},\"query-input\":{\"@type\":\"PropertyValueSpecification\",\"valueRequired\":true,\"valueName\":\"search_term_string\"}}],\"inLanguage\":\"en-GB\"},{\"@type\":\"Organization\",\"@id\":\"https:\/\/staging.leitao-irmao.com\/#organization\",\"name\":\"Leit\u00e3o & Irm\u00e3o\",\"url\":\"https:\/\/staging.leitao-irmao.com\/\",\"logo\":{\"@type\":\"ImageObject\",\"inLanguage\":\"en-GB\",\"@id\":\"https:\/\/staging.leitao-irmao.com\/#\/schema\/logo\/image\/\",\"url\":\"https:\/\/staging.leitao-irmao.com\/wp-content\/uploads\/2022\/11\/leitaoirmao-logo.png\",\"contentUrl\":\"https:\/\/staging.leitao-irmao.com\/wp-content\/uploads\/2022\/11\/leitaoirmao-logo.png\",\"width\":426,\"height\":89,\"caption\":\"Leit\u00e3o & Irm\u00e3o\"},\"image\":{\"@id\":\"https:\/\/staging.leitao-irmao.com\/#\/schema\/logo\/image\/\"}}]}<\/script>\n<!-- \/ Yoast SEO plugin. -->","yoast_head_json":{"title":"Gift Card | Leit\u00e3o &amp; Irm\u00e3o","description":"O Gift Card da Leit\u00e3o & Irm\u00e3o \u00e9 a solu\u00e7\u00e3o perfeita para quem procura um presente sofisticado e requintado, que ir\u00e1 impressionar os mais exigentes.","robots":{"index":"noindex","follow":"follow","max-snippet":"max-snippet:-1","max-image-preview":"max-image-preview:large","max-video-preview":"max-video-preview:-1"},"og_locale":"en_GB","og_type":"article","og_title":"Gift Card Leit\u00e3o & Irm\u00e3o","og_description":"N\u00e3o sabe o que oferecer? O Gift Card da Leit\u00e3o & Irm\u00e3o \u00e9 a solu\u00e7\u00e3o perfeita para quem procura um presente sofisticado e requintado, que ir\u00e1 impressionar os mais exigentes.","og_url":"https:\/\/staging.leitao-irmao.com\/en\/product\/gift-card-12\/","og_site_name":"Leit\u00e3o &amp; Irm\u00e3o","article_modified_time":"2024-04-29T16:18:00+00:00","og_image":[{"width":400,"height":400,"url":"https:\/\/staging.leitao-irmao.com\/wp-content\/uploads\/2023\/05\/Gift-card-100.jpeg","type":"image\/jpeg"}],"twitter_card":"summary_large_image","twitter_title":"Gift Card Leit\u00e3o & Irm\u00e3o","twitter_description":"N\u00e3o sabe o que oferecer? O Gift Card da Leit\u00e3o & Irm\u00e3o \u00e9 a solu\u00e7\u00e3o perfeita para quem procura um presente sofisticado e requintado, que ir\u00e1 impressionar os mais exigentes.","twitter_image":"https:\/\/staging.leitao-irmao.com\/wp-content\/uploads\/2023\/05\/Gift-card-100.jpeg","schema":{"@context":"https:\/\/schema.org","@graph":[{"@type":"WebPage","@id":"https:\/\/staging.leitao-irmao.com\/product\/gift-card-12\/","url":"https:\/\/staging.leitao-irmao.com\/product\/gift-card-12\/","name":"Gift Card | Leit\u00e3o &amp; Irm\u00e3o","isPartOf":{"@id":"https:\/\/staging.leitao-irmao.com\/#website"},"primaryImageOfPage":{"@id":"https:\/\/staging.leitao-irmao.com\/product\/gift-card-12\/#primaryimage"},"image":{"@id":"https:\/\/staging.leitao-irmao.com\/product\/gift-card-12\/#primaryimage"},"thumbnailUrl":"https:\/\/staging.leitao-irmao.com\/wp-content\/uploads\/2023\/05\/Gift-card-100.jpeg","datePublished":"2023-10-03T16:41:09+00:00","dateModified":"2024-04-29T16:18:00+00:00","description":"O Gift Card da Leit\u00e3o & Irm\u00e3o \u00e9 a solu\u00e7\u00e3o perfeita para quem procura um presente sofisticado e requintado, que ir\u00e1 impressionar os mais exigentes.","breadcrumb":{"@id":"https:\/\/staging.leitao-irmao.com\/product\/gift-card-12\/#breadcrumb"},"inLanguage":"en-GB","potentialAction":[{"@type":"ReadAction","target":["https:\/\/staging.leitao-irmao.com\/product\/gift-card-12\/"]}]},{"@type":"ImageObject","inLanguage":"en-GB","@id":"https:\/\/staging.leitao-irmao.com\/product\/gift-card-12\/#primaryimage","url":"https:\/\/staging.leitao-irmao.com\/wp-content\/uploads\/2023\/05\/Gift-card-100.jpeg","contentUrl":"https:\/\/staging.leitao-irmao.com\/wp-content\/uploads\/2023\/05\/Gift-card-100.jpeg","width":400,"height":400},{"@type":"BreadcrumbList","@id":"https:\/\/staging.leitao-irmao.com\/product\/gift-card-12\/#breadcrumb","itemListElement":[{"@type":"ListItem","position":1,"name":"Home","item":"https:\/\/staging.leitao-irmao.com\/"},{"@type":"ListItem","position":2,"name":"Produtos","item":"https:\/\/staging.leitao-irmao.com\/shop\/"},{"@type":"ListItem","position":3,"name":"Gift Card"}]},{"@type":"WebSite","@id":"https:\/\/staging.leitao-irmao.com\/#website","url":"https:\/\/staging.leitao-irmao.com\/","name":"Leit\u00e3o & Irm\u00e3o","description":"Joalheiros desde 1822","publisher":{"@id":"https:\/\/staging.leitao-irmao.com\/#organization"},"potentialAction":[{"@type":"SearchAction","target":{"@type":"EntryPoint","urlTemplate":"https:\/\/staging.leitao-irmao.com\/?s={search_term_string}"},"query-input":{"@type":"PropertyValueSpecification","valueRequired":true,"valueName":"search_term_string"}}],"inLanguage":"en-GB"},{"@type":"Organization","@id":"https:\/\/staging.leitao-irmao.com\/#organization","name":"Leit\u00e3o & Irm\u00e3o","url":"https:\/\/staging.leitao-irmao.com\/","logo":{"@type":"ImageObject","inLanguage":"en-GB","@id":"https:\/\/staging.leitao-irmao.com\/#\/schema\/logo\/image\/","url":"https:\/\/staging.leitao-irmao.com\/wp-content\/uploads\/2022\/11\/leitaoirmao-logo.png","contentUrl":"https:\/\/staging.leitao-irmao.com\/wp-content\/uploads\/2022\/11\/leitaoirmao-logo.png","width":426,"height":89,"caption":"Leit\u00e3o & Irm\u00e3o"},"image":{"@id":"https:\/\/staging.leitao-irmao.com\/#\/schema\/logo\/image\/"}}]}},"_links":{"self":[{"href":"https:\/\/staging.leitao-irmao.com\/en\/wp-json\/wp\/v2\/product\/18799","targetHints":{"allow":["GET"]}}],"collection":[{"href":"https:\/\/staging.leitao-irmao.com\/en\/wp-json\/wp\/v2\/product"}],"about":[{"href":"https:\/\/staging.leitao-irmao.com\/en\/wp-json\/wp\/v2\/types\/product"}],"version-history":[{"count":0,"href":"https:\/\/staging.leitao-irmao.com\/en\/wp-json\/wp\/v2\/product\/18799\/revisions"}],"wp:featuredmedia":[{"embeddable":true,"href":"https:\/\/staging.leitao-irmao.com\/en\/wp-json\/wp\/v2\/media\/5071"}],"wp:attachment":[{"href":"https:\/\/staging.leitao-irmao.com\/en\/wp-json\/wp\/v2\/media?parent=18799"}],"wp:term":[{"taxonomy":"product_brand","embeddable":true,"href":"https:\/\/staging.leitao-irmao.com\/en\/wp-json\/wp\/v2\/product_brand?post=18799"},{"taxonomy":"product_cat","embeddable":true,"href":"https:\/\/staging.leitao-irmao.com\/en\/wp-json\/wp\/v2\/product_cat?post=18799"},{"taxonomy":"product_tag","embeddable":true,"href":"https:\/\/staging.leitao-irmao.com\/en\/wp-json\/wp\/v2\/product_tag?post=18799"}],"curies":[{"name":"wp","href":"https:\/\/api.w.org\/{rel}","templated":true}]}}