{"id":19575,"date":"2023-10-23T19:29:52","date_gmt":"2023-10-23T19:29:52","guid":{"rendered":"https:\/\/www.leitao-irmao.com\/?post_type=product&#038;p=19575"},"modified":"2025-07-11T10:55:49","modified_gmt":"2025-07-11T09:55:49","slug":"colar-rosa","status":"publish","type":"product","link":"https:\/\/staging.leitao-irmao.com\/en\/product\/colar-rosa\/","title":{"rendered":"Rose necklace. Gold and diamond."},"content":{"rendered":"<p>Inspirado na Coroa das Rosas na imagem de Nossa Senhora de F\u00e1tima, da Capelinha das Apari\u00e7\u00f5es, manufaturada pela Casa Leit\u00e3o em 1942.<\/p>\n<p>Neste fio de ouro, destaca-se o \u201ccharm\u201d com a rosa tamb\u00e9m em ouro onde brilha, no centro, uma gota de orvalho representada por um diamante.<\/p>","protected":false},"excerpt":{"rendered":"<p>Leit\u00e3o &amp; Irm\u00e3o presents the Rose Necklace in gold and diamond.<\/p>","protected":false},"featured_media":23628,"template":"","meta":{"_acf_changed":false},"product_brand":[],"product_cat":[147,203],"product_tag":[],"class_list":{"0":"post-19575","1":"product","2":"type-product","3":"status-publish","4":"has-post-thumbnail","6":"product_cat-fatima-jewels","7":"product_cat-medalhas","9":"first","10":"instock","11":"shipping-taxable","12":"purchasable","13":"product-type-simple"},"acf":[],"yoast_head":"<!-- This site is optimized with the Yoast SEO plugin v25.4 - https:\/\/yoast.com\/wordpress\/plugins\/seo\/ -->\n<title>Colar Rosa. Ouro e Diamante. | Leit\u00e3o &amp; Irm\u00e3o<\/title>\n<meta name=\"description\" content=\"Neste colar rosa, destaca-se o \u201ccharm\u201d com a rosa tamb\u00e9m em ouro onde brilha, no centro, uma gota de orvalho representada por um diamante.\" \/>\n<meta name=\"robots\" content=\"noindex, follow, max-snippet:-1, max-image-preview:large, max-video-preview:-1\" \/>\n<meta property=\"og:locale\" content=\"en_GB\" \/>\n<meta property=\"og:type\" content=\"article\" \/>\n<meta property=\"og:title\" content=\"Colar Rosa. Ouro e Diamante.\" \/>\n<meta property=\"og:description\" content=\"Neste colar rosa, destaca-se o \u201ccharm\u201d com a rosa tamb\u00e9m em ouro onde brilha, no centro, uma gota de orvalho representada por um diamante.\" \/>\n<meta property=\"og:url\" content=\"https:\/\/staging.leitao-irmao.com\/en\/product\/colar-rosa\/\" \/>\n<meta property=\"og:site_name\" content=\"Leit\u00e3o &amp; Irm\u00e3o\" \/>\n<meta property=\"article:modified_time\" content=\"2025-07-11T09:55:49+00:00\" \/>\n<meta property=\"og:image\" content=\"https:\/\/staging.leitao-irmao.com\/wp-content\/uploads\/2023\/10\/Fio-e-charm-rosa-em-ouro-amarelo-com-diamantes.jpg\" \/>\n\t<meta property=\"og:image:width\" content=\"916\" \/>\n\t<meta property=\"og:image:height\" content=\"917\" \/>\n\t<meta property=\"og:image:type\" content=\"image\/jpeg\" \/>\n<meta name=\"twitter:card\" content=\"summary_large_image\" \/>\n<meta name=\"twitter:title\" content=\"Colar Rosa. Ouro e Diamante.\" \/>\n<meta name=\"twitter:description\" content=\"Neste colar rosa, destaca-se o \u201ccharm\u201d com a rosa tamb\u00e9m em ouro onde brilha, no centro, uma gota de orvalho representada por um diamante.\" \/>\n<meta name=\"twitter:image\" content=\"https:\/\/staging.leitao-irmao.com\/wp-content\/uploads\/2023\/10\/Fio-e-charm-rosa-em-ouro-amarelo-com-diamantes.jpg\" \/>\n<meta name=\"twitter:label1\" content=\"Estimated reading time\" \/>\n\t<meta name=\"twitter:data1\" content=\"1 minute\" \/>\n<script type=\"application\/ld+json\" class=\"yoast-schema-graph\">{\"@context\":\"https:\/\/schema.org\",\"@graph\":[{\"@type\":\"WebPage\",\"@id\":\"https:\/\/staging.leitao-irmao.com\/product\/colar-rosa\/\",\"url\":\"https:\/\/staging.leitao-irmao.com\/product\/colar-rosa\/\",\"name\":\"Colar Rosa. Ouro e Diamante. | Leit\u00e3o &amp; Irm\u00e3o\",\"isPartOf\":{\"@id\":\"https:\/\/staging.leitao-irmao.com\/#website\"},\"primaryImageOfPage\":{\"@id\":\"https:\/\/staging.leitao-irmao.com\/product\/colar-rosa\/#primaryimage\"},\"image\":{\"@id\":\"https:\/\/staging.leitao-irmao.com\/product\/colar-rosa\/#primaryimage\"},\"thumbnailUrl\":\"https:\/\/staging.leitao-irmao.com\/wp-content\/uploads\/2023\/10\/Fio-e-charm-rosa-em-ouro-amarelo-com-diamantes.jpg\",\"datePublished\":\"2023-10-23T19:29:52+00:00\",\"dateModified\":\"2025-07-11T09:55:49+00:00\",\"description\":\"Neste colar rosa, destaca-se o \u201ccharm\u201d com a rosa tamb\u00e9m em ouro onde brilha, no centro, uma gota de orvalho representada por um diamante.\",\"breadcrumb\":{\"@id\":\"https:\/\/staging.leitao-irmao.com\/product\/colar-rosa\/#breadcrumb\"},\"inLanguage\":\"en-GB\",\"potentialAction\":[{\"@type\":\"ReadAction\",\"target\":[\"https:\/\/staging.leitao-irmao.com\/product\/colar-rosa\/\"]}]},{\"@type\":\"ImageObject\",\"inLanguage\":\"en-GB\",\"@id\":\"https:\/\/staging.leitao-irmao.com\/product\/colar-rosa\/#primaryimage\",\"url\":\"https:\/\/staging.leitao-irmao.com\/wp-content\/uploads\/2023\/10\/Fio-e-charm-rosa-em-ouro-amarelo-com-diamantes.jpg\",\"contentUrl\":\"https:\/\/staging.leitao-irmao.com\/wp-content\/uploads\/2023\/10\/Fio-e-charm-rosa-em-ouro-amarelo-com-diamantes.jpg\",\"width\":916,\"height\":917},{\"@type\":\"BreadcrumbList\",\"@id\":\"https:\/\/staging.leitao-irmao.com\/product\/colar-rosa\/#breadcrumb\",\"itemListElement\":[{\"@type\":\"ListItem\",\"position\":1,\"name\":\"Home\",\"item\":\"https:\/\/staging.leitao-irmao.com\/\"},{\"@type\":\"ListItem\",\"position\":2,\"name\":\"Produtos\",\"item\":\"https:\/\/staging.leitao-irmao.com\/shop\/\"},{\"@type\":\"ListItem\",\"position\":3,\"name\":\"Colar Rosa. Ouro e Diamante.\"}]},{\"@type\":\"WebSite\",\"@id\":\"https:\/\/staging.leitao-irmao.com\/#website\",\"url\":\"https:\/\/staging.leitao-irmao.com\/\",\"name\":\"Leit\u00e3o & Irm\u00e3o\",\"description\":\"Joalheiros desde 1822\",\"publisher\":{\"@id\":\"https:\/\/staging.leitao-irmao.com\/#organization\"},\"potentialAction\":[{\"@type\":\"SearchAction\",\"target\":{\"@type\":\"EntryPoint\",\"urlTemplate\":\"https:\/\/staging.leitao-irmao.com\/?s={search_term_string}\"},\"query-input\":{\"@type\":\"PropertyValueSpecification\",\"valueRequired\":true,\"valueName\":\"search_term_string\"}}],\"inLanguage\":\"en-GB\"},{\"@type\":\"Organization\",\"@id\":\"https:\/\/staging.leitao-irmao.com\/#organization\",\"name\":\"Leit\u00e3o & Irm\u00e3o\",\"url\":\"https:\/\/staging.leitao-irmao.com\/\",\"logo\":{\"@type\":\"ImageObject\",\"inLanguage\":\"en-GB\",\"@id\":\"https:\/\/staging.leitao-irmao.com\/#\/schema\/logo\/image\/\",\"url\":\"https:\/\/staging.leitao-irmao.com\/wp-content\/uploads\/2022\/11\/leitaoirmao-logo.png\",\"contentUrl\":\"https:\/\/staging.leitao-irmao.com\/wp-content\/uploads\/2022\/11\/leitaoirmao-logo.png\",\"width\":426,\"height\":89,\"caption\":\"Leit\u00e3o & Irm\u00e3o\"},\"image\":{\"@id\":\"https:\/\/staging.leitao-irmao.com\/#\/schema\/logo\/image\/\"}}]}<\/script>\n<!-- \/ Yoast SEO plugin. -->","yoast_head_json":{"title":"Colar Rosa. Ouro e Diamante. | Leit\u00e3o &amp; Irm\u00e3o","description":"Neste colar rosa, destaca-se o \u201ccharm\u201d com a rosa tamb\u00e9m em ouro onde brilha, no centro, uma gota de orvalho representada por um diamante.","robots":{"index":"noindex","follow":"follow","max-snippet":"max-snippet:-1","max-image-preview":"max-image-preview:large","max-video-preview":"max-video-preview:-1"},"og_locale":"en_GB","og_type":"article","og_title":"Colar Rosa. Ouro e Diamante.","og_description":"Neste colar rosa, destaca-se o \u201ccharm\u201d com a rosa tamb\u00e9m em ouro onde brilha, no centro, uma gota de orvalho representada por um diamante.","og_url":"https:\/\/staging.leitao-irmao.com\/en\/product\/colar-rosa\/","og_site_name":"Leit\u00e3o &amp; Irm\u00e3o","article_modified_time":"2025-07-11T09:55:49+00:00","og_image":[{"width":916,"height":917,"url":"https:\/\/staging.leitao-irmao.com\/wp-content\/uploads\/2023\/10\/Fio-e-charm-rosa-em-ouro-amarelo-com-diamantes.jpg","type":"image\/jpeg"}],"twitter_card":"summary_large_image","twitter_title":"Colar Rosa. Ouro e Diamante.","twitter_description":"Neste colar rosa, destaca-se o \u201ccharm\u201d com a rosa tamb\u00e9m em ouro onde brilha, no centro, uma gota de orvalho representada por um diamante.","twitter_image":"https:\/\/staging.leitao-irmao.com\/wp-content\/uploads\/2023\/10\/Fio-e-charm-rosa-em-ouro-amarelo-com-diamantes.jpg","twitter_misc":{"Estimated reading time":"1 minute"},"schema":{"@context":"https:\/\/schema.org","@graph":[{"@type":"WebPage","@id":"https:\/\/staging.leitao-irmao.com\/product\/colar-rosa\/","url":"https:\/\/staging.leitao-irmao.com\/product\/colar-rosa\/","name":"Colar Rosa. Ouro e Diamante. | Leit\u00e3o &amp; Irm\u00e3o","isPartOf":{"@id":"https:\/\/staging.leitao-irmao.com\/#website"},"primaryImageOfPage":{"@id":"https:\/\/staging.leitao-irmao.com\/product\/colar-rosa\/#primaryimage"},"image":{"@id":"https:\/\/staging.leitao-irmao.com\/product\/colar-rosa\/#primaryimage"},"thumbnailUrl":"https:\/\/staging.leitao-irmao.com\/wp-content\/uploads\/2023\/10\/Fio-e-charm-rosa-em-ouro-amarelo-com-diamantes.jpg","datePublished":"2023-10-23T19:29:52+00:00","dateModified":"2025-07-11T09:55:49+00:00","description":"Neste colar rosa, destaca-se o \u201ccharm\u201d com a rosa tamb\u00e9m em ouro onde brilha, no centro, uma gota de orvalho representada por um diamante.","breadcrumb":{"@id":"https:\/\/staging.leitao-irmao.com\/product\/colar-rosa\/#breadcrumb"},"inLanguage":"en-GB","potentialAction":[{"@type":"ReadAction","target":["https:\/\/staging.leitao-irmao.com\/product\/colar-rosa\/"]}]},{"@type":"ImageObject","inLanguage":"en-GB","@id":"https:\/\/staging.leitao-irmao.com\/product\/colar-rosa\/#primaryimage","url":"https:\/\/staging.leitao-irmao.com\/wp-content\/uploads\/2023\/10\/Fio-e-charm-rosa-em-ouro-amarelo-com-diamantes.jpg","contentUrl":"https:\/\/staging.leitao-irmao.com\/wp-content\/uploads\/2023\/10\/Fio-e-charm-rosa-em-ouro-amarelo-com-diamantes.jpg","width":916,"height":917},{"@type":"BreadcrumbList","@id":"https:\/\/staging.leitao-irmao.com\/product\/colar-rosa\/#breadcrumb","itemListElement":[{"@type":"ListItem","position":1,"name":"Home","item":"https:\/\/staging.leitao-irmao.com\/"},{"@type":"ListItem","position":2,"name":"Produtos","item":"https:\/\/staging.leitao-irmao.com\/shop\/"},{"@type":"ListItem","position":3,"name":"Colar Rosa. Ouro e Diamante."}]},{"@type":"WebSite","@id":"https:\/\/staging.leitao-irmao.com\/#website","url":"https:\/\/staging.leitao-irmao.com\/","name":"Leit\u00e3o & Irm\u00e3o","description":"Joalheiros desde 1822","publisher":{"@id":"https:\/\/staging.leitao-irmao.com\/#organization"},"potentialAction":[{"@type":"SearchAction","target":{"@type":"EntryPoint","urlTemplate":"https:\/\/staging.leitao-irmao.com\/?s={search_term_string}"},"query-input":{"@type":"PropertyValueSpecification","valueRequired":true,"valueName":"search_term_string"}}],"inLanguage":"en-GB"},{"@type":"Organization","@id":"https:\/\/staging.leitao-irmao.com\/#organization","name":"Leit\u00e3o & Irm\u00e3o","url":"https:\/\/staging.leitao-irmao.com\/","logo":{"@type":"ImageObject","inLanguage":"en-GB","@id":"https:\/\/staging.leitao-irmao.com\/#\/schema\/logo\/image\/","url":"https:\/\/staging.leitao-irmao.com\/wp-content\/uploads\/2022\/11\/leitaoirmao-logo.png","contentUrl":"https:\/\/staging.leitao-irmao.com\/wp-content\/uploads\/2022\/11\/leitaoirmao-logo.png","width":426,"height":89,"caption":"Leit\u00e3o & Irm\u00e3o"},"image":{"@id":"https:\/\/staging.leitao-irmao.com\/#\/schema\/logo\/image\/"}}]}},"_links":{"self":[{"href":"https:\/\/staging.leitao-irmao.com\/en\/wp-json\/wp\/v2\/product\/19575","targetHints":{"allow":["GET"]}}],"collection":[{"href":"https:\/\/staging.leitao-irmao.com\/en\/wp-json\/wp\/v2\/product"}],"about":[{"href":"https:\/\/staging.leitao-irmao.com\/en\/wp-json\/wp\/v2\/types\/product"}],"version-history":[{"count":1,"href":"https:\/\/staging.leitao-irmao.com\/en\/wp-json\/wp\/v2\/product\/19575\/revisions"}],"predecessor-version":[{"id":33025,"href":"https:\/\/staging.leitao-irmao.com\/en\/wp-json\/wp\/v2\/product\/19575\/revisions\/33025"}],"wp:featuredmedia":[{"embeddable":true,"href":"https:\/\/staging.leitao-irmao.com\/en\/wp-json\/wp\/v2\/media\/23628"}],"wp:attachment":[{"href":"https:\/\/staging.leitao-irmao.com\/en\/wp-json\/wp\/v2\/media?parent=19575"}],"wp:term":[{"taxonomy":"product_brand","embeddable":true,"href":"https:\/\/staging.leitao-irmao.com\/en\/wp-json\/wp\/v2\/product_brand?post=19575"},{"taxonomy":"product_cat","embeddable":true,"href":"https:\/\/staging.leitao-irmao.com\/en\/wp-json\/wp\/v2\/product_cat?post=19575"},{"taxonomy":"product_tag","embeddable":true,"href":"https:\/\/staging.leitao-irmao.com\/en\/wp-json\/wp\/v2\/product_tag?post=19575"}],"curies":[{"name":"wp","href":"https:\/\/api.w.org\/{rel}","templated":true}]}}