{"id":22124,"date":"2024-02-22T10:09:19","date_gmt":"2024-02-22T10:09:19","guid":{"rendered":"https:\/\/www.leitao-irmao.com\/?post_type=product&#038;p=22124"},"modified":"2025-03-28T17:04:38","modified_gmt":"2025-03-28T17:04:38","slug":"par-de-brincos-em-ouro-amarelo-promessa-de-amor","status":"publish","type":"product","link":"https:\/\/staging.leitao-irmao.com\/en\/product\/par-de-brincos-em-ouro-amarelo-promessa-de-amor\/","title":{"rendered":"Pair of earrings in yellow gold | Promise of Love"},"content":{"rendered":"","protected":false},"excerpt":{"rendered":"<p>The chiselled stone that supports the stained glass windows of the Monastery of Batalha is the basis for the design of the main motif of the Promessa de Amor ring, carefully cut out by hand in the Leit\u00e3o &amp; Irm\u00e3o workshops. In this ring the stained glass motif is applied on the ring rim. A unique piece for classic and timeless elegance.<\/p>","protected":false},"featured_media":22125,"template":"","meta":{"_acf_changed":false},"product_brand":[],"product_cat":[83,79,125,221],"product_tag":[278,271],"class_list":{"0":"post-22124","1":"product","2":"type-product","3":"status-publish","4":"has-post-thumbnail","6":"product_cat-brincos","7":"product_cat-joalharia","8":"product_cat-presentes-entre-1000e-a-2500e","9":"product_cat-promessa-de-amor","10":"product_tag-mulher","11":"product_tag-ouro","13":"first","14":"instock","15":"shipping-taxable","16":"purchasable","17":"product-type-simple"},"acf":[],"yoast_head":"<!-- This site is optimized with the Yoast SEO plugin v25.4 - https:\/\/yoast.com\/wordpress\/plugins\/seo\/ -->\n<title>Par de brincos em ouro amarelo<\/title>\n<meta name=\"robots\" content=\"noindex, follow, max-snippet:-1, max-image-preview:large, max-video-preview:-1\" \/>\n<meta property=\"og:locale\" content=\"en_GB\" \/>\n<meta property=\"og:type\" content=\"article\" \/>\n<meta property=\"og:title\" content=\"Par de brincos em ouro amarelo\" \/>\n<meta property=\"og:description\" content=\"A pedra cinzelada que sustenta os vitrais do Mosteiro da Batalha \u00e9 a base do desenho do motivo principal do anel Promessa de Amor, cuidadosamente recortado manualmente nas oficinas Leit\u00e3o &amp; Irm\u00e3o. Neste anel o motivo de vitrais \u00e9 aplicado sobre o aro de anel. Uma pe\u00e7a \u00fanica para uma eleg\u00e2ncia cl\u00e1ssica e intemporal.\" \/>\n<meta property=\"og:url\" content=\"https:\/\/staging.leitao-irmao.com\/en\/product\/par-de-brincos-em-ouro-amarelo-promessa-de-amor\/\" \/>\n<meta property=\"og:site_name\" content=\"Leit\u00e3o &amp; Irm\u00e3o\" \/>\n<meta property=\"article:modified_time\" content=\"2025-03-28T17:04:38+00:00\" \/>\n<meta property=\"og:image\" content=\"https:\/\/staging.leitao-irmao.com\/wp-content\/uploads\/2024\/02\/0206472-Brincos-Promessa-de-Amor-em-Ouro-Amarelo.jpg\" \/>\n\t<meta property=\"og:image:width\" content=\"1800\" \/>\n\t<meta property=\"og:image:height\" content=\"1800\" \/>\n\t<meta property=\"og:image:type\" content=\"image\/jpeg\" \/>\n<meta name=\"twitter:card\" content=\"summary_large_image\" \/>\n<meta name=\"twitter:label1\" content=\"Estimated reading time\" \/>\n\t<meta name=\"twitter:data1\" content=\"1 minute\" \/>\n<script type=\"application\/ld+json\" class=\"yoast-schema-graph\">{\"@context\":\"https:\/\/schema.org\",\"@graph\":[{\"@type\":\"WebPage\",\"@id\":\"https:\/\/staging.leitao-irmao.com\/product\/par-de-brincos-em-ouro-amarelo-promessa-de-amor\/\",\"url\":\"https:\/\/staging.leitao-irmao.com\/product\/par-de-brincos-em-ouro-amarelo-promessa-de-amor\/\",\"name\":\"Par de brincos em ouro amarelo\",\"isPartOf\":{\"@id\":\"https:\/\/staging.leitao-irmao.com\/#website\"},\"primaryImageOfPage\":{\"@id\":\"https:\/\/staging.leitao-irmao.com\/product\/par-de-brincos-em-ouro-amarelo-promessa-de-amor\/#primaryimage\"},\"image\":{\"@id\":\"https:\/\/staging.leitao-irmao.com\/product\/par-de-brincos-em-ouro-amarelo-promessa-de-amor\/#primaryimage\"},\"thumbnailUrl\":\"https:\/\/staging.leitao-irmao.com\/wp-content\/uploads\/2024\/02\/0206472-Brincos-Promessa-de-Amor-em-Ouro-Amarelo.jpg\",\"datePublished\":\"2024-02-22T10:09:19+00:00\",\"dateModified\":\"2025-03-28T17:04:38+00:00\",\"breadcrumb\":{\"@id\":\"https:\/\/staging.leitao-irmao.com\/product\/par-de-brincos-em-ouro-amarelo-promessa-de-amor\/#breadcrumb\"},\"inLanguage\":\"en-GB\",\"potentialAction\":[{\"@type\":\"ReadAction\",\"target\":[\"https:\/\/staging.leitao-irmao.com\/product\/par-de-brincos-em-ouro-amarelo-promessa-de-amor\/\"]}]},{\"@type\":\"ImageObject\",\"inLanguage\":\"en-GB\",\"@id\":\"https:\/\/staging.leitao-irmao.com\/product\/par-de-brincos-em-ouro-amarelo-promessa-de-amor\/#primaryimage\",\"url\":\"https:\/\/staging.leitao-irmao.com\/wp-content\/uploads\/2024\/02\/0206472-Brincos-Promessa-de-Amor-em-Ouro-Amarelo.jpg\",\"contentUrl\":\"https:\/\/staging.leitao-irmao.com\/wp-content\/uploads\/2024\/02\/0206472-Brincos-Promessa-de-Amor-em-Ouro-Amarelo.jpg\",\"width\":1800,\"height\":1800,\"caption\":\"Par de brincos em ouro amarelo promessa de amor\"},{\"@type\":\"BreadcrumbList\",\"@id\":\"https:\/\/staging.leitao-irmao.com\/product\/par-de-brincos-em-ouro-amarelo-promessa-de-amor\/#breadcrumb\",\"itemListElement\":[{\"@type\":\"ListItem\",\"position\":1,\"name\":\"Home\",\"item\":\"https:\/\/staging.leitao-irmao.com\/\"},{\"@type\":\"ListItem\",\"position\":2,\"name\":\"Produtos\",\"item\":\"https:\/\/staging.leitao-irmao.com\/shop\/\"},{\"@type\":\"ListItem\",\"position\":3,\"name\":\"Par de Brincos em ouro amarelo | Promessa de Amor\"}]},{\"@type\":\"WebSite\",\"@id\":\"https:\/\/staging.leitao-irmao.com\/#website\",\"url\":\"https:\/\/staging.leitao-irmao.com\/\",\"name\":\"Leit\u00e3o & Irm\u00e3o\",\"description\":\"Joalheiros desde 1822\",\"publisher\":{\"@id\":\"https:\/\/staging.leitao-irmao.com\/#organization\"},\"potentialAction\":[{\"@type\":\"SearchAction\",\"target\":{\"@type\":\"EntryPoint\",\"urlTemplate\":\"https:\/\/staging.leitao-irmao.com\/?s={search_term_string}\"},\"query-input\":{\"@type\":\"PropertyValueSpecification\",\"valueRequired\":true,\"valueName\":\"search_term_string\"}}],\"inLanguage\":\"en-GB\"},{\"@type\":\"Organization\",\"@id\":\"https:\/\/staging.leitao-irmao.com\/#organization\",\"name\":\"Leit\u00e3o & Irm\u00e3o\",\"url\":\"https:\/\/staging.leitao-irmao.com\/\",\"logo\":{\"@type\":\"ImageObject\",\"inLanguage\":\"en-GB\",\"@id\":\"https:\/\/staging.leitao-irmao.com\/#\/schema\/logo\/image\/\",\"url\":\"https:\/\/staging.leitao-irmao.com\/wp-content\/uploads\/2022\/11\/leitaoirmao-logo.png\",\"contentUrl\":\"https:\/\/staging.leitao-irmao.com\/wp-content\/uploads\/2022\/11\/leitaoirmao-logo.png\",\"width\":426,\"height\":89,\"caption\":\"Leit\u00e3o & Irm\u00e3o\"},\"image\":{\"@id\":\"https:\/\/staging.leitao-irmao.com\/#\/schema\/logo\/image\/\"}}]}<\/script>\n<!-- \/ Yoast SEO plugin. -->","yoast_head_json":{"title":"Par de brincos em ouro amarelo","robots":{"index":"noindex","follow":"follow","max-snippet":"max-snippet:-1","max-image-preview":"max-image-preview:large","max-video-preview":"max-video-preview:-1"},"og_locale":"en_GB","og_type":"article","og_title":"Par de brincos em ouro amarelo","og_description":"A pedra cinzelada que sustenta os vitrais do Mosteiro da Batalha \u00e9 a base do desenho do motivo principal do anel Promessa de Amor, cuidadosamente recortado manualmente nas oficinas Leit\u00e3o &amp; Irm\u00e3o. Neste anel o motivo de vitrais \u00e9 aplicado sobre o aro de anel. Uma pe\u00e7a \u00fanica para uma eleg\u00e2ncia cl\u00e1ssica e intemporal.","og_url":"https:\/\/staging.leitao-irmao.com\/en\/product\/par-de-brincos-em-ouro-amarelo-promessa-de-amor\/","og_site_name":"Leit\u00e3o &amp; Irm\u00e3o","article_modified_time":"2025-03-28T17:04:38+00:00","og_image":[{"width":1800,"height":1800,"url":"https:\/\/staging.leitao-irmao.com\/wp-content\/uploads\/2024\/02\/0206472-Brincos-Promessa-de-Amor-em-Ouro-Amarelo.jpg","type":"image\/jpeg"}],"twitter_card":"summary_large_image","twitter_misc":{"Estimated reading time":"1 minute"},"schema":{"@context":"https:\/\/schema.org","@graph":[{"@type":"WebPage","@id":"https:\/\/staging.leitao-irmao.com\/product\/par-de-brincos-em-ouro-amarelo-promessa-de-amor\/","url":"https:\/\/staging.leitao-irmao.com\/product\/par-de-brincos-em-ouro-amarelo-promessa-de-amor\/","name":"Par de brincos em ouro amarelo","isPartOf":{"@id":"https:\/\/staging.leitao-irmao.com\/#website"},"primaryImageOfPage":{"@id":"https:\/\/staging.leitao-irmao.com\/product\/par-de-brincos-em-ouro-amarelo-promessa-de-amor\/#primaryimage"},"image":{"@id":"https:\/\/staging.leitao-irmao.com\/product\/par-de-brincos-em-ouro-amarelo-promessa-de-amor\/#primaryimage"},"thumbnailUrl":"https:\/\/staging.leitao-irmao.com\/wp-content\/uploads\/2024\/02\/0206472-Brincos-Promessa-de-Amor-em-Ouro-Amarelo.jpg","datePublished":"2024-02-22T10:09:19+00:00","dateModified":"2025-03-28T17:04:38+00:00","breadcrumb":{"@id":"https:\/\/staging.leitao-irmao.com\/product\/par-de-brincos-em-ouro-amarelo-promessa-de-amor\/#breadcrumb"},"inLanguage":"en-GB","potentialAction":[{"@type":"ReadAction","target":["https:\/\/staging.leitao-irmao.com\/product\/par-de-brincos-em-ouro-amarelo-promessa-de-amor\/"]}]},{"@type":"ImageObject","inLanguage":"en-GB","@id":"https:\/\/staging.leitao-irmao.com\/product\/par-de-brincos-em-ouro-amarelo-promessa-de-amor\/#primaryimage","url":"https:\/\/staging.leitao-irmao.com\/wp-content\/uploads\/2024\/02\/0206472-Brincos-Promessa-de-Amor-em-Ouro-Amarelo.jpg","contentUrl":"https:\/\/staging.leitao-irmao.com\/wp-content\/uploads\/2024\/02\/0206472-Brincos-Promessa-de-Amor-em-Ouro-Amarelo.jpg","width":1800,"height":1800,"caption":"Par de brincos em ouro amarelo promessa de amor"},{"@type":"BreadcrumbList","@id":"https:\/\/staging.leitao-irmao.com\/product\/par-de-brincos-em-ouro-amarelo-promessa-de-amor\/#breadcrumb","itemListElement":[{"@type":"ListItem","position":1,"name":"Home","item":"https:\/\/staging.leitao-irmao.com\/"},{"@type":"ListItem","position":2,"name":"Produtos","item":"https:\/\/staging.leitao-irmao.com\/shop\/"},{"@type":"ListItem","position":3,"name":"Par de Brincos em ouro amarelo | Promessa de Amor"}]},{"@type":"WebSite","@id":"https:\/\/staging.leitao-irmao.com\/#website","url":"https:\/\/staging.leitao-irmao.com\/","name":"Leit\u00e3o & Irm\u00e3o","description":"Joalheiros desde 1822","publisher":{"@id":"https:\/\/staging.leitao-irmao.com\/#organization"},"potentialAction":[{"@type":"SearchAction","target":{"@type":"EntryPoint","urlTemplate":"https:\/\/staging.leitao-irmao.com\/?s={search_term_string}"},"query-input":{"@type":"PropertyValueSpecification","valueRequired":true,"valueName":"search_term_string"}}],"inLanguage":"en-GB"},{"@type":"Organization","@id":"https:\/\/staging.leitao-irmao.com\/#organization","name":"Leit\u00e3o & Irm\u00e3o","url":"https:\/\/staging.leitao-irmao.com\/","logo":{"@type":"ImageObject","inLanguage":"en-GB","@id":"https:\/\/staging.leitao-irmao.com\/#\/schema\/logo\/image\/","url":"https:\/\/staging.leitao-irmao.com\/wp-content\/uploads\/2022\/11\/leitaoirmao-logo.png","contentUrl":"https:\/\/staging.leitao-irmao.com\/wp-content\/uploads\/2022\/11\/leitaoirmao-logo.png","width":426,"height":89,"caption":"Leit\u00e3o & Irm\u00e3o"},"image":{"@id":"https:\/\/staging.leitao-irmao.com\/#\/schema\/logo\/image\/"}}]}},"_links":{"self":[{"href":"https:\/\/staging.leitao-irmao.com\/en\/wp-json\/wp\/v2\/product\/22124","targetHints":{"allow":["GET"]}}],"collection":[{"href":"https:\/\/staging.leitao-irmao.com\/en\/wp-json\/wp\/v2\/product"}],"about":[{"href":"https:\/\/staging.leitao-irmao.com\/en\/wp-json\/wp\/v2\/types\/product"}],"version-history":[{"count":0,"href":"https:\/\/staging.leitao-irmao.com\/en\/wp-json\/wp\/v2\/product\/22124\/revisions"}],"wp:featuredmedia":[{"embeddable":true,"href":"https:\/\/staging.leitao-irmao.com\/en\/wp-json\/wp\/v2\/media\/22125"}],"wp:attachment":[{"href":"https:\/\/staging.leitao-irmao.com\/en\/wp-json\/wp\/v2\/media?parent=22124"}],"wp:term":[{"taxonomy":"product_brand","embeddable":true,"href":"https:\/\/staging.leitao-irmao.com\/en\/wp-json\/wp\/v2\/product_brand?post=22124"},{"taxonomy":"product_cat","embeddable":true,"href":"https:\/\/staging.leitao-irmao.com\/en\/wp-json\/wp\/v2\/product_cat?post=22124"},{"taxonomy":"product_tag","embeddable":true,"href":"https:\/\/staging.leitao-irmao.com\/en\/wp-json\/wp\/v2\/product_tag?post=22124"}],"curies":[{"name":"wp","href":"https:\/\/api.w.org\/{rel}","templated":true}]}}