{"id":22186,"date":"2024-02-26T13:04:22","date_gmt":"2024-02-26T13:04:22","guid":{"rendered":"https:\/\/www.leitao-irmao.com\/?post_type=product&#038;p=22186"},"modified":"2025-07-07T10:24:59","modified_gmt":"2025-07-07T09:24:59","slug":"ovo-pingamor-em-prata","status":"publish","type":"product","link":"https:\/\/staging.leitao-irmao.com\/en\/product\/ovo-pingamor-em-prata\/","title":{"rendered":"Ovo Ping\u2019Amor em prata &#8211; Edi\u00e7\u00e3o 2024"},"content":{"rendered":"<p>The <a href=\"https:\/\/www.leitao-irmao.com\">Leit\u00e3o &amp; Irm\u00e3o<\/a> \u00e9 uma Casa onde a criatividade faz parte do ADN de todos. No ano passado lan\u00e7ou-se um desafio a todos os colaboradores independentemente da sua fun\u00e7\u00e3o para fazerem as suas propostas para o Ovo de edi\u00e7\u00e3o especial 2023.<\/p>\n<p>This year, the invitation went to the master jeweler in charge of the gold workshop, F\u00e1tima Neto, to create her proposal for the egg - a decorative piece in silver.<\/p>\n<p>The theme was abstract with the application of color. The result was a proposal with some figuration and application of color and various chiseling techniques.<\/p>\n<p>O ovo de 2024 chama-se Ping\u2019Amor em prata, um nome engra\u00e7ado para um modelo rom\u00e2ntico e colorido.<\/p>\n<p>Ovo Ping\u2019Amor em prata.<\/p>","protected":false},"excerpt":{"rendered":"<p>The egg is a well-known symbol of renewal, birth and hope.<\/p>\n<p>The tradition of creating a Silver Egg every Easter began with an order from Queen Am\u00e9lia to Casa Leit\u00e3o. A small egg in gold and enamel. Since then, a new decoration has been created every year on a carefully chiselled silver egg.<\/p>\n<p>Leit\u00e3o &amp; Irm\u00e3o is a company where creativity is part of everyone's DNA. Last year, a challenge was launched to all employees, regardless of their role, to make their own proposals for the special edition 2023 Egg.<\/p>\n<p>This year, the invitation went to the master jeweler in charge of the gold workshop, F\u00e1tima Neto, to create her proposal for the egg - a decorative piece in silver.<\/p>\n<p>The theme was abstract with the application of color. The result was a proposal with some figuration and application of color and various chiseling techniques.<\/p>\n<p>The 2024 egg is called Ping'Amor, a funny name for a romantic and colorful model.<\/p>","protected":false},"featured_media":22187,"template":"","meta":{"_acf_changed":false},"product_brand":[],"product_cat":[70,384,136,123],"product_tag":[270],"class_list":{"0":"post-22186","1":"product","2":"type-product","3":"status-publish","4":"has-post-thumbnail","6":"product_cat-casa-e-decoracao","7":"product_cat-ovos-em-prata","8":"product_cat-pascoa","9":"product_cat-presentes-entre-150e-a-500e","10":"product_tag-prata","12":"first","13":"outofstock","14":"shipping-taxable","15":"product-type-simple"},"acf":[],"yoast_head":"<!-- This site is optimized with the Yoast SEO plugin v25.4 - https:\/\/yoast.com\/wordpress\/plugins\/seo\/ -->\n<title>ovo ping&#039;amor em prata<\/title>\n<meta name=\"description\" content=\"O ovo \u00e9 um conhecido s\u00edmbolo de renova\u00e7\u00e3o, nascimento e esperan\u00e7a. Em 2024, apresentamos o ovo Ping\u2019Amor em prata, um ovo rom\u00e2ntico e colorido em prata.\" \/>\n<meta name=\"robots\" content=\"noindex, follow, max-snippet:-1, max-image-preview:large, max-video-preview:-1\" \/>\n<meta property=\"og:locale\" content=\"en_GB\" \/>\n<meta property=\"og:type\" content=\"article\" \/>\n<meta property=\"og:title\" content=\"ovo ping&#039;amor em prata\" \/>\n<meta property=\"og:description\" content=\"O ovo \u00e9 um conhecido s\u00edmbolo de renova\u00e7\u00e3o, nascimento e esperan\u00e7a. Em 2024, apresentamos o ovo Ping\u2019Amor em prata, um ovo rom\u00e2ntico e colorido em prata.\" \/>\n<meta property=\"og:url\" content=\"https:\/\/staging.leitao-irmao.com\/en\/product\/ovo-pingamor-em-prata\/\" \/>\n<meta property=\"og:site_name\" content=\"Leit\u00e3o &amp; Irm\u00e3o\" \/>\n<meta property=\"article:modified_time\" content=\"2025-07-07T09:24:59+00:00\" \/>\n<meta property=\"og:image\" content=\"https:\/\/staging.leitao-irmao.com\/wp-content\/uploads\/2024\/02\/Ovo-2024.jpg\" \/>\n\t<meta property=\"og:image:width\" content=\"1800\" \/>\n\t<meta property=\"og:image:height\" content=\"1800\" \/>\n\t<meta property=\"og:image:type\" content=\"image\/jpeg\" \/>\n<meta name=\"twitter:card\" content=\"summary_large_image\" \/>\n<meta name=\"twitter:label1\" content=\"Estimated reading time\" \/>\n\t<meta name=\"twitter:data1\" content=\"1 minute\" \/>\n<script type=\"application\/ld+json\" class=\"yoast-schema-graph\">{\"@context\":\"https:\/\/schema.org\",\"@graph\":[{\"@type\":\"WebPage\",\"@id\":\"https:\/\/staging.leitao-irmao.com\/product\/ovo-pingamor-em-prata\/\",\"url\":\"https:\/\/staging.leitao-irmao.com\/product\/ovo-pingamor-em-prata\/\",\"name\":\"ovo ping'amor em prata\",\"isPartOf\":{\"@id\":\"https:\/\/staging.leitao-irmao.com\/#website\"},\"primaryImageOfPage\":{\"@id\":\"https:\/\/staging.leitao-irmao.com\/product\/ovo-pingamor-em-prata\/#primaryimage\"},\"image\":{\"@id\":\"https:\/\/staging.leitao-irmao.com\/product\/ovo-pingamor-em-prata\/#primaryimage\"},\"thumbnailUrl\":\"https:\/\/staging.leitao-irmao.com\/wp-content\/uploads\/2024\/02\/Ovo-2024.jpg\",\"datePublished\":\"2024-02-26T13:04:22+00:00\",\"dateModified\":\"2025-07-07T09:24:59+00:00\",\"description\":\"O ovo \u00e9 um conhecido s\u00edmbolo de renova\u00e7\u00e3o, nascimento e esperan\u00e7a. Em 2024, apresentamos o ovo Ping\u2019Amor em prata, um ovo rom\u00e2ntico e colorido em prata.\",\"breadcrumb\":{\"@id\":\"https:\/\/staging.leitao-irmao.com\/product\/ovo-pingamor-em-prata\/#breadcrumb\"},\"inLanguage\":\"en-GB\",\"potentialAction\":[{\"@type\":\"ReadAction\",\"target\":[\"https:\/\/staging.leitao-irmao.com\/product\/ovo-pingamor-em-prata\/\"]}]},{\"@type\":\"ImageObject\",\"inLanguage\":\"en-GB\",\"@id\":\"https:\/\/staging.leitao-irmao.com\/product\/ovo-pingamor-em-prata\/#primaryimage\",\"url\":\"https:\/\/staging.leitao-irmao.com\/wp-content\/uploads\/2024\/02\/Ovo-2024.jpg\",\"contentUrl\":\"https:\/\/staging.leitao-irmao.com\/wp-content\/uploads\/2024\/02\/Ovo-2024.jpg\",\"width\":1800,\"height\":1800,\"caption\":\"Ovo em prata com motivo ping'amor da Leit\u00e3o & Irm\u00e3o\"},{\"@type\":\"BreadcrumbList\",\"@id\":\"https:\/\/staging.leitao-irmao.com\/product\/ovo-pingamor-em-prata\/#breadcrumb\",\"itemListElement\":[{\"@type\":\"ListItem\",\"position\":1,\"name\":\"Home\",\"item\":\"https:\/\/staging.leitao-irmao.com\/\"},{\"@type\":\"ListItem\",\"position\":2,\"name\":\"Produtos\",\"item\":\"https:\/\/staging.leitao-irmao.com\/shop\/\"},{\"@type\":\"ListItem\",\"position\":3,\"name\":\"Ovo Ping\u2019Amor em prata &#8211; Edi\u00e7\u00e3o 2024\"}]},{\"@type\":\"WebSite\",\"@id\":\"https:\/\/staging.leitao-irmao.com\/#website\",\"url\":\"https:\/\/staging.leitao-irmao.com\/\",\"name\":\"Leit\u00e3o & Irm\u00e3o\",\"description\":\"Joalheiros desde 1822\",\"publisher\":{\"@id\":\"https:\/\/staging.leitao-irmao.com\/#organization\"},\"potentialAction\":[{\"@type\":\"SearchAction\",\"target\":{\"@type\":\"EntryPoint\",\"urlTemplate\":\"https:\/\/staging.leitao-irmao.com\/?s={search_term_string}\"},\"query-input\":{\"@type\":\"PropertyValueSpecification\",\"valueRequired\":true,\"valueName\":\"search_term_string\"}}],\"inLanguage\":\"en-GB\"},{\"@type\":\"Organization\",\"@id\":\"https:\/\/staging.leitao-irmao.com\/#organization\",\"name\":\"Leit\u00e3o & Irm\u00e3o\",\"url\":\"https:\/\/staging.leitao-irmao.com\/\",\"logo\":{\"@type\":\"ImageObject\",\"inLanguage\":\"en-GB\",\"@id\":\"https:\/\/staging.leitao-irmao.com\/#\/schema\/logo\/image\/\",\"url\":\"https:\/\/staging.leitao-irmao.com\/wp-content\/uploads\/2022\/11\/leitaoirmao-logo.png\",\"contentUrl\":\"https:\/\/staging.leitao-irmao.com\/wp-content\/uploads\/2022\/11\/leitaoirmao-logo.png\",\"width\":426,\"height\":89,\"caption\":\"Leit\u00e3o & Irm\u00e3o\"},\"image\":{\"@id\":\"https:\/\/staging.leitao-irmao.com\/#\/schema\/logo\/image\/\"}}]}<\/script>\n<!-- \/ Yoast SEO plugin. -->","yoast_head_json":{"title":"ovo ping'amor em prata","description":"O ovo \u00e9 um conhecido s\u00edmbolo de renova\u00e7\u00e3o, nascimento e esperan\u00e7a. Em 2024, apresentamos o ovo Ping\u2019Amor em prata, um ovo rom\u00e2ntico e colorido em prata.","robots":{"index":"noindex","follow":"follow","max-snippet":"max-snippet:-1","max-image-preview":"max-image-preview:large","max-video-preview":"max-video-preview:-1"},"og_locale":"en_GB","og_type":"article","og_title":"ovo ping'amor em prata","og_description":"O ovo \u00e9 um conhecido s\u00edmbolo de renova\u00e7\u00e3o, nascimento e esperan\u00e7a. Em 2024, apresentamos o ovo Ping\u2019Amor em prata, um ovo rom\u00e2ntico e colorido em prata.","og_url":"https:\/\/staging.leitao-irmao.com\/en\/product\/ovo-pingamor-em-prata\/","og_site_name":"Leit\u00e3o &amp; Irm\u00e3o","article_modified_time":"2025-07-07T09:24:59+00:00","og_image":[{"width":1800,"height":1800,"url":"https:\/\/staging.leitao-irmao.com\/wp-content\/uploads\/2024\/02\/Ovo-2024.jpg","type":"image\/jpeg"}],"twitter_card":"summary_large_image","twitter_misc":{"Estimated reading time":"1 minute"},"schema":{"@context":"https:\/\/schema.org","@graph":[{"@type":"WebPage","@id":"https:\/\/staging.leitao-irmao.com\/product\/ovo-pingamor-em-prata\/","url":"https:\/\/staging.leitao-irmao.com\/product\/ovo-pingamor-em-prata\/","name":"ovo ping'amor em prata","isPartOf":{"@id":"https:\/\/staging.leitao-irmao.com\/#website"},"primaryImageOfPage":{"@id":"https:\/\/staging.leitao-irmao.com\/product\/ovo-pingamor-em-prata\/#primaryimage"},"image":{"@id":"https:\/\/staging.leitao-irmao.com\/product\/ovo-pingamor-em-prata\/#primaryimage"},"thumbnailUrl":"https:\/\/staging.leitao-irmao.com\/wp-content\/uploads\/2024\/02\/Ovo-2024.jpg","datePublished":"2024-02-26T13:04:22+00:00","dateModified":"2025-07-07T09:24:59+00:00","description":"O ovo \u00e9 um conhecido s\u00edmbolo de renova\u00e7\u00e3o, nascimento e esperan\u00e7a. Em 2024, apresentamos o ovo Ping\u2019Amor em prata, um ovo rom\u00e2ntico e colorido em prata.","breadcrumb":{"@id":"https:\/\/staging.leitao-irmao.com\/product\/ovo-pingamor-em-prata\/#breadcrumb"},"inLanguage":"en-GB","potentialAction":[{"@type":"ReadAction","target":["https:\/\/staging.leitao-irmao.com\/product\/ovo-pingamor-em-prata\/"]}]},{"@type":"ImageObject","inLanguage":"en-GB","@id":"https:\/\/staging.leitao-irmao.com\/product\/ovo-pingamor-em-prata\/#primaryimage","url":"https:\/\/staging.leitao-irmao.com\/wp-content\/uploads\/2024\/02\/Ovo-2024.jpg","contentUrl":"https:\/\/staging.leitao-irmao.com\/wp-content\/uploads\/2024\/02\/Ovo-2024.jpg","width":1800,"height":1800,"caption":"Ovo em prata com motivo ping'amor da Leit\u00e3o & Irm\u00e3o"},{"@type":"BreadcrumbList","@id":"https:\/\/staging.leitao-irmao.com\/product\/ovo-pingamor-em-prata\/#breadcrumb","itemListElement":[{"@type":"ListItem","position":1,"name":"Home","item":"https:\/\/staging.leitao-irmao.com\/"},{"@type":"ListItem","position":2,"name":"Produtos","item":"https:\/\/staging.leitao-irmao.com\/shop\/"},{"@type":"ListItem","position":3,"name":"Ovo Ping\u2019Amor em prata &#8211; Edi\u00e7\u00e3o 2024"}]},{"@type":"WebSite","@id":"https:\/\/staging.leitao-irmao.com\/#website","url":"https:\/\/staging.leitao-irmao.com\/","name":"Leit\u00e3o & Irm\u00e3o","description":"Joalheiros desde 1822","publisher":{"@id":"https:\/\/staging.leitao-irmao.com\/#organization"},"potentialAction":[{"@type":"SearchAction","target":{"@type":"EntryPoint","urlTemplate":"https:\/\/staging.leitao-irmao.com\/?s={search_term_string}"},"query-input":{"@type":"PropertyValueSpecification","valueRequired":true,"valueName":"search_term_string"}}],"inLanguage":"en-GB"},{"@type":"Organization","@id":"https:\/\/staging.leitao-irmao.com\/#organization","name":"Leit\u00e3o & Irm\u00e3o","url":"https:\/\/staging.leitao-irmao.com\/","logo":{"@type":"ImageObject","inLanguage":"en-GB","@id":"https:\/\/staging.leitao-irmao.com\/#\/schema\/logo\/image\/","url":"https:\/\/staging.leitao-irmao.com\/wp-content\/uploads\/2022\/11\/leitaoirmao-logo.png","contentUrl":"https:\/\/staging.leitao-irmao.com\/wp-content\/uploads\/2022\/11\/leitaoirmao-logo.png","width":426,"height":89,"caption":"Leit\u00e3o & Irm\u00e3o"},"image":{"@id":"https:\/\/staging.leitao-irmao.com\/#\/schema\/logo\/image\/"}}]}},"_links":{"self":[{"href":"https:\/\/staging.leitao-irmao.com\/en\/wp-json\/wp\/v2\/product\/22186","targetHints":{"allow":["GET"]}}],"collection":[{"href":"https:\/\/staging.leitao-irmao.com\/en\/wp-json\/wp\/v2\/product"}],"about":[{"href":"https:\/\/staging.leitao-irmao.com\/en\/wp-json\/wp\/v2\/types\/product"}],"version-history":[{"count":1,"href":"https:\/\/staging.leitao-irmao.com\/en\/wp-json\/wp\/v2\/product\/22186\/revisions"}],"predecessor-version":[{"id":32950,"href":"https:\/\/staging.leitao-irmao.com\/en\/wp-json\/wp\/v2\/product\/22186\/revisions\/32950"}],"wp:featuredmedia":[{"embeddable":true,"href":"https:\/\/staging.leitao-irmao.com\/en\/wp-json\/wp\/v2\/media\/22187"}],"wp:attachment":[{"href":"https:\/\/staging.leitao-irmao.com\/en\/wp-json\/wp\/v2\/media?parent=22186"}],"wp:term":[{"taxonomy":"product_brand","embeddable":true,"href":"https:\/\/staging.leitao-irmao.com\/en\/wp-json\/wp\/v2\/product_brand?post=22186"},{"taxonomy":"product_cat","embeddable":true,"href":"https:\/\/staging.leitao-irmao.com\/en\/wp-json\/wp\/v2\/product_cat?post=22186"},{"taxonomy":"product_tag","embeddable":true,"href":"https:\/\/staging.leitao-irmao.com\/en\/wp-json\/wp\/v2\/product_tag?post=22186"}],"curies":[{"name":"wp","href":"https:\/\/api.w.org\/{rel}","templated":true}]}}