{"id":23415,"date":"2025-06-01T10:00:39","date_gmt":"2025-06-01T09:00:39","guid":{"rendered":"https:\/\/www.leitao-irmao.com\/?post_type=product&#038;p=23415"},"modified":"2025-08-01T18:00:32","modified_gmt":"2025-08-01T17:00:32","slug":"brincos-concha-vieira-mar-de-prata","status":"publish","type":"product","link":"https:\/\/staging.leitao-irmao.com\/en\/product\/brincos-concha-vieira-mar-de-prata\/","title":{"rendered":"Concha Vieira earrings | Silver Sea"},"content":{"rendered":"","protected":false},"excerpt":{"rendered":"<p>For the long summer days, where the reflection of the sun on the sea at the end of the afternoon has silver colours. The Silver Sea earrings in 925 silver are the elegant and discreet accessory to always look good, whether on the beach or at a summer dinner. A collection of sustainable jewellery made from the Leit\u00e3o &amp; Irm\u00e3o workshop and limited edition until September.<\/p>\n<p>&nbsp;<\/p>\n<p>ENTREGA 4 a 8 SEMANAS AP\u00d3S ENCOMENDA.<\/p>","protected":false},"featured_media":23416,"template":"","meta":{"_acf_changed":false},"product_brand":[],"product_cat":[131,83,79,237,141,122],"product_tag":[278,323],"class_list":{"0":"post-23415","1":"product","2":"type-product","3":"status-publish","4":"has-post-thumbnail","6":"product_cat-aniversario-de-18-anos","7":"product_cat-brincos","8":"product_cat-joalharia","9":"product_cat-mar-de-prata","10":"product_cat-para-ela","11":"product_cat-presentes-inferiores-a-150e","12":"product_tag-mulher","13":"product_tag-novidades","15":"first","16":"instock","17":"shipping-taxable","18":"purchasable","19":"product-type-simple"},"acf":[],"yoast_head":"<!-- This site is optimized with the Yoast SEO plugin v25.4 - https:\/\/yoast.com\/wordpress\/plugins\/seo\/ -->\n<title>Brincos Concha Vieira | Mar de Prata | Leit\u00e3o &amp; Irm\u00e3o<\/title>\n<meta name=\"description\" content=\"Os brincos Mar de Prata em prata 925, s\u00e3o o acess\u00f3rio elegante e discreto para estar sempre bem, seja na praia, ou num jantar de ver\u00e3o.\" \/>\n<meta name=\"robots\" content=\"noindex, follow, max-snippet:-1, max-image-preview:large, max-video-preview:-1\" \/>\n<meta property=\"og:locale\" content=\"en_GB\" \/>\n<meta property=\"og:type\" content=\"article\" \/>\n<meta property=\"og:title\" content=\"Brincos Concha Vieira | Mar de Prata | Leit\u00e3o &amp; Irm\u00e3o\" \/>\n<meta property=\"og:description\" content=\"Os brincos Mar de Prata em prata 925, s\u00e3o o acess\u00f3rio elegante e discreto para estar sempre bem, seja na praia, ou num jantar de ver\u00e3o.\" \/>\n<meta property=\"og:url\" content=\"https:\/\/staging.leitao-irmao.com\/en\/product\/brincos-concha-vieira-mar-de-prata\/\" \/>\n<meta property=\"og:site_name\" content=\"Leit\u00e3o &amp; Irm\u00e3o\" \/>\n<meta property=\"article:modified_time\" content=\"2025-08-01T17:00:32+00:00\" \/>\n<meta property=\"og:image\" content=\"https:\/\/staging.leitao-irmao.com\/wp-content\/uploads\/2024\/04\/0510108-brincos-vieira.jpg\" \/>\n\t<meta property=\"og:image:width\" content=\"1080\" \/>\n\t<meta property=\"og:image:height\" content=\"1080\" \/>\n\t<meta property=\"og:image:type\" content=\"image\/jpeg\" \/>\n<meta name=\"twitter:card\" content=\"summary_large_image\" \/>\n<meta name=\"twitter:label1\" content=\"Estimated reading time\" \/>\n\t<meta name=\"twitter:data1\" content=\"1 minute\" \/>\n<script type=\"application\/ld+json\" class=\"yoast-schema-graph\">{\"@context\":\"https:\/\/schema.org\",\"@graph\":[{\"@type\":\"WebPage\",\"@id\":\"https:\/\/staging.leitao-irmao.com\/product\/brincos-concha-vieira-mar-de-prata\/\",\"url\":\"https:\/\/staging.leitao-irmao.com\/product\/brincos-concha-vieira-mar-de-prata\/\",\"name\":\"Brincos Concha Vieira | Mar de Prata | Leit\u00e3o &amp; Irm\u00e3o\",\"isPartOf\":{\"@id\":\"https:\/\/staging.leitao-irmao.com\/#website\"},\"primaryImageOfPage\":{\"@id\":\"https:\/\/staging.leitao-irmao.com\/product\/brincos-concha-vieira-mar-de-prata\/#primaryimage\"},\"image\":{\"@id\":\"https:\/\/staging.leitao-irmao.com\/product\/brincos-concha-vieira-mar-de-prata\/#primaryimage\"},\"thumbnailUrl\":\"https:\/\/staging.leitao-irmao.com\/wp-content\/uploads\/2024\/04\/0510108-brincos-vieira.jpg\",\"datePublished\":\"2025-06-01T09:00:39+00:00\",\"dateModified\":\"2025-08-01T17:00:32+00:00\",\"description\":\"Os brincos Mar de Prata em prata 925, s\u00e3o o acess\u00f3rio elegante e discreto para estar sempre bem, seja na praia, ou num jantar de ver\u00e3o.\",\"breadcrumb\":{\"@id\":\"https:\/\/staging.leitao-irmao.com\/product\/brincos-concha-vieira-mar-de-prata\/#breadcrumb\"},\"inLanguage\":\"en-GB\",\"potentialAction\":[{\"@type\":\"ReadAction\",\"target\":[\"https:\/\/staging.leitao-irmao.com\/product\/brincos-concha-vieira-mar-de-prata\/\"]}]},{\"@type\":\"ImageObject\",\"inLanguage\":\"en-GB\",\"@id\":\"https:\/\/staging.leitao-irmao.com\/product\/brincos-concha-vieira-mar-de-prata\/#primaryimage\",\"url\":\"https:\/\/staging.leitao-irmao.com\/wp-content\/uploads\/2024\/04\/0510108-brincos-vieira.jpg\",\"contentUrl\":\"https:\/\/staging.leitao-irmao.com\/wp-content\/uploads\/2024\/04\/0510108-brincos-vieira.jpg\",\"width\":1080,\"height\":1080,\"caption\":\"Par de brincos concha Vieira da cole\u00e7\u00e3o Mar de Prata da Leit\u00e3o & Irm\u00e3o\"},{\"@type\":\"BreadcrumbList\",\"@id\":\"https:\/\/staging.leitao-irmao.com\/product\/brincos-concha-vieira-mar-de-prata\/#breadcrumb\",\"itemListElement\":[{\"@type\":\"ListItem\",\"position\":1,\"name\":\"Home\",\"item\":\"https:\/\/staging.leitao-irmao.com\/\"},{\"@type\":\"ListItem\",\"position\":2,\"name\":\"Produtos\",\"item\":\"https:\/\/staging.leitao-irmao.com\/shop\/\"},{\"@type\":\"ListItem\",\"position\":3,\"name\":\"Brincos Concha Vieira | Mar de Prata\"}]},{\"@type\":\"WebSite\",\"@id\":\"https:\/\/staging.leitao-irmao.com\/#website\",\"url\":\"https:\/\/staging.leitao-irmao.com\/\",\"name\":\"Leit\u00e3o & Irm\u00e3o\",\"description\":\"Joalheiros desde 1822\",\"publisher\":{\"@id\":\"https:\/\/staging.leitao-irmao.com\/#organization\"},\"potentialAction\":[{\"@type\":\"SearchAction\",\"target\":{\"@type\":\"EntryPoint\",\"urlTemplate\":\"https:\/\/staging.leitao-irmao.com\/?s={search_term_string}\"},\"query-input\":{\"@type\":\"PropertyValueSpecification\",\"valueRequired\":true,\"valueName\":\"search_term_string\"}}],\"inLanguage\":\"en-GB\"},{\"@type\":\"Organization\",\"@id\":\"https:\/\/staging.leitao-irmao.com\/#organization\",\"name\":\"Leit\u00e3o & Irm\u00e3o\",\"url\":\"https:\/\/staging.leitao-irmao.com\/\",\"logo\":{\"@type\":\"ImageObject\",\"inLanguage\":\"en-GB\",\"@id\":\"https:\/\/staging.leitao-irmao.com\/#\/schema\/logo\/image\/\",\"url\":\"https:\/\/staging.leitao-irmao.com\/wp-content\/uploads\/2022\/11\/leitaoirmao-logo.png\",\"contentUrl\":\"https:\/\/staging.leitao-irmao.com\/wp-content\/uploads\/2022\/11\/leitaoirmao-logo.png\",\"width\":426,\"height\":89,\"caption\":\"Leit\u00e3o & Irm\u00e3o\"},\"image\":{\"@id\":\"https:\/\/staging.leitao-irmao.com\/#\/schema\/logo\/image\/\"}}]}<\/script>\n<!-- \/ Yoast SEO plugin. -->","yoast_head_json":{"title":"Brincos Concha Vieira | Mar de Prata | Leit\u00e3o &amp; Irm\u00e3o","description":"Os brincos Mar de Prata em prata 925, s\u00e3o o acess\u00f3rio elegante e discreto para estar sempre bem, seja na praia, ou num jantar de ver\u00e3o.","robots":{"index":"noindex","follow":"follow","max-snippet":"max-snippet:-1","max-image-preview":"max-image-preview:large","max-video-preview":"max-video-preview:-1"},"og_locale":"en_GB","og_type":"article","og_title":"Brincos Concha Vieira | Mar de Prata | Leit\u00e3o &amp; Irm\u00e3o","og_description":"Os brincos Mar de Prata em prata 925, s\u00e3o o acess\u00f3rio elegante e discreto para estar sempre bem, seja na praia, ou num jantar de ver\u00e3o.","og_url":"https:\/\/staging.leitao-irmao.com\/en\/product\/brincos-concha-vieira-mar-de-prata\/","og_site_name":"Leit\u00e3o &amp; Irm\u00e3o","article_modified_time":"2025-08-01T17:00:32+00:00","og_image":[{"width":1080,"height":1080,"url":"https:\/\/staging.leitao-irmao.com\/wp-content\/uploads\/2024\/04\/0510108-brincos-vieira.jpg","type":"image\/jpeg"}],"twitter_card":"summary_large_image","twitter_misc":{"Estimated reading time":"1 minute"},"schema":{"@context":"https:\/\/schema.org","@graph":[{"@type":"WebPage","@id":"https:\/\/staging.leitao-irmao.com\/product\/brincos-concha-vieira-mar-de-prata\/","url":"https:\/\/staging.leitao-irmao.com\/product\/brincos-concha-vieira-mar-de-prata\/","name":"Brincos Concha Vieira | Mar de Prata | Leit\u00e3o &amp; Irm\u00e3o","isPartOf":{"@id":"https:\/\/staging.leitao-irmao.com\/#website"},"primaryImageOfPage":{"@id":"https:\/\/staging.leitao-irmao.com\/product\/brincos-concha-vieira-mar-de-prata\/#primaryimage"},"image":{"@id":"https:\/\/staging.leitao-irmao.com\/product\/brincos-concha-vieira-mar-de-prata\/#primaryimage"},"thumbnailUrl":"https:\/\/staging.leitao-irmao.com\/wp-content\/uploads\/2024\/04\/0510108-brincos-vieira.jpg","datePublished":"2025-06-01T09:00:39+00:00","dateModified":"2025-08-01T17:00:32+00:00","description":"Os brincos Mar de Prata em prata 925, s\u00e3o o acess\u00f3rio elegante e discreto para estar sempre bem, seja na praia, ou num jantar de ver\u00e3o.","breadcrumb":{"@id":"https:\/\/staging.leitao-irmao.com\/product\/brincos-concha-vieira-mar-de-prata\/#breadcrumb"},"inLanguage":"en-GB","potentialAction":[{"@type":"ReadAction","target":["https:\/\/staging.leitao-irmao.com\/product\/brincos-concha-vieira-mar-de-prata\/"]}]},{"@type":"ImageObject","inLanguage":"en-GB","@id":"https:\/\/staging.leitao-irmao.com\/product\/brincos-concha-vieira-mar-de-prata\/#primaryimage","url":"https:\/\/staging.leitao-irmao.com\/wp-content\/uploads\/2024\/04\/0510108-brincos-vieira.jpg","contentUrl":"https:\/\/staging.leitao-irmao.com\/wp-content\/uploads\/2024\/04\/0510108-brincos-vieira.jpg","width":1080,"height":1080,"caption":"Par de brincos concha Vieira da cole\u00e7\u00e3o Mar de Prata da Leit\u00e3o & Irm\u00e3o"},{"@type":"BreadcrumbList","@id":"https:\/\/staging.leitao-irmao.com\/product\/brincos-concha-vieira-mar-de-prata\/#breadcrumb","itemListElement":[{"@type":"ListItem","position":1,"name":"Home","item":"https:\/\/staging.leitao-irmao.com\/"},{"@type":"ListItem","position":2,"name":"Produtos","item":"https:\/\/staging.leitao-irmao.com\/shop\/"},{"@type":"ListItem","position":3,"name":"Brincos Concha Vieira | Mar de Prata"}]},{"@type":"WebSite","@id":"https:\/\/staging.leitao-irmao.com\/#website","url":"https:\/\/staging.leitao-irmao.com\/","name":"Leit\u00e3o & Irm\u00e3o","description":"Joalheiros desde 1822","publisher":{"@id":"https:\/\/staging.leitao-irmao.com\/#organization"},"potentialAction":[{"@type":"SearchAction","target":{"@type":"EntryPoint","urlTemplate":"https:\/\/staging.leitao-irmao.com\/?s={search_term_string}"},"query-input":{"@type":"PropertyValueSpecification","valueRequired":true,"valueName":"search_term_string"}}],"inLanguage":"en-GB"},{"@type":"Organization","@id":"https:\/\/staging.leitao-irmao.com\/#organization","name":"Leit\u00e3o & Irm\u00e3o","url":"https:\/\/staging.leitao-irmao.com\/","logo":{"@type":"ImageObject","inLanguage":"en-GB","@id":"https:\/\/staging.leitao-irmao.com\/#\/schema\/logo\/image\/","url":"https:\/\/staging.leitao-irmao.com\/wp-content\/uploads\/2022\/11\/leitaoirmao-logo.png","contentUrl":"https:\/\/staging.leitao-irmao.com\/wp-content\/uploads\/2022\/11\/leitaoirmao-logo.png","width":426,"height":89,"caption":"Leit\u00e3o & Irm\u00e3o"},"image":{"@id":"https:\/\/staging.leitao-irmao.com\/#\/schema\/logo\/image\/"}}]}},"_links":{"self":[{"href":"https:\/\/staging.leitao-irmao.com\/en\/wp-json\/wp\/v2\/product\/23415","targetHints":{"allow":["GET"]}}],"collection":[{"href":"https:\/\/staging.leitao-irmao.com\/en\/wp-json\/wp\/v2\/product"}],"about":[{"href":"https:\/\/staging.leitao-irmao.com\/en\/wp-json\/wp\/v2\/types\/product"}],"version-history":[{"count":3,"href":"https:\/\/staging.leitao-irmao.com\/en\/wp-json\/wp\/v2\/product\/23415\/revisions"}],"predecessor-version":[{"id":33287,"href":"https:\/\/staging.leitao-irmao.com\/en\/wp-json\/wp\/v2\/product\/23415\/revisions\/33287"}],"wp:featuredmedia":[{"embeddable":true,"href":"https:\/\/staging.leitao-irmao.com\/en\/wp-json\/wp\/v2\/media\/23416"}],"wp:attachment":[{"href":"https:\/\/staging.leitao-irmao.com\/en\/wp-json\/wp\/v2\/media?parent=23415"}],"wp:term":[{"taxonomy":"product_brand","embeddable":true,"href":"https:\/\/staging.leitao-irmao.com\/en\/wp-json\/wp\/v2\/product_brand?post=23415"},{"taxonomy":"product_cat","embeddable":true,"href":"https:\/\/staging.leitao-irmao.com\/en\/wp-json\/wp\/v2\/product_cat?post=23415"},{"taxonomy":"product_tag","embeddable":true,"href":"https:\/\/staging.leitao-irmao.com\/en\/wp-json\/wp\/v2\/product_tag?post=23415"}],"curies":[{"name":"wp","href":"https:\/\/api.w.org\/{rel}","templated":true}]}}