{"id":25986,"date":"2024-09-10T10:00:41","date_gmt":"2024-09-10T09:00:41","guid":{"rendered":"https:\/\/www.leitao-irmao.com\/?post_type=product&#038;p=25986"},"modified":"2025-08-18T14:37:33","modified_gmt":"2025-08-18T13:37:33","slug":"pulseira-sporting-em-prata-sporting-cp-jewels","status":"publish","type":"product","link":"https:\/\/staging.leitao-irmao.com\/en\/product\/pulseira-sporting-em-prata-sporting-cp-jewels\/","title":{"rendered":"Sporting bracelet in silver | Sporting CP Jewels"},"content":{"rendered":"","protected":false},"excerpt":{"rendered":"<p class=\"translation-block\">Leit\u00e3o &amp; Irm\u00e3o is collaborating with Sporting Clube de Portugal to develop a collection of jewellery inspired by the club's iconic symbol \u2013 <strong>the Lion<\/strong>.<\/p>\n<p>All Sporting CP Jewels pieces were developed by the Leit\u00e3o &amp; Irm\u00e3o design office in collaboration with Sporting CP and manufactured in the Leit\u00e3o &amp; Irm\u00e3o workshops, making them official club products.<\/p>\n<p>The collection features bracelets, pins and cufflinks in mostly recycled 925 silver.<\/p>\n<p>All pieces are authenticated with the Leit\u00e3o &amp; Irm\u00e3o maker's mark, signed by Leit\u00e3o &amp; Irm\u00e3o and Sporting CP, and certified by the Portuguese Mint (Casa da Moeda Portuguesa).<\/p>\n<p>&nbsp;<\/p>\n<div class=\"elementor-element elementor-element-a79af5f elementor-widget elementor-widget-woocommerce-product-short-description\" data-id=\"a79af5f\" data-element_type=\"widget\" data-widget_type=\"woocommerce-product-short-description.default\">\n<div class=\"elementor-widget-container\">\n<div class=\"woocommerce-product-details__short-description\">\n<p>ENTREGA 4 a 8 SEMANAS AP\u00d3S ENCOMENDA.<\/p>\n<\/div>\n<\/div>\n<\/div>\n<div class=\"elementor-element elementor-element-be94852 elementor-add-to-cart--align-justify elementor-add-to-cart--layout-auto elementor-widget elementor-widget-wc-add-to-cart\" data-id=\"be94852\" data-element_type=\"widget\" data-widget_type=\"wc-add-to-cart.default\">\n<div class=\"elementor-widget-container\">\n<form class=\"cart\" action=\"https:\/\/www.leitao-irmao.com\/product\/pendente-caracol-do-mar-mar-de-prata\/\" enctype=\"multipart\/form-data\" method=\"post\">\n<div class=\"e-atc-qty-button-holder\">\n<div class=\"quantity\"><\/div>\n<\/div>\n<\/form>\n<\/div>\n<\/div>","protected":false},"featured_media":25987,"template":"","meta":{"_acf_changed":false},"product_brand":[],"product_cat":[79,141,140,135,122,87,496,608],"product_tag":[277,278,323,270,279],"class_list":{"0":"post-25986","1":"product","2":"type-product","3":"status-publish","4":"has-post-thumbnail","6":"product_cat-joalharia","7":"product_cat-para-ela","8":"product_cat-para-ele","9":"product_cat-natal","10":"product_cat-presentes-inferiores-a-150e","11":"product_cat-pulseiras","12":"product_cat-sem-desconto","13":"product_cat-sporting-jewels","14":"product_tag-homem","15":"product_tag-mulher","16":"product_tag-novidades","17":"product_tag-prata","18":"product_tag-unissexo","20":"first","21":"onbackorder","22":"shipping-taxable","23":"purchasable","24":"product-type-simple"},"acf":[],"yoast_head":"<!-- This site is optimized with the Yoast SEO plugin v25.4 - https:\/\/yoast.com\/wordpress\/plugins\/seo\/ -->\n<title>Pulseira Sporting em prata | Sporting CP Jewels | Leit\u00e3o &amp; Irm\u00e3o<\/title>\n<meta name=\"description\" content=\"A Leit\u00e3o &amp; Irm\u00e3o desenvolve em colabora\u00e7\u00e3o com o Sporting Clube de Portugal uma cole\u00e7\u00e3o de joias inspiradas no s\u00edmbolo maior do clube \u2013 o Le\u00e3o.\" \/>\n<meta name=\"robots\" content=\"noindex, follow, max-snippet:-1, max-image-preview:large, max-video-preview:-1\" \/>\n<meta property=\"og:locale\" content=\"en_GB\" \/>\n<meta property=\"og:type\" content=\"article\" \/>\n<meta property=\"og:title\" content=\"Pulseira Sporting em prata | Sporting CP Jewels | Leit\u00e3o &amp; Irm\u00e3o\" \/>\n<meta property=\"og:description\" content=\"A Leit\u00e3o &amp; Irm\u00e3o desenvolve em colabora\u00e7\u00e3o com o Sporting Clube de Portugal uma cole\u00e7\u00e3o de joias inspiradas no s\u00edmbolo maior do clube \u2013 o Le\u00e3o.\" \/>\n<meta property=\"og:url\" content=\"https:\/\/staging.leitao-irmao.com\/en\/product\/pulseira-sporting-em-prata-sporting-cp-jewels\/\" \/>\n<meta property=\"og:site_name\" content=\"Leit\u00e3o &amp; Irm\u00e3o\" \/>\n<meta property=\"article:modified_time\" content=\"2025-08-18T13:37:33+00:00\" \/>\n<meta property=\"og:image\" content=\"https:\/\/staging.leitao-irmao.com\/wp-content\/uploads\/2024\/07\/pulseira_leao_sporting_2024.jpg\" \/>\n\t<meta property=\"og:image:width\" content=\"1920\" \/>\n\t<meta property=\"og:image:height\" content=\"1920\" \/>\n\t<meta property=\"og:image:type\" content=\"image\/jpeg\" \/>\n<meta name=\"twitter:card\" content=\"summary_large_image\" \/>\n<meta name=\"twitter:label1\" content=\"Estimated reading time\" \/>\n\t<meta name=\"twitter:data1\" content=\"1 minute\" \/>\n<script type=\"application\/ld+json\" class=\"yoast-schema-graph\">{\"@context\":\"https:\/\/schema.org\",\"@graph\":[{\"@type\":\"WebPage\",\"@id\":\"https:\/\/staging.leitao-irmao.com\/product\/pulseira-sporting-em-prata-sporting-cp-jewels\/\",\"url\":\"https:\/\/staging.leitao-irmao.com\/product\/pulseira-sporting-em-prata-sporting-cp-jewels\/\",\"name\":\"Pulseira Sporting em prata | Sporting CP Jewels | Leit\u00e3o &amp; Irm\u00e3o\",\"isPartOf\":{\"@id\":\"https:\/\/staging.leitao-irmao.com\/#website\"},\"primaryImageOfPage\":{\"@id\":\"https:\/\/staging.leitao-irmao.com\/product\/pulseira-sporting-em-prata-sporting-cp-jewels\/#primaryimage\"},\"image\":{\"@id\":\"https:\/\/staging.leitao-irmao.com\/product\/pulseira-sporting-em-prata-sporting-cp-jewels\/#primaryimage\"},\"thumbnailUrl\":\"https:\/\/staging.leitao-irmao.com\/wp-content\/uploads\/2024\/07\/pulseira_leao_sporting_2024.jpg\",\"datePublished\":\"2024-09-10T09:00:41+00:00\",\"dateModified\":\"2025-08-18T13:37:33+00:00\",\"description\":\"A Leit\u00e3o & Irm\u00e3o desenvolve em colabora\u00e7\u00e3o com o Sporting Clube de Portugal uma cole\u00e7\u00e3o de joias inspiradas no s\u00edmbolo maior do clube \u2013 o Le\u00e3o.\",\"breadcrumb\":{\"@id\":\"https:\/\/staging.leitao-irmao.com\/product\/pulseira-sporting-em-prata-sporting-cp-jewels\/#breadcrumb\"},\"inLanguage\":\"en-GB\",\"potentialAction\":[{\"@type\":\"ReadAction\",\"target\":[\"https:\/\/staging.leitao-irmao.com\/product\/pulseira-sporting-em-prata-sporting-cp-jewels\/\"]}]},{\"@type\":\"ImageObject\",\"inLanguage\":\"en-GB\",\"@id\":\"https:\/\/staging.leitao-irmao.com\/product\/pulseira-sporting-em-prata-sporting-cp-jewels\/#primaryimage\",\"url\":\"https:\/\/staging.leitao-irmao.com\/wp-content\/uploads\/2024\/07\/pulseira_leao_sporting_2024.jpg\",\"contentUrl\":\"https:\/\/staging.leitao-irmao.com\/wp-content\/uploads\/2024\/07\/pulseira_leao_sporting_2024.jpg\",\"width\":1920,\"height\":1920,\"caption\":\"Pulseira Le\u00e3o em prata com fio verde escuro Sporting CP Jewels da Leit\u00e3o & Irm\u00e3o\"},{\"@type\":\"BreadcrumbList\",\"@id\":\"https:\/\/staging.leitao-irmao.com\/product\/pulseira-sporting-em-prata-sporting-cp-jewels\/#breadcrumb\",\"itemListElement\":[{\"@type\":\"ListItem\",\"position\":1,\"name\":\"Home\",\"item\":\"https:\/\/staging.leitao-irmao.com\/\"},{\"@type\":\"ListItem\",\"position\":2,\"name\":\"Produtos\",\"item\":\"https:\/\/staging.leitao-irmao.com\/shop\/\"},{\"@type\":\"ListItem\",\"position\":3,\"name\":\"Pulseira Sporting em prata | Sporting CP Jewels\"}]},{\"@type\":\"WebSite\",\"@id\":\"https:\/\/staging.leitao-irmao.com\/#website\",\"url\":\"https:\/\/staging.leitao-irmao.com\/\",\"name\":\"Leit\u00e3o & Irm\u00e3o\",\"description\":\"Joalheiros desde 1822\",\"publisher\":{\"@id\":\"https:\/\/staging.leitao-irmao.com\/#organization\"},\"potentialAction\":[{\"@type\":\"SearchAction\",\"target\":{\"@type\":\"EntryPoint\",\"urlTemplate\":\"https:\/\/staging.leitao-irmao.com\/?s={search_term_string}\"},\"query-input\":{\"@type\":\"PropertyValueSpecification\",\"valueRequired\":true,\"valueName\":\"search_term_string\"}}],\"inLanguage\":\"en-GB\"},{\"@type\":\"Organization\",\"@id\":\"https:\/\/staging.leitao-irmao.com\/#organization\",\"name\":\"Leit\u00e3o & Irm\u00e3o\",\"url\":\"https:\/\/staging.leitao-irmao.com\/\",\"logo\":{\"@type\":\"ImageObject\",\"inLanguage\":\"en-GB\",\"@id\":\"https:\/\/staging.leitao-irmao.com\/#\/schema\/logo\/image\/\",\"url\":\"https:\/\/staging.leitao-irmao.com\/wp-content\/uploads\/2022\/11\/leitaoirmao-logo.png\",\"contentUrl\":\"https:\/\/staging.leitao-irmao.com\/wp-content\/uploads\/2022\/11\/leitaoirmao-logo.png\",\"width\":426,\"height\":89,\"caption\":\"Leit\u00e3o & Irm\u00e3o\"},\"image\":{\"@id\":\"https:\/\/staging.leitao-irmao.com\/#\/schema\/logo\/image\/\"}}]}<\/script>\n<!-- \/ Yoast SEO plugin. -->","yoast_head_json":{"title":"Pulseira Sporting em prata | Sporting CP Jewels | Leit\u00e3o &amp; Irm\u00e3o","description":"A Leit\u00e3o & Irm\u00e3o desenvolve em colabora\u00e7\u00e3o com o Sporting Clube de Portugal uma cole\u00e7\u00e3o de joias inspiradas no s\u00edmbolo maior do clube \u2013 o Le\u00e3o.","robots":{"index":"noindex","follow":"follow","max-snippet":"max-snippet:-1","max-image-preview":"max-image-preview:large","max-video-preview":"max-video-preview:-1"},"og_locale":"en_GB","og_type":"article","og_title":"Pulseira Sporting em prata | Sporting CP Jewels | Leit\u00e3o &amp; Irm\u00e3o","og_description":"A Leit\u00e3o & Irm\u00e3o desenvolve em colabora\u00e7\u00e3o com o Sporting Clube de Portugal uma cole\u00e7\u00e3o de joias inspiradas no s\u00edmbolo maior do clube \u2013 o Le\u00e3o.","og_url":"https:\/\/staging.leitao-irmao.com\/en\/product\/pulseira-sporting-em-prata-sporting-cp-jewels\/","og_site_name":"Leit\u00e3o &amp; Irm\u00e3o","article_modified_time":"2025-08-18T13:37:33+00:00","og_image":[{"width":1920,"height":1920,"url":"https:\/\/staging.leitao-irmao.com\/wp-content\/uploads\/2024\/07\/pulseira_leao_sporting_2024.jpg","type":"image\/jpeg"}],"twitter_card":"summary_large_image","twitter_misc":{"Estimated reading time":"1 minute"},"schema":{"@context":"https:\/\/schema.org","@graph":[{"@type":"WebPage","@id":"https:\/\/staging.leitao-irmao.com\/product\/pulseira-sporting-em-prata-sporting-cp-jewels\/","url":"https:\/\/staging.leitao-irmao.com\/product\/pulseira-sporting-em-prata-sporting-cp-jewels\/","name":"Pulseira Sporting em prata | Sporting CP Jewels | Leit\u00e3o &amp; Irm\u00e3o","isPartOf":{"@id":"https:\/\/staging.leitao-irmao.com\/#website"},"primaryImageOfPage":{"@id":"https:\/\/staging.leitao-irmao.com\/product\/pulseira-sporting-em-prata-sporting-cp-jewels\/#primaryimage"},"image":{"@id":"https:\/\/staging.leitao-irmao.com\/product\/pulseira-sporting-em-prata-sporting-cp-jewels\/#primaryimage"},"thumbnailUrl":"https:\/\/staging.leitao-irmao.com\/wp-content\/uploads\/2024\/07\/pulseira_leao_sporting_2024.jpg","datePublished":"2024-09-10T09:00:41+00:00","dateModified":"2025-08-18T13:37:33+00:00","description":"A Leit\u00e3o & Irm\u00e3o desenvolve em colabora\u00e7\u00e3o com o Sporting Clube de Portugal uma cole\u00e7\u00e3o de joias inspiradas no s\u00edmbolo maior do clube \u2013 o Le\u00e3o.","breadcrumb":{"@id":"https:\/\/staging.leitao-irmao.com\/product\/pulseira-sporting-em-prata-sporting-cp-jewels\/#breadcrumb"},"inLanguage":"en-GB","potentialAction":[{"@type":"ReadAction","target":["https:\/\/staging.leitao-irmao.com\/product\/pulseira-sporting-em-prata-sporting-cp-jewels\/"]}]},{"@type":"ImageObject","inLanguage":"en-GB","@id":"https:\/\/staging.leitao-irmao.com\/product\/pulseira-sporting-em-prata-sporting-cp-jewels\/#primaryimage","url":"https:\/\/staging.leitao-irmao.com\/wp-content\/uploads\/2024\/07\/pulseira_leao_sporting_2024.jpg","contentUrl":"https:\/\/staging.leitao-irmao.com\/wp-content\/uploads\/2024\/07\/pulseira_leao_sporting_2024.jpg","width":1920,"height":1920,"caption":"Pulseira Le\u00e3o em prata com fio verde escuro Sporting CP Jewels da Leit\u00e3o & Irm\u00e3o"},{"@type":"BreadcrumbList","@id":"https:\/\/staging.leitao-irmao.com\/product\/pulseira-sporting-em-prata-sporting-cp-jewels\/#breadcrumb","itemListElement":[{"@type":"ListItem","position":1,"name":"Home","item":"https:\/\/staging.leitao-irmao.com\/"},{"@type":"ListItem","position":2,"name":"Produtos","item":"https:\/\/staging.leitao-irmao.com\/shop\/"},{"@type":"ListItem","position":3,"name":"Pulseira Sporting em prata | Sporting CP Jewels"}]},{"@type":"WebSite","@id":"https:\/\/staging.leitao-irmao.com\/#website","url":"https:\/\/staging.leitao-irmao.com\/","name":"Leit\u00e3o & Irm\u00e3o","description":"Joalheiros desde 1822","publisher":{"@id":"https:\/\/staging.leitao-irmao.com\/#organization"},"potentialAction":[{"@type":"SearchAction","target":{"@type":"EntryPoint","urlTemplate":"https:\/\/staging.leitao-irmao.com\/?s={search_term_string}"},"query-input":{"@type":"PropertyValueSpecification","valueRequired":true,"valueName":"search_term_string"}}],"inLanguage":"en-GB"},{"@type":"Organization","@id":"https:\/\/staging.leitao-irmao.com\/#organization","name":"Leit\u00e3o & Irm\u00e3o","url":"https:\/\/staging.leitao-irmao.com\/","logo":{"@type":"ImageObject","inLanguage":"en-GB","@id":"https:\/\/staging.leitao-irmao.com\/#\/schema\/logo\/image\/","url":"https:\/\/staging.leitao-irmao.com\/wp-content\/uploads\/2022\/11\/leitaoirmao-logo.png","contentUrl":"https:\/\/staging.leitao-irmao.com\/wp-content\/uploads\/2022\/11\/leitaoirmao-logo.png","width":426,"height":89,"caption":"Leit\u00e3o & Irm\u00e3o"},"image":{"@id":"https:\/\/staging.leitao-irmao.com\/#\/schema\/logo\/image\/"}}]}},"_links":{"self":[{"href":"https:\/\/staging.leitao-irmao.com\/en\/wp-json\/wp\/v2\/product\/25986","targetHints":{"allow":["GET"]}}],"collection":[{"href":"https:\/\/staging.leitao-irmao.com\/en\/wp-json\/wp\/v2\/product"}],"about":[{"href":"https:\/\/staging.leitao-irmao.com\/en\/wp-json\/wp\/v2\/types\/product"}],"version-history":[{"count":2,"href":"https:\/\/staging.leitao-irmao.com\/en\/wp-json\/wp\/v2\/product\/25986\/revisions"}],"predecessor-version":[{"id":33582,"href":"https:\/\/staging.leitao-irmao.com\/en\/wp-json\/wp\/v2\/product\/25986\/revisions\/33582"}],"wp:featuredmedia":[{"embeddable":true,"href":"https:\/\/staging.leitao-irmao.com\/en\/wp-json\/wp\/v2\/media\/25987"}],"wp:attachment":[{"href":"https:\/\/staging.leitao-irmao.com\/en\/wp-json\/wp\/v2\/media?parent=25986"}],"wp:term":[{"taxonomy":"product_brand","embeddable":true,"href":"https:\/\/staging.leitao-irmao.com\/en\/wp-json\/wp\/v2\/product_brand?post=25986"},{"taxonomy":"product_cat","embeddable":true,"href":"https:\/\/staging.leitao-irmao.com\/en\/wp-json\/wp\/v2\/product_cat?post=25986"},{"taxonomy":"product_tag","embeddable":true,"href":"https:\/\/staging.leitao-irmao.com\/en\/wp-json\/wp\/v2\/product_tag?post=25986"}],"curies":[{"name":"wp","href":"https:\/\/api.w.org\/{rel}","templated":true}]}}