{"id":27848,"date":"2024-09-20T15:27:01","date_gmt":"2024-09-20T14:27:01","guid":{"rendered":"https:\/\/www.leitao-irmao.com\/?post_type=product&#038;p=27848"},"modified":"2024-12-27T17:28:15","modified_gmt":"2024-12-27T17:28:15","slug":"oliveira-em-prata-colecao-excecionais","status":"publish","type":"product","link":"https:\/\/staging.leitao-irmao.com\/en\/product\/oliveira-em-prata-colecao-excecionais\/","title":{"rendered":"Olive Tree in Silver | Exceptional Collection"},"content":{"rendered":"","protected":false},"excerpt":{"rendered":"<p>For the production of the play \u201cOliveira\u201d, representatives of Leit\u00e3o &amp; Irm\u00e3o traveled to Tavira, where one of the few thousand-year-old olive trees in Portugal is located.<\/p>\n<p>This trip served as an inspiration for the grandeur and impunity that nature is capable of achieving.<\/p>\n<p>The olive tree is one of the trees that has been cultivated by humans for the longest time.<\/p>\n<p>With its twisted trunk, it can live for thousands of years and its fruit is the olive.<\/p>\n<p>In addition to gastronomy, olives have multiple uses for medicinal, religious and aesthetic purposes.<\/p>\n<p>The olive tree has strong symbolic connotations such as the fact that it regenerates when cut or burned, sprouting from the roots, making it the best representation of perseverance.<\/p>\n<p>It became eternalized in the image of the dove of peace, which carries a branch in its beak, as well as in the crowns of ancient Olympic winners, made from olive shoots. The anointing oil is also extracted from the olive tree, symbolizing healing and divine protection.<\/p>\n<p>&nbsp;<\/p>\n<p>A Oliveira \u00e9 um projeto desenvolvido no \u00e2mbito da <a href=\"https:\/\/www.leitao-irmao.com\/categoria-produto\/excecionais\/\">cole\u00e7\u00e3o Excecionais da Leit\u00e3o &amp; Irm\u00e3o<\/a>.<\/p>\n<p>The pieces are part of the commemoration of the House's bicentenary, joining the <i>Rhinocerus<\/i><i> 1515, <\/i>o <i>Elephant <\/i><i>Hanno<\/i><i>,<\/i> a <i>Salvador Dali's Giraffe, the Chelas Crocodile and the African Embondeiro, <\/i>in a set of original works in chiseled silver, depicting incredible stories in which they are the protagonists.<\/p>\n<p>The objective of this creation is to pay homage to a tree which, as an integral part of Portuguese culture, is given a unique symbolism due to its importance in Portuguese cultural history and families.<\/p>","protected":false},"featured_media":27851,"template":"","meta":{"_acf_changed":false},"product_brand":[],"product_cat":[70,74,259,128,496],"product_tag":[270],"class_list":{"0":"post-27848","1":"product","2":"type-product","3":"status-publish","4":"has-post-thumbnail","6":"product_cat-casa-e-decoracao","7":"product_cat-decoracao","8":"product_cat-excecionais","9":"product_cat-presentes-acima-de-10000e","10":"product_cat-sem-desconto","11":"product_tag-prata","13":"first","14":"instock","15":"shipping-taxable","16":"purchasable","17":"product-type-simple"},"acf":[],"yoast_head":"<!-- This site is optimized with the Yoast SEO plugin v25.4 - https:\/\/yoast.com\/wordpress\/plugins\/seo\/ -->\n<title>Oliveira em Prata | Cole\u00e7\u00e3o Excecionais | Leit\u00e3o &amp; Irm\u00e3o<\/title>\n<meta name=\"description\" content=\"A Oliveira em prata \u00e9 desenvolvido no \u00e2mbito da cole\u00e7\u00e3o Excecionais da Leit\u00e3o &amp; Irm\u00e3o. Obras em prata de dimens\u00f5es e detalhe excecionais.\" \/>\n<meta name=\"robots\" content=\"noindex, follow, max-snippet:-1, max-image-preview:large, max-video-preview:-1\" \/>\n<meta property=\"og:locale\" content=\"en_GB\" \/>\n<meta property=\"og:type\" content=\"article\" \/>\n<meta property=\"og:title\" content=\"Oliveira em Prata | Cole\u00e7\u00e3o Excecionais | Leit\u00e3o &amp; Irm\u00e3o\" \/>\n<meta property=\"og:description\" content=\"A Oliveira em prata \u00e9 desenvolvido no \u00e2mbito da cole\u00e7\u00e3o Excecionais da Leit\u00e3o &amp; Irm\u00e3o. Obras em prata de dimens\u00f5es e detalhe excecionais.\" \/>\n<meta property=\"og:url\" content=\"https:\/\/staging.leitao-irmao.com\/en\/product\/oliveira-em-prata-colecao-excecionais\/\" \/>\n<meta property=\"og:site_name\" content=\"Leit\u00e3o &amp; Irm\u00e3o\" \/>\n<meta property=\"article:modified_time\" content=\"2024-12-27T17:28:15+00:00\" \/>\n<meta property=\"og:image\" content=\"https:\/\/staging.leitao-irmao.com\/wp-content\/uploads\/2024\/09\/Oliveira_fundosite.jpg\" \/>\n\t<meta property=\"og:image:width\" content=\"1080\" \/>\n\t<meta property=\"og:image:height\" content=\"1080\" \/>\n\t<meta property=\"og:image:type\" content=\"image\/jpeg\" \/>\n<meta name=\"twitter:card\" content=\"summary_large_image\" \/>\n<meta name=\"twitter:label1\" content=\"Estimated reading time\" \/>\n\t<meta name=\"twitter:data1\" content=\"1 minute\" \/>\n<script type=\"application\/ld+json\" class=\"yoast-schema-graph\">{\"@context\":\"https:\/\/schema.org\",\"@graph\":[{\"@type\":\"WebPage\",\"@id\":\"https:\/\/staging.leitao-irmao.com\/product\/oliveira-em-prata-colecao-excecionais\/\",\"url\":\"https:\/\/staging.leitao-irmao.com\/product\/oliveira-em-prata-colecao-excecionais\/\",\"name\":\"Oliveira em Prata | Cole\u00e7\u00e3o Excecionais | Leit\u00e3o &amp; Irm\u00e3o\",\"isPartOf\":{\"@id\":\"https:\/\/staging.leitao-irmao.com\/#website\"},\"primaryImageOfPage\":{\"@id\":\"https:\/\/staging.leitao-irmao.com\/product\/oliveira-em-prata-colecao-excecionais\/#primaryimage\"},\"image\":{\"@id\":\"https:\/\/staging.leitao-irmao.com\/product\/oliveira-em-prata-colecao-excecionais\/#primaryimage\"},\"thumbnailUrl\":\"https:\/\/staging.leitao-irmao.com\/wp-content\/uploads\/2024\/09\/Oliveira_fundosite.jpg\",\"datePublished\":\"2024-09-20T14:27:01+00:00\",\"dateModified\":\"2024-12-27T17:28:15+00:00\",\"description\":\"A Oliveira em prata \u00e9 desenvolvido no \u00e2mbito da cole\u00e7\u00e3o Excecionais da Leit\u00e3o & Irm\u00e3o. Obras em prata de dimens\u00f5es e detalhe excecionais.\",\"breadcrumb\":{\"@id\":\"https:\/\/staging.leitao-irmao.com\/product\/oliveira-em-prata-colecao-excecionais\/#breadcrumb\"},\"inLanguage\":\"en-GB\",\"potentialAction\":[{\"@type\":\"ReadAction\",\"target\":[\"https:\/\/staging.leitao-irmao.com\/product\/oliveira-em-prata-colecao-excecionais\/\"]}]},{\"@type\":\"ImageObject\",\"inLanguage\":\"en-GB\",\"@id\":\"https:\/\/staging.leitao-irmao.com\/product\/oliveira-em-prata-colecao-excecionais\/#primaryimage\",\"url\":\"https:\/\/staging.leitao-irmao.com\/wp-content\/uploads\/2024\/09\/Oliveira_fundosite.jpg\",\"contentUrl\":\"https:\/\/staging.leitao-irmao.com\/wp-content\/uploads\/2024\/09\/Oliveira_fundosite.jpg\",\"width\":1080,\"height\":1080,\"caption\":\"Oliveira em prata da cole\u00e7\u00e3o excecionais da Leit\u00e3o & Irm\u00e3o\"},{\"@type\":\"BreadcrumbList\",\"@id\":\"https:\/\/staging.leitao-irmao.com\/product\/oliveira-em-prata-colecao-excecionais\/#breadcrumb\",\"itemListElement\":[{\"@type\":\"ListItem\",\"position\":1,\"name\":\"Home\",\"item\":\"https:\/\/staging.leitao-irmao.com\/\"},{\"@type\":\"ListItem\",\"position\":2,\"name\":\"Produtos\",\"item\":\"https:\/\/staging.leitao-irmao.com\/shop\/\"},{\"@type\":\"ListItem\",\"position\":3,\"name\":\"Oliveira em Prata | Cole\u00e7\u00e3o Excecionais\"}]},{\"@type\":\"WebSite\",\"@id\":\"https:\/\/staging.leitao-irmao.com\/#website\",\"url\":\"https:\/\/staging.leitao-irmao.com\/\",\"name\":\"Leit\u00e3o & Irm\u00e3o\",\"description\":\"Joalheiros desde 1822\",\"publisher\":{\"@id\":\"https:\/\/staging.leitao-irmao.com\/#organization\"},\"potentialAction\":[{\"@type\":\"SearchAction\",\"target\":{\"@type\":\"EntryPoint\",\"urlTemplate\":\"https:\/\/staging.leitao-irmao.com\/?s={search_term_string}\"},\"query-input\":{\"@type\":\"PropertyValueSpecification\",\"valueRequired\":true,\"valueName\":\"search_term_string\"}}],\"inLanguage\":\"en-GB\"},{\"@type\":\"Organization\",\"@id\":\"https:\/\/staging.leitao-irmao.com\/#organization\",\"name\":\"Leit\u00e3o & Irm\u00e3o\",\"url\":\"https:\/\/staging.leitao-irmao.com\/\",\"logo\":{\"@type\":\"ImageObject\",\"inLanguage\":\"en-GB\",\"@id\":\"https:\/\/staging.leitao-irmao.com\/#\/schema\/logo\/image\/\",\"url\":\"https:\/\/staging.leitao-irmao.com\/wp-content\/uploads\/2022\/11\/leitaoirmao-logo.png\",\"contentUrl\":\"https:\/\/staging.leitao-irmao.com\/wp-content\/uploads\/2022\/11\/leitaoirmao-logo.png\",\"width\":426,\"height\":89,\"caption\":\"Leit\u00e3o & Irm\u00e3o\"},\"image\":{\"@id\":\"https:\/\/staging.leitao-irmao.com\/#\/schema\/logo\/image\/\"}}]}<\/script>\n<!-- \/ Yoast SEO plugin. -->","yoast_head_json":{"title":"Oliveira em Prata | Cole\u00e7\u00e3o Excecionais | Leit\u00e3o &amp; Irm\u00e3o","description":"A Oliveira em prata \u00e9 desenvolvido no \u00e2mbito da cole\u00e7\u00e3o Excecionais da Leit\u00e3o & Irm\u00e3o. Obras em prata de dimens\u00f5es e detalhe excecionais.","robots":{"index":"noindex","follow":"follow","max-snippet":"max-snippet:-1","max-image-preview":"max-image-preview:large","max-video-preview":"max-video-preview:-1"},"og_locale":"en_GB","og_type":"article","og_title":"Oliveira em Prata | Cole\u00e7\u00e3o Excecionais | Leit\u00e3o &amp; Irm\u00e3o","og_description":"A Oliveira em prata \u00e9 desenvolvido no \u00e2mbito da cole\u00e7\u00e3o Excecionais da Leit\u00e3o & Irm\u00e3o. Obras em prata de dimens\u00f5es e detalhe excecionais.","og_url":"https:\/\/staging.leitao-irmao.com\/en\/product\/oliveira-em-prata-colecao-excecionais\/","og_site_name":"Leit\u00e3o &amp; Irm\u00e3o","article_modified_time":"2024-12-27T17:28:15+00:00","og_image":[{"width":1080,"height":1080,"url":"https:\/\/staging.leitao-irmao.com\/wp-content\/uploads\/2024\/09\/Oliveira_fundosite.jpg","type":"image\/jpeg"}],"twitter_card":"summary_large_image","twitter_misc":{"Estimated reading time":"1 minute"},"schema":{"@context":"https:\/\/schema.org","@graph":[{"@type":"WebPage","@id":"https:\/\/staging.leitao-irmao.com\/product\/oliveira-em-prata-colecao-excecionais\/","url":"https:\/\/staging.leitao-irmao.com\/product\/oliveira-em-prata-colecao-excecionais\/","name":"Oliveira em Prata | Cole\u00e7\u00e3o Excecionais | Leit\u00e3o &amp; Irm\u00e3o","isPartOf":{"@id":"https:\/\/staging.leitao-irmao.com\/#website"},"primaryImageOfPage":{"@id":"https:\/\/staging.leitao-irmao.com\/product\/oliveira-em-prata-colecao-excecionais\/#primaryimage"},"image":{"@id":"https:\/\/staging.leitao-irmao.com\/product\/oliveira-em-prata-colecao-excecionais\/#primaryimage"},"thumbnailUrl":"https:\/\/staging.leitao-irmao.com\/wp-content\/uploads\/2024\/09\/Oliveira_fundosite.jpg","datePublished":"2024-09-20T14:27:01+00:00","dateModified":"2024-12-27T17:28:15+00:00","description":"A Oliveira em prata \u00e9 desenvolvido no \u00e2mbito da cole\u00e7\u00e3o Excecionais da Leit\u00e3o & Irm\u00e3o. Obras em prata de dimens\u00f5es e detalhe excecionais.","breadcrumb":{"@id":"https:\/\/staging.leitao-irmao.com\/product\/oliveira-em-prata-colecao-excecionais\/#breadcrumb"},"inLanguage":"en-GB","potentialAction":[{"@type":"ReadAction","target":["https:\/\/staging.leitao-irmao.com\/product\/oliveira-em-prata-colecao-excecionais\/"]}]},{"@type":"ImageObject","inLanguage":"en-GB","@id":"https:\/\/staging.leitao-irmao.com\/product\/oliveira-em-prata-colecao-excecionais\/#primaryimage","url":"https:\/\/staging.leitao-irmao.com\/wp-content\/uploads\/2024\/09\/Oliveira_fundosite.jpg","contentUrl":"https:\/\/staging.leitao-irmao.com\/wp-content\/uploads\/2024\/09\/Oliveira_fundosite.jpg","width":1080,"height":1080,"caption":"Oliveira em prata da cole\u00e7\u00e3o excecionais da Leit\u00e3o & Irm\u00e3o"},{"@type":"BreadcrumbList","@id":"https:\/\/staging.leitao-irmao.com\/product\/oliveira-em-prata-colecao-excecionais\/#breadcrumb","itemListElement":[{"@type":"ListItem","position":1,"name":"Home","item":"https:\/\/staging.leitao-irmao.com\/"},{"@type":"ListItem","position":2,"name":"Produtos","item":"https:\/\/staging.leitao-irmao.com\/shop\/"},{"@type":"ListItem","position":3,"name":"Oliveira em Prata | Cole\u00e7\u00e3o Excecionais"}]},{"@type":"WebSite","@id":"https:\/\/staging.leitao-irmao.com\/#website","url":"https:\/\/staging.leitao-irmao.com\/","name":"Leit\u00e3o & Irm\u00e3o","description":"Joalheiros desde 1822","publisher":{"@id":"https:\/\/staging.leitao-irmao.com\/#organization"},"potentialAction":[{"@type":"SearchAction","target":{"@type":"EntryPoint","urlTemplate":"https:\/\/staging.leitao-irmao.com\/?s={search_term_string}"},"query-input":{"@type":"PropertyValueSpecification","valueRequired":true,"valueName":"search_term_string"}}],"inLanguage":"en-GB"},{"@type":"Organization","@id":"https:\/\/staging.leitao-irmao.com\/#organization","name":"Leit\u00e3o & Irm\u00e3o","url":"https:\/\/staging.leitao-irmao.com\/","logo":{"@type":"ImageObject","inLanguage":"en-GB","@id":"https:\/\/staging.leitao-irmao.com\/#\/schema\/logo\/image\/","url":"https:\/\/staging.leitao-irmao.com\/wp-content\/uploads\/2022\/11\/leitaoirmao-logo.png","contentUrl":"https:\/\/staging.leitao-irmao.com\/wp-content\/uploads\/2022\/11\/leitaoirmao-logo.png","width":426,"height":89,"caption":"Leit\u00e3o & Irm\u00e3o"},"image":{"@id":"https:\/\/staging.leitao-irmao.com\/#\/schema\/logo\/image\/"}}]}},"_links":{"self":[{"href":"https:\/\/staging.leitao-irmao.com\/en\/wp-json\/wp\/v2\/product\/27848","targetHints":{"allow":["GET"]}}],"collection":[{"href":"https:\/\/staging.leitao-irmao.com\/en\/wp-json\/wp\/v2\/product"}],"about":[{"href":"https:\/\/staging.leitao-irmao.com\/en\/wp-json\/wp\/v2\/types\/product"}],"version-history":[{"count":0,"href":"https:\/\/staging.leitao-irmao.com\/en\/wp-json\/wp\/v2\/product\/27848\/revisions"}],"wp:featuredmedia":[{"embeddable":true,"href":"https:\/\/staging.leitao-irmao.com\/en\/wp-json\/wp\/v2\/media\/27851"}],"wp:attachment":[{"href":"https:\/\/staging.leitao-irmao.com\/en\/wp-json\/wp\/v2\/media?parent=27848"}],"wp:term":[{"taxonomy":"product_brand","embeddable":true,"href":"https:\/\/staging.leitao-irmao.com\/en\/wp-json\/wp\/v2\/product_brand?post=27848"},{"taxonomy":"product_cat","embeddable":true,"href":"https:\/\/staging.leitao-irmao.com\/en\/wp-json\/wp\/v2\/product_cat?post=27848"},{"taxonomy":"product_tag","embeddable":true,"href":"https:\/\/staging.leitao-irmao.com\/en\/wp-json\/wp\/v2\/product_tag?post=27848"}],"curies":[{"name":"wp","href":"https:\/\/api.w.org\/{rel}","templated":true}]}}