{"id":29453,"date":"2024-12-09T10:03:23","date_gmt":"2024-12-09T10:03:23","guid":{"rendered":"https:\/\/www.leitao-irmao.com\/?post_type=product&#038;p=29453"},"modified":"2025-05-13T12:41:29","modified_gmt":"2025-05-13T11:41:29","slug":"pulseira-da-sorte-joaninha-em-prata-good-luck","status":"publish","type":"product","link":"https:\/\/staging.leitao-irmao.com\/en\/product\/pulseira-da-sorte-joaninha-em-prata-good-luck\/","title":{"rendered":"Lucky ladybug bracelet in silver | Good Luck"},"content":{"rendered":"","protected":false},"excerpt":{"rendered":"<p>The ladybug is a small insect that arouses great sympathy and joy. This small, colorful insect, with its bright colors and little black dots, is often associated with symbols of good luck and prosperity. Finding a ladybug is often interpreted as an omen of good news and favorable times ahead.<\/p>\n<p>On the bracelet, the ladybug symbol has 5 balls. In numerology, the number 5 stands for freedom, adventure and change.<\/p>\n<p>The presence of a ladybug is a lovely reminder that we should enjoy every moment and appreciate the little joys that life offers us.<\/p>\n<p>A geometric grid was created for widely recognizable symbols, where the symbol appears discreetly.<\/p>\n<p>To deconstruct the figurative and build a minimalist, geometric version. Jewelry to feel, not to show. Something you want for yourself and not to show off.<\/p>","protected":false},"featured_media":26516,"template":"","meta":{"_acf_changed":false},"product_brand":[],"product_cat":[131,137,228,79,141,140,135,122,87],"product_tag":[434,277,278,323,270,279],"class_list":{"0":"post-29453","1":"product","2":"type-product","3":"status-publish","4":"has-post-thumbnail","6":"product_cat-aniversario-de-18-anos","7":"product_cat-batizados","8":"product_cat-good-luck","9":"product_cat-joalharia","10":"product_cat-para-ela","11":"product_cat-para-ele","12":"product_cat-natal","13":"product_cat-presentes-inferiores-a-150e","14":"product_cat-pulseiras","15":"product_tag-crianca","16":"product_tag-homem","17":"product_tag-mulher","18":"product_tag-novidades","19":"product_tag-prata","20":"product_tag-unissexo","22":"first","23":"instock","24":"shipping-taxable","25":"purchasable","26":"product-type-simple"},"acf":[],"yoast_head":"<!-- This site is optimized with the Yoast SEO plugin v25.4 - https:\/\/yoast.com\/wordpress\/plugins\/seo\/ -->\n<title>Pulseira da sorte joaninha em prata | Good Luck | Leit\u00e3o &amp; Irm\u00e3o<\/title>\n<meta name=\"description\" content=\"Descubra a nova pulseira da sorte Joaninha em prata da cole\u00e7\u00e3o Good Luck. A joaninha esta associada a s\u00edmbolos de boa sorte e prosperidade.\" \/>\n<meta name=\"robots\" content=\"noindex, follow, max-snippet:-1, max-image-preview:large, max-video-preview:-1\" \/>\n<meta property=\"og:locale\" content=\"en_GB\" \/>\n<meta property=\"og:type\" content=\"article\" \/>\n<meta property=\"og:title\" content=\"Pulseira da sorte joaninha em prata | Good Luck | Leit\u00e3o &amp; Irm\u00e3o\" \/>\n<meta property=\"og:description\" content=\"Descubra a nova pulseira da sorte Joaninha em prata da cole\u00e7\u00e3o Good Luck. A joaninha esta associada a s\u00edmbolos de boa sorte e prosperidade.\" \/>\n<meta property=\"og:url\" content=\"https:\/\/staging.leitao-irmao.com\/en\/product\/pulseira-da-sorte-joaninha-em-prata-good-luck\/\" \/>\n<meta property=\"og:site_name\" content=\"Leit\u00e3o &amp; Irm\u00e3o\" \/>\n<meta property=\"article:modified_time\" content=\"2025-05-13T11:41:29+00:00\" \/>\n<meta property=\"og:image\" content=\"https:\/\/staging.leitao-irmao.com\/wp-content\/uploads\/2024\/07\/0509108_pulseira-good-luck-joaninha.jpg\" \/>\n\t<meta property=\"og:image:width\" content=\"1080\" \/>\n\t<meta property=\"og:image:height\" content=\"1080\" \/>\n\t<meta property=\"og:image:type\" content=\"image\/jpeg\" \/>\n<meta name=\"twitter:card\" content=\"summary_large_image\" \/>\n<meta name=\"twitter:label1\" content=\"Estimated reading time\" \/>\n\t<meta name=\"twitter:data1\" content=\"1 minute\" \/>\n<script type=\"application\/ld+json\" class=\"yoast-schema-graph\">{\"@context\":\"https:\/\/schema.org\",\"@graph\":[{\"@type\":\"WebPage\",\"@id\":\"https:\/\/staging.leitao-irmao.com\/product\/pulseira-da-sorte-joaninha-em-prata-good-luck\/\",\"url\":\"https:\/\/staging.leitao-irmao.com\/product\/pulseira-da-sorte-joaninha-em-prata-good-luck\/\",\"name\":\"Pulseira da sorte joaninha em prata | Good Luck | Leit\u00e3o &amp; Irm\u00e3o\",\"isPartOf\":{\"@id\":\"https:\/\/staging.leitao-irmao.com\/#website\"},\"primaryImageOfPage\":{\"@id\":\"https:\/\/staging.leitao-irmao.com\/product\/pulseira-da-sorte-joaninha-em-prata-good-luck\/#primaryimage\"},\"image\":{\"@id\":\"https:\/\/staging.leitao-irmao.com\/product\/pulseira-da-sorte-joaninha-em-prata-good-luck\/#primaryimage\"},\"thumbnailUrl\":\"https:\/\/staging.leitao-irmao.com\/wp-content\/uploads\/2024\/07\/0509108_pulseira-good-luck-joaninha.jpg\",\"datePublished\":\"2024-12-09T10:03:23+00:00\",\"dateModified\":\"2025-05-13T11:41:29+00:00\",\"description\":\"Descubra a nova pulseira da sorte Joaninha em prata da cole\u00e7\u00e3o Good Luck. A joaninha esta associada a s\u00edmbolos de boa sorte e prosperidade.\",\"breadcrumb\":{\"@id\":\"https:\/\/staging.leitao-irmao.com\/product\/pulseira-da-sorte-joaninha-em-prata-good-luck\/#breadcrumb\"},\"inLanguage\":\"en-GB\",\"potentialAction\":[{\"@type\":\"ReadAction\",\"target\":[\"https:\/\/staging.leitao-irmao.com\/product\/pulseira-da-sorte-joaninha-em-prata-good-luck\/\"]}]},{\"@type\":\"ImageObject\",\"inLanguage\":\"en-GB\",\"@id\":\"https:\/\/staging.leitao-irmao.com\/product\/pulseira-da-sorte-joaninha-em-prata-good-luck\/#primaryimage\",\"url\":\"https:\/\/staging.leitao-irmao.com\/wp-content\/uploads\/2024\/07\/0509108_pulseira-good-luck-joaninha.jpg\",\"contentUrl\":\"https:\/\/staging.leitao-irmao.com\/wp-content\/uploads\/2024\/07\/0509108_pulseira-good-luck-joaninha.jpg\",\"width\":1080,\"height\":1080,\"caption\":\"pulseira da sorte, com fio lil\u00e1s e motivo circular de uma joaninha em prata da Leit\u00e3o & Irm\u00e3o.\"},{\"@type\":\"BreadcrumbList\",\"@id\":\"https:\/\/staging.leitao-irmao.com\/product\/pulseira-da-sorte-joaninha-em-prata-good-luck\/#breadcrumb\",\"itemListElement\":[{\"@type\":\"ListItem\",\"position\":1,\"name\":\"Home\",\"item\":\"https:\/\/staging.leitao-irmao.com\/\"},{\"@type\":\"ListItem\",\"position\":2,\"name\":\"Produtos\",\"item\":\"https:\/\/staging.leitao-irmao.com\/shop\/\"},{\"@type\":\"ListItem\",\"position\":3,\"name\":\"Pulseira da sorte joaninha em prata | Good Luck\"}]},{\"@type\":\"WebSite\",\"@id\":\"https:\/\/staging.leitao-irmao.com\/#website\",\"url\":\"https:\/\/staging.leitao-irmao.com\/\",\"name\":\"Leit\u00e3o & Irm\u00e3o\",\"description\":\"Joalheiros desde 1822\",\"publisher\":{\"@id\":\"https:\/\/staging.leitao-irmao.com\/#organization\"},\"potentialAction\":[{\"@type\":\"SearchAction\",\"target\":{\"@type\":\"EntryPoint\",\"urlTemplate\":\"https:\/\/staging.leitao-irmao.com\/?s={search_term_string}\"},\"query-input\":{\"@type\":\"PropertyValueSpecification\",\"valueRequired\":true,\"valueName\":\"search_term_string\"}}],\"inLanguage\":\"en-GB\"},{\"@type\":\"Organization\",\"@id\":\"https:\/\/staging.leitao-irmao.com\/#organization\",\"name\":\"Leit\u00e3o & Irm\u00e3o\",\"url\":\"https:\/\/staging.leitao-irmao.com\/\",\"logo\":{\"@type\":\"ImageObject\",\"inLanguage\":\"en-GB\",\"@id\":\"https:\/\/staging.leitao-irmao.com\/#\/schema\/logo\/image\/\",\"url\":\"https:\/\/staging.leitao-irmao.com\/wp-content\/uploads\/2022\/11\/leitaoirmao-logo.png\",\"contentUrl\":\"https:\/\/staging.leitao-irmao.com\/wp-content\/uploads\/2022\/11\/leitaoirmao-logo.png\",\"width\":426,\"height\":89,\"caption\":\"Leit\u00e3o & Irm\u00e3o\"},\"image\":{\"@id\":\"https:\/\/staging.leitao-irmao.com\/#\/schema\/logo\/image\/\"}}]}<\/script>\n<!-- \/ Yoast SEO plugin. -->","yoast_head_json":{"title":"Pulseira da sorte joaninha em prata | Good Luck | Leit\u00e3o &amp; Irm\u00e3o","description":"Descubra a nova pulseira da sorte Joaninha em prata da cole\u00e7\u00e3o Good Luck. A joaninha esta associada a s\u00edmbolos de boa sorte e prosperidade.","robots":{"index":"noindex","follow":"follow","max-snippet":"max-snippet:-1","max-image-preview":"max-image-preview:large","max-video-preview":"max-video-preview:-1"},"og_locale":"en_GB","og_type":"article","og_title":"Pulseira da sorte joaninha em prata | Good Luck | Leit\u00e3o &amp; Irm\u00e3o","og_description":"Descubra a nova pulseira da sorte Joaninha em prata da cole\u00e7\u00e3o Good Luck. A joaninha esta associada a s\u00edmbolos de boa sorte e prosperidade.","og_url":"https:\/\/staging.leitao-irmao.com\/en\/product\/pulseira-da-sorte-joaninha-em-prata-good-luck\/","og_site_name":"Leit\u00e3o &amp; Irm\u00e3o","article_modified_time":"2025-05-13T11:41:29+00:00","og_image":[{"width":1080,"height":1080,"url":"https:\/\/staging.leitao-irmao.com\/wp-content\/uploads\/2024\/07\/0509108_pulseira-good-luck-joaninha.jpg","type":"image\/jpeg"}],"twitter_card":"summary_large_image","twitter_misc":{"Estimated reading time":"1 minute"},"schema":{"@context":"https:\/\/schema.org","@graph":[{"@type":"WebPage","@id":"https:\/\/staging.leitao-irmao.com\/product\/pulseira-da-sorte-joaninha-em-prata-good-luck\/","url":"https:\/\/staging.leitao-irmao.com\/product\/pulseira-da-sorte-joaninha-em-prata-good-luck\/","name":"Pulseira da sorte joaninha em prata | Good Luck | Leit\u00e3o &amp; Irm\u00e3o","isPartOf":{"@id":"https:\/\/staging.leitao-irmao.com\/#website"},"primaryImageOfPage":{"@id":"https:\/\/staging.leitao-irmao.com\/product\/pulseira-da-sorte-joaninha-em-prata-good-luck\/#primaryimage"},"image":{"@id":"https:\/\/staging.leitao-irmao.com\/product\/pulseira-da-sorte-joaninha-em-prata-good-luck\/#primaryimage"},"thumbnailUrl":"https:\/\/staging.leitao-irmao.com\/wp-content\/uploads\/2024\/07\/0509108_pulseira-good-luck-joaninha.jpg","datePublished":"2024-12-09T10:03:23+00:00","dateModified":"2025-05-13T11:41:29+00:00","description":"Descubra a nova pulseira da sorte Joaninha em prata da cole\u00e7\u00e3o Good Luck. A joaninha esta associada a s\u00edmbolos de boa sorte e prosperidade.","breadcrumb":{"@id":"https:\/\/staging.leitao-irmao.com\/product\/pulseira-da-sorte-joaninha-em-prata-good-luck\/#breadcrumb"},"inLanguage":"en-GB","potentialAction":[{"@type":"ReadAction","target":["https:\/\/staging.leitao-irmao.com\/product\/pulseira-da-sorte-joaninha-em-prata-good-luck\/"]}]},{"@type":"ImageObject","inLanguage":"en-GB","@id":"https:\/\/staging.leitao-irmao.com\/product\/pulseira-da-sorte-joaninha-em-prata-good-luck\/#primaryimage","url":"https:\/\/staging.leitao-irmao.com\/wp-content\/uploads\/2024\/07\/0509108_pulseira-good-luck-joaninha.jpg","contentUrl":"https:\/\/staging.leitao-irmao.com\/wp-content\/uploads\/2024\/07\/0509108_pulseira-good-luck-joaninha.jpg","width":1080,"height":1080,"caption":"pulseira da sorte, com fio lil\u00e1s e motivo circular de uma joaninha em prata da Leit\u00e3o & Irm\u00e3o."},{"@type":"BreadcrumbList","@id":"https:\/\/staging.leitao-irmao.com\/product\/pulseira-da-sorte-joaninha-em-prata-good-luck\/#breadcrumb","itemListElement":[{"@type":"ListItem","position":1,"name":"Home","item":"https:\/\/staging.leitao-irmao.com\/"},{"@type":"ListItem","position":2,"name":"Produtos","item":"https:\/\/staging.leitao-irmao.com\/shop\/"},{"@type":"ListItem","position":3,"name":"Pulseira da sorte joaninha em prata | Good Luck"}]},{"@type":"WebSite","@id":"https:\/\/staging.leitao-irmao.com\/#website","url":"https:\/\/staging.leitao-irmao.com\/","name":"Leit\u00e3o & Irm\u00e3o","description":"Joalheiros desde 1822","publisher":{"@id":"https:\/\/staging.leitao-irmao.com\/#organization"},"potentialAction":[{"@type":"SearchAction","target":{"@type":"EntryPoint","urlTemplate":"https:\/\/staging.leitao-irmao.com\/?s={search_term_string}"},"query-input":{"@type":"PropertyValueSpecification","valueRequired":true,"valueName":"search_term_string"}}],"inLanguage":"en-GB"},{"@type":"Organization","@id":"https:\/\/staging.leitao-irmao.com\/#organization","name":"Leit\u00e3o & Irm\u00e3o","url":"https:\/\/staging.leitao-irmao.com\/","logo":{"@type":"ImageObject","inLanguage":"en-GB","@id":"https:\/\/staging.leitao-irmao.com\/#\/schema\/logo\/image\/","url":"https:\/\/staging.leitao-irmao.com\/wp-content\/uploads\/2022\/11\/leitaoirmao-logo.png","contentUrl":"https:\/\/staging.leitao-irmao.com\/wp-content\/uploads\/2022\/11\/leitaoirmao-logo.png","width":426,"height":89,"caption":"Leit\u00e3o & Irm\u00e3o"},"image":{"@id":"https:\/\/staging.leitao-irmao.com\/#\/schema\/logo\/image\/"}}]}},"_links":{"self":[{"href":"https:\/\/staging.leitao-irmao.com\/en\/wp-json\/wp\/v2\/product\/29453","targetHints":{"allow":["GET"]}}],"collection":[{"href":"https:\/\/staging.leitao-irmao.com\/en\/wp-json\/wp\/v2\/product"}],"about":[{"href":"https:\/\/staging.leitao-irmao.com\/en\/wp-json\/wp\/v2\/types\/product"}],"version-history":[{"count":0,"href":"https:\/\/staging.leitao-irmao.com\/en\/wp-json\/wp\/v2\/product\/29453\/revisions"}],"wp:featuredmedia":[{"embeddable":true,"href":"https:\/\/staging.leitao-irmao.com\/en\/wp-json\/wp\/v2\/media\/26516"}],"wp:attachment":[{"href":"https:\/\/staging.leitao-irmao.com\/en\/wp-json\/wp\/v2\/media?parent=29453"}],"wp:term":[{"taxonomy":"product_brand","embeddable":true,"href":"https:\/\/staging.leitao-irmao.com\/en\/wp-json\/wp\/v2\/product_brand?post=29453"},{"taxonomy":"product_cat","embeddable":true,"href":"https:\/\/staging.leitao-irmao.com\/en\/wp-json\/wp\/v2\/product_cat?post=29453"},{"taxonomy":"product_tag","embeddable":true,"href":"https:\/\/staging.leitao-irmao.com\/en\/wp-json\/wp\/v2\/product_tag?post=29453"}],"curies":[{"name":"wp","href":"https:\/\/api.w.org\/{rel}","templated":true}]}}