{"id":31325,"date":"2025-04-21T15:25:32","date_gmt":"2025-04-21T14:25:32","guid":{"rendered":"https:\/\/www.leitao-irmao.com\/?post_type=product&#038;p=31325"},"modified":"2025-08-08T17:10:50","modified_gmt":"2025-08-08T16:10:50","slug":"elefante-indiano-em-prata-colecao-excecionais","status":"publish","type":"product","link":"https:\/\/staging.leitao-irmao.com\/en\/product\/elefante-indiano-em-prata-colecao-excecionais\/","title":{"rendered":"Indian elephant in silver | Exceptional Collection"},"content":{"rendered":"","protected":false},"excerpt":{"rendered":"<p><span data-sheets-value=\"{&quot;1&quot;:2,&quot;2&quot;:&quot;Ouri\u00e7o-do-Mar Gigante em prata \u00e9 desenvolvido no \u00e2mbito da cole\u00e7\u00e3o Excecionais da Leit\u00e3o &amp; Irm\u00e3o, pe\u00e7as integradas na comemora\u00e7\u00e3o do bicenten\u00e1rio da Casa. Uma cole\u00e7\u00e3o de obras em Prata, de caracter\u00edsticas invulgarmente excecionais. Obras esculpidas, manufaturadas em prata e trabalhadas nas mais tradicionais t\u00e9cnicas de ourivesaria nas oficinas centen\u00e1rias Leit\u00e3o &amp; Irm\u00e3o.nnnMarcas na pe\u00e7a:n.Pun\u00e7\u00e3o de fabricante Leit\u00e3o e Irm\u00e3on.Marca da contrastaria de Lisboa para prata 925n.Numera\u00e7\u00e3o de 1\/20 a 20\/20n.Assinatura Leit\u00e3o e Irm\u00e3on.Marca exclusiva das pe\u00e7as integradas no bicenten\u00e1rion&quot;}\" data-sheets-userformat=\"{&quot;2&quot;:15357,&quot;3&quot;:{&quot;1&quot;:0},&quot;5&quot;:{&quot;1&quot;:[{&quot;1&quot;:2,&quot;2&quot;:0,&quot;5&quot;:{&quot;1&quot;:2,&quot;2&quot;:0}},{&quot;1&quot;:0,&quot;2&quot;:0,&quot;3&quot;:1},{&quot;1&quot;:1,&quot;2&quot;:0,&quot;4&quot;:1}]},&quot;6&quot;:{&quot;1&quot;:[{&quot;1&quot;:2,&quot;2&quot;:0,&quot;5&quot;:{&quot;1&quot;:2,&quot;2&quot;:0}},{&quot;1&quot;:0,&quot;2&quot;:0,&quot;3&quot;:1},{&quot;1&quot;:1,&quot;2&quot;:0,&quot;4&quot;:1}]},&quot;7&quot;:{&quot;1&quot;:[{&quot;1&quot;:2,&quot;2&quot;:0,&quot;5&quot;:{&quot;1&quot;:2,&quot;2&quot;:0}},{&quot;1&quot;:0,&quot;2&quot;:0,&quot;3&quot;:1},{&quot;1&quot;:1,&quot;2&quot;:0,&quot;4&quot;:1}]},&quot;8&quot;:{&quot;1&quot;:[{&quot;1&quot;:2,&quot;2&quot;:0,&quot;5&quot;:{&quot;1&quot;:2,&quot;2&quot;:0}},{&quot;1&quot;:0,&quot;2&quot;:0,&quot;3&quot;:1},{&quot;1&quot;:1,&quot;2&quot;:0,&quot;4&quot;:1}]},&quot;9&quot;:1,&quot;10&quot;:1,&quot;11&quot;:4,&quot;12&quot;:0,&quot;14&quot;:{&quot;1&quot;:3,&quot;3&quot;:1},&quot;15&quot;:&quot;Arial&quot;,&quot;16&quot;:10}\">The silver Indian Elephant was developed as part of Leit\u00e3o &amp; Irm\u00e3o's Exceptional collection, pieces that were part of the House's bicentenary celebrations. <\/span><\/p>\n<p><span data-sheets-value=\"{&quot;1&quot;:2,&quot;2&quot;:&quot;Ouri\u00e7o-do-Mar Gigante em prata \u00e9 desenvolvido no \u00e2mbito da cole\u00e7\u00e3o Excecionais da Leit\u00e3o &amp; Irm\u00e3o, pe\u00e7as integradas na comemora\u00e7\u00e3o do bicenten\u00e1rio da Casa. Uma cole\u00e7\u00e3o de obras em Prata, de caracter\u00edsticas invulgarmente excecionais. Obras esculpidas, manufaturadas em prata e trabalhadas nas mais tradicionais t\u00e9cnicas de ourivesaria nas oficinas centen\u00e1rias Leit\u00e3o &amp; Irm\u00e3o.nnnMarcas na pe\u00e7a:n.Pun\u00e7\u00e3o de fabricante Leit\u00e3o e Irm\u00e3on.Marca da contrastaria de Lisboa para prata 925n.Numera\u00e7\u00e3o de 1\/20 a 20\/20n.Assinatura Leit\u00e3o e Irm\u00e3on.Marca exclusiva das pe\u00e7as integradas no bicenten\u00e1rion&quot;}\" data-sheets-userformat=\"{&quot;2&quot;:15357,&quot;3&quot;:{&quot;1&quot;:0},&quot;5&quot;:{&quot;1&quot;:[{&quot;1&quot;:2,&quot;2&quot;:0,&quot;5&quot;:{&quot;1&quot;:2,&quot;2&quot;:0}},{&quot;1&quot;:0,&quot;2&quot;:0,&quot;3&quot;:1},{&quot;1&quot;:1,&quot;2&quot;:0,&quot;4&quot;:1}]},&quot;6&quot;:{&quot;1&quot;:[{&quot;1&quot;:2,&quot;2&quot;:0,&quot;5&quot;:{&quot;1&quot;:2,&quot;2&quot;:0}},{&quot;1&quot;:0,&quot;2&quot;:0,&quot;3&quot;:1},{&quot;1&quot;:1,&quot;2&quot;:0,&quot;4&quot;:1}]},&quot;7&quot;:{&quot;1&quot;:[{&quot;1&quot;:2,&quot;2&quot;:0,&quot;5&quot;:{&quot;1&quot;:2,&quot;2&quot;:0}},{&quot;1&quot;:0,&quot;2&quot;:0,&quot;3&quot;:1},{&quot;1&quot;:1,&quot;2&quot;:0,&quot;4&quot;:1}]},&quot;8&quot;:{&quot;1&quot;:[{&quot;1&quot;:2,&quot;2&quot;:0,&quot;5&quot;:{&quot;1&quot;:2,&quot;2&quot;:0}},{&quot;1&quot;:0,&quot;2&quot;:0,&quot;3&quot;:1},{&quot;1&quot;:1,&quot;2&quot;:0,&quot;4&quot;:1}]},&quot;9&quot;:1,&quot;10&quot;:1,&quot;11&quot;:4,&quot;12&quot;:0,&quot;14&quot;:{&quot;1&quot;:3,&quot;3&quot;:1},&quot;15&quot;:&quot;Arial&quot;,&quot;16&quot;:10}\">A collection of works in silver with unusually exceptional characteristics. Works sculpted, manufactured in silver and worked using the most traditional goldsmithing techniques in the century-old Leit\u00e3o &amp; Irm\u00e3 workshops.<\/span><\/p>\n<p>According to Feng Shui, placing an elephant with its back to the door brings protection to the environment and its inhabitants.<\/p>\n<p>Developed by the sculptor of the Leit\u00e3o &amp; Irm\u00e3o workshops, this piece sculpted in clay and transformed into silver is an example of the integrated work of sculpture, casting and chiseling, integrating various areas of goldsmithing.<\/p>","protected":false},"featured_media":31326,"template":"","meta":{"_acf_changed":false},"product_brand":[],"product_cat":[70,74,259,128,496],"product_tag":[270],"class_list":{"0":"post-31325","1":"product","2":"type-product","3":"status-publish","4":"has-post-thumbnail","6":"product_cat-casa-e-decoracao","7":"product_cat-decoracao","8":"product_cat-excecionais","9":"product_cat-presentes-acima-de-10000e","10":"product_cat-sem-desconto","11":"product_tag-prata","13":"first","14":"outofstock","15":"shipping-taxable","16":"product-type-simple"},"acf":[],"yoast_head":"<!-- This site is optimized with the Yoast SEO plugin v25.4 - https:\/\/yoast.com\/wordpress\/plugins\/seo\/ -->\n<title>Elefante Indiano em prata | Cole\u00e7\u00e3o Excecionais | Leit\u00e3o &amp; Irm\u00e3o<\/title>\n<meta name=\"description\" content=\"O Elefante indiano, uma pe\u00e7a excecional em detalhe e dimens\u00e3o. Esculpido em barro e transformado em prata manualmente, um trabalho de cria\u00e7\u00e3o completo.\" \/>\n<meta name=\"robots\" content=\"noindex, follow, max-snippet:-1, max-image-preview:large, max-video-preview:-1\" \/>\n<meta property=\"og:locale\" content=\"en_GB\" \/>\n<meta property=\"og:type\" content=\"article\" \/>\n<meta property=\"og:title\" content=\"Elefante Indiano em prata | Cole\u00e7\u00e3o Excecionais | Leit\u00e3o &amp; Irm\u00e3o\" \/>\n<meta property=\"og:description\" content=\"O Elefante indiano, uma pe\u00e7a excecional em detalhe e dimens\u00e3o. Esculpido em barro e transformado em prata manualmente, um trabalho de cria\u00e7\u00e3o completo.\" \/>\n<meta property=\"og:url\" content=\"https:\/\/staging.leitao-irmao.com\/en\/product\/elefante-indiano-em-prata-colecao-excecionais\/\" \/>\n<meta property=\"og:site_name\" content=\"Leit\u00e3o &amp; Irm\u00e3o\" \/>\n<meta property=\"article:modified_time\" content=\"2025-08-08T16:10:50+00:00\" \/>\n<meta property=\"og:image\" content=\"https:\/\/staging.leitao-irmao.com\/wp-content\/uploads\/2025\/04\/Elefante-0503625.jpg\" \/>\n\t<meta property=\"og:image:width\" content=\"1229\" \/>\n\t<meta property=\"og:image:height\" content=\"1229\" \/>\n\t<meta property=\"og:image:type\" content=\"image\/jpeg\" \/>\n<meta name=\"twitter:card\" content=\"summary_large_image\" \/>\n<meta name=\"twitter:label1\" content=\"Estimated reading time\" \/>\n\t<meta name=\"twitter:data1\" content=\"1 minute\" \/>\n<script type=\"application\/ld+json\" class=\"yoast-schema-graph\">{\"@context\":\"https:\/\/schema.org\",\"@graph\":[{\"@type\":\"WebPage\",\"@id\":\"https:\/\/staging.leitao-irmao.com\/product\/elefante-indiano-em-prata-colecao-excecionais\/\",\"url\":\"https:\/\/staging.leitao-irmao.com\/product\/elefante-indiano-em-prata-colecao-excecionais\/\",\"name\":\"Elefante Indiano em prata | Cole\u00e7\u00e3o Excecionais | Leit\u00e3o &amp; Irm\u00e3o\",\"isPartOf\":{\"@id\":\"https:\/\/staging.leitao-irmao.com\/#website\"},\"primaryImageOfPage\":{\"@id\":\"https:\/\/staging.leitao-irmao.com\/product\/elefante-indiano-em-prata-colecao-excecionais\/#primaryimage\"},\"image\":{\"@id\":\"https:\/\/staging.leitao-irmao.com\/product\/elefante-indiano-em-prata-colecao-excecionais\/#primaryimage\"},\"thumbnailUrl\":\"https:\/\/staging.leitao-irmao.com\/wp-content\/uploads\/2025\/04\/Elefante-0503625.jpg\",\"datePublished\":\"2025-04-21T14:25:32+00:00\",\"dateModified\":\"2025-08-08T16:10:50+00:00\",\"description\":\"O Elefante indiano, uma pe\u00e7a excecional em detalhe e dimens\u00e3o. Esculpido em barro e transformado em prata manualmente, um trabalho de cria\u00e7\u00e3o completo.\",\"breadcrumb\":{\"@id\":\"https:\/\/staging.leitao-irmao.com\/product\/elefante-indiano-em-prata-colecao-excecionais\/#breadcrumb\"},\"inLanguage\":\"en-GB\",\"potentialAction\":[{\"@type\":\"ReadAction\",\"target\":[\"https:\/\/staging.leitao-irmao.com\/product\/elefante-indiano-em-prata-colecao-excecionais\/\"]}]},{\"@type\":\"ImageObject\",\"inLanguage\":\"en-GB\",\"@id\":\"https:\/\/staging.leitao-irmao.com\/product\/elefante-indiano-em-prata-colecao-excecionais\/#primaryimage\",\"url\":\"https:\/\/staging.leitao-irmao.com\/wp-content\/uploads\/2025\/04\/Elefante-0503625.jpg\",\"contentUrl\":\"https:\/\/staging.leitao-irmao.com\/wp-content\/uploads\/2025\/04\/Elefante-0503625.jpg\",\"width\":1229,\"height\":1229},{\"@type\":\"BreadcrumbList\",\"@id\":\"https:\/\/staging.leitao-irmao.com\/product\/elefante-indiano-em-prata-colecao-excecionais\/#breadcrumb\",\"itemListElement\":[{\"@type\":\"ListItem\",\"position\":1,\"name\":\"Home\",\"item\":\"https:\/\/staging.leitao-irmao.com\/\"},{\"@type\":\"ListItem\",\"position\":2,\"name\":\"Produtos\",\"item\":\"https:\/\/staging.leitao-irmao.com\/shop\/\"},{\"@type\":\"ListItem\",\"position\":3,\"name\":\"Elefante Indiano em prata | Cole\u00e7\u00e3o Excecionais\"}]},{\"@type\":\"WebSite\",\"@id\":\"https:\/\/staging.leitao-irmao.com\/#website\",\"url\":\"https:\/\/staging.leitao-irmao.com\/\",\"name\":\"Leit\u00e3o & Irm\u00e3o\",\"description\":\"Joalheiros desde 1822\",\"publisher\":{\"@id\":\"https:\/\/staging.leitao-irmao.com\/#organization\"},\"potentialAction\":[{\"@type\":\"SearchAction\",\"target\":{\"@type\":\"EntryPoint\",\"urlTemplate\":\"https:\/\/staging.leitao-irmao.com\/?s={search_term_string}\"},\"query-input\":{\"@type\":\"PropertyValueSpecification\",\"valueRequired\":true,\"valueName\":\"search_term_string\"}}],\"inLanguage\":\"en-GB\"},{\"@type\":\"Organization\",\"@id\":\"https:\/\/staging.leitao-irmao.com\/#organization\",\"name\":\"Leit\u00e3o & Irm\u00e3o\",\"url\":\"https:\/\/staging.leitao-irmao.com\/\",\"logo\":{\"@type\":\"ImageObject\",\"inLanguage\":\"en-GB\",\"@id\":\"https:\/\/staging.leitao-irmao.com\/#\/schema\/logo\/image\/\",\"url\":\"https:\/\/staging.leitao-irmao.com\/wp-content\/uploads\/2022\/11\/leitaoirmao-logo.png\",\"contentUrl\":\"https:\/\/staging.leitao-irmao.com\/wp-content\/uploads\/2022\/11\/leitaoirmao-logo.png\",\"width\":426,\"height\":89,\"caption\":\"Leit\u00e3o & Irm\u00e3o\"},\"image\":{\"@id\":\"https:\/\/staging.leitao-irmao.com\/#\/schema\/logo\/image\/\"}}]}<\/script>\n<!-- \/ Yoast SEO plugin. -->","yoast_head_json":{"title":"Elefante Indiano em prata | Cole\u00e7\u00e3o Excecionais | Leit\u00e3o &amp; Irm\u00e3o","description":"O Elefante indiano, uma pe\u00e7a excecional em detalhe e dimens\u00e3o. Esculpido em barro e transformado em prata manualmente, um trabalho de cria\u00e7\u00e3o completo.","robots":{"index":"noindex","follow":"follow","max-snippet":"max-snippet:-1","max-image-preview":"max-image-preview:large","max-video-preview":"max-video-preview:-1"},"og_locale":"en_GB","og_type":"article","og_title":"Elefante Indiano em prata | Cole\u00e7\u00e3o Excecionais | Leit\u00e3o &amp; Irm\u00e3o","og_description":"O Elefante indiano, uma pe\u00e7a excecional em detalhe e dimens\u00e3o. Esculpido em barro e transformado em prata manualmente, um trabalho de cria\u00e7\u00e3o completo.","og_url":"https:\/\/staging.leitao-irmao.com\/en\/product\/elefante-indiano-em-prata-colecao-excecionais\/","og_site_name":"Leit\u00e3o &amp; Irm\u00e3o","article_modified_time":"2025-08-08T16:10:50+00:00","og_image":[{"width":1229,"height":1229,"url":"https:\/\/staging.leitao-irmao.com\/wp-content\/uploads\/2025\/04\/Elefante-0503625.jpg","type":"image\/jpeg"}],"twitter_card":"summary_large_image","twitter_misc":{"Estimated reading time":"1 minute"},"schema":{"@context":"https:\/\/schema.org","@graph":[{"@type":"WebPage","@id":"https:\/\/staging.leitao-irmao.com\/product\/elefante-indiano-em-prata-colecao-excecionais\/","url":"https:\/\/staging.leitao-irmao.com\/product\/elefante-indiano-em-prata-colecao-excecionais\/","name":"Elefante Indiano em prata | Cole\u00e7\u00e3o Excecionais | Leit\u00e3o &amp; Irm\u00e3o","isPartOf":{"@id":"https:\/\/staging.leitao-irmao.com\/#website"},"primaryImageOfPage":{"@id":"https:\/\/staging.leitao-irmao.com\/product\/elefante-indiano-em-prata-colecao-excecionais\/#primaryimage"},"image":{"@id":"https:\/\/staging.leitao-irmao.com\/product\/elefante-indiano-em-prata-colecao-excecionais\/#primaryimage"},"thumbnailUrl":"https:\/\/staging.leitao-irmao.com\/wp-content\/uploads\/2025\/04\/Elefante-0503625.jpg","datePublished":"2025-04-21T14:25:32+00:00","dateModified":"2025-08-08T16:10:50+00:00","description":"O Elefante indiano, uma pe\u00e7a excecional em detalhe e dimens\u00e3o. Esculpido em barro e transformado em prata manualmente, um trabalho de cria\u00e7\u00e3o completo.","breadcrumb":{"@id":"https:\/\/staging.leitao-irmao.com\/product\/elefante-indiano-em-prata-colecao-excecionais\/#breadcrumb"},"inLanguage":"en-GB","potentialAction":[{"@type":"ReadAction","target":["https:\/\/staging.leitao-irmao.com\/product\/elefante-indiano-em-prata-colecao-excecionais\/"]}]},{"@type":"ImageObject","inLanguage":"en-GB","@id":"https:\/\/staging.leitao-irmao.com\/product\/elefante-indiano-em-prata-colecao-excecionais\/#primaryimage","url":"https:\/\/staging.leitao-irmao.com\/wp-content\/uploads\/2025\/04\/Elefante-0503625.jpg","contentUrl":"https:\/\/staging.leitao-irmao.com\/wp-content\/uploads\/2025\/04\/Elefante-0503625.jpg","width":1229,"height":1229},{"@type":"BreadcrumbList","@id":"https:\/\/staging.leitao-irmao.com\/product\/elefante-indiano-em-prata-colecao-excecionais\/#breadcrumb","itemListElement":[{"@type":"ListItem","position":1,"name":"Home","item":"https:\/\/staging.leitao-irmao.com\/"},{"@type":"ListItem","position":2,"name":"Produtos","item":"https:\/\/staging.leitao-irmao.com\/shop\/"},{"@type":"ListItem","position":3,"name":"Elefante Indiano em prata | Cole\u00e7\u00e3o Excecionais"}]},{"@type":"WebSite","@id":"https:\/\/staging.leitao-irmao.com\/#website","url":"https:\/\/staging.leitao-irmao.com\/","name":"Leit\u00e3o & Irm\u00e3o","description":"Joalheiros desde 1822","publisher":{"@id":"https:\/\/staging.leitao-irmao.com\/#organization"},"potentialAction":[{"@type":"SearchAction","target":{"@type":"EntryPoint","urlTemplate":"https:\/\/staging.leitao-irmao.com\/?s={search_term_string}"},"query-input":{"@type":"PropertyValueSpecification","valueRequired":true,"valueName":"search_term_string"}}],"inLanguage":"en-GB"},{"@type":"Organization","@id":"https:\/\/staging.leitao-irmao.com\/#organization","name":"Leit\u00e3o & Irm\u00e3o","url":"https:\/\/staging.leitao-irmao.com\/","logo":{"@type":"ImageObject","inLanguage":"en-GB","@id":"https:\/\/staging.leitao-irmao.com\/#\/schema\/logo\/image\/","url":"https:\/\/staging.leitao-irmao.com\/wp-content\/uploads\/2022\/11\/leitaoirmao-logo.png","contentUrl":"https:\/\/staging.leitao-irmao.com\/wp-content\/uploads\/2022\/11\/leitaoirmao-logo.png","width":426,"height":89,"caption":"Leit\u00e3o & Irm\u00e3o"},"image":{"@id":"https:\/\/staging.leitao-irmao.com\/#\/schema\/logo\/image\/"}}]}},"_links":{"self":[{"href":"https:\/\/staging.leitao-irmao.com\/en\/wp-json\/wp\/v2\/product\/31325","targetHints":{"allow":["GET"]}}],"collection":[{"href":"https:\/\/staging.leitao-irmao.com\/en\/wp-json\/wp\/v2\/product"}],"about":[{"href":"https:\/\/staging.leitao-irmao.com\/en\/wp-json\/wp\/v2\/types\/product"}],"version-history":[{"count":1,"href":"https:\/\/staging.leitao-irmao.com\/en\/wp-json\/wp\/v2\/product\/31325\/revisions"}],"predecessor-version":[{"id":33554,"href":"https:\/\/staging.leitao-irmao.com\/en\/wp-json\/wp\/v2\/product\/31325\/revisions\/33554"}],"wp:featuredmedia":[{"embeddable":true,"href":"https:\/\/staging.leitao-irmao.com\/en\/wp-json\/wp\/v2\/media\/31326"}],"wp:attachment":[{"href":"https:\/\/staging.leitao-irmao.com\/en\/wp-json\/wp\/v2\/media?parent=31325"}],"wp:term":[{"taxonomy":"product_brand","embeddable":true,"href":"https:\/\/staging.leitao-irmao.com\/en\/wp-json\/wp\/v2\/product_brand?post=31325"},{"taxonomy":"product_cat","embeddable":true,"href":"https:\/\/staging.leitao-irmao.com\/en\/wp-json\/wp\/v2\/product_cat?post=31325"},{"taxonomy":"product_tag","embeddable":true,"href":"https:\/\/staging.leitao-irmao.com\/en\/wp-json\/wp\/v2\/product_tag?post=31325"}],"curies":[{"name":"wp","href":"https:\/\/api.w.org\/{rel}","templated":true}]}}