{"id":33199,"date":"2025-07-24T10:33:14","date_gmt":"2025-07-24T09:33:14","guid":{"rendered":"https:\/\/www.leitao-irmao.com\/?post_type=product&#038;p=33199"},"modified":"2025-07-24T17:37:59","modified_gmt":"2025-07-24T16:37:59","slug":"bola-do-bicampeao-sporting-24-25-prata-925-leitao-irmao","status":"publish","type":"product","link":"https:\/\/staging.leitao-irmao.com\/en\/product\/bola-do-bicampeao-sporting-24-25-prata-925-leitao-irmao\/","title":{"rendered":"Bola do Bicampe\u00e3o Sporting 24\/25 \u2013 Prata 925 | Leit\u00e3o &#038; Irm\u00e3o"},"content":{"rendered":"","protected":false},"excerpt":{"rendered":"<p data-start=\"116\" data-end=\"195\"><strong>Produto Oficial do Sporting Clube de Portugal<\/strong><br data-start=\"165\" data-end=\"168\" \/><strong>Registo INPI n.\u00ba 373406<\/strong><\/p>\n<p data-start=\"197\" data-end=\"301\">Celebre a conquista do <strong>Bicampeonato do Sporting e da Dobradinha<\/strong> com uma pe\u00e7a \u00fanica.<\/p>\n<p data-start=\"303\" data-end=\"595\">Esta bola comemorativa \u00e9 <strong data-start=\"328\" data-end=\"360\">manufaturada em prata<\/strong>, com processos de <strong data-start=\"379\" data-end=\"425\">torneamento, cinzelagem e grava\u00e7\u00e3o a laser<\/strong>, exigindo uma m\u00e9dia de <strong data-start=\"444\" data-end=\"482\">40 horas de trabalho especializado<\/strong> por unidade. Cada exemplar representa um tributo \u00e0 arte da ourivesaria e \u00e0 gl\u00f3ria do Sporting Clube de Portugal.<\/p>\n<p data-start=\"597\" data-end=\"650\"><strong data-start=\"597\" data-end=\"650\">Grava\u00e7\u00f5es a laser presentes em cada gomo da bola:<\/strong><\/p>\n<ul data-start=\"651\" data-end=\"906\">\n<li data-start=\"651\" data-end=\"747\">\n<p data-start=\"653\" data-end=\"747\">Nome e assinatura dos jogadores que integraram o plantel do <strong data-start=\"713\" data-end=\"747\">Sporting CP na \u00e9poca 2024\/2025<\/strong><\/p>\n<\/li>\n<li data-start=\"748\" data-end=\"776\">\n<p data-start=\"750\" data-end=\"776\"><strong data-start=\"750\" data-end=\"776\">Treinador Rui Borges<\/strong><\/p>\n<\/li>\n<li data-start=\"777\" data-end=\"812\">\n<p data-start=\"779\" data-end=\"812\"><strong data-start=\"779\" data-end=\"812\">Presidente Frederico Varandas<\/strong><\/p>\n<\/li>\n<li data-start=\"813\" data-end=\"855\">\n<p data-start=\"815\" data-end=\"855\"><strong data-start=\"815\" data-end=\"855\">Logotipo \u201cSporting CP Bicampe\u00f5es 2025\u201d<\/strong><\/p>\n<\/li>\n<li data-start=\"813\" data-end=\"855\"><strong>Logotipo &#8220;Dobradinha&#8221;<\/strong><\/li>\n<li data-start=\"856\" data-end=\"906\">\n<p data-start=\"858\" data-end=\"906\"><strong data-start=\"858\" data-end=\"906\">Bras\u00e3o oficial do Sporting Clube de Portugal<\/strong><\/p>\n<\/li>\n<\/ul>\n<p data-start=\"1046\" data-end=\"1322\"><strong data-start=\"1046\" data-end=\"1071\">Apresenta\u00e7\u00e3o:<\/strong><br \/>\nA bola assenta numa elegante base em <strong data-start=\"1109\" data-end=\"1128\">madeira de faia<\/strong>, protegida por uma redoma em <strong data-start=\"1158\" data-end=\"1185\">vidro soprado artesanal<\/strong>, garantindo a sua conserva\u00e7\u00e3o e valorizando a est\u00e9tica do conjunto. Acompanha um estojo de transporte com compartimentos dedicados para:<\/p>\n<ul data-start=\"1323\" data-end=\"1437\">\n<li data-start=\"1323\" data-end=\"1340\">\n<p data-start=\"1325\" data-end=\"1340\">A bola em prata<\/p>\n<\/li>\n<li data-start=\"1341\" data-end=\"1360\">\n<p data-start=\"1343\" data-end=\"1360\">A redoma de vidro<\/p>\n<\/li>\n<li data-start=\"1361\" data-end=\"1380\">\n<p data-start=\"1363\" data-end=\"1380\">A base em madeira<\/p>\n<\/li>\n<li data-start=\"1381\" data-end=\"1437\">\n<p data-start=\"1383\" data-end=\"1437\">Um <strong data-start=\"1386\" data-end=\"1412\">livro de autenticidade<\/strong> com certificado numerado<\/p>\n<\/li>\n<\/ul>\n<p data-start=\"1439\" data-end=\"1495\"><strong data-start=\"1439\" data-end=\"1495\">Edi\u00e7\u00e3o Exclusiva e Limitada a 25 unidades numeradas.<\/strong><\/p>\n<p data-start=\"1497\" data-end=\"1623\">Personalize a sua pe\u00e7a gravando o <strong data-start=\"1531\" data-end=\"1550\">n\u00famero de s\u00f3cio<\/strong> na base em madeira \u2013 uma homenagem pessoal e eterna \u00e0 conquista de 2025.<\/p>\n<p data-start=\"1497\" data-end=\"1623\">PREVIS\u00c3O DE ENTREGA A PARTIR DE OUTUBRO PARA ENCOMENDAS REALIZADAS AT\u00c9 15 DE SETEMBRO<\/p>","protected":false},"featured_media":33221,"template":"","meta":{"_acf_changed":false},"product_brand":[],"product_cat":[76,126,496,608],"product_tag":[670,270],"class_list":{"0":"post-33199","1":"product","2":"type-product","3":"status-publish","4":"has-post-thumbnail","6":"product_cat-colecionaveis","7":"product_cat-presentes-entre-2500e-a-5000e","8":"product_cat-sem-desconto","9":"product_cat-sporting-jewels","10":"product_tag-personalizavel","11":"product_tag-prata","13":"first","14":"onbackorder","15":"shipping-taxable","16":"purchasable","17":"product-type-simple"},"acf":[],"yoast_head":"<!-- This site is optimized with the Yoast SEO plugin v25.4 - https:\/\/yoast.com\/wordpress\/plugins\/seo\/ -->\n<title>Bola do Bicampe\u00e3o Sporting 24\/25 \u2013 Prata 925 | Leit\u00e3o &amp; Irm\u00e3o | Leit\u00e3o &amp; Irm\u00e3o<\/title>\n<meta name=\"description\" content=\"Descubra a nova Bola do Bicampe\u00e3o Nacional em prata 925, dedicada ao Sporting e \u00e0 dobradinha, limitada e numerada pela Leit\u00e3o &amp; Irm\u00e3o. Pe\u00e7a de colecionador!\" \/>\n<meta name=\"robots\" content=\"noindex, follow, max-snippet:-1, max-image-preview:large, max-video-preview:-1\" \/>\n<meta property=\"og:locale\" content=\"en_GB\" \/>\n<meta property=\"og:type\" content=\"article\" \/>\n<meta property=\"og:title\" content=\"Bola do Bicampeonato do Sporting 24\/25 \u2013 Prata 925 | Leit\u00e3o &amp; Irm\u00e3o\" \/>\n<meta property=\"og:description\" content=\"Descubra a exclusividade desta bola comemorativa em prata 925 do Sporting, limitada e numerada pela Leit\u00e3o &amp; Irm\u00e3o. Pe\u00e7a j\u00e1 a sua pe\u00e7a de colecionador!\" \/>\n<meta property=\"og:url\" content=\"https:\/\/staging.leitao-irmao.com\/en\/product\/bola-do-bicampeao-sporting-24-25-prata-925-leitao-irmao\/\" \/>\n<meta property=\"og:site_name\" content=\"Leit\u00e3o &amp; Irm\u00e3o\" \/>\n<meta property=\"article:modified_time\" content=\"2025-07-24T16:37:59+00:00\" \/>\n<meta property=\"og:image\" content=\"https:\/\/staging.leitao-irmao.com\/wp-content\/uploads\/2024\/09\/bola_campeao_sporting_cp_03.jpg\" \/>\n\t<meta property=\"og:image:width\" content=\"1080\" \/>\n\t<meta property=\"og:image:height\" content=\"1080\" \/>\n\t<meta property=\"og:image:type\" content=\"image\/jpeg\" \/>\n<meta name=\"twitter:card\" content=\"summary_large_image\" \/>\n<meta name=\"twitter:label1\" content=\"Estimated reading time\" \/>\n\t<meta name=\"twitter:data1\" content=\"1 minute\" \/>\n<script type=\"application\/ld+json\" class=\"yoast-schema-graph\">{\"@context\":\"https:\/\/schema.org\",\"@graph\":[{\"@type\":\"WebPage\",\"@id\":\"https:\/\/staging.leitao-irmao.com\/product\/bola-do-bicampeao-sporting-24-25-prata-925-leitao-irmao\/\",\"url\":\"https:\/\/staging.leitao-irmao.com\/product\/bola-do-bicampeao-sporting-24-25-prata-925-leitao-irmao\/\",\"name\":\"Bola do Bicampe\u00e3o Sporting 24\/25 \u2013 Prata 925 | Leit\u00e3o & Irm\u00e3o | Leit\u00e3o &amp; Irm\u00e3o\",\"isPartOf\":{\"@id\":\"https:\/\/staging.leitao-irmao.com\/#website\"},\"primaryImageOfPage\":{\"@id\":\"https:\/\/staging.leitao-irmao.com\/product\/bola-do-bicampeao-sporting-24-25-prata-925-leitao-irmao\/#primaryimage\"},\"image\":{\"@id\":\"https:\/\/staging.leitao-irmao.com\/product\/bola-do-bicampeao-sporting-24-25-prata-925-leitao-irmao\/#primaryimage\"},\"thumbnailUrl\":\"https:\/\/staging.leitao-irmao.com\/wp-content\/uploads\/2025\/07\/bola_campeao_sporting_cp_2025_02-1.jpg\",\"datePublished\":\"2025-07-24T09:33:14+00:00\",\"dateModified\":\"2025-07-24T16:37:59+00:00\",\"description\":\"Descubra a nova Bola do Bicampe\u00e3o Nacional em prata 925, dedicada ao Sporting e \u00e0 dobradinha, limitada e numerada pela Leit\u00e3o & Irm\u00e3o. Pe\u00e7a de colecionador!\",\"breadcrumb\":{\"@id\":\"https:\/\/staging.leitao-irmao.com\/product\/bola-do-bicampeao-sporting-24-25-prata-925-leitao-irmao\/#breadcrumb\"},\"inLanguage\":\"en-GB\",\"potentialAction\":[{\"@type\":\"ReadAction\",\"target\":[\"https:\/\/staging.leitao-irmao.com\/product\/bola-do-bicampeao-sporting-24-25-prata-925-leitao-irmao\/\"]}]},{\"@type\":\"ImageObject\",\"inLanguage\":\"en-GB\",\"@id\":\"https:\/\/staging.leitao-irmao.com\/product\/bola-do-bicampeao-sporting-24-25-prata-925-leitao-irmao\/#primaryimage\",\"url\":\"https:\/\/staging.leitao-irmao.com\/wp-content\/uploads\/2025\/07\/bola_campeao_sporting_cp_2025_02-1.jpg\",\"contentUrl\":\"https:\/\/staging.leitao-irmao.com\/wp-content\/uploads\/2025\/07\/bola_campeao_sporting_cp_2025_02-1.jpg\",\"width\":1080,\"height\":1080},{\"@type\":\"BreadcrumbList\",\"@id\":\"https:\/\/staging.leitao-irmao.com\/product\/bola-do-bicampeao-sporting-24-25-prata-925-leitao-irmao\/#breadcrumb\",\"itemListElement\":[{\"@type\":\"ListItem\",\"position\":1,\"name\":\"Home\",\"item\":\"https:\/\/staging.leitao-irmao.com\/\"},{\"@type\":\"ListItem\",\"position\":2,\"name\":\"Produtos\",\"item\":\"https:\/\/staging.leitao-irmao.com\/shop\/\"},{\"@type\":\"ListItem\",\"position\":3,\"name\":\"Bola do Bicampe\u00e3o Sporting 24\/25 \u2013 Prata 925 | Leit\u00e3o &#038; Irm\u00e3o\"}]},{\"@type\":\"WebSite\",\"@id\":\"https:\/\/staging.leitao-irmao.com\/#website\",\"url\":\"https:\/\/staging.leitao-irmao.com\/\",\"name\":\"Leit\u00e3o & Irm\u00e3o\",\"description\":\"Joalheiros desde 1822\",\"publisher\":{\"@id\":\"https:\/\/staging.leitao-irmao.com\/#organization\"},\"potentialAction\":[{\"@type\":\"SearchAction\",\"target\":{\"@type\":\"EntryPoint\",\"urlTemplate\":\"https:\/\/staging.leitao-irmao.com\/?s={search_term_string}\"},\"query-input\":{\"@type\":\"PropertyValueSpecification\",\"valueRequired\":true,\"valueName\":\"search_term_string\"}}],\"inLanguage\":\"en-GB\"},{\"@type\":\"Organization\",\"@id\":\"https:\/\/staging.leitao-irmao.com\/#organization\",\"name\":\"Leit\u00e3o & Irm\u00e3o\",\"url\":\"https:\/\/staging.leitao-irmao.com\/\",\"logo\":{\"@type\":\"ImageObject\",\"inLanguage\":\"en-GB\",\"@id\":\"https:\/\/staging.leitao-irmao.com\/#\/schema\/logo\/image\/\",\"url\":\"https:\/\/staging.leitao-irmao.com\/wp-content\/uploads\/2022\/11\/leitaoirmao-logo.png\",\"contentUrl\":\"https:\/\/staging.leitao-irmao.com\/wp-content\/uploads\/2022\/11\/leitaoirmao-logo.png\",\"width\":426,\"height\":89,\"caption\":\"Leit\u00e3o & Irm\u00e3o\"},\"image\":{\"@id\":\"https:\/\/staging.leitao-irmao.com\/#\/schema\/logo\/image\/\"}}]}<\/script>\n<!-- \/ Yoast SEO plugin. -->","yoast_head_json":{"title":"Bola do Bicampe\u00e3o Sporting 24\/25 \u2013 Prata 925 | Leit\u00e3o & Irm\u00e3o | Leit\u00e3o &amp; Irm\u00e3o","description":"Descubra a nova Bola do Bicampe\u00e3o Nacional em prata 925, dedicada ao Sporting e \u00e0 dobradinha, limitada e numerada pela Leit\u00e3o & Irm\u00e3o. Pe\u00e7a de colecionador!","robots":{"index":"noindex","follow":"follow","max-snippet":"max-snippet:-1","max-image-preview":"max-image-preview:large","max-video-preview":"max-video-preview:-1"},"og_locale":"en_GB","og_type":"article","og_title":"Bola do Bicampeonato do Sporting 24\/25 \u2013 Prata 925 | Leit\u00e3o & Irm\u00e3o","og_description":"Descubra a exclusividade desta bola comemorativa em prata 925 do Sporting, limitada e numerada pela Leit\u00e3o & Irm\u00e3o. Pe\u00e7a j\u00e1 a sua pe\u00e7a de colecionador!","og_url":"https:\/\/staging.leitao-irmao.com\/en\/product\/bola-do-bicampeao-sporting-24-25-prata-925-leitao-irmao\/","og_site_name":"Leit\u00e3o &amp; Irm\u00e3o","article_modified_time":"2025-07-24T16:37:59+00:00","og_image":[{"width":1080,"height":1080,"url":"https:\/\/staging.leitao-irmao.com\/wp-content\/uploads\/2024\/09\/bola_campeao_sporting_cp_03.jpg","type":"image\/jpeg"}],"twitter_card":"summary_large_image","twitter_misc":{"Estimated reading time":"1 minute"},"schema":{"@context":"https:\/\/schema.org","@graph":[{"@type":"WebPage","@id":"https:\/\/staging.leitao-irmao.com\/product\/bola-do-bicampeao-sporting-24-25-prata-925-leitao-irmao\/","url":"https:\/\/staging.leitao-irmao.com\/product\/bola-do-bicampeao-sporting-24-25-prata-925-leitao-irmao\/","name":"Bola do Bicampe\u00e3o Sporting 24\/25 \u2013 Prata 925 | Leit\u00e3o & Irm\u00e3o | Leit\u00e3o &amp; Irm\u00e3o","isPartOf":{"@id":"https:\/\/staging.leitao-irmao.com\/#website"},"primaryImageOfPage":{"@id":"https:\/\/staging.leitao-irmao.com\/product\/bola-do-bicampeao-sporting-24-25-prata-925-leitao-irmao\/#primaryimage"},"image":{"@id":"https:\/\/staging.leitao-irmao.com\/product\/bola-do-bicampeao-sporting-24-25-prata-925-leitao-irmao\/#primaryimage"},"thumbnailUrl":"https:\/\/staging.leitao-irmao.com\/wp-content\/uploads\/2025\/07\/bola_campeao_sporting_cp_2025_02-1.jpg","datePublished":"2025-07-24T09:33:14+00:00","dateModified":"2025-07-24T16:37:59+00:00","description":"Descubra a nova Bola do Bicampe\u00e3o Nacional em prata 925, dedicada ao Sporting e \u00e0 dobradinha, limitada e numerada pela Leit\u00e3o & Irm\u00e3o. Pe\u00e7a de colecionador!","breadcrumb":{"@id":"https:\/\/staging.leitao-irmao.com\/product\/bola-do-bicampeao-sporting-24-25-prata-925-leitao-irmao\/#breadcrumb"},"inLanguage":"en-GB","potentialAction":[{"@type":"ReadAction","target":["https:\/\/staging.leitao-irmao.com\/product\/bola-do-bicampeao-sporting-24-25-prata-925-leitao-irmao\/"]}]},{"@type":"ImageObject","inLanguage":"en-GB","@id":"https:\/\/staging.leitao-irmao.com\/product\/bola-do-bicampeao-sporting-24-25-prata-925-leitao-irmao\/#primaryimage","url":"https:\/\/staging.leitao-irmao.com\/wp-content\/uploads\/2025\/07\/bola_campeao_sporting_cp_2025_02-1.jpg","contentUrl":"https:\/\/staging.leitao-irmao.com\/wp-content\/uploads\/2025\/07\/bola_campeao_sporting_cp_2025_02-1.jpg","width":1080,"height":1080},{"@type":"BreadcrumbList","@id":"https:\/\/staging.leitao-irmao.com\/product\/bola-do-bicampeao-sporting-24-25-prata-925-leitao-irmao\/#breadcrumb","itemListElement":[{"@type":"ListItem","position":1,"name":"Home","item":"https:\/\/staging.leitao-irmao.com\/"},{"@type":"ListItem","position":2,"name":"Produtos","item":"https:\/\/staging.leitao-irmao.com\/shop\/"},{"@type":"ListItem","position":3,"name":"Bola do Bicampe\u00e3o Sporting 24\/25 \u2013 Prata 925 | Leit\u00e3o &#038; Irm\u00e3o"}]},{"@type":"WebSite","@id":"https:\/\/staging.leitao-irmao.com\/#website","url":"https:\/\/staging.leitao-irmao.com\/","name":"Leit\u00e3o & Irm\u00e3o","description":"Joalheiros desde 1822","publisher":{"@id":"https:\/\/staging.leitao-irmao.com\/#organization"},"potentialAction":[{"@type":"SearchAction","target":{"@type":"EntryPoint","urlTemplate":"https:\/\/staging.leitao-irmao.com\/?s={search_term_string}"},"query-input":{"@type":"PropertyValueSpecification","valueRequired":true,"valueName":"search_term_string"}}],"inLanguage":"en-GB"},{"@type":"Organization","@id":"https:\/\/staging.leitao-irmao.com\/#organization","name":"Leit\u00e3o & Irm\u00e3o","url":"https:\/\/staging.leitao-irmao.com\/","logo":{"@type":"ImageObject","inLanguage":"en-GB","@id":"https:\/\/staging.leitao-irmao.com\/#\/schema\/logo\/image\/","url":"https:\/\/staging.leitao-irmao.com\/wp-content\/uploads\/2022\/11\/leitaoirmao-logo.png","contentUrl":"https:\/\/staging.leitao-irmao.com\/wp-content\/uploads\/2022\/11\/leitaoirmao-logo.png","width":426,"height":89,"caption":"Leit\u00e3o & Irm\u00e3o"},"image":{"@id":"https:\/\/staging.leitao-irmao.com\/#\/schema\/logo\/image\/"}}]}},"_links":{"self":[{"href":"https:\/\/staging.leitao-irmao.com\/en\/wp-json\/wp\/v2\/product\/33199","targetHints":{"allow":["GET"]}}],"collection":[{"href":"https:\/\/staging.leitao-irmao.com\/en\/wp-json\/wp\/v2\/product"}],"about":[{"href":"https:\/\/staging.leitao-irmao.com\/en\/wp-json\/wp\/v2\/types\/product"}],"version-history":[{"count":5,"href":"https:\/\/staging.leitao-irmao.com\/en\/wp-json\/wp\/v2\/product\/33199\/revisions"}],"predecessor-version":[{"id":33574,"href":"https:\/\/staging.leitao-irmao.com\/en\/wp-json\/wp\/v2\/product\/33199\/revisions\/33574"}],"wp:featuredmedia":[{"embeddable":true,"href":"https:\/\/staging.leitao-irmao.com\/en\/wp-json\/wp\/v2\/media\/33221"}],"wp:attachment":[{"href":"https:\/\/staging.leitao-irmao.com\/en\/wp-json\/wp\/v2\/media?parent=33199"}],"wp:term":[{"taxonomy":"product_brand","embeddable":true,"href":"https:\/\/staging.leitao-irmao.com\/en\/wp-json\/wp\/v2\/product_brand?post=33199"},{"taxonomy":"product_cat","embeddable":true,"href":"https:\/\/staging.leitao-irmao.com\/en\/wp-json\/wp\/v2\/product_cat?post=33199"},{"taxonomy":"product_tag","embeddable":true,"href":"https:\/\/staging.leitao-irmao.com\/en\/wp-json\/wp\/v2\/product_tag?post=33199"}],"curies":[{"name":"wp","href":"https:\/\/api.w.org\/{rel}","templated":true}]}}