{"id":33643,"date":"2025-09-05T17:44:49","date_gmt":"2025-09-05T16:44:49","guid":{"rendered":"https:\/\/www.leitao-irmao.com\/?post_type=product&#038;p=33643"},"modified":"2025-09-09T10:37:53","modified_gmt":"2025-09-09T09:37:53","slug":"fio-em-malha-de-ouro-branco-cadeado-70-70cm-copia","status":"publish","type":"product","link":"https:\/\/staging.leitao-irmao.com\/en\/product\/fio-em-malha-de-ouro-branco-cadeado-70-70cm-copia\/","title":{"rendered":"Fio em malha de ouro branco &#8211; Cadeado 70&#8221; &#8211; 70cm"},"content":{"rendered":"","protected":false},"excerpt":{"rendered":"<div class=\"elementor-element elementor-element-a79af5f elementor-widget elementor-widget-woocommerce-product-short-description\" data-id=\"a79af5f\" data-element_type=\"widget\" data-widget_type=\"woocommerce-product-short-description.default\">\n<div class=\"elementor-widget-container\">\n<div class=\"woocommerce-product-details__short-description\">\n<p>Discover Leit\u00e3o &amp; Irm\u00e3o's yellow gold knitwear. An elegant and discreet yarn, ideal for everyday wear or for a special occasion.<\/p>\n<\/div>\n<\/div>\n<\/div>\n<div class=\"elementor-element elementor-element-be94852 elementor-add-to-cart--align-justify elementor-add-to-cart--layout-auto elementor-widget elementor-widget-wc-add-to-cart\" data-id=\"be94852\" data-element_type=\"widget\" data-widget_type=\"wc-add-to-cart.default\">\n<div class=\"elementor-widget-container\">\n<div class=\"e-atc-qty-button-holder\">\n<div class=\"quantity\"><\/div>\n<\/div>\n<\/div>\n<\/div>","protected":false},"featured_media":33644,"template":"","meta":{"_acf_changed":false},"product_brand":[],"product_cat":[84,79,140,125],"product_tag":[277,278,323,271],"class_list":{"0":"post-33643","1":"product","2":"type-product","3":"status-publish","4":"has-post-thumbnail","6":"product_cat-colares-e-fios","7":"product_cat-joalharia","8":"product_cat-para-ele","9":"product_cat-presentes-entre-1000e-a-2500e","10":"product_tag-homem","11":"product_tag-mulher","12":"product_tag-novidades","13":"product_tag-ouro","15":"first","16":"instock","17":"shipping-taxable","18":"purchasable","19":"product-type-simple"},"acf":[],"yoast_head":"<!-- This site is optimized with the Yoast SEO plugin v25.4 - https:\/\/yoast.com\/wordpress\/plugins\/seo\/ -->\n<title>Fio em malha de ouro branco - Cadeado 70&#039;&#039; - 70cm | Leit\u00e3o &amp; Irm\u00e3o<\/title>\n<meta name=\"description\" content=\"Descubra as malhas em ouro amarelo da Leit\u00e3o &amp; Irm\u00e3o. Um fio elegante e discreto ideal para usar no dia a dia, um numa ocasi\u00e3o especial.\" \/>\n<meta name=\"robots\" content=\"noindex, follow, max-snippet:-1, max-image-preview:large, max-video-preview:-1\" \/>\n<meta property=\"og:locale\" content=\"en_GB\" \/>\n<meta property=\"og:type\" content=\"article\" \/>\n<meta property=\"og:title\" content=\"Fio em malha de ouro branco - Cadeado 70&#039;&#039; - 70cm\" \/>\n<meta property=\"og:description\" content=\"Descubra as malhas em ouro amarelo da Leit\u00e3o &amp; Irm\u00e3o. Um fio elegante e discreto ideal para usar no dia a dia, um numa ocasi\u00e3o especial.\" \/>\n<meta property=\"og:url\" content=\"https:\/\/staging.leitao-irmao.com\/en\/product\/fio-em-malha-de-ouro-branco-cadeado-70-70cm-copia\/\" \/>\n<meta property=\"og:site_name\" content=\"Leit\u00e3o &amp; Irm\u00e3o\" \/>\n<meta property=\"article:modified_time\" content=\"2025-09-09T09:37:53+00:00\" \/>\n<meta property=\"og:image\" content=\"https:\/\/staging.leitao-irmao.com\/wp-content\/uploads\/2025\/09\/0208293_detalhe.jpg\" \/>\n\t<meta property=\"og:image:width\" content=\"1217\" \/>\n\t<meta property=\"og:image:height\" content=\"1217\" \/>\n\t<meta property=\"og:image:type\" content=\"image\/jpeg\" \/>\n<meta name=\"twitter:card\" content=\"summary_large_image\" \/>\n<meta name=\"twitter:label1\" content=\"Estimated reading time\" \/>\n\t<meta name=\"twitter:data1\" content=\"1 minute\" \/>\n<script type=\"application\/ld+json\" class=\"yoast-schema-graph\">{\"@context\":\"https:\/\/schema.org\",\"@graph\":[{\"@type\":\"WebPage\",\"@id\":\"https:\/\/staging.leitao-irmao.com\/product\/fio-em-malha-de-ouro-branco-cadeado-70-70cm-copia\/\",\"url\":\"https:\/\/staging.leitao-irmao.com\/product\/fio-em-malha-de-ouro-branco-cadeado-70-70cm-copia\/\",\"name\":\"Fio em malha de ouro branco - Cadeado 70'' - 70cm | Leit\u00e3o &amp; Irm\u00e3o\",\"isPartOf\":{\"@id\":\"https:\/\/staging.leitao-irmao.com\/#website\"},\"primaryImageOfPage\":{\"@id\":\"https:\/\/staging.leitao-irmao.com\/product\/fio-em-malha-de-ouro-branco-cadeado-70-70cm-copia\/#primaryimage\"},\"image\":{\"@id\":\"https:\/\/staging.leitao-irmao.com\/product\/fio-em-malha-de-ouro-branco-cadeado-70-70cm-copia\/#primaryimage\"},\"thumbnailUrl\":\"https:\/\/staging.leitao-irmao.com\/wp-content\/uploads\/2025\/09\/0208293_detalhe.jpg\",\"datePublished\":\"2025-09-05T16:44:49+00:00\",\"dateModified\":\"2025-09-09T09:37:53+00:00\",\"description\":\"Descubra as malhas em ouro amarelo da Leit\u00e3o & Irm\u00e3o. Um fio elegante e discreto ideal para usar no dia a dia, um numa ocasi\u00e3o especial.\",\"breadcrumb\":{\"@id\":\"https:\/\/staging.leitao-irmao.com\/product\/fio-em-malha-de-ouro-branco-cadeado-70-70cm-copia\/#breadcrumb\"},\"inLanguage\":\"en-GB\",\"potentialAction\":[{\"@type\":\"ReadAction\",\"target\":[\"https:\/\/staging.leitao-irmao.com\/product\/fio-em-malha-de-ouro-branco-cadeado-70-70cm-copia\/\"]}]},{\"@type\":\"ImageObject\",\"inLanguage\":\"en-GB\",\"@id\":\"https:\/\/staging.leitao-irmao.com\/product\/fio-em-malha-de-ouro-branco-cadeado-70-70cm-copia\/#primaryimage\",\"url\":\"https:\/\/staging.leitao-irmao.com\/wp-content\/uploads\/2025\/09\/0208293_detalhe.jpg\",\"contentUrl\":\"https:\/\/staging.leitao-irmao.com\/wp-content\/uploads\/2025\/09\/0208293_detalhe.jpg\",\"width\":1217,\"height\":1217},{\"@type\":\"BreadcrumbList\",\"@id\":\"https:\/\/staging.leitao-irmao.com\/product\/fio-em-malha-de-ouro-branco-cadeado-70-70cm-copia\/#breadcrumb\",\"itemListElement\":[{\"@type\":\"ListItem\",\"position\":1,\"name\":\"Home\",\"item\":\"https:\/\/staging.leitao-irmao.com\/\"},{\"@type\":\"ListItem\",\"position\":2,\"name\":\"Produtos\",\"item\":\"https:\/\/staging.leitao-irmao.com\/shop\/\"},{\"@type\":\"ListItem\",\"position\":3,\"name\":\"Fio em malha de ouro branco &#8211; Cadeado 70&#8221; &#8211; 70cm\"}]},{\"@type\":\"WebSite\",\"@id\":\"https:\/\/staging.leitao-irmao.com\/#website\",\"url\":\"https:\/\/staging.leitao-irmao.com\/\",\"name\":\"Leit\u00e3o & Irm\u00e3o\",\"description\":\"Joalheiros desde 1822\",\"publisher\":{\"@id\":\"https:\/\/staging.leitao-irmao.com\/#organization\"},\"potentialAction\":[{\"@type\":\"SearchAction\",\"target\":{\"@type\":\"EntryPoint\",\"urlTemplate\":\"https:\/\/staging.leitao-irmao.com\/?s={search_term_string}\"},\"query-input\":{\"@type\":\"PropertyValueSpecification\",\"valueRequired\":true,\"valueName\":\"search_term_string\"}}],\"inLanguage\":\"en-GB\"},{\"@type\":\"Organization\",\"@id\":\"https:\/\/staging.leitao-irmao.com\/#organization\",\"name\":\"Leit\u00e3o & Irm\u00e3o\",\"url\":\"https:\/\/staging.leitao-irmao.com\/\",\"logo\":{\"@type\":\"ImageObject\",\"inLanguage\":\"en-GB\",\"@id\":\"https:\/\/staging.leitao-irmao.com\/#\/schema\/logo\/image\/\",\"url\":\"https:\/\/staging.leitao-irmao.com\/wp-content\/uploads\/2022\/11\/leitaoirmao-logo.png\",\"contentUrl\":\"https:\/\/staging.leitao-irmao.com\/wp-content\/uploads\/2022\/11\/leitaoirmao-logo.png\",\"width\":426,\"height\":89,\"caption\":\"Leit\u00e3o & Irm\u00e3o\"},\"image\":{\"@id\":\"https:\/\/staging.leitao-irmao.com\/#\/schema\/logo\/image\/\"}}]}<\/script>\n<!-- \/ Yoast SEO plugin. -->","yoast_head_json":{"title":"Fio em malha de ouro branco - Cadeado 70'' - 70cm | Leit\u00e3o &amp; Irm\u00e3o","description":"Descubra as malhas em ouro amarelo da Leit\u00e3o & Irm\u00e3o. Um fio elegante e discreto ideal para usar no dia a dia, um numa ocasi\u00e3o especial.","robots":{"index":"noindex","follow":"follow","max-snippet":"max-snippet:-1","max-image-preview":"max-image-preview:large","max-video-preview":"max-video-preview:-1"},"og_locale":"en_GB","og_type":"article","og_title":"Fio em malha de ouro branco - Cadeado 70'' - 70cm","og_description":"Descubra as malhas em ouro amarelo da Leit\u00e3o & Irm\u00e3o. Um fio elegante e discreto ideal para usar no dia a dia, um numa ocasi\u00e3o especial.","og_url":"https:\/\/staging.leitao-irmao.com\/en\/product\/fio-em-malha-de-ouro-branco-cadeado-70-70cm-copia\/","og_site_name":"Leit\u00e3o &amp; Irm\u00e3o","article_modified_time":"2025-09-09T09:37:53+00:00","og_image":[{"width":1217,"height":1217,"url":"https:\/\/staging.leitao-irmao.com\/wp-content\/uploads\/2025\/09\/0208293_detalhe.jpg","type":"image\/jpeg"}],"twitter_card":"summary_large_image","twitter_misc":{"Estimated reading time":"1 minute"},"schema":{"@context":"https:\/\/schema.org","@graph":[{"@type":"WebPage","@id":"https:\/\/staging.leitao-irmao.com\/product\/fio-em-malha-de-ouro-branco-cadeado-70-70cm-copia\/","url":"https:\/\/staging.leitao-irmao.com\/product\/fio-em-malha-de-ouro-branco-cadeado-70-70cm-copia\/","name":"Fio em malha de ouro branco - Cadeado 70'' - 70cm | Leit\u00e3o &amp; Irm\u00e3o","isPartOf":{"@id":"https:\/\/staging.leitao-irmao.com\/#website"},"primaryImageOfPage":{"@id":"https:\/\/staging.leitao-irmao.com\/product\/fio-em-malha-de-ouro-branco-cadeado-70-70cm-copia\/#primaryimage"},"image":{"@id":"https:\/\/staging.leitao-irmao.com\/product\/fio-em-malha-de-ouro-branco-cadeado-70-70cm-copia\/#primaryimage"},"thumbnailUrl":"https:\/\/staging.leitao-irmao.com\/wp-content\/uploads\/2025\/09\/0208293_detalhe.jpg","datePublished":"2025-09-05T16:44:49+00:00","dateModified":"2025-09-09T09:37:53+00:00","description":"Descubra as malhas em ouro amarelo da Leit\u00e3o & Irm\u00e3o. Um fio elegante e discreto ideal para usar no dia a dia, um numa ocasi\u00e3o especial.","breadcrumb":{"@id":"https:\/\/staging.leitao-irmao.com\/product\/fio-em-malha-de-ouro-branco-cadeado-70-70cm-copia\/#breadcrumb"},"inLanguage":"en-GB","potentialAction":[{"@type":"ReadAction","target":["https:\/\/staging.leitao-irmao.com\/product\/fio-em-malha-de-ouro-branco-cadeado-70-70cm-copia\/"]}]},{"@type":"ImageObject","inLanguage":"en-GB","@id":"https:\/\/staging.leitao-irmao.com\/product\/fio-em-malha-de-ouro-branco-cadeado-70-70cm-copia\/#primaryimage","url":"https:\/\/staging.leitao-irmao.com\/wp-content\/uploads\/2025\/09\/0208293_detalhe.jpg","contentUrl":"https:\/\/staging.leitao-irmao.com\/wp-content\/uploads\/2025\/09\/0208293_detalhe.jpg","width":1217,"height":1217},{"@type":"BreadcrumbList","@id":"https:\/\/staging.leitao-irmao.com\/product\/fio-em-malha-de-ouro-branco-cadeado-70-70cm-copia\/#breadcrumb","itemListElement":[{"@type":"ListItem","position":1,"name":"Home","item":"https:\/\/staging.leitao-irmao.com\/"},{"@type":"ListItem","position":2,"name":"Produtos","item":"https:\/\/staging.leitao-irmao.com\/shop\/"},{"@type":"ListItem","position":3,"name":"Fio em malha de ouro branco &#8211; Cadeado 70&#8221; &#8211; 70cm"}]},{"@type":"WebSite","@id":"https:\/\/staging.leitao-irmao.com\/#website","url":"https:\/\/staging.leitao-irmao.com\/","name":"Leit\u00e3o & Irm\u00e3o","description":"Joalheiros desde 1822","publisher":{"@id":"https:\/\/staging.leitao-irmao.com\/#organization"},"potentialAction":[{"@type":"SearchAction","target":{"@type":"EntryPoint","urlTemplate":"https:\/\/staging.leitao-irmao.com\/?s={search_term_string}"},"query-input":{"@type":"PropertyValueSpecification","valueRequired":true,"valueName":"search_term_string"}}],"inLanguage":"en-GB"},{"@type":"Organization","@id":"https:\/\/staging.leitao-irmao.com\/#organization","name":"Leit\u00e3o & Irm\u00e3o","url":"https:\/\/staging.leitao-irmao.com\/","logo":{"@type":"ImageObject","inLanguage":"en-GB","@id":"https:\/\/staging.leitao-irmao.com\/#\/schema\/logo\/image\/","url":"https:\/\/staging.leitao-irmao.com\/wp-content\/uploads\/2022\/11\/leitaoirmao-logo.png","contentUrl":"https:\/\/staging.leitao-irmao.com\/wp-content\/uploads\/2022\/11\/leitaoirmao-logo.png","width":426,"height":89,"caption":"Leit\u00e3o & Irm\u00e3o"},"image":{"@id":"https:\/\/staging.leitao-irmao.com\/#\/schema\/logo\/image\/"}}]}},"_links":{"self":[{"href":"https:\/\/staging.leitao-irmao.com\/en\/wp-json\/wp\/v2\/product\/33643","targetHints":{"allow":["GET"]}}],"collection":[{"href":"https:\/\/staging.leitao-irmao.com\/en\/wp-json\/wp\/v2\/product"}],"about":[{"href":"https:\/\/staging.leitao-irmao.com\/en\/wp-json\/wp\/v2\/types\/product"}],"version-history":[{"count":2,"href":"https:\/\/staging.leitao-irmao.com\/en\/wp-json\/wp\/v2\/product\/33643\/revisions"}],"predecessor-version":[{"id":33665,"href":"https:\/\/staging.leitao-irmao.com\/en\/wp-json\/wp\/v2\/product\/33643\/revisions\/33665"}],"wp:featuredmedia":[{"embeddable":true,"href":"https:\/\/staging.leitao-irmao.com\/en\/wp-json\/wp\/v2\/media\/33644"}],"wp:attachment":[{"href":"https:\/\/staging.leitao-irmao.com\/en\/wp-json\/wp\/v2\/media?parent=33643"}],"wp:term":[{"taxonomy":"product_brand","embeddable":true,"href":"https:\/\/staging.leitao-irmao.com\/en\/wp-json\/wp\/v2\/product_brand?post=33643"},{"taxonomy":"product_cat","embeddable":true,"href":"https:\/\/staging.leitao-irmao.com\/en\/wp-json\/wp\/v2\/product_cat?post=33643"},{"taxonomy":"product_tag","embeddable":true,"href":"https:\/\/staging.leitao-irmao.com\/en\/wp-json\/wp\/v2\/product_tag?post=33643"}],"curies":[{"name":"wp","href":"https:\/\/api.w.org\/{rel}","templated":true}]}}