{"id":7059,"date":"2023-06-01T23:47:06","date_gmt":"2023-06-01T23:47:06","guid":{"rendered":"https:\/\/leitao-irmao.ad-pulse.com\/produto\/pendente-signo-peixes-zodiaco\/"},"modified":"2025-05-20T14:30:44","modified_gmt":"2025-05-20T13:30:44","slug":"pendente-signo-peixes-zodiaco","status":"publish","type":"product","link":"https:\/\/staging.leitao-irmao.com\/en\/product\/pendente-signo-peixes-zodiaco\/","title":{"rendered":"Pisces Sign Pendant | Zodiac"},"content":{"rendered":"","protected":false},"excerpt":{"rendered":"<p>The Pisces Sign Pendant in yellow gold manufactured in the Leit\u00e3o &amp; Irm\u00e3o workshops is the perfect choice for natives of the sign Pisces. The symbol of this sign is represented by a fish, which symbolises intuition, creativity and compassion. This pendant is made from 19.2 carat yellow gold with a diameter of 1 cm and a polished and shiny finish. The modern and elegant design features the astrological symbol of the sign Pisces. It's a versatile, sophisticated and discreet accessory that can be worn on any occasion. If you're a Pisces, this pendant is the perfect choice for expressing your creative and intuitive side.<\/p>\n<p>&nbsp;<\/p>\n<p><em><strong>Fio n\u00e3o inclu\u00eddo\u00a0<\/strong><\/em><\/p>","protected":false},"featured_media":7610,"template":"","meta":{"_acf_changed":false},"product_brand":[],"product_cat":[131,137,79,267,86,123,664,220],"product_tag":[434,277,278,271,279],"class_list":{"0":"post-7059","1":"product","2":"type-product","3":"status-publish","4":"has-post-thumbnail","6":"product_cat-aniversario-de-18-anos","7":"product_cat-batizados","8":"product_cat-joalharia","9":"product_cat-mais-oferecidos","10":"product_cat-pendentes","11":"product_cat-presentes-entre-150e-a-500e","12":"product_cat-presentes-para-a-primeira-comunhao","13":"product_cat-zodiaco","14":"product_tag-crianca","15":"product_tag-homem","16":"product_tag-mulher","17":"product_tag-ouro","18":"product_tag-unissexo","20":"first","21":"instock","22":"shipping-taxable","23":"purchasable","24":"product-type-simple"},"acf":[],"yoast_head":"<!-- This site is optimized with the Yoast SEO plugin v25.4 - https:\/\/yoast.com\/wordpress\/plugins\/seo\/ -->\n<title>pendente signo peixes em ouro<\/title>\n<meta name=\"robots\" content=\"noindex, follow, max-snippet:-1, max-image-preview:large, max-video-preview:-1\" \/>\n<meta property=\"og:locale\" content=\"en_GB\" \/>\n<meta property=\"og:type\" content=\"article\" \/>\n<meta property=\"og:title\" content=\"pendente signo peixes em ouro\" \/>\n<meta property=\"og:description\" content=\"O Pendente Signo Peixes em ouro amarelo manufaturado nas oficinas Leit\u00e3o &amp; Irm\u00e3o \u00e9 a escolha perfeita para os nativos do signo Peixes. O s\u00edmbolo deste signo \u00e9 representado por um peixe, que simboliza a intui\u00e7\u00e3o, a criatividade e a compaix\u00e3o. Este pendente \u00e9 realizado de ouro amarelo de 19,2 kilates com 1 cm de di\u00e2metro e acabamento polido e brilhante. O design moderno e elegante, com o s\u00edmbolo astrol\u00f3gico do signo peixes. \u00c9 um acess\u00f3rio vers\u00e1til, sofisticado e discreto, que pode ser usado em qualquer ocasi\u00e3o. Se \u00e9 do signo Peixes, este pendente \u00e9 a escolha perfeita para expressar seu lado criativo e intuitivo.  &nbsp;  Fio n\u00e3o inclu\u00eddo\u00a0\" \/>\n<meta property=\"og:url\" content=\"https:\/\/staging.leitao-irmao.com\/en\/product\/pendente-signo-peixes-zodiaco\/\" \/>\n<meta property=\"og:site_name\" content=\"Leit\u00e3o &amp; Irm\u00e3o\" \/>\n<meta property=\"article:modified_time\" content=\"2025-05-20T13:30:44+00:00\" \/>\n<meta property=\"og:image\" content=\"https:\/\/staging.leitao-irmao.com\/wp-content\/uploads\/2023\/06\/0219067.jpg\" \/>\n\t<meta property=\"og:image:width\" content=\"1000\" \/>\n\t<meta property=\"og:image:height\" content=\"1000\" \/>\n\t<meta property=\"og:image:type\" content=\"image\/jpeg\" \/>\n<meta name=\"twitter:card\" content=\"summary_large_image\" \/>\n<meta name=\"twitter:label1\" content=\"Estimated reading time\" \/>\n\t<meta name=\"twitter:data1\" content=\"1 minute\" \/>\n<script type=\"application\/ld+json\" class=\"yoast-schema-graph\">{\"@context\":\"https:\/\/schema.org\",\"@graph\":[{\"@type\":\"WebPage\",\"@id\":\"https:\/\/staging.leitao-irmao.com\/product\/pendente-signo-peixes-zodiaco\/\",\"url\":\"https:\/\/staging.leitao-irmao.com\/product\/pendente-signo-peixes-zodiaco\/\",\"name\":\"pendente signo peixes em ouro\",\"isPartOf\":{\"@id\":\"https:\/\/staging.leitao-irmao.com\/#website\"},\"primaryImageOfPage\":{\"@id\":\"https:\/\/staging.leitao-irmao.com\/product\/pendente-signo-peixes-zodiaco\/#primaryimage\"},\"image\":{\"@id\":\"https:\/\/staging.leitao-irmao.com\/product\/pendente-signo-peixes-zodiaco\/#primaryimage\"},\"thumbnailUrl\":\"https:\/\/staging.leitao-irmao.com\/wp-content\/uploads\/2023\/06\/0219067.jpg\",\"datePublished\":\"2023-06-01T23:47:06+00:00\",\"dateModified\":\"2025-05-20T13:30:44+00:00\",\"breadcrumb\":{\"@id\":\"https:\/\/staging.leitao-irmao.com\/product\/pendente-signo-peixes-zodiaco\/#breadcrumb\"},\"inLanguage\":\"en-GB\",\"potentialAction\":[{\"@type\":\"ReadAction\",\"target\":[\"https:\/\/staging.leitao-irmao.com\/product\/pendente-signo-peixes-zodiaco\/\"]}]},{\"@type\":\"ImageObject\",\"inLanguage\":\"en-GB\",\"@id\":\"https:\/\/staging.leitao-irmao.com\/product\/pendente-signo-peixes-zodiaco\/#primaryimage\",\"url\":\"https:\/\/staging.leitao-irmao.com\/wp-content\/uploads\/2023\/06\/0219067.jpg\",\"contentUrl\":\"https:\/\/staging.leitao-irmao.com\/wp-content\/uploads\/2023\/06\/0219067.jpg\",\"width\":1000,\"height\":1000},{\"@type\":\"BreadcrumbList\",\"@id\":\"https:\/\/staging.leitao-irmao.com\/product\/pendente-signo-peixes-zodiaco\/#breadcrumb\",\"itemListElement\":[{\"@type\":\"ListItem\",\"position\":1,\"name\":\"Home\",\"item\":\"https:\/\/staging.leitao-irmao.com\/\"},{\"@type\":\"ListItem\",\"position\":2,\"name\":\"Produtos\",\"item\":\"https:\/\/staging.leitao-irmao.com\/shop\/\"},{\"@type\":\"ListItem\",\"position\":3,\"name\":\"Pendente Signo Peixes | Zod\u00edaco\"}]},{\"@type\":\"WebSite\",\"@id\":\"https:\/\/staging.leitao-irmao.com\/#website\",\"url\":\"https:\/\/staging.leitao-irmao.com\/\",\"name\":\"Leit\u00e3o & Irm\u00e3o\",\"description\":\"Joalheiros desde 1822\",\"publisher\":{\"@id\":\"https:\/\/staging.leitao-irmao.com\/#organization\"},\"potentialAction\":[{\"@type\":\"SearchAction\",\"target\":{\"@type\":\"EntryPoint\",\"urlTemplate\":\"https:\/\/staging.leitao-irmao.com\/?s={search_term_string}\"},\"query-input\":{\"@type\":\"PropertyValueSpecification\",\"valueRequired\":true,\"valueName\":\"search_term_string\"}}],\"inLanguage\":\"en-GB\"},{\"@type\":\"Organization\",\"@id\":\"https:\/\/staging.leitao-irmao.com\/#organization\",\"name\":\"Leit\u00e3o & Irm\u00e3o\",\"url\":\"https:\/\/staging.leitao-irmao.com\/\",\"logo\":{\"@type\":\"ImageObject\",\"inLanguage\":\"en-GB\",\"@id\":\"https:\/\/staging.leitao-irmao.com\/#\/schema\/logo\/image\/\",\"url\":\"https:\/\/staging.leitao-irmao.com\/wp-content\/uploads\/2022\/11\/leitaoirmao-logo.png\",\"contentUrl\":\"https:\/\/staging.leitao-irmao.com\/wp-content\/uploads\/2022\/11\/leitaoirmao-logo.png\",\"width\":426,\"height\":89,\"caption\":\"Leit\u00e3o & Irm\u00e3o\"},\"image\":{\"@id\":\"https:\/\/staging.leitao-irmao.com\/#\/schema\/logo\/image\/\"}}]}<\/script>\n<!-- \/ Yoast SEO plugin. -->","yoast_head_json":{"title":"pendente signo peixes em ouro","robots":{"index":"noindex","follow":"follow","max-snippet":"max-snippet:-1","max-image-preview":"max-image-preview:large","max-video-preview":"max-video-preview:-1"},"og_locale":"en_GB","og_type":"article","og_title":"pendente signo peixes em ouro","og_description":"O Pendente Signo Peixes em ouro amarelo manufaturado nas oficinas Leit\u00e3o &amp; Irm\u00e3o \u00e9 a escolha perfeita para os nativos do signo Peixes. O s\u00edmbolo deste signo \u00e9 representado por um peixe, que simboliza a intui\u00e7\u00e3o, a criatividade e a compaix\u00e3o. Este pendente \u00e9 realizado de ouro amarelo de 19,2 kilates com 1 cm de di\u00e2metro e acabamento polido e brilhante. O design moderno e elegante, com o s\u00edmbolo astrol\u00f3gico do signo peixes. \u00c9 um acess\u00f3rio vers\u00e1til, sofisticado e discreto, que pode ser usado em qualquer ocasi\u00e3o. Se \u00e9 do signo Peixes, este pendente \u00e9 a escolha perfeita para expressar seu lado criativo e intuitivo.  &nbsp;  Fio n\u00e3o inclu\u00eddo\u00a0","og_url":"https:\/\/staging.leitao-irmao.com\/en\/product\/pendente-signo-peixes-zodiaco\/","og_site_name":"Leit\u00e3o &amp; Irm\u00e3o","article_modified_time":"2025-05-20T13:30:44+00:00","og_image":[{"width":1000,"height":1000,"url":"https:\/\/staging.leitao-irmao.com\/wp-content\/uploads\/2023\/06\/0219067.jpg","type":"image\/jpeg"}],"twitter_card":"summary_large_image","twitter_misc":{"Estimated reading time":"1 minute"},"schema":{"@context":"https:\/\/schema.org","@graph":[{"@type":"WebPage","@id":"https:\/\/staging.leitao-irmao.com\/product\/pendente-signo-peixes-zodiaco\/","url":"https:\/\/staging.leitao-irmao.com\/product\/pendente-signo-peixes-zodiaco\/","name":"pendente signo peixes em ouro","isPartOf":{"@id":"https:\/\/staging.leitao-irmao.com\/#website"},"primaryImageOfPage":{"@id":"https:\/\/staging.leitao-irmao.com\/product\/pendente-signo-peixes-zodiaco\/#primaryimage"},"image":{"@id":"https:\/\/staging.leitao-irmao.com\/product\/pendente-signo-peixes-zodiaco\/#primaryimage"},"thumbnailUrl":"https:\/\/staging.leitao-irmao.com\/wp-content\/uploads\/2023\/06\/0219067.jpg","datePublished":"2023-06-01T23:47:06+00:00","dateModified":"2025-05-20T13:30:44+00:00","breadcrumb":{"@id":"https:\/\/staging.leitao-irmao.com\/product\/pendente-signo-peixes-zodiaco\/#breadcrumb"},"inLanguage":"en-GB","potentialAction":[{"@type":"ReadAction","target":["https:\/\/staging.leitao-irmao.com\/product\/pendente-signo-peixes-zodiaco\/"]}]},{"@type":"ImageObject","inLanguage":"en-GB","@id":"https:\/\/staging.leitao-irmao.com\/product\/pendente-signo-peixes-zodiaco\/#primaryimage","url":"https:\/\/staging.leitao-irmao.com\/wp-content\/uploads\/2023\/06\/0219067.jpg","contentUrl":"https:\/\/staging.leitao-irmao.com\/wp-content\/uploads\/2023\/06\/0219067.jpg","width":1000,"height":1000},{"@type":"BreadcrumbList","@id":"https:\/\/staging.leitao-irmao.com\/product\/pendente-signo-peixes-zodiaco\/#breadcrumb","itemListElement":[{"@type":"ListItem","position":1,"name":"Home","item":"https:\/\/staging.leitao-irmao.com\/"},{"@type":"ListItem","position":2,"name":"Produtos","item":"https:\/\/staging.leitao-irmao.com\/shop\/"},{"@type":"ListItem","position":3,"name":"Pendente Signo Peixes | Zod\u00edaco"}]},{"@type":"WebSite","@id":"https:\/\/staging.leitao-irmao.com\/#website","url":"https:\/\/staging.leitao-irmao.com\/","name":"Leit\u00e3o & Irm\u00e3o","description":"Joalheiros desde 1822","publisher":{"@id":"https:\/\/staging.leitao-irmao.com\/#organization"},"potentialAction":[{"@type":"SearchAction","target":{"@type":"EntryPoint","urlTemplate":"https:\/\/staging.leitao-irmao.com\/?s={search_term_string}"},"query-input":{"@type":"PropertyValueSpecification","valueRequired":true,"valueName":"search_term_string"}}],"inLanguage":"en-GB"},{"@type":"Organization","@id":"https:\/\/staging.leitao-irmao.com\/#organization","name":"Leit\u00e3o & Irm\u00e3o","url":"https:\/\/staging.leitao-irmao.com\/","logo":{"@type":"ImageObject","inLanguage":"en-GB","@id":"https:\/\/staging.leitao-irmao.com\/#\/schema\/logo\/image\/","url":"https:\/\/staging.leitao-irmao.com\/wp-content\/uploads\/2022\/11\/leitaoirmao-logo.png","contentUrl":"https:\/\/staging.leitao-irmao.com\/wp-content\/uploads\/2022\/11\/leitaoirmao-logo.png","width":426,"height":89,"caption":"Leit\u00e3o & Irm\u00e3o"},"image":{"@id":"https:\/\/staging.leitao-irmao.com\/#\/schema\/logo\/image\/"}}]}},"_links":{"self":[{"href":"https:\/\/staging.leitao-irmao.com\/en\/wp-json\/wp\/v2\/product\/7059","targetHints":{"allow":["GET"]}}],"collection":[{"href":"https:\/\/staging.leitao-irmao.com\/en\/wp-json\/wp\/v2\/product"}],"about":[{"href":"https:\/\/staging.leitao-irmao.com\/en\/wp-json\/wp\/v2\/types\/product"}],"version-history":[{"count":0,"href":"https:\/\/staging.leitao-irmao.com\/en\/wp-json\/wp\/v2\/product\/7059\/revisions"}],"wp:featuredmedia":[{"embeddable":true,"href":"https:\/\/staging.leitao-irmao.com\/en\/wp-json\/wp\/v2\/media\/7610"}],"wp:attachment":[{"href":"https:\/\/staging.leitao-irmao.com\/en\/wp-json\/wp\/v2\/media?parent=7059"}],"wp:term":[{"taxonomy":"product_brand","embeddable":true,"href":"https:\/\/staging.leitao-irmao.com\/en\/wp-json\/wp\/v2\/product_brand?post=7059"},{"taxonomy":"product_cat","embeddable":true,"href":"https:\/\/staging.leitao-irmao.com\/en\/wp-json\/wp\/v2\/product_cat?post=7059"},{"taxonomy":"product_tag","embeddable":true,"href":"https:\/\/staging.leitao-irmao.com\/en\/wp-json\/wp\/v2\/product_tag?post=7059"}],"curies":[{"name":"wp","href":"https:\/\/api.w.org\/{rel}","templated":true}]}}