{"id":7455,"date":"2023-06-05T22:45:32","date_gmt":"2023-06-05T22:45:32","guid":{"rendered":"https:\/\/leitao-irmao.ad-pulse.com\/produto\/pulseira-barbela-com-granitos-e-ouro-amarelo-filigrana\/"},"modified":"2025-03-17T09:27:26","modified_gmt":"2025-03-17T09:27:26","slug":"pulseira-barbela-com-granitos-e-ouro-amarelo-filigrana","status":"publish","type":"product","link":"https:\/\/staging.leitao-irmao.com\/en\/product\/pulseira-barbela-com-granitos-e-ouro-amarelo-filigrana\/","title":{"rendered":"Barbela bracelet with granites and yellow gold | Filigree"},"content":{"rendered":"","protected":false},"excerpt":{"rendered":"<p>O Barbela \u00e9 um dos diversos padr\u00f5es tradicionais da Filigrana.<\/p>\n<p>Caracter\u00edstico pelos fios aplicados com o efeito Barbela, a t\u00e9cnica d\u00e1 nome \u00e0 pr\u00f3pria pe\u00e7a. A mais bela e moderna filigrana portuguesa na qualidade Leit\u00e3o &amp; Irm\u00e3o.<\/p>","protected":false},"featured_media":8707,"template":"","meta":{"_acf_changed":false},"product_brand":[],"product_cat":[236,79,601,87],"product_tag":[278,271],"class_list":{"0":"post-7455","1":"product","2":"type-product","3":"status-publish","4":"has-post-thumbnail","6":"product_cat-filigrana","7":"product_cat-joalharia","8":"product_cat-pecas-de-fornecedor","9":"product_cat-pulseiras","10":"product_tag-mulher","11":"product_tag-ouro","13":"first","14":"outofstock","15":"shipping-taxable","16":"product-type-simple"},"acf":[],"yoast_head":"<!-- This site is optimized with the Yoast SEO plugin v25.4 - https:\/\/yoast.com\/wordpress\/plugins\/seo\/ -->\n<title>pulseira barbela em ouro de filigrana<\/title>\n<meta name=\"description\" content=\"Descubra a pulseira Barbela em ouro portugu\u00eas de 19,2 K da Leit\u00e3o &amp; Irm\u00e3o. Uma pe\u00e7a de design intemporal e adapt\u00e1vel a qualquer ocasi\u00e3o.\" \/>\n<meta name=\"robots\" content=\"noindex, follow, max-snippet:-1, max-image-preview:large, max-video-preview:-1\" \/>\n<meta property=\"og:locale\" content=\"en_GB\" \/>\n<meta property=\"og:type\" content=\"article\" \/>\n<meta property=\"og:title\" content=\"pulseira barbela em ouro de filigrana\" \/>\n<meta property=\"og:description\" content=\"Descubra a pulseira Barbela em ouro portugu\u00eas de 19,2 K da Leit\u00e3o &amp; Irm\u00e3o. Uma pe\u00e7a de design intemporal e adapt\u00e1vel a qualquer ocasi\u00e3o.\" \/>\n<meta property=\"og:url\" content=\"https:\/\/staging.leitao-irmao.com\/en\/product\/pulseira-barbela-com-granitos-e-ouro-amarelo-filigrana\/\" \/>\n<meta property=\"og:site_name\" content=\"Leit\u00e3o &amp; Irm\u00e3o\" \/>\n<meta property=\"article:modified_time\" content=\"2025-03-17T09:27:26+00:00\" \/>\n<meta property=\"og:image\" content=\"https:\/\/staging.leitao-irmao.com\/wp-content\/uploads\/2023\/06\/AUPL0094.jpg\" \/>\n\t<meta property=\"og:image:width\" content=\"1080\" \/>\n\t<meta property=\"og:image:height\" content=\"1080\" \/>\n\t<meta property=\"og:image:type\" content=\"image\/jpeg\" \/>\n<meta name=\"twitter:card\" content=\"summary_large_image\" \/>\n<meta name=\"twitter:label1\" content=\"Estimated reading time\" \/>\n\t<meta name=\"twitter:data1\" content=\"1 minute\" \/>\n<script type=\"application\/ld+json\" class=\"yoast-schema-graph\">{\"@context\":\"https:\/\/schema.org\",\"@graph\":[{\"@type\":\"WebPage\",\"@id\":\"https:\/\/staging.leitao-irmao.com\/product\/pulseira-barbela-com-granitos-e-ouro-amarelo-filigrana\/\",\"url\":\"https:\/\/staging.leitao-irmao.com\/product\/pulseira-barbela-com-granitos-e-ouro-amarelo-filigrana\/\",\"name\":\"pulseira barbela em ouro de filigrana\",\"isPartOf\":{\"@id\":\"https:\/\/staging.leitao-irmao.com\/#website\"},\"primaryImageOfPage\":{\"@id\":\"https:\/\/staging.leitao-irmao.com\/product\/pulseira-barbela-com-granitos-e-ouro-amarelo-filigrana\/#primaryimage\"},\"image\":{\"@id\":\"https:\/\/staging.leitao-irmao.com\/product\/pulseira-barbela-com-granitos-e-ouro-amarelo-filigrana\/#primaryimage\"},\"thumbnailUrl\":\"https:\/\/staging.leitao-irmao.com\/wp-content\/uploads\/2023\/06\/AUPL0094.jpg\",\"datePublished\":\"2023-06-05T22:45:32+00:00\",\"dateModified\":\"2025-03-17T09:27:26+00:00\",\"description\":\"Descubra a pulseira Barbela em ouro portugu\u00eas de 19,2 K da Leit\u00e3o & Irm\u00e3o. Uma pe\u00e7a de design intemporal e adapt\u00e1vel a qualquer ocasi\u00e3o.\",\"breadcrumb\":{\"@id\":\"https:\/\/staging.leitao-irmao.com\/product\/pulseira-barbela-com-granitos-e-ouro-amarelo-filigrana\/#breadcrumb\"},\"inLanguage\":\"en-GB\",\"potentialAction\":[{\"@type\":\"ReadAction\",\"target\":[\"https:\/\/staging.leitao-irmao.com\/product\/pulseira-barbela-com-granitos-e-ouro-amarelo-filigrana\/\"]}]},{\"@type\":\"ImageObject\",\"inLanguage\":\"en-GB\",\"@id\":\"https:\/\/staging.leitao-irmao.com\/product\/pulseira-barbela-com-granitos-e-ouro-amarelo-filigrana\/#primaryimage\",\"url\":\"https:\/\/staging.leitao-irmao.com\/wp-content\/uploads\/2023\/06\/AUPL0094.jpg\",\"contentUrl\":\"https:\/\/staging.leitao-irmao.com\/wp-content\/uploads\/2023\/06\/AUPL0094.jpg\",\"width\":1080,\"height\":1080,\"caption\":\"Pulseira Barbela com granitos e ouro amarelo | Filigrana\"},{\"@type\":\"BreadcrumbList\",\"@id\":\"https:\/\/staging.leitao-irmao.com\/product\/pulseira-barbela-com-granitos-e-ouro-amarelo-filigrana\/#breadcrumb\",\"itemListElement\":[{\"@type\":\"ListItem\",\"position\":1,\"name\":\"Home\",\"item\":\"https:\/\/staging.leitao-irmao.com\/\"},{\"@type\":\"ListItem\",\"position\":2,\"name\":\"Produtos\",\"item\":\"https:\/\/staging.leitao-irmao.com\/shop\/\"},{\"@type\":\"ListItem\",\"position\":3,\"name\":\"Pulseira Barbela com granitos e ouro amarelo | Filigrana\"}]},{\"@type\":\"WebSite\",\"@id\":\"https:\/\/staging.leitao-irmao.com\/#website\",\"url\":\"https:\/\/staging.leitao-irmao.com\/\",\"name\":\"Leit\u00e3o & Irm\u00e3o\",\"description\":\"Joalheiros desde 1822\",\"publisher\":{\"@id\":\"https:\/\/staging.leitao-irmao.com\/#organization\"},\"potentialAction\":[{\"@type\":\"SearchAction\",\"target\":{\"@type\":\"EntryPoint\",\"urlTemplate\":\"https:\/\/staging.leitao-irmao.com\/?s={search_term_string}\"},\"query-input\":{\"@type\":\"PropertyValueSpecification\",\"valueRequired\":true,\"valueName\":\"search_term_string\"}}],\"inLanguage\":\"en-GB\"},{\"@type\":\"Organization\",\"@id\":\"https:\/\/staging.leitao-irmao.com\/#organization\",\"name\":\"Leit\u00e3o & Irm\u00e3o\",\"url\":\"https:\/\/staging.leitao-irmao.com\/\",\"logo\":{\"@type\":\"ImageObject\",\"inLanguage\":\"en-GB\",\"@id\":\"https:\/\/staging.leitao-irmao.com\/#\/schema\/logo\/image\/\",\"url\":\"https:\/\/staging.leitao-irmao.com\/wp-content\/uploads\/2022\/11\/leitaoirmao-logo.png\",\"contentUrl\":\"https:\/\/staging.leitao-irmao.com\/wp-content\/uploads\/2022\/11\/leitaoirmao-logo.png\",\"width\":426,\"height\":89,\"caption\":\"Leit\u00e3o & Irm\u00e3o\"},\"image\":{\"@id\":\"https:\/\/staging.leitao-irmao.com\/#\/schema\/logo\/image\/\"}}]}<\/script>\n<!-- \/ Yoast SEO plugin. -->","yoast_head_json":{"title":"pulseira barbela em ouro de filigrana","description":"Descubra a pulseira Barbela em ouro portugu\u00eas de 19,2 K da Leit\u00e3o & Irm\u00e3o. Uma pe\u00e7a de design intemporal e adapt\u00e1vel a qualquer ocasi\u00e3o.","robots":{"index":"noindex","follow":"follow","max-snippet":"max-snippet:-1","max-image-preview":"max-image-preview:large","max-video-preview":"max-video-preview:-1"},"og_locale":"en_GB","og_type":"article","og_title":"pulseira barbela em ouro de filigrana","og_description":"Descubra a pulseira Barbela em ouro portugu\u00eas de 19,2 K da Leit\u00e3o & Irm\u00e3o. Uma pe\u00e7a de design intemporal e adapt\u00e1vel a qualquer ocasi\u00e3o.","og_url":"https:\/\/staging.leitao-irmao.com\/en\/product\/pulseira-barbela-com-granitos-e-ouro-amarelo-filigrana\/","og_site_name":"Leit\u00e3o &amp; Irm\u00e3o","article_modified_time":"2025-03-17T09:27:26+00:00","og_image":[{"width":1080,"height":1080,"url":"https:\/\/staging.leitao-irmao.com\/wp-content\/uploads\/2023\/06\/AUPL0094.jpg","type":"image\/jpeg"}],"twitter_card":"summary_large_image","twitter_misc":{"Estimated reading time":"1 minute"},"schema":{"@context":"https:\/\/schema.org","@graph":[{"@type":"WebPage","@id":"https:\/\/staging.leitao-irmao.com\/product\/pulseira-barbela-com-granitos-e-ouro-amarelo-filigrana\/","url":"https:\/\/staging.leitao-irmao.com\/product\/pulseira-barbela-com-granitos-e-ouro-amarelo-filigrana\/","name":"pulseira barbela em ouro de filigrana","isPartOf":{"@id":"https:\/\/staging.leitao-irmao.com\/#website"},"primaryImageOfPage":{"@id":"https:\/\/staging.leitao-irmao.com\/product\/pulseira-barbela-com-granitos-e-ouro-amarelo-filigrana\/#primaryimage"},"image":{"@id":"https:\/\/staging.leitao-irmao.com\/product\/pulseira-barbela-com-granitos-e-ouro-amarelo-filigrana\/#primaryimage"},"thumbnailUrl":"https:\/\/staging.leitao-irmao.com\/wp-content\/uploads\/2023\/06\/AUPL0094.jpg","datePublished":"2023-06-05T22:45:32+00:00","dateModified":"2025-03-17T09:27:26+00:00","description":"Descubra a pulseira Barbela em ouro portugu\u00eas de 19,2 K da Leit\u00e3o & Irm\u00e3o. Uma pe\u00e7a de design intemporal e adapt\u00e1vel a qualquer ocasi\u00e3o.","breadcrumb":{"@id":"https:\/\/staging.leitao-irmao.com\/product\/pulseira-barbela-com-granitos-e-ouro-amarelo-filigrana\/#breadcrumb"},"inLanguage":"en-GB","potentialAction":[{"@type":"ReadAction","target":["https:\/\/staging.leitao-irmao.com\/product\/pulseira-barbela-com-granitos-e-ouro-amarelo-filigrana\/"]}]},{"@type":"ImageObject","inLanguage":"en-GB","@id":"https:\/\/staging.leitao-irmao.com\/product\/pulseira-barbela-com-granitos-e-ouro-amarelo-filigrana\/#primaryimage","url":"https:\/\/staging.leitao-irmao.com\/wp-content\/uploads\/2023\/06\/AUPL0094.jpg","contentUrl":"https:\/\/staging.leitao-irmao.com\/wp-content\/uploads\/2023\/06\/AUPL0094.jpg","width":1080,"height":1080,"caption":"Pulseira Barbela com granitos e ouro amarelo | Filigrana"},{"@type":"BreadcrumbList","@id":"https:\/\/staging.leitao-irmao.com\/product\/pulseira-barbela-com-granitos-e-ouro-amarelo-filigrana\/#breadcrumb","itemListElement":[{"@type":"ListItem","position":1,"name":"Home","item":"https:\/\/staging.leitao-irmao.com\/"},{"@type":"ListItem","position":2,"name":"Produtos","item":"https:\/\/staging.leitao-irmao.com\/shop\/"},{"@type":"ListItem","position":3,"name":"Pulseira Barbela com granitos e ouro amarelo | Filigrana"}]},{"@type":"WebSite","@id":"https:\/\/staging.leitao-irmao.com\/#website","url":"https:\/\/staging.leitao-irmao.com\/","name":"Leit\u00e3o & Irm\u00e3o","description":"Joalheiros desde 1822","publisher":{"@id":"https:\/\/staging.leitao-irmao.com\/#organization"},"potentialAction":[{"@type":"SearchAction","target":{"@type":"EntryPoint","urlTemplate":"https:\/\/staging.leitao-irmao.com\/?s={search_term_string}"},"query-input":{"@type":"PropertyValueSpecification","valueRequired":true,"valueName":"search_term_string"}}],"inLanguage":"en-GB"},{"@type":"Organization","@id":"https:\/\/staging.leitao-irmao.com\/#organization","name":"Leit\u00e3o & Irm\u00e3o","url":"https:\/\/staging.leitao-irmao.com\/","logo":{"@type":"ImageObject","inLanguage":"en-GB","@id":"https:\/\/staging.leitao-irmao.com\/#\/schema\/logo\/image\/","url":"https:\/\/staging.leitao-irmao.com\/wp-content\/uploads\/2022\/11\/leitaoirmao-logo.png","contentUrl":"https:\/\/staging.leitao-irmao.com\/wp-content\/uploads\/2022\/11\/leitaoirmao-logo.png","width":426,"height":89,"caption":"Leit\u00e3o & Irm\u00e3o"},"image":{"@id":"https:\/\/staging.leitao-irmao.com\/#\/schema\/logo\/image\/"}}]}},"_links":{"self":[{"href":"https:\/\/staging.leitao-irmao.com\/en\/wp-json\/wp\/v2\/product\/7455","targetHints":{"allow":["GET"]}}],"collection":[{"href":"https:\/\/staging.leitao-irmao.com\/en\/wp-json\/wp\/v2\/product"}],"about":[{"href":"https:\/\/staging.leitao-irmao.com\/en\/wp-json\/wp\/v2\/types\/product"}],"version-history":[{"count":0,"href":"https:\/\/staging.leitao-irmao.com\/en\/wp-json\/wp\/v2\/product\/7455\/revisions"}],"wp:featuredmedia":[{"embeddable":true,"href":"https:\/\/staging.leitao-irmao.com\/en\/wp-json\/wp\/v2\/media\/8707"}],"wp:attachment":[{"href":"https:\/\/staging.leitao-irmao.com\/en\/wp-json\/wp\/v2\/media?parent=7455"}],"wp:term":[{"taxonomy":"product_brand","embeddable":true,"href":"https:\/\/staging.leitao-irmao.com\/en\/wp-json\/wp\/v2\/product_brand?post=7455"},{"taxonomy":"product_cat","embeddable":true,"href":"https:\/\/staging.leitao-irmao.com\/en\/wp-json\/wp\/v2\/product_cat?post=7455"},{"taxonomy":"product_tag","embeddable":true,"href":"https:\/\/staging.leitao-irmao.com\/en\/wp-json\/wp\/v2\/product_tag?post=7455"}],"curies":[{"name":"wp","href":"https:\/\/api.w.org\/{rel}","templated":true}]}}