{"id":9250,"date":"2023-06-12T06:25:06","date_gmt":"2023-06-12T06:25:06","guid":{"rendered":"https:\/\/leitao-irmao.ad-pulse.com\/?post_type=product&#038;p=9250"},"modified":"2024-04-16T13:53:34","modified_gmt":"2024-04-16T13:53:34","slug":"anel-cornucopia-em-ouro-amarelo-e-diamantes-promessa-de-amor","status":"publish","type":"product","link":"https:\/\/staging.leitao-irmao.com\/en\/product\/anel-cornucopia-em-ouro-amarelo-e-diamantes-promessa-de-amor\/","title":{"rendered":"Cornucopia ring in yellow gold and diamonds | Promise of Love"},"content":{"rendered":"","protected":false},"excerpt":{"rendered":"<p>96 diamonds inspire this edition of the Promessa de Amor collection. Filled with diamonds, it recalls the brilliance of the stained glass windows of the Monastery that inspires the collection. The statement size ring, with a modern and elegant design, carefully cut by hand in the Leit\u00e3o &amp; Irm\u00e3o workshops. A unique design piece for an elegant woman who is not afraid to be bold.<\/p>","protected":false},"featured_media":9357,"template":"","meta":{"_acf_changed":false},"product_brand":[],"product_cat":[82,79,141,126,221,496],"product_tag":[275,278,271],"class_list":{"0":"post-9250","1":"product","2":"type-product","3":"status-publish","4":"has-post-thumbnail","6":"product_cat-aneis","7":"product_cat-joalharia","8":"product_cat-para-ela","9":"product_cat-presentes-entre-2500e-a-5000e","10":"product_cat-promessa-de-amor","11":"product_cat-sem-desconto","12":"product_tag-diamantes","13":"product_tag-mulher","14":"product_tag-ouro","16":"first","17":"instock","18":"shipping-taxable","19":"purchasable","20":"product-type-variable"},"acf":[],"yoast_head":"<!-- This site is optimized with the Yoast SEO plugin v25.4 - https:\/\/yoast.com\/wordpress\/plugins\/seo\/ -->\n<title>Anel cornuc\u00f3pia em ouro e diamantes<\/title>\n<meta name=\"robots\" content=\"noindex, follow, max-snippet:-1, max-image-preview:large, max-video-preview:-1\" \/>\n<meta property=\"og:locale\" content=\"en_GB\" \/>\n<meta property=\"og:type\" content=\"article\" \/>\n<meta property=\"og:title\" content=\"Anel cornuc\u00f3pia em ouro e diamantes\" \/>\n<meta property=\"og:description\" content=\"96 diamantes inspiram esta edi\u00e7\u00e3o da cole\u00e7\u00e3o Promessa de Amor. Repleta de diamantes, recorda o brilho dos vitrais do Mosteiro que inspira a cole\u00e7\u00e3o. O anel de dimens\u00e3o statement, com um desenho moderno e elegante, cuidadosamente recortado manualmente nas oficinas Leit\u00e3o &amp; Irm\u00e3o. Uma pe\u00e7a de design \u00fanico para uma mulher elegante que n\u00e3o tem medo de arrojar.\" \/>\n<meta property=\"og:url\" content=\"https:\/\/staging.leitao-irmao.com\/en\/product\/anel-cornucopia-em-ouro-amarelo-e-diamantes-promessa-de-amor\/\" \/>\n<meta property=\"og:site_name\" content=\"Leit\u00e3o &amp; Irm\u00e3o\" \/>\n<meta property=\"article:modified_time\" content=\"2024-04-16T13:53:34+00:00\" \/>\n<meta property=\"og:image\" content=\"https:\/\/staging.leitao-irmao.com\/wp-content\/uploads\/2023\/06\/0206702-v.jpg\" \/>\n\t<meta property=\"og:image:width\" content=\"1080\" \/>\n\t<meta property=\"og:image:height\" content=\"1080\" \/>\n\t<meta property=\"og:image:type\" content=\"image\/jpeg\" \/>\n<meta name=\"twitter:card\" content=\"summary_large_image\" \/>\n<meta name=\"twitter:label1\" content=\"Estimated reading time\" \/>\n\t<meta name=\"twitter:data1\" content=\"1 minute\" \/>\n<script type=\"application\/ld+json\" class=\"yoast-schema-graph\">{\"@context\":\"https:\/\/schema.org\",\"@graph\":[{\"@type\":\"WebPage\",\"@id\":\"https:\/\/staging.leitao-irmao.com\/product\/anel-cornucopia-em-ouro-amarelo-e-diamantes-promessa-de-amor\/\",\"url\":\"https:\/\/staging.leitao-irmao.com\/product\/anel-cornucopia-em-ouro-amarelo-e-diamantes-promessa-de-amor\/\",\"name\":\"Anel cornuc\u00f3pia em ouro e diamantes\",\"isPartOf\":{\"@id\":\"https:\/\/staging.leitao-irmao.com\/#website\"},\"primaryImageOfPage\":{\"@id\":\"https:\/\/staging.leitao-irmao.com\/product\/anel-cornucopia-em-ouro-amarelo-e-diamantes-promessa-de-amor\/#primaryimage\"},\"image\":{\"@id\":\"https:\/\/staging.leitao-irmao.com\/product\/anel-cornucopia-em-ouro-amarelo-e-diamantes-promessa-de-amor\/#primaryimage\"},\"thumbnailUrl\":\"https:\/\/staging.leitao-irmao.com\/wp-content\/uploads\/2023\/06\/0206702-v.jpg\",\"datePublished\":\"2023-06-12T06:25:06+00:00\",\"dateModified\":\"2024-04-16T13:53:34+00:00\",\"breadcrumb\":{\"@id\":\"https:\/\/staging.leitao-irmao.com\/product\/anel-cornucopia-em-ouro-amarelo-e-diamantes-promessa-de-amor\/#breadcrumb\"},\"inLanguage\":\"en-GB\",\"potentialAction\":[{\"@type\":\"ReadAction\",\"target\":[\"https:\/\/staging.leitao-irmao.com\/product\/anel-cornucopia-em-ouro-amarelo-e-diamantes-promessa-de-amor\/\"]}]},{\"@type\":\"ImageObject\",\"inLanguage\":\"en-GB\",\"@id\":\"https:\/\/staging.leitao-irmao.com\/product\/anel-cornucopia-em-ouro-amarelo-e-diamantes-promessa-de-amor\/#primaryimage\",\"url\":\"https:\/\/staging.leitao-irmao.com\/wp-content\/uploads\/2023\/06\/0206702-v.jpg\",\"contentUrl\":\"https:\/\/staging.leitao-irmao.com\/wp-content\/uploads\/2023\/06\/0206702-v.jpg\",\"width\":1080,\"height\":1080},{\"@type\":\"BreadcrumbList\",\"@id\":\"https:\/\/staging.leitao-irmao.com\/product\/anel-cornucopia-em-ouro-amarelo-e-diamantes-promessa-de-amor\/#breadcrumb\",\"itemListElement\":[{\"@type\":\"ListItem\",\"position\":1,\"name\":\"Home\",\"item\":\"https:\/\/staging.leitao-irmao.com\/\"},{\"@type\":\"ListItem\",\"position\":2,\"name\":\"Produtos\",\"item\":\"https:\/\/staging.leitao-irmao.com\/shop\/\"},{\"@type\":\"ListItem\",\"position\":3,\"name\":\"Anel cornuc\u00f3pia em ouro amarelo e diamantes | Promessa de Amor\"}]},{\"@type\":\"WebSite\",\"@id\":\"https:\/\/staging.leitao-irmao.com\/#website\",\"url\":\"https:\/\/staging.leitao-irmao.com\/\",\"name\":\"Leit\u00e3o & Irm\u00e3o\",\"description\":\"Joalheiros desde 1822\",\"publisher\":{\"@id\":\"https:\/\/staging.leitao-irmao.com\/#organization\"},\"potentialAction\":[{\"@type\":\"SearchAction\",\"target\":{\"@type\":\"EntryPoint\",\"urlTemplate\":\"https:\/\/staging.leitao-irmao.com\/?s={search_term_string}\"},\"query-input\":{\"@type\":\"PropertyValueSpecification\",\"valueRequired\":true,\"valueName\":\"search_term_string\"}}],\"inLanguage\":\"en-GB\"},{\"@type\":\"Organization\",\"@id\":\"https:\/\/staging.leitao-irmao.com\/#organization\",\"name\":\"Leit\u00e3o & Irm\u00e3o\",\"url\":\"https:\/\/staging.leitao-irmao.com\/\",\"logo\":{\"@type\":\"ImageObject\",\"inLanguage\":\"en-GB\",\"@id\":\"https:\/\/staging.leitao-irmao.com\/#\/schema\/logo\/image\/\",\"url\":\"https:\/\/staging.leitao-irmao.com\/wp-content\/uploads\/2022\/11\/leitaoirmao-logo.png\",\"contentUrl\":\"https:\/\/staging.leitao-irmao.com\/wp-content\/uploads\/2022\/11\/leitaoirmao-logo.png\",\"width\":426,\"height\":89,\"caption\":\"Leit\u00e3o & Irm\u00e3o\"},\"image\":{\"@id\":\"https:\/\/staging.leitao-irmao.com\/#\/schema\/logo\/image\/\"}}]}<\/script>\n<!-- \/ Yoast SEO plugin. -->","yoast_head_json":{"title":"Anel cornuc\u00f3pia em ouro e diamantes","robots":{"index":"noindex","follow":"follow","max-snippet":"max-snippet:-1","max-image-preview":"max-image-preview:large","max-video-preview":"max-video-preview:-1"},"og_locale":"en_GB","og_type":"article","og_title":"Anel cornuc\u00f3pia em ouro e diamantes","og_description":"96 diamantes inspiram esta edi\u00e7\u00e3o da cole\u00e7\u00e3o Promessa de Amor. Repleta de diamantes, recorda o brilho dos vitrais do Mosteiro que inspira a cole\u00e7\u00e3o. O anel de dimens\u00e3o statement, com um desenho moderno e elegante, cuidadosamente recortado manualmente nas oficinas Leit\u00e3o &amp; Irm\u00e3o. Uma pe\u00e7a de design \u00fanico para uma mulher elegante que n\u00e3o tem medo de arrojar.","og_url":"https:\/\/staging.leitao-irmao.com\/en\/product\/anel-cornucopia-em-ouro-amarelo-e-diamantes-promessa-de-amor\/","og_site_name":"Leit\u00e3o &amp; Irm\u00e3o","article_modified_time":"2024-04-16T13:53:34+00:00","og_image":[{"width":1080,"height":1080,"url":"https:\/\/staging.leitao-irmao.com\/wp-content\/uploads\/2023\/06\/0206702-v.jpg","type":"image\/jpeg"}],"twitter_card":"summary_large_image","twitter_misc":{"Estimated reading time":"1 minute"},"schema":{"@context":"https:\/\/schema.org","@graph":[{"@type":"WebPage","@id":"https:\/\/staging.leitao-irmao.com\/product\/anel-cornucopia-em-ouro-amarelo-e-diamantes-promessa-de-amor\/","url":"https:\/\/staging.leitao-irmao.com\/product\/anel-cornucopia-em-ouro-amarelo-e-diamantes-promessa-de-amor\/","name":"Anel cornuc\u00f3pia em ouro e diamantes","isPartOf":{"@id":"https:\/\/staging.leitao-irmao.com\/#website"},"primaryImageOfPage":{"@id":"https:\/\/staging.leitao-irmao.com\/product\/anel-cornucopia-em-ouro-amarelo-e-diamantes-promessa-de-amor\/#primaryimage"},"image":{"@id":"https:\/\/staging.leitao-irmao.com\/product\/anel-cornucopia-em-ouro-amarelo-e-diamantes-promessa-de-amor\/#primaryimage"},"thumbnailUrl":"https:\/\/staging.leitao-irmao.com\/wp-content\/uploads\/2023\/06\/0206702-v.jpg","datePublished":"2023-06-12T06:25:06+00:00","dateModified":"2024-04-16T13:53:34+00:00","breadcrumb":{"@id":"https:\/\/staging.leitao-irmao.com\/product\/anel-cornucopia-em-ouro-amarelo-e-diamantes-promessa-de-amor\/#breadcrumb"},"inLanguage":"en-GB","potentialAction":[{"@type":"ReadAction","target":["https:\/\/staging.leitao-irmao.com\/product\/anel-cornucopia-em-ouro-amarelo-e-diamantes-promessa-de-amor\/"]}]},{"@type":"ImageObject","inLanguage":"en-GB","@id":"https:\/\/staging.leitao-irmao.com\/product\/anel-cornucopia-em-ouro-amarelo-e-diamantes-promessa-de-amor\/#primaryimage","url":"https:\/\/staging.leitao-irmao.com\/wp-content\/uploads\/2023\/06\/0206702-v.jpg","contentUrl":"https:\/\/staging.leitao-irmao.com\/wp-content\/uploads\/2023\/06\/0206702-v.jpg","width":1080,"height":1080},{"@type":"BreadcrumbList","@id":"https:\/\/staging.leitao-irmao.com\/product\/anel-cornucopia-em-ouro-amarelo-e-diamantes-promessa-de-amor\/#breadcrumb","itemListElement":[{"@type":"ListItem","position":1,"name":"Home","item":"https:\/\/staging.leitao-irmao.com\/"},{"@type":"ListItem","position":2,"name":"Produtos","item":"https:\/\/staging.leitao-irmao.com\/shop\/"},{"@type":"ListItem","position":3,"name":"Anel cornuc\u00f3pia em ouro amarelo e diamantes | Promessa de Amor"}]},{"@type":"WebSite","@id":"https:\/\/staging.leitao-irmao.com\/#website","url":"https:\/\/staging.leitao-irmao.com\/","name":"Leit\u00e3o & Irm\u00e3o","description":"Joalheiros desde 1822","publisher":{"@id":"https:\/\/staging.leitao-irmao.com\/#organization"},"potentialAction":[{"@type":"SearchAction","target":{"@type":"EntryPoint","urlTemplate":"https:\/\/staging.leitao-irmao.com\/?s={search_term_string}"},"query-input":{"@type":"PropertyValueSpecification","valueRequired":true,"valueName":"search_term_string"}}],"inLanguage":"en-GB"},{"@type":"Organization","@id":"https:\/\/staging.leitao-irmao.com\/#organization","name":"Leit\u00e3o & Irm\u00e3o","url":"https:\/\/staging.leitao-irmao.com\/","logo":{"@type":"ImageObject","inLanguage":"en-GB","@id":"https:\/\/staging.leitao-irmao.com\/#\/schema\/logo\/image\/","url":"https:\/\/staging.leitao-irmao.com\/wp-content\/uploads\/2022\/11\/leitaoirmao-logo.png","contentUrl":"https:\/\/staging.leitao-irmao.com\/wp-content\/uploads\/2022\/11\/leitaoirmao-logo.png","width":426,"height":89,"caption":"Leit\u00e3o & Irm\u00e3o"},"image":{"@id":"https:\/\/staging.leitao-irmao.com\/#\/schema\/logo\/image\/"}}]}},"_links":{"self":[{"href":"https:\/\/staging.leitao-irmao.com\/en\/wp-json\/wp\/v2\/product\/9250","targetHints":{"allow":["GET"]}}],"collection":[{"href":"https:\/\/staging.leitao-irmao.com\/en\/wp-json\/wp\/v2\/product"}],"about":[{"href":"https:\/\/staging.leitao-irmao.com\/en\/wp-json\/wp\/v2\/types\/product"}],"version-history":[{"count":0,"href":"https:\/\/staging.leitao-irmao.com\/en\/wp-json\/wp\/v2\/product\/9250\/revisions"}],"wp:featuredmedia":[{"embeddable":true,"href":"https:\/\/staging.leitao-irmao.com\/en\/wp-json\/wp\/v2\/media\/9357"}],"wp:attachment":[{"href":"https:\/\/staging.leitao-irmao.com\/en\/wp-json\/wp\/v2\/media?parent=9250"}],"wp:term":[{"taxonomy":"product_brand","embeddable":true,"href":"https:\/\/staging.leitao-irmao.com\/en\/wp-json\/wp\/v2\/product_brand?post=9250"},{"taxonomy":"product_cat","embeddable":true,"href":"https:\/\/staging.leitao-irmao.com\/en\/wp-json\/wp\/v2\/product_cat?post=9250"},{"taxonomy":"product_tag","embeddable":true,"href":"https:\/\/staging.leitao-irmao.com\/en\/wp-json\/wp\/v2\/product_tag?post=9250"}],"curies":[{"name":"wp","href":"https:\/\/api.w.org\/{rel}","templated":true}]}}