{"id":9253,"date":"2023-06-12T06:25:07","date_gmt":"2023-06-12T06:25:07","guid":{"rendered":"https:\/\/leitao-irmao.ad-pulse.com\/produto\/pulseira-em-ouro-amarelo-e-fio-em-seda-promessa-de-amor\/"},"modified":"2025-05-29T09:29:57","modified_gmt":"2025-05-29T08:29:57","slug":"pulseira-em-ouro-amarelo-e-fio-em-seda-promessa-de-amor","status":"publish","type":"product","link":"https:\/\/staging.leitao-irmao.com\/en\/product\/pulseira-em-ouro-amarelo-e-fio-em-seda-promessa-de-amor\/","title":{"rendered":"Yellow gold and silk thread bracelet | Promise of Love"},"content":{"rendered":"","protected":false},"excerpt":{"rendered":"<p>The chiselled stone that supports the stained glass windows of the Monastery of Batalha is the basis of the design of the Promessa de Amor collection. The bracelet with the motif of the collection carefully cut by hand in the Leit\u00e3o &amp; Irm\u00e3o workshops, applied on a silk thread with gold termination. A modern jewel suitable for a woman of classic and timeless elegance, which can be worn on a daily basis.<\/p>","protected":false},"featured_media":9341,"template":"","meta":{"_acf_changed":false},"product_brand":[],"product_cat":[79,221,87],"product_tag":[278,271],"class_list":{"0":"post-9253","1":"product","2":"type-product","3":"status-publish","4":"has-post-thumbnail","6":"product_cat-joalharia","7":"product_cat-promessa-de-amor","8":"product_cat-pulseiras","9":"product_tag-mulher","10":"product_tag-ouro","12":"first","13":"outofstock","14":"shipping-taxable","15":"product-type-simple"},"acf":[],"yoast_head":"<!-- This site is optimized with the Yoast SEO plugin v25.4 - https:\/\/yoast.com\/wordpress\/plugins\/seo\/ -->\n<title>pulseira em ouro amarelo e fio em seda<\/title>\n<meta name=\"robots\" content=\"noindex, follow, max-snippet:-1, max-image-preview:large, max-video-preview:-1\" \/>\n<meta property=\"og:locale\" content=\"en_GB\" \/>\n<meta property=\"og:type\" content=\"article\" \/>\n<meta property=\"og:title\" content=\"pulseira em ouro amarelo e fio em seda\" \/>\n<meta property=\"og:description\" content=\"A pedra cinzelada que sustenta os vitrais do Mosteiro da Batalha \u00e9 a base do desenho da cole\u00e7\u00e3o Promessa de Amor. A pulseira com o motivo da cole\u00e7\u00e3o cuidadosamente recortado manualmente nas oficinas Leit\u00e3o &amp; Irm\u00e3o, aplicado num fio de seda com termina\u00e7\u00e3o em ouro. Uma joia moderna adequada para uma mulher de uma eleg\u00e2ncia cl\u00e1ssica e intemporal, que pode ser utilizada no dia-a-dia.\" \/>\n<meta property=\"og:url\" content=\"https:\/\/staging.leitao-irmao.com\/en\/product\/pulseira-em-ouro-amarelo-e-fio-em-seda-promessa-de-amor\/\" \/>\n<meta property=\"og:site_name\" content=\"Leit\u00e3o &amp; Irm\u00e3o\" \/>\n<meta property=\"article:modified_time\" content=\"2025-05-29T08:29:57+00:00\" \/>\n<meta property=\"og:image\" content=\"https:\/\/staging.leitao-irmao.com\/wp-content\/uploads\/2023\/06\/0206483.jpg\" \/>\n\t<meta property=\"og:image:width\" content=\"721\" \/>\n\t<meta property=\"og:image:height\" content=\"721\" \/>\n\t<meta property=\"og:image:type\" content=\"image\/jpeg\" \/>\n<meta name=\"twitter:card\" content=\"summary_large_image\" \/>\n<script type=\"application\/ld+json\" class=\"yoast-schema-graph\">{\"@context\":\"https:\/\/schema.org\",\"@graph\":[{\"@type\":\"WebPage\",\"@id\":\"https:\/\/staging.leitao-irmao.com\/product\/pulseira-em-ouro-amarelo-e-fio-em-seda-promessa-de-amor\/\",\"url\":\"https:\/\/staging.leitao-irmao.com\/product\/pulseira-em-ouro-amarelo-e-fio-em-seda-promessa-de-amor\/\",\"name\":\"pulseira em ouro amarelo e fio em seda\",\"isPartOf\":{\"@id\":\"https:\/\/staging.leitao-irmao.com\/#website\"},\"primaryImageOfPage\":{\"@id\":\"https:\/\/staging.leitao-irmao.com\/product\/pulseira-em-ouro-amarelo-e-fio-em-seda-promessa-de-amor\/#primaryimage\"},\"image\":{\"@id\":\"https:\/\/staging.leitao-irmao.com\/product\/pulseira-em-ouro-amarelo-e-fio-em-seda-promessa-de-amor\/#primaryimage\"},\"thumbnailUrl\":\"https:\/\/staging.leitao-irmao.com\/wp-content\/uploads\/2023\/06\/0206483.jpg\",\"datePublished\":\"2023-06-12T06:25:07+00:00\",\"dateModified\":\"2025-05-29T08:29:57+00:00\",\"breadcrumb\":{\"@id\":\"https:\/\/staging.leitao-irmao.com\/product\/pulseira-em-ouro-amarelo-e-fio-em-seda-promessa-de-amor\/#breadcrumb\"},\"inLanguage\":\"en-GB\",\"potentialAction\":[{\"@type\":\"ReadAction\",\"target\":[\"https:\/\/staging.leitao-irmao.com\/product\/pulseira-em-ouro-amarelo-e-fio-em-seda-promessa-de-amor\/\"]}]},{\"@type\":\"ImageObject\",\"inLanguage\":\"en-GB\",\"@id\":\"https:\/\/staging.leitao-irmao.com\/product\/pulseira-em-ouro-amarelo-e-fio-em-seda-promessa-de-amor\/#primaryimage\",\"url\":\"https:\/\/staging.leitao-irmao.com\/wp-content\/uploads\/2023\/06\/0206483.jpg\",\"contentUrl\":\"https:\/\/staging.leitao-irmao.com\/wp-content\/uploads\/2023\/06\/0206483.jpg\",\"width\":721,\"height\":721},{\"@type\":\"BreadcrumbList\",\"@id\":\"https:\/\/staging.leitao-irmao.com\/product\/pulseira-em-ouro-amarelo-e-fio-em-seda-promessa-de-amor\/#breadcrumb\",\"itemListElement\":[{\"@type\":\"ListItem\",\"position\":1,\"name\":\"Home\",\"item\":\"https:\/\/staging.leitao-irmao.com\/\"},{\"@type\":\"ListItem\",\"position\":2,\"name\":\"Produtos\",\"item\":\"https:\/\/staging.leitao-irmao.com\/shop\/\"},{\"@type\":\"ListItem\",\"position\":3,\"name\":\"Pulseira em ouro amarelo e fio em seda | Promessa de Amor\"}]},{\"@type\":\"WebSite\",\"@id\":\"https:\/\/staging.leitao-irmao.com\/#website\",\"url\":\"https:\/\/staging.leitao-irmao.com\/\",\"name\":\"Leit\u00e3o & Irm\u00e3o\",\"description\":\"Joalheiros desde 1822\",\"publisher\":{\"@id\":\"https:\/\/staging.leitao-irmao.com\/#organization\"},\"potentialAction\":[{\"@type\":\"SearchAction\",\"target\":{\"@type\":\"EntryPoint\",\"urlTemplate\":\"https:\/\/staging.leitao-irmao.com\/?s={search_term_string}\"},\"query-input\":{\"@type\":\"PropertyValueSpecification\",\"valueRequired\":true,\"valueName\":\"search_term_string\"}}],\"inLanguage\":\"en-GB\"},{\"@type\":\"Organization\",\"@id\":\"https:\/\/staging.leitao-irmao.com\/#organization\",\"name\":\"Leit\u00e3o & Irm\u00e3o\",\"url\":\"https:\/\/staging.leitao-irmao.com\/\",\"logo\":{\"@type\":\"ImageObject\",\"inLanguage\":\"en-GB\",\"@id\":\"https:\/\/staging.leitao-irmao.com\/#\/schema\/logo\/image\/\",\"url\":\"https:\/\/staging.leitao-irmao.com\/wp-content\/uploads\/2022\/11\/leitaoirmao-logo.png\",\"contentUrl\":\"https:\/\/staging.leitao-irmao.com\/wp-content\/uploads\/2022\/11\/leitaoirmao-logo.png\",\"width\":426,\"height\":89,\"caption\":\"Leit\u00e3o & Irm\u00e3o\"},\"image\":{\"@id\":\"https:\/\/staging.leitao-irmao.com\/#\/schema\/logo\/image\/\"}}]}<\/script>\n<!-- \/ Yoast SEO plugin. -->","yoast_head_json":{"title":"pulseira em ouro amarelo e fio em seda","robots":{"index":"noindex","follow":"follow","max-snippet":"max-snippet:-1","max-image-preview":"max-image-preview:large","max-video-preview":"max-video-preview:-1"},"og_locale":"en_GB","og_type":"article","og_title":"pulseira em ouro amarelo e fio em seda","og_description":"A pedra cinzelada que sustenta os vitrais do Mosteiro da Batalha \u00e9 a base do desenho da cole\u00e7\u00e3o Promessa de Amor. A pulseira com o motivo da cole\u00e7\u00e3o cuidadosamente recortado manualmente nas oficinas Leit\u00e3o &amp; Irm\u00e3o, aplicado num fio de seda com termina\u00e7\u00e3o em ouro. Uma joia moderna adequada para uma mulher de uma eleg\u00e2ncia cl\u00e1ssica e intemporal, que pode ser utilizada no dia-a-dia.","og_url":"https:\/\/staging.leitao-irmao.com\/en\/product\/pulseira-em-ouro-amarelo-e-fio-em-seda-promessa-de-amor\/","og_site_name":"Leit\u00e3o &amp; Irm\u00e3o","article_modified_time":"2025-05-29T08:29:57+00:00","og_image":[{"width":721,"height":721,"url":"https:\/\/staging.leitao-irmao.com\/wp-content\/uploads\/2023\/06\/0206483.jpg","type":"image\/jpeg"}],"twitter_card":"summary_large_image","schema":{"@context":"https:\/\/schema.org","@graph":[{"@type":"WebPage","@id":"https:\/\/staging.leitao-irmao.com\/product\/pulseira-em-ouro-amarelo-e-fio-em-seda-promessa-de-amor\/","url":"https:\/\/staging.leitao-irmao.com\/product\/pulseira-em-ouro-amarelo-e-fio-em-seda-promessa-de-amor\/","name":"pulseira em ouro amarelo e fio em seda","isPartOf":{"@id":"https:\/\/staging.leitao-irmao.com\/#website"},"primaryImageOfPage":{"@id":"https:\/\/staging.leitao-irmao.com\/product\/pulseira-em-ouro-amarelo-e-fio-em-seda-promessa-de-amor\/#primaryimage"},"image":{"@id":"https:\/\/staging.leitao-irmao.com\/product\/pulseira-em-ouro-amarelo-e-fio-em-seda-promessa-de-amor\/#primaryimage"},"thumbnailUrl":"https:\/\/staging.leitao-irmao.com\/wp-content\/uploads\/2023\/06\/0206483.jpg","datePublished":"2023-06-12T06:25:07+00:00","dateModified":"2025-05-29T08:29:57+00:00","breadcrumb":{"@id":"https:\/\/staging.leitao-irmao.com\/product\/pulseira-em-ouro-amarelo-e-fio-em-seda-promessa-de-amor\/#breadcrumb"},"inLanguage":"en-GB","potentialAction":[{"@type":"ReadAction","target":["https:\/\/staging.leitao-irmao.com\/product\/pulseira-em-ouro-amarelo-e-fio-em-seda-promessa-de-amor\/"]}]},{"@type":"ImageObject","inLanguage":"en-GB","@id":"https:\/\/staging.leitao-irmao.com\/product\/pulseira-em-ouro-amarelo-e-fio-em-seda-promessa-de-amor\/#primaryimage","url":"https:\/\/staging.leitao-irmao.com\/wp-content\/uploads\/2023\/06\/0206483.jpg","contentUrl":"https:\/\/staging.leitao-irmao.com\/wp-content\/uploads\/2023\/06\/0206483.jpg","width":721,"height":721},{"@type":"BreadcrumbList","@id":"https:\/\/staging.leitao-irmao.com\/product\/pulseira-em-ouro-amarelo-e-fio-em-seda-promessa-de-amor\/#breadcrumb","itemListElement":[{"@type":"ListItem","position":1,"name":"Home","item":"https:\/\/staging.leitao-irmao.com\/"},{"@type":"ListItem","position":2,"name":"Produtos","item":"https:\/\/staging.leitao-irmao.com\/shop\/"},{"@type":"ListItem","position":3,"name":"Pulseira em ouro amarelo e fio em seda | Promessa de Amor"}]},{"@type":"WebSite","@id":"https:\/\/staging.leitao-irmao.com\/#website","url":"https:\/\/staging.leitao-irmao.com\/","name":"Leit\u00e3o & Irm\u00e3o","description":"Joalheiros desde 1822","publisher":{"@id":"https:\/\/staging.leitao-irmao.com\/#organization"},"potentialAction":[{"@type":"SearchAction","target":{"@type":"EntryPoint","urlTemplate":"https:\/\/staging.leitao-irmao.com\/?s={search_term_string}"},"query-input":{"@type":"PropertyValueSpecification","valueRequired":true,"valueName":"search_term_string"}}],"inLanguage":"en-GB"},{"@type":"Organization","@id":"https:\/\/staging.leitao-irmao.com\/#organization","name":"Leit\u00e3o & Irm\u00e3o","url":"https:\/\/staging.leitao-irmao.com\/","logo":{"@type":"ImageObject","inLanguage":"en-GB","@id":"https:\/\/staging.leitao-irmao.com\/#\/schema\/logo\/image\/","url":"https:\/\/staging.leitao-irmao.com\/wp-content\/uploads\/2022\/11\/leitaoirmao-logo.png","contentUrl":"https:\/\/staging.leitao-irmao.com\/wp-content\/uploads\/2022\/11\/leitaoirmao-logo.png","width":426,"height":89,"caption":"Leit\u00e3o & Irm\u00e3o"},"image":{"@id":"https:\/\/staging.leitao-irmao.com\/#\/schema\/logo\/image\/"}}]}},"_links":{"self":[{"href":"https:\/\/staging.leitao-irmao.com\/en\/wp-json\/wp\/v2\/product\/9253","targetHints":{"allow":["GET"]}}],"collection":[{"href":"https:\/\/staging.leitao-irmao.com\/en\/wp-json\/wp\/v2\/product"}],"about":[{"href":"https:\/\/staging.leitao-irmao.com\/en\/wp-json\/wp\/v2\/types\/product"}],"version-history":[{"count":0,"href":"https:\/\/staging.leitao-irmao.com\/en\/wp-json\/wp\/v2\/product\/9253\/revisions"}],"wp:featuredmedia":[{"embeddable":true,"href":"https:\/\/staging.leitao-irmao.com\/en\/wp-json\/wp\/v2\/media\/9341"}],"wp:attachment":[{"href":"https:\/\/staging.leitao-irmao.com\/en\/wp-json\/wp\/v2\/media?parent=9253"}],"wp:term":[{"taxonomy":"product_brand","embeddable":true,"href":"https:\/\/staging.leitao-irmao.com\/en\/wp-json\/wp\/v2\/product_brand?post=9253"},{"taxonomy":"product_cat","embeddable":true,"href":"https:\/\/staging.leitao-irmao.com\/en\/wp-json\/wp\/v2\/product_cat?post=9253"},{"taxonomy":"product_tag","embeddable":true,"href":"https:\/\/staging.leitao-irmao.com\/en\/wp-json\/wp\/v2\/product_tag?post=9253"}],"curies":[{"name":"wp","href":"https:\/\/api.w.org\/{rel}","templated":true}]}}