{"id":9255,"date":"2023-06-12T06:25:07","date_gmt":"2023-06-12T06:25:07","guid":{"rendered":"https:\/\/leitao-irmao.ad-pulse.com\/produto\/medalhao-em-ouro-amarelo-com-fio-em-seda-promessa-de-amor-2\/"},"modified":"2025-04-03T10:28:20","modified_gmt":"2025-04-03T09:28:20","slug":"medalhao-em-ouro-amarelo-com-fio-em-seda-promessa-de-amor-2","status":"publish","type":"product","link":"https:\/\/staging.leitao-irmao.com\/en\/product\/medalhao-em-ouro-amarelo-com-fio-em-seda-promessa-de-amor-2\/","title":{"rendered":"Yellow gold locket with silk thread | Promise of Love"},"content":{"rendered":"","protected":false},"excerpt":{"rendered":"<p>The chiselled stone that supports the stained glass windows of the Monastery of Batalha is the basis for the design of the Promessa de Amor collection. The necklace with the motif of the collection carefully cut by hand in the Leit\u00e3o &amp; Irm\u00e3o workshops, applied on a silk thread with gold termination. A modern jewel suitable for a woman of classic and timeless elegance, which can be worn on a daily basis.<\/p>","protected":false},"featured_media":9339,"template":"","meta":{"_acf_changed":false},"product_brand":[],"product_cat":[84,79,125,221],"product_tag":[336,278,271],"class_list":{"0":"post-9255","1":"product","2":"type-product","3":"status-publish","4":"has-post-thumbnail","6":"product_cat-colares-e-fios","7":"product_cat-joalharia","8":"product_cat-presentes-entre-1000e-a-2500e","9":"product_cat-promessa-de-amor","10":"product_tag-bestseller","11":"product_tag-mulher","12":"product_tag-ouro","14":"first","15":"instock","16":"shipping-taxable","17":"purchasable","18":"product-type-simple"},"acf":[],"yoast_head":"<!-- This site is optimized with the Yoast SEO plugin v25.4 - https:\/\/yoast.com\/wordpress\/plugins\/seo\/ -->\n<title>Medalh\u00e3o em ouro amarelo<\/title>\n<meta name=\"robots\" content=\"noindex, follow, max-snippet:-1, max-image-preview:large, max-video-preview:-1\" \/>\n<meta property=\"og:locale\" content=\"en_GB\" \/>\n<meta property=\"og:type\" content=\"article\" \/>\n<meta property=\"og:title\" content=\"Medalh\u00e3o em ouro amarelo\" \/>\n<meta property=\"og:description\" content=\"A pedra cinzelada que sustenta os vitrais do Mosteiro da Batalha \u00e9 a base do desenho da cole\u00e7\u00e3o Promessa de Amor. O colar com o motivo da cole\u00e7\u00e3o cuidadosamente recortado manualmente nas oficinas Leit\u00e3o &amp; Irm\u00e3o, aplicado num fio de seda com termina\u00e7\u00e3o em ouro. Uma joia moderna adequada para uma mulher de uma eleg\u00e2ncia cl\u00e1ssica e intemporal, que pode ser utilizada no dia-a-dia.\" \/>\n<meta property=\"og:url\" content=\"https:\/\/staging.leitao-irmao.com\/en\/product\/medalhao-em-ouro-amarelo-com-fio-em-seda-promessa-de-amor-2\/\" \/>\n<meta property=\"og:site_name\" content=\"Leit\u00e3o &amp; Irm\u00e3o\" \/>\n<meta property=\"article:modified_time\" content=\"2025-04-03T09:28:20+00:00\" \/>\n<meta property=\"og:image\" content=\"https:\/\/staging.leitao-irmao.com\/wp-content\/uploads\/2023\/06\/0206473-e1687952937296.jpg\" \/>\n\t<meta property=\"og:image:width\" content=\"1031\" \/>\n\t<meta property=\"og:image:height\" content=\"1030\" \/>\n\t<meta property=\"og:image:type\" content=\"image\/jpeg\" \/>\n<meta name=\"twitter:card\" content=\"summary_large_image\" \/>\n<script type=\"application\/ld+json\" class=\"yoast-schema-graph\">{\"@context\":\"https:\/\/schema.org\",\"@graph\":[{\"@type\":\"WebPage\",\"@id\":\"https:\/\/staging.leitao-irmao.com\/product\/medalhao-em-ouro-amarelo-com-fio-em-seda-promessa-de-amor-2\/\",\"url\":\"https:\/\/staging.leitao-irmao.com\/product\/medalhao-em-ouro-amarelo-com-fio-em-seda-promessa-de-amor-2\/\",\"name\":\"Medalh\u00e3o em ouro amarelo\",\"isPartOf\":{\"@id\":\"https:\/\/staging.leitao-irmao.com\/#website\"},\"primaryImageOfPage\":{\"@id\":\"https:\/\/staging.leitao-irmao.com\/product\/medalhao-em-ouro-amarelo-com-fio-em-seda-promessa-de-amor-2\/#primaryimage\"},\"image\":{\"@id\":\"https:\/\/staging.leitao-irmao.com\/product\/medalhao-em-ouro-amarelo-com-fio-em-seda-promessa-de-amor-2\/#primaryimage\"},\"thumbnailUrl\":\"https:\/\/staging.leitao-irmao.com\/wp-content\/uploads\/2023\/06\/0206473-e1687952937296.jpg\",\"datePublished\":\"2023-06-12T06:25:07+00:00\",\"dateModified\":\"2025-04-03T09:28:20+00:00\",\"breadcrumb\":{\"@id\":\"https:\/\/staging.leitao-irmao.com\/product\/medalhao-em-ouro-amarelo-com-fio-em-seda-promessa-de-amor-2\/#breadcrumb\"},\"inLanguage\":\"en-GB\",\"potentialAction\":[{\"@type\":\"ReadAction\",\"target\":[\"https:\/\/staging.leitao-irmao.com\/product\/medalhao-em-ouro-amarelo-com-fio-em-seda-promessa-de-amor-2\/\"]}]},{\"@type\":\"ImageObject\",\"inLanguage\":\"en-GB\",\"@id\":\"https:\/\/staging.leitao-irmao.com\/product\/medalhao-em-ouro-amarelo-com-fio-em-seda-promessa-de-amor-2\/#primaryimage\",\"url\":\"https:\/\/staging.leitao-irmao.com\/wp-content\/uploads\/2023\/06\/0206473-e1687952937296.jpg\",\"contentUrl\":\"https:\/\/staging.leitao-irmao.com\/wp-content\/uploads\/2023\/06\/0206473-e1687952937296.jpg\",\"width\":1031,\"height\":1030},{\"@type\":\"BreadcrumbList\",\"@id\":\"https:\/\/staging.leitao-irmao.com\/product\/medalhao-em-ouro-amarelo-com-fio-em-seda-promessa-de-amor-2\/#breadcrumb\",\"itemListElement\":[{\"@type\":\"ListItem\",\"position\":1,\"name\":\"Home\",\"item\":\"https:\/\/staging.leitao-irmao.com\/\"},{\"@type\":\"ListItem\",\"position\":2,\"name\":\"Produtos\",\"item\":\"https:\/\/staging.leitao-irmao.com\/shop\/\"},{\"@type\":\"ListItem\",\"position\":3,\"name\":\"Medalh\u00e3o em ouro amarelo com fio em seda | Promessa de Amor\"}]},{\"@type\":\"WebSite\",\"@id\":\"https:\/\/staging.leitao-irmao.com\/#website\",\"url\":\"https:\/\/staging.leitao-irmao.com\/\",\"name\":\"Leit\u00e3o & Irm\u00e3o\",\"description\":\"Joalheiros desde 1822\",\"publisher\":{\"@id\":\"https:\/\/staging.leitao-irmao.com\/#organization\"},\"potentialAction\":[{\"@type\":\"SearchAction\",\"target\":{\"@type\":\"EntryPoint\",\"urlTemplate\":\"https:\/\/staging.leitao-irmao.com\/?s={search_term_string}\"},\"query-input\":{\"@type\":\"PropertyValueSpecification\",\"valueRequired\":true,\"valueName\":\"search_term_string\"}}],\"inLanguage\":\"en-GB\"},{\"@type\":\"Organization\",\"@id\":\"https:\/\/staging.leitao-irmao.com\/#organization\",\"name\":\"Leit\u00e3o & Irm\u00e3o\",\"url\":\"https:\/\/staging.leitao-irmao.com\/\",\"logo\":{\"@type\":\"ImageObject\",\"inLanguage\":\"en-GB\",\"@id\":\"https:\/\/staging.leitao-irmao.com\/#\/schema\/logo\/image\/\",\"url\":\"https:\/\/staging.leitao-irmao.com\/wp-content\/uploads\/2022\/11\/leitaoirmao-logo.png\",\"contentUrl\":\"https:\/\/staging.leitao-irmao.com\/wp-content\/uploads\/2022\/11\/leitaoirmao-logo.png\",\"width\":426,\"height\":89,\"caption\":\"Leit\u00e3o & Irm\u00e3o\"},\"image\":{\"@id\":\"https:\/\/staging.leitao-irmao.com\/#\/schema\/logo\/image\/\"}}]}<\/script>\n<!-- \/ Yoast SEO plugin. -->","yoast_head_json":{"title":"Medalh\u00e3o em ouro amarelo","robots":{"index":"noindex","follow":"follow","max-snippet":"max-snippet:-1","max-image-preview":"max-image-preview:large","max-video-preview":"max-video-preview:-1"},"og_locale":"en_GB","og_type":"article","og_title":"Medalh\u00e3o em ouro amarelo","og_description":"A pedra cinzelada que sustenta os vitrais do Mosteiro da Batalha \u00e9 a base do desenho da cole\u00e7\u00e3o Promessa de Amor. O colar com o motivo da cole\u00e7\u00e3o cuidadosamente recortado manualmente nas oficinas Leit\u00e3o &amp; Irm\u00e3o, aplicado num fio de seda com termina\u00e7\u00e3o em ouro. Uma joia moderna adequada para uma mulher de uma eleg\u00e2ncia cl\u00e1ssica e intemporal, que pode ser utilizada no dia-a-dia.","og_url":"https:\/\/staging.leitao-irmao.com\/en\/product\/medalhao-em-ouro-amarelo-com-fio-em-seda-promessa-de-amor-2\/","og_site_name":"Leit\u00e3o &amp; Irm\u00e3o","article_modified_time":"2025-04-03T09:28:20+00:00","og_image":[{"width":1031,"height":1030,"url":"https:\/\/staging.leitao-irmao.com\/wp-content\/uploads\/2023\/06\/0206473-e1687952937296.jpg","type":"image\/jpeg"}],"twitter_card":"summary_large_image","schema":{"@context":"https:\/\/schema.org","@graph":[{"@type":"WebPage","@id":"https:\/\/staging.leitao-irmao.com\/product\/medalhao-em-ouro-amarelo-com-fio-em-seda-promessa-de-amor-2\/","url":"https:\/\/staging.leitao-irmao.com\/product\/medalhao-em-ouro-amarelo-com-fio-em-seda-promessa-de-amor-2\/","name":"Medalh\u00e3o em ouro amarelo","isPartOf":{"@id":"https:\/\/staging.leitao-irmao.com\/#website"},"primaryImageOfPage":{"@id":"https:\/\/staging.leitao-irmao.com\/product\/medalhao-em-ouro-amarelo-com-fio-em-seda-promessa-de-amor-2\/#primaryimage"},"image":{"@id":"https:\/\/staging.leitao-irmao.com\/product\/medalhao-em-ouro-amarelo-com-fio-em-seda-promessa-de-amor-2\/#primaryimage"},"thumbnailUrl":"https:\/\/staging.leitao-irmao.com\/wp-content\/uploads\/2023\/06\/0206473-e1687952937296.jpg","datePublished":"2023-06-12T06:25:07+00:00","dateModified":"2025-04-03T09:28:20+00:00","breadcrumb":{"@id":"https:\/\/staging.leitao-irmao.com\/product\/medalhao-em-ouro-amarelo-com-fio-em-seda-promessa-de-amor-2\/#breadcrumb"},"inLanguage":"en-GB","potentialAction":[{"@type":"ReadAction","target":["https:\/\/staging.leitao-irmao.com\/product\/medalhao-em-ouro-amarelo-com-fio-em-seda-promessa-de-amor-2\/"]}]},{"@type":"ImageObject","inLanguage":"en-GB","@id":"https:\/\/staging.leitao-irmao.com\/product\/medalhao-em-ouro-amarelo-com-fio-em-seda-promessa-de-amor-2\/#primaryimage","url":"https:\/\/staging.leitao-irmao.com\/wp-content\/uploads\/2023\/06\/0206473-e1687952937296.jpg","contentUrl":"https:\/\/staging.leitao-irmao.com\/wp-content\/uploads\/2023\/06\/0206473-e1687952937296.jpg","width":1031,"height":1030},{"@type":"BreadcrumbList","@id":"https:\/\/staging.leitao-irmao.com\/product\/medalhao-em-ouro-amarelo-com-fio-em-seda-promessa-de-amor-2\/#breadcrumb","itemListElement":[{"@type":"ListItem","position":1,"name":"Home","item":"https:\/\/staging.leitao-irmao.com\/"},{"@type":"ListItem","position":2,"name":"Produtos","item":"https:\/\/staging.leitao-irmao.com\/shop\/"},{"@type":"ListItem","position":3,"name":"Medalh\u00e3o em ouro amarelo com fio em seda | Promessa de Amor"}]},{"@type":"WebSite","@id":"https:\/\/staging.leitao-irmao.com\/#website","url":"https:\/\/staging.leitao-irmao.com\/","name":"Leit\u00e3o & Irm\u00e3o","description":"Joalheiros desde 1822","publisher":{"@id":"https:\/\/staging.leitao-irmao.com\/#organization"},"potentialAction":[{"@type":"SearchAction","target":{"@type":"EntryPoint","urlTemplate":"https:\/\/staging.leitao-irmao.com\/?s={search_term_string}"},"query-input":{"@type":"PropertyValueSpecification","valueRequired":true,"valueName":"search_term_string"}}],"inLanguage":"en-GB"},{"@type":"Organization","@id":"https:\/\/staging.leitao-irmao.com\/#organization","name":"Leit\u00e3o & Irm\u00e3o","url":"https:\/\/staging.leitao-irmao.com\/","logo":{"@type":"ImageObject","inLanguage":"en-GB","@id":"https:\/\/staging.leitao-irmao.com\/#\/schema\/logo\/image\/","url":"https:\/\/staging.leitao-irmao.com\/wp-content\/uploads\/2022\/11\/leitaoirmao-logo.png","contentUrl":"https:\/\/staging.leitao-irmao.com\/wp-content\/uploads\/2022\/11\/leitaoirmao-logo.png","width":426,"height":89,"caption":"Leit\u00e3o & Irm\u00e3o"},"image":{"@id":"https:\/\/staging.leitao-irmao.com\/#\/schema\/logo\/image\/"}}]}},"_links":{"self":[{"href":"https:\/\/staging.leitao-irmao.com\/en\/wp-json\/wp\/v2\/product\/9255","targetHints":{"allow":["GET"]}}],"collection":[{"href":"https:\/\/staging.leitao-irmao.com\/en\/wp-json\/wp\/v2\/product"}],"about":[{"href":"https:\/\/staging.leitao-irmao.com\/en\/wp-json\/wp\/v2\/types\/product"}],"version-history":[{"count":0,"href":"https:\/\/staging.leitao-irmao.com\/en\/wp-json\/wp\/v2\/product\/9255\/revisions"}],"wp:featuredmedia":[{"embeddable":true,"href":"https:\/\/staging.leitao-irmao.com\/en\/wp-json\/wp\/v2\/media\/9339"}],"wp:attachment":[{"href":"https:\/\/staging.leitao-irmao.com\/en\/wp-json\/wp\/v2\/media?parent=9255"}],"wp:term":[{"taxonomy":"product_brand","embeddable":true,"href":"https:\/\/staging.leitao-irmao.com\/en\/wp-json\/wp\/v2\/product_brand?post=9255"},{"taxonomy":"product_cat","embeddable":true,"href":"https:\/\/staging.leitao-irmao.com\/en\/wp-json\/wp\/v2\/product_cat?post=9255"},{"taxonomy":"product_tag","embeddable":true,"href":"https:\/\/staging.leitao-irmao.com\/en\/wp-json\/wp\/v2\/product_tag?post=9255"}],"curies":[{"name":"wp","href":"https:\/\/api.w.org\/{rel}","templated":true}]}}